{"id":8390,"date":"2022-12-14T14:35:54","date_gmt":"2022-12-14T14:35:54","guid":{"rendered":"https:\/\/lfelsalvador.org\/fr\/?page_id=8390"},"modified":"2022-12-16T16:14:36","modified_gmt":"2022-12-16T16:14:36","slug":"webradio","status":"publish","type":"page","link":"https:\/\/lfelsalvador.org\/fr\/pedagogie\/webradio\/","title":{"rendered":"Webradio"},"content":{"rendered":"\n<figure class=\"wp-block-image size-large\"><img loading=\"lazy\" decoding=\"async\" width=\"1024\" height=\"546\" src=\"https:\/\/lfelsalvador.org\/wp-content\/uploads\/2022\/12\/Logo-Radio-Exupe\u0301ry-Azul-1024x546.jpg\" alt=\"\" class=\"wp-image-8388\" srcset=\"https:\/\/lfelsalvador.org\/wp-content\/uploads\/2022\/12\/Logo-Radio-Exupe\u0301ry-Azul-1024x546.jpg 1024w, https:\/\/lfelsalvador.org\/wp-content\/uploads\/2022\/12\/Logo-Radio-Exupe\u0301ry-Azul-300x160.jpg 300w, https:\/\/lfelsalvador.org\/wp-content\/uploads\/2022\/12\/Logo-Radio-Exupe\u0301ry-Azul-768x409.jpg 768w, https:\/\/lfelsalvador.org\/wp-content\/uploads\/2022\/12\/Logo-Radio-Exupe\u0301ry-Azul.jpg 1482w\" sizes=\"auto, (max-width: 1024px) 100vw, 1024px\" \/><\/figure>\n\n\n\n<p><strong>Radio Exup\u00e9ry<\/strong> est la nouvelle WebRadio du Lyc\u00e9e Fran\u00e7ais Antoine et Consuelo de Saint-Exup\u00e9ry qui \u00e0 vue le jour \u00e0 la rentr\u00e9e de septembre 2022 gr\u00e2ce \u00e0 Mme Blancard, professeure-documentaliste du secondaire.<\/p>\n\n\n\n<p>\u00c0 ce jour, la programmation est faite en concertation entre les enseignants et les \u00e9l\u00e8ves. Les \u00e9missions sont r\u00e9alis\u00e9es par les \u00e9l\u00e8ves du <strong><em>Projet 4\u00e8me WebRadio<\/em><\/strong> de Mme Blancard et M. Zelaya et les \u00e9l\u00e8ves volontaires de l&rsquo;atelier Podcast &amp; WebRadio : <strong><em>Les chevali\u00e8res de la Table ronde<\/em><\/strong>.<\/p>\n\n\n\n<p>A terme, cette WebRadio francophone diffusera les podcasts r\u00e9alis\u00e9s par les \u00e9l\u00e8ves et leurs enseignants de la maternelle \u00e0 la Terminale !&nbsp;<\/p>\n\n\n\n<p>Retrouvez tous les podcasts des \u00e9l\u00e8ves de la WebRadio Exup\u00e9ry du LF de San Salvador, sur son<strong> blog.<\/strong><\/p>\n\n\n\n<p><strong>Pour nous contacter : webradio@lfelsalvador.org<\/strong><\/p>\n\n\n\n<p><strong>____________________________________________________________________________<\/strong><\/p>\n\n\n\n<p>En 2021-2022, les \u00e9l\u00e8ves du <strong><em>Projet 4\u00e8me WebRadio<\/em><\/strong> de Mme Blancard ont travaill\u00e9 sur la cr\u00e9ation de podcasts sur le th\u00e8me de la m\u00e9moire et de l\u2019identit\u00e9 salvadorienne. Ils ont interview\u00e9 des personnalit\u00e9s capables de les aider \u00e0 mieux comprendre ce que recouvrent ces th\u00e8mes de la m\u00e9moire et de l&rsquo;identit\u00e9. Vous pouvez r\u00e9\u00e9couter leurs podcasts en espagnol sur <strong><a href=\"https:\/\/lewebpedagogique.com\/ccclfss\/\">le blog m\u00e9dia<\/a>. <\/strong>.____________________________________________________________________________<\/p>\n\n\n\n<p>Cette ann\u00e9e 2022, le LF Antoine et Consuelo de Saint-Exup\u00e9ry a particip\u00e9 \u00e0 la Semaine des lyc\u00e9es fran\u00e7ais du monde consacr\u00e9e \u00e0 l&rsquo;\u00e9ducation aux m\u00e9dias et \u00e0 l&rsquo;information (EMI), qui est le fil conducteur de l\u2019ann\u00e9e scolaire 2022-2023 dans le r\u00e9seau AEFE | <a href=\"https:\/\/twitter.com\/hashtag\/AEFEMI?src=hashtag_click\">#AEFEMI<\/a> <a href=\"https:\/\/twitter.com\/hashtag\/EFE?src=hashtag_click\">#EFE<\/a><\/p>\n\n\n\n<figure class=\"wp-block-image\"><img decoding=\"async\" src=\"https:\/\/lh4.googleusercontent.com\/aZyjZj7_7e3QQ8k1zEAh3nd5yWb9UaYpg-ML8i_4VHn25doqRAusgGkOrQmCDe7nQaqF6tpBhIVTFm1we5Whqq0SgOE8VGPYU_O2Pvn-NmSBOhSpZQp0HLPHLqJQ1cOHOSfw2hYwpeBWmlieQ1lr7zsh2T1wi53krlMut5JFIRSjiPYih8e1FbK1mIx_7VPP3krUP6Y\" alt=\"\"\/><\/figure>\n\n\n\n<p>En effet, apprendre \u00e0 s&rsquo;informer, d\u00e9crypter, d\u00e9celer les infos, s&rsquo;exercer \u00e0 produire de l&rsquo;information sont des enjeux essentiels pour former les citoyens de demain. Dans ce cadre, le mardi 29 novembre, a \u00e9t\u00e9 organis\u00e9 <strong>Le Grand Direct Aefe<\/strong>. Une \u00e9mission en direct durant laquelle quarante-six \u00e9tablissements scolaires du r\u00e9seau, de tous les continents, se passent le relais pour faire r\u00e9sonner les voix des \u00e9l\u00e8ves des lyc\u00e9es fran\u00e7ais du monde ! Un \u00e9v\u00e9nement radiophonique qui s\u2019est d\u00e9roul\u00e9 sur la plateforme Twitch.&nbsp;<\/p>\n\n\n\n<figure class=\"wp-block-image\"><img decoding=\"async\" src=\"https:\/\/lh5.googleusercontent.com\/eihtv8yvntHipoqtKrumJWyOyioh8Css_D5QpkQyIYZ4f7H2CEQxgVc-VCuyOYWwoUwWmkGw1EV1vI8-GCb9U31jleKAIGU-zm4s1Cm5mcgdmARJBKdYdgYZN8RPedHLT95cuqBLH5WAZVwuODEm6HEbn2G__LukY4S7xpFtBtK7DeLiVeW98MUxQtM7kKJ7hPuFCPw\" alt=\"\"\/><\/figure>\n\n\n\n<p>Rien de plus repr\u00e9sentatif pour \u00e9voquer le th\u00e8me <strong>\u00ab\u00a0S&rsquo;informer dans un monde connect\u00e9\u00a0\u00bb <\/strong>que de connecter 46 webradios d&rsquo;\u00e9tablissements du r\u00e9seau EFE autour du monde lors de 15 heures en direct sur Twitch. Retour sur le grand direct<span style=\"text-decoration: underline;\"><a href=\"https:\/\/www.aefe.fr\/vie-du-reseau\/zoom-sur\/semaine-des-lycees-francais-du-monde\/edition-2022\/mardi-29-novembre-suivez-le-grand-direct-sur-twitchtvaefeinfo-un-relais-de-pres-de-15-heures-de\" target=\"_blank\" rel=\"noreferrer noopener\"> <\/a><\/span><a href=\"https:\/\/www.aefe.fr\/vie-du-reseau\/zoom-sur\/semaine-des-lycees-francais-du-monde\/edition-2022\/mardi-29-novembre-suivez-le-grand-direct-sur-twitchtvaefeinfo-un-relais-de-pres-de-15-heures-de\"><strong>ici<\/strong>.<\/a><\/p>\n\n\n\n<p><strong>Radio Exup\u00e9ry<\/strong>, notre webradio, a particip\u00e9 \u00e0 cet \u00e9v\u00e9nement en diffusant un reportage&nbsp; radiophonique sur les \u00e9co-d\u00e9l\u00e9gu\u00e9s que vous pouvez r\u00e9-\u00e9couter sur le<strong> blog.<\/strong><\/p>\n\n\n\n<p>Nous sommes tr\u00e8s heureux d\u2019avoir contribu\u00e9 \u00e0 cette grande aventure et nous remercions l\u2019AEFE pour cette belle initiative !&nbsp;<\/p>\n","protected":false},"excerpt":{"rendered":"<p>Radio Exup\u00e9ry est la nouvelle WebRadio du Lyc\u00e9e Fran\u00e7ais Antoine et Consuelo de Saint-Exup\u00e9ry qui \u00e0 vue le jour \u00e0 la rentr\u00e9e de septembre 2022 gr\u00e2ce \u00e0 Mme Blancard, professeure-documentaliste du secondaire. \u00c0 ce jour, la programmation est faite en concertation entre les enseignants et les \u00e9l\u00e8ves. Les \u00e9missions sont r\u00e9alis\u00e9es par les \u00e9l\u00e8ves du [&hellip;]<\/p>\n","protected":false},"author":2,"featured_media":0,"parent":3902,"menu_order":16,"comment_status":"closed","ping_status":"closed","template":"","meta":{"footnotes":""},"class_list":["post-8390","page","type-page","status-publish","hentry"],"yoast_head":"<!-- This site is optimized with the Yoast SEO plugin v27.2 - https:\/\/yoast.com\/product\/yoast-seo-wordpress\/ -->\n<title>Webradio | Liceo Frances de San Salvador<\/title>\n<meta name=\"robots\" content=\"index, follow, max-snippet:-1, max-image-preview:large, max-video-preview:-1\" \/>\n<link rel=\"canonical\" href=\"https:\/\/lfelsalvador.org\/fr\/pedagogie\/webradio\/\" \/>\n<meta property=\"og:locale\" content=\"fr_FR\" \/>\n<meta property=\"og:type\" content=\"article\" \/>\n<meta property=\"og:title\" content=\"Webradio | Liceo Frances de San Salvador\" \/>\n<meta property=\"og:description\" content=\"Radio Exup\u00e9ry est la nouvelle WebRadio du Lyc\u00e9e Fran\u00e7ais Antoine et Consuelo de Saint-Exup\u00e9ry qui \u00e0 vue le jour \u00e0 la rentr\u00e9e de septembre 2022 gr\u00e2ce \u00e0 Mme Blancard, professeure-documentaliste du secondaire. \u00c0 ce jour, la programmation est faite en concertation entre les enseignants et les \u00e9l\u00e8ves. Les \u00e9missions sont r\u00e9alis\u00e9es par les \u00e9l\u00e8ves du [&hellip;]\" \/>\n<meta property=\"og:url\" content=\"https:\/\/lfelsalvador.org\/fr\/pedagogie\/webradio\/\" \/>\n<meta property=\"og:site_name\" content=\"Liceo Frances de San Salvador\" \/>\n<meta property=\"article:publisher\" content=\"https:\/\/www.facebook.com\/lfelsalvador\/\" \/>\n<meta property=\"article:modified_time\" content=\"2022-12-16T16:14:36+00:00\" \/>\n<meta property=\"og:image\" content=\"https:\/\/lfelsalvador.org\/wp-content\/uploads\/2022\/12\/Logo-Radio-Exupe\u0301ry-Azul-1024x546.jpg\" \/>\n<meta name=\"twitter:card\" content=\"summary_large_image\" \/>\n<meta name=\"twitter:site\" content=\"@lfelsalvador1\" \/>\n<meta name=\"twitter:label1\" content=\"Dur\u00e9e de lecture estim\u00e9e\" \/>\n\t<meta name=\"twitter:data1\" content=\"3 minutes\" \/>\n<script type=\"application\/ld+json\" class=\"yoast-schema-graph\">{\"@context\":\"https:\/\/schema.org\",\"@graph\":[{\"@type\":\"WebPage\",\"@id\":\"https:\/\/lfelsalvador.org\/fr\/pedagogie\/webradio\/\",\"url\":\"https:\/\/lfelsalvador.org\/fr\/pedagogie\/webradio\/\",\"name\":\"Webradio | Liceo Frances de San Salvador\",\"isPartOf\":{\"@id\":\"https:\/\/lfelsalvador.org\/#website\"},\"primaryImageOfPage\":{\"@id\":\"https:\/\/lfelsalvador.org\/fr\/pedagogie\/webradio\/#primaryimage\"},\"image\":{\"@id\":\"https:\/\/lfelsalvador.org\/fr\/pedagogie\/webradio\/#primaryimage\"},\"thumbnailUrl\":\"https:\/\/lh4.googleusercontent.com\/aZyjZj7_7e3QQ8k1zEAh3nd5yWb9UaYpg-ML8i_4VHn25doqRAusgGkOrQmCDe7nQaqF6tpBhIVTFm1we5Whqq0SgOE8VGPYU_O2Pvn-NmSBOhSpZQp0HLPHLqJQ1cOHOSfw2hYwpeBWmlieQ1lr7zsh2T1wi53krlMut5JFIRSjiPYih8e1FbK1mIx_7VPP3krUP6Y\",\"datePublished\":\"2022-12-14T14:35:54+00:00\",\"dateModified\":\"2022-12-16T16:14:36+00:00\",\"breadcrumb\":{\"@id\":\"https:\/\/lfelsalvador.org\/fr\/pedagogie\/webradio\/#breadcrumb\"},\"inLanguage\":\"fr-FR\",\"potentialAction\":[{\"@type\":\"ReadAction\",\"target\":[\"https:\/\/lfelsalvador.org\/fr\/pedagogie\/webradio\/\"]}]},{\"@type\":\"ImageObject\",\"inLanguage\":\"fr-FR\",\"@id\":\"https:\/\/lfelsalvador.org\/fr\/pedagogie\/webradio\/#primaryimage\",\"url\":\"https:\/\/lh4.googleusercontent.com\/aZyjZj7_7e3QQ8k1zEAh3nd5yWb9UaYpg-ML8i_4VHn25doqRAusgGkOrQmCDe7nQaqF6tpBhIVTFm1we5Whqq0SgOE8VGPYU_O2Pvn-NmSBOhSpZQp0HLPHLqJQ1cOHOSfw2hYwpeBWmlieQ1lr7zsh2T1wi53krlMut5JFIRSjiPYih8e1FbK1mIx_7VPP3krUP6Y\",\"contentUrl\":\"https:\/\/lh4.googleusercontent.com\/aZyjZj7_7e3QQ8k1zEAh3nd5yWb9UaYpg-ML8i_4VHn25doqRAusgGkOrQmCDe7nQaqF6tpBhIVTFm1we5Whqq0SgOE8VGPYU_O2Pvn-NmSBOhSpZQp0HLPHLqJQ1cOHOSfw2hYwpeBWmlieQ1lr7zsh2T1wi53krlMut5JFIRSjiPYih8e1FbK1mIx_7VPP3krUP6Y\"},{\"@type\":\"BreadcrumbList\",\"@id\":\"https:\/\/lfelsalvador.org\/fr\/pedagogie\/webradio\/#breadcrumb\",\"itemListElement\":[{\"@type\":\"ListItem\",\"position\":1,\"name\":\"Portada\",\"item\":\"https:\/\/lfelsalvador.org\/fr\/\"},{\"@type\":\"ListItem\",\"position\":2,\"name\":\"P\u00e9dagogie\",\"item\":\"https:\/\/lfelsalvador.org\/fr\/pedagogie\/\"},{\"@type\":\"ListItem\",\"position\":3,\"name\":\"Webradio\"}]},{\"@type\":\"WebSite\",\"@id\":\"https:\/\/lfelsalvador.org\/#website\",\"url\":\"https:\/\/lfelsalvador.org\/\",\"name\":\"Liceo Frances de San Salvador\",\"description\":\"\",\"potentialAction\":[{\"@type\":\"SearchAction\",\"target\":{\"@type\":\"EntryPoint\",\"urlTemplate\":\"https:\/\/lfelsalvador.org\/?s={search_term_string}\"},\"query-input\":{\"@type\":\"PropertyValueSpecification\",\"valueRequired\":true,\"valueName\":\"search_term_string\"}}],\"inLanguage\":\"fr-FR\"}]}<\/script>\n<!-- \/ Yoast SEO plugin. -->","yoast_head_json":{"title":"Webradio | Liceo Frances de San Salvador","robots":{"index":"index","follow":"follow","max-snippet":"max-snippet:-1","max-image-preview":"max-image-preview:large","max-video-preview":"max-video-preview:-1"},"canonical":"https:\/\/lfelsalvador.org\/fr\/pedagogie\/webradio\/","og_locale":"fr_FR","og_type":"article","og_title":"Webradio | Liceo Frances de San Salvador","og_description":"Radio Exup\u00e9ry est la nouvelle WebRadio du Lyc\u00e9e Fran\u00e7ais Antoine et Consuelo de Saint-Exup\u00e9ry qui \u00e0 vue le jour \u00e0 la rentr\u00e9e de septembre 2022 gr\u00e2ce \u00e0 Mme Blancard, professeure-documentaliste du secondaire. \u00c0 ce jour, la programmation est faite en concertation entre les enseignants et les \u00e9l\u00e8ves. Les \u00e9missions sont r\u00e9alis\u00e9es par les \u00e9l\u00e8ves du [&hellip;]","og_url":"https:\/\/lfelsalvador.org\/fr\/pedagogie\/webradio\/","og_site_name":"Liceo Frances de San Salvador","article_publisher":"https:\/\/www.facebook.com\/lfelsalvador\/","article_modified_time":"2022-12-16T16:14:36+00:00","og_image":[{"url":"https:\/\/lfelsalvador.org\/wp-content\/uploads\/2022\/12\/Logo-Radio-Exupe\u0301ry-Azul-1024x546.jpg","type":"","width":"","height":""}],"twitter_card":"summary_large_image","twitter_site":"@lfelsalvador1","twitter_misc":{"Dur\u00e9e de lecture estim\u00e9e":"3 minutes"},"schema":{"@context":"https:\/\/schema.org","@graph":[{"@type":"WebPage","@id":"https:\/\/lfelsalvador.org\/fr\/pedagogie\/webradio\/","url":"https:\/\/lfelsalvador.org\/fr\/pedagogie\/webradio\/","name":"Webradio | Liceo Frances de San Salvador","isPartOf":{"@id":"https:\/\/lfelsalvador.org\/#website"},"primaryImageOfPage":{"@id":"https:\/\/lfelsalvador.org\/fr\/pedagogie\/webradio\/#primaryimage"},"image":{"@id":"https:\/\/lfelsalvador.org\/fr\/pedagogie\/webradio\/#primaryimage"},"thumbnailUrl":"https:\/\/lh4.googleusercontent.com\/aZyjZj7_7e3QQ8k1zEAh3nd5yWb9UaYpg-ML8i_4VHn25doqRAusgGkOrQmCDe7nQaqF6tpBhIVTFm1we5Whqq0SgOE8VGPYU_O2Pvn-NmSBOhSpZQp0HLPHLqJQ1cOHOSfw2hYwpeBWmlieQ1lr7zsh2T1wi53krlMut5JFIRSjiPYih8e1FbK1mIx_7VPP3krUP6Y","datePublished":"2022-12-14T14:35:54+00:00","dateModified":"2022-12-16T16:14:36+00:00","breadcrumb":{"@id":"https:\/\/lfelsalvador.org\/fr\/pedagogie\/webradio\/#breadcrumb"},"inLanguage":"fr-FR","potentialAction":[{"@type":"ReadAction","target":["https:\/\/lfelsalvador.org\/fr\/pedagogie\/webradio\/"]}]},{"@type":"ImageObject","inLanguage":"fr-FR","@id":"https:\/\/lfelsalvador.org\/fr\/pedagogie\/webradio\/#primaryimage","url":"https:\/\/lh4.googleusercontent.com\/aZyjZj7_7e3QQ8k1zEAh3nd5yWb9UaYpg-ML8i_4VHn25doqRAusgGkOrQmCDe7nQaqF6tpBhIVTFm1we5Whqq0SgOE8VGPYU_O2Pvn-NmSBOhSpZQp0HLPHLqJQ1cOHOSfw2hYwpeBWmlieQ1lr7zsh2T1wi53krlMut5JFIRSjiPYih8e1FbK1mIx_7VPP3krUP6Y","contentUrl":"https:\/\/lh4.googleusercontent.com\/aZyjZj7_7e3QQ8k1zEAh3nd5yWb9UaYpg-ML8i_4VHn25doqRAusgGkOrQmCDe7nQaqF6tpBhIVTFm1we5Whqq0SgOE8VGPYU_O2Pvn-NmSBOhSpZQp0HLPHLqJQ1cOHOSfw2hYwpeBWmlieQ1lr7zsh2T1wi53krlMut5JFIRSjiPYih8e1FbK1mIx_7VPP3krUP6Y"},{"@type":"BreadcrumbList","@id":"https:\/\/lfelsalvador.org\/fr\/pedagogie\/webradio\/#breadcrumb","itemListElement":[{"@type":"ListItem","position":1,"name":"Portada","item":"https:\/\/lfelsalvador.org\/fr\/"},{"@type":"ListItem","position":2,"name":"P\u00e9dagogie","item":"https:\/\/lfelsalvador.org\/fr\/pedagogie\/"},{"@type":"ListItem","position":3,"name":"Webradio"}]},{"@type":"WebSite","@id":"https:\/\/lfelsalvador.org\/#website","url":"https:\/\/lfelsalvador.org\/","name":"Liceo Frances de San Salvador","description":"","potentialAction":[{"@type":"SearchAction","target":{"@type":"EntryPoint","urlTemplate":"https:\/\/lfelsalvador.org\/?s={search_term_string}"},"query-input":{"@type":"PropertyValueSpecification","valueRequired":true,"valueName":"search_term_string"}}],"inLanguage":"fr-FR"}]}},"_links":{"self":[{"href":"https:\/\/lfelsalvador.org\/fr\/wp-json\/wp\/v2\/pages\/8390","targetHints":{"allow":["GET"]}}],"collection":[{"href":"https:\/\/lfelsalvador.org\/fr\/wp-json\/wp\/v2\/pages"}],"about":[{"href":"https:\/\/lfelsalvador.org\/fr\/wp-json\/wp\/v2\/types\/page"}],"author":[{"embeddable":true,"href":"https:\/\/lfelsalvador.org\/fr\/wp-json\/wp\/v2\/users\/2"}],"replies":[{"embeddable":true,"href":"https:\/\/lfelsalvador.org\/fr\/wp-json\/wp\/v2\/comments?post=8390"}],"version-history":[{"count":7,"href":"https:\/\/lfelsalvador.org\/fr\/wp-json\/wp\/v2\/pages\/8390\/revisions"}],"predecessor-version":[{"id":8423,"href":"https:\/\/lfelsalvador.org\/fr\/wp-json\/wp\/v2\/pages\/8390\/revisions\/8423"}],"up":[{"embeddable":true,"href":"https:\/\/lfelsalvador.org\/fr\/wp-json\/wp\/v2\/pages\/3902"}],"wp:attachment":[{"href":"https:\/\/lfelsalvador.org\/fr\/wp-json\/wp\/v2\/media?parent=8390"}],"curies":[{"name":"wp","href":"https:\/\/api.w.org\/{rel}","templated":true}]}}