{"id":7797,"date":"2021-10-18T05:10:41","date_gmt":"2021-10-18T05:10:41","guid":{"rendered":"https:\/\/lfelsalvador.org\/fr\/?page_id=7797"},"modified":"2022-09-26T14:54:13","modified_gmt":"2022-09-26T14:54:13","slug":"procedures-dadmission-nuevo","status":"publish","type":"page","link":"https:\/\/lfelsalvador.org\/fr\/procedures-dadmission-nuevo\/","title":{"rendered":"Proc\u00e9dures d\u2019admission (nuevo)"},"content":{"rendered":"\n<p>Estamos muy contentos por su inter\u00e9s en ser parte de la comunidad del Liceo Franc\u00e9s. A continuaci\u00f3n encontrar\u00e1n algunos elementos importantes para comprender el proceso de admisi\u00f3n en el Liceo Franc\u00e9s \u00abAntoine y Consuelo de Saint-Exup\u00e9ry\u00bb.<\/p>\n","protected":false},"excerpt":{"rendered":"<p>Estamos muy contentos por su inter\u00e9s en ser parte de la comunidad del Liceo Franc\u00e9s. A continuaci\u00f3n encontrar\u00e1n algunos elementos importantes para comprender el proceso de admisi\u00f3n en el Liceo Franc\u00e9s \u00abAntoine y Consuelo de Saint-Exup\u00e9ry\u00bb.<\/p>\n","protected":false},"author":1,"featured_media":0,"parent":0,"menu_order":0,"comment_status":"closed","ping_status":"closed","template":"template-anchor-menu-content.php","meta":{"footnotes":""},"class_list":["post-7797","page","type-page","status-publish","hentry"],"yoast_head":"<!-- This site is optimized with the Yoast SEO plugin v27.2 - https:\/\/yoast.com\/product\/yoast-seo-wordpress\/ -->\n<title>Proc\u00e9dures d\u2019admission (nuevo) | Liceo Frances de San Salvador<\/title>\n<meta name=\"robots\" content=\"index, follow, max-snippet:-1, max-image-preview:large, max-video-preview:-1\" \/>\n<link rel=\"canonical\" href=\"https:\/\/lfelsalvador.org\/fr\/procedures-dadmission-nuevo\/\" \/>\n<meta property=\"og:locale\" content=\"fr_FR\" \/>\n<meta property=\"og:type\" content=\"article\" \/>\n<meta property=\"og:title\" content=\"Proc\u00e9dures d\u2019admission (nuevo) | Liceo Frances de San Salvador\" \/>\n<meta property=\"og:description\" content=\"Estamos muy contentos por su inter\u00e9s en ser parte de la comunidad del Liceo Franc\u00e9s. A continuaci\u00f3n encontrar\u00e1n algunos elementos importantes para comprender el proceso de admisi\u00f3n en el Liceo Franc\u00e9s \u00abAntoine y Consuelo de Saint-Exup\u00e9ry\u00bb.\" \/>\n<meta property=\"og:url\" content=\"https:\/\/lfelsalvador.org\/fr\/procedures-dadmission-nuevo\/\" \/>\n<meta property=\"og:site_name\" content=\"Liceo Frances de San Salvador\" \/>\n<meta property=\"article:publisher\" content=\"https:\/\/www.facebook.com\/lfelsalvador\/\" \/>\n<meta property=\"article:modified_time\" content=\"2022-09-26T14:54:13+00:00\" \/>\n<meta property=\"og:image\" content=\"http:\/\/lfelsalvador.org\/wp-content\/uploads\/2016\/08\/Site-4.jpg\" \/>\n<meta name=\"twitter:card\" content=\"summary_large_image\" \/>\n<meta name=\"twitter:site\" content=\"@lfelsalvador1\" \/>\n<meta name=\"twitter:label1\" content=\"Dur\u00e9e de lecture estim\u00e9e\" \/>\n\t<meta name=\"twitter:data1\" content=\"1 minute\" \/>\n<script type=\"application\/ld+json\" class=\"yoast-schema-graph\">{\"@context\":\"https:\/\/schema.org\",\"@graph\":[{\"@type\":\"WebPage\",\"@id\":\"https:\/\/lfelsalvador.org\/fr\/procedures-dadmission-nuevo\/\",\"url\":\"https:\/\/lfelsalvador.org\/fr\/procedures-dadmission-nuevo\/\",\"name\":\"Proc\u00e9dures d\u2019admission (nuevo) | Liceo Frances de San Salvador\",\"isPartOf\":{\"@id\":\"https:\/\/lfelsalvador.org\/#website\"},\"datePublished\":\"2021-10-18T05:10:41+00:00\",\"dateModified\":\"2022-09-26T14:54:13+00:00\",\"breadcrumb\":{\"@id\":\"https:\/\/lfelsalvador.org\/fr\/procedures-dadmission-nuevo\/#breadcrumb\"},\"inLanguage\":\"fr-FR\",\"potentialAction\":[{\"@type\":\"ReadAction\",\"target\":[\"https:\/\/lfelsalvador.org\/fr\/procedures-dadmission-nuevo\/\"]}]},{\"@type\":\"BreadcrumbList\",\"@id\":\"https:\/\/lfelsalvador.org\/fr\/procedures-dadmission-nuevo\/#breadcrumb\",\"itemListElement\":[{\"@type\":\"ListItem\",\"position\":1,\"name\":\"Portada\",\"item\":\"https:\/\/lfelsalvador.org\/fr\/\"},{\"@type\":\"ListItem\",\"position\":2,\"name\":\"Proc\u00e9dures d\u2019admission (nuevo)\"}]},{\"@type\":\"WebSite\",\"@id\":\"https:\/\/lfelsalvador.org\/#website\",\"url\":\"https:\/\/lfelsalvador.org\/\",\"name\":\"Liceo Frances de San Salvador\",\"description\":\"\",\"potentialAction\":[{\"@type\":\"SearchAction\",\"target\":{\"@type\":\"EntryPoint\",\"urlTemplate\":\"https:\/\/lfelsalvador.org\/?s={search_term_string}\"},\"query-input\":{\"@type\":\"PropertyValueSpecification\",\"valueRequired\":true,\"valueName\":\"search_term_string\"}}],\"inLanguage\":\"fr-FR\"}]}<\/script>\n<!-- \/ Yoast SEO plugin. -->","yoast_head_json":{"title":"Proc\u00e9dures d\u2019admission (nuevo) | Liceo Frances de San Salvador","robots":{"index":"index","follow":"follow","max-snippet":"max-snippet:-1","max-image-preview":"max-image-preview:large","max-video-preview":"max-video-preview:-1"},"canonical":"https:\/\/lfelsalvador.org\/fr\/procedures-dadmission-nuevo\/","og_locale":"fr_FR","og_type":"article","og_title":"Proc\u00e9dures d\u2019admission (nuevo) | Liceo Frances de San Salvador","og_description":"Estamos muy contentos por su inter\u00e9s en ser parte de la comunidad del Liceo Franc\u00e9s. A continuaci\u00f3n encontrar\u00e1n algunos elementos importantes para comprender el proceso de admisi\u00f3n en el Liceo Franc\u00e9s \u00abAntoine y Consuelo de Saint-Exup\u00e9ry\u00bb.","og_url":"https:\/\/lfelsalvador.org\/fr\/procedures-dadmission-nuevo\/","og_site_name":"Liceo Frances de San Salvador","article_publisher":"https:\/\/www.facebook.com\/lfelsalvador\/","article_modified_time":"2022-09-26T14:54:13+00:00","og_image":[{"url":"http:\/\/lfelsalvador.org\/wp-content\/uploads\/2016\/08\/Site-4.jpg","type":"","width":"","height":""}],"twitter_card":"summary_large_image","twitter_site":"@lfelsalvador1","twitter_misc":{"Dur\u00e9e de lecture estim\u00e9e":"1 minute"},"schema":{"@context":"https:\/\/schema.org","@graph":[{"@type":"WebPage","@id":"https:\/\/lfelsalvador.org\/fr\/procedures-dadmission-nuevo\/","url":"https:\/\/lfelsalvador.org\/fr\/procedures-dadmission-nuevo\/","name":"Proc\u00e9dures d\u2019admission (nuevo) | Liceo Frances de San Salvador","isPartOf":{"@id":"https:\/\/lfelsalvador.org\/#website"},"datePublished":"2021-10-18T05:10:41+00:00","dateModified":"2022-09-26T14:54:13+00:00","breadcrumb":{"@id":"https:\/\/lfelsalvador.org\/fr\/procedures-dadmission-nuevo\/#breadcrumb"},"inLanguage":"fr-FR","potentialAction":[{"@type":"ReadAction","target":["https:\/\/lfelsalvador.org\/fr\/procedures-dadmission-nuevo\/"]}]},{"@type":"BreadcrumbList","@id":"https:\/\/lfelsalvador.org\/fr\/procedures-dadmission-nuevo\/#breadcrumb","itemListElement":[{"@type":"ListItem","position":1,"name":"Portada","item":"https:\/\/lfelsalvador.org\/fr\/"},{"@type":"ListItem","position":2,"name":"Proc\u00e9dures d\u2019admission (nuevo)"}]},{"@type":"WebSite","@id":"https:\/\/lfelsalvador.org\/#website","url":"https:\/\/lfelsalvador.org\/","name":"Liceo Frances de San Salvador","description":"","potentialAction":[{"@type":"SearchAction","target":{"@type":"EntryPoint","urlTemplate":"https:\/\/lfelsalvador.org\/?s={search_term_string}"},"query-input":{"@type":"PropertyValueSpecification","valueRequired":true,"valueName":"search_term_string"}}],"inLanguage":"fr-FR"}]}},"_links":{"self":[{"href":"https:\/\/lfelsalvador.org\/fr\/wp-json\/wp\/v2\/pages\/7797","targetHints":{"allow":["GET"]}}],"collection":[{"href":"https:\/\/lfelsalvador.org\/fr\/wp-json\/wp\/v2\/pages"}],"about":[{"href":"https:\/\/lfelsalvador.org\/fr\/wp-json\/wp\/v2\/types\/page"}],"author":[{"embeddable":true,"href":"https:\/\/lfelsalvador.org\/fr\/wp-json\/wp\/v2\/users\/1"}],"replies":[{"embeddable":true,"href":"https:\/\/lfelsalvador.org\/fr\/wp-json\/wp\/v2\/comments?post=7797"}],"version-history":[{"count":5,"href":"https:\/\/lfelsalvador.org\/fr\/wp-json\/wp\/v2\/pages\/7797\/revisions"}],"predecessor-version":[{"id":8322,"href":"https:\/\/lfelsalvador.org\/fr\/wp-json\/wp\/v2\/pages\/7797\/revisions\/8322"}],"wp:attachment":[{"href":"https:\/\/lfelsalvador.org\/fr\/wp-json\/wp\/v2\/media?parent=7797"}],"curies":[{"name":"wp","href":"https:\/\/api.w.org\/{rel}","templated":true}]}}