{"id":7791,"date":"2021-10-18T04:53:04","date_gmt":"2021-10-18T04:53:04","guid":{"rendered":"https:\/\/lfelsalvador.org\/fr\/?page_id=7791"},"modified":"2021-10-18T04:53:05","modified_gmt":"2021-10-18T04:53:05","slug":"presentation-ecole-elementaire-nuevo","status":"publish","type":"page","link":"https:\/\/lfelsalvador.org\/fr\/pedagogia\/escuela-primaria\/presentation-ecole-elementaire-nuevo\/","title":{"rendered":"Pr\u00e9sentation \u00c9cole \u00e9l\u00e9mentaire (nuevo)"},"content":{"rendered":"\n<p>L\u2018\u00e9cole \u00e9l\u00e9mentaire accueille les \u00e9l\u00e8ves de 6 \u00e0 11 ans sur 5 niveaux de classes : le cours pr\u00e9paratoire, le cours \u00e9l\u00e9mentaire 1\u00e8re ann\u00e9e, le cours \u00e9l\u00e9mentaire 2\u00e8me ann\u00e9e, le cours moyen 1\u00e8re ann\u00e9e et le cours moyen 2\u00e8me ann\u00e9e.<\/p>\n\n\n\n<p>Elle assure l\u2019acquisition des instruments fondamentaux de la connaissance : expression orale et \u00e9crite, lecture, calcul et r\u00e9solution de probl\u00e8mes ; elle suscite le d\u00e9veloppement de l\u2019intelligence, de la sensibilit\u00e9 artistique, des aptitudes manuelles, physiques et sportives. Elle dispense les \u00e9l\u00e9ments d\u2019une culture historique, g\u00e9ographique, scientifique et technique. Elle offre une \u00e9ducation aux arts visuels et aux arts musicaux.<\/p>\n","protected":false},"excerpt":{"rendered":"<p>L\u2018\u00e9cole \u00e9l\u00e9mentaire accueille les \u00e9l\u00e8ves de 6 \u00e0 11 ans sur 5 niveaux de classes : le cours pr\u00e9paratoire, le cours \u00e9l\u00e9mentaire 1\u00e8re ann\u00e9e, le cours \u00e9l\u00e9mentaire 2\u00e8me ann\u00e9e, le cours moyen 1\u00e8re ann\u00e9e et le cours moyen 2\u00e8me ann\u00e9e. Elle assure l\u2019acquisition des instruments fondamentaux de la connaissance : expression orale et \u00e9crite, lecture, [&hellip;]<\/p>\n","protected":false},"author":1,"featured_media":0,"parent":325,"menu_order":0,"comment_status":"closed","ping_status":"closed","template":"template-anchor-menu-content.php","meta":{"footnotes":""},"class_list":["post-7791","page","type-page","status-publish","hentry"],"yoast_head":"<!-- This site is optimized with the Yoast SEO plugin v27.2 - https:\/\/yoast.com\/product\/yoast-seo-wordpress\/ -->\n<title>Pr\u00e9sentation \u00c9cole \u00e9l\u00e9mentaire (nuevo) | Liceo Frances de San Salvador<\/title>\n<meta name=\"robots\" content=\"index, follow, max-snippet:-1, max-image-preview:large, max-video-preview:-1\" \/>\n<link rel=\"canonical\" href=\"https:\/\/lfelsalvador.org\/fr\/pedagogia\/escuela-primaria\/presentation-ecole-elementaire-nuevo\/\" \/>\n<meta property=\"og:locale\" content=\"fr_FR\" \/>\n<meta property=\"og:type\" content=\"article\" \/>\n<meta property=\"og:title\" content=\"Pr\u00e9sentation \u00c9cole \u00e9l\u00e9mentaire (nuevo) | Liceo Frances de San Salvador\" \/>\n<meta property=\"og:description\" content=\"L\u2018\u00e9cole \u00e9l\u00e9mentaire accueille les \u00e9l\u00e8ves de 6 \u00e0 11 ans sur 5 niveaux de classes : le cours pr\u00e9paratoire, le cours \u00e9l\u00e9mentaire 1\u00e8re ann\u00e9e, le cours \u00e9l\u00e9mentaire 2\u00e8me ann\u00e9e, le cours moyen 1\u00e8re ann\u00e9e et le cours moyen 2\u00e8me ann\u00e9e. Elle assure l\u2019acquisition des instruments fondamentaux de la connaissance : expression orale et \u00e9crite, lecture, [&hellip;]\" \/>\n<meta property=\"og:url\" content=\"https:\/\/lfelsalvador.org\/fr\/pedagogia\/escuela-primaria\/presentation-ecole-elementaire-nuevo\/\" \/>\n<meta property=\"og:site_name\" content=\"Liceo Frances de San Salvador\" \/>\n<meta property=\"article:publisher\" content=\"https:\/\/www.facebook.com\/lfelsalvador\/\" \/>\n<meta property=\"article:modified_time\" content=\"2021-10-18T04:53:05+00:00\" \/>\n<meta property=\"og:image\" content=\"http:\/\/lfelsalvador.org\/wp-content\/uploads\/2016\/08\/Site-4.jpg\" \/>\n<meta name=\"twitter:card\" content=\"summary_large_image\" \/>\n<meta name=\"twitter:site\" content=\"@lfelsalvador1\" \/>\n<meta name=\"twitter:label1\" content=\"Dur\u00e9e de lecture estim\u00e9e\" \/>\n\t<meta name=\"twitter:data1\" content=\"1 minute\" \/>\n<script type=\"application\/ld+json\" class=\"yoast-schema-graph\">{\"@context\":\"https:\/\/schema.org\",\"@graph\":[{\"@type\":\"WebPage\",\"@id\":\"https:\/\/lfelsalvador.org\/fr\/pedagogia\/escuela-primaria\/presentation-ecole-elementaire-nuevo\/\",\"url\":\"https:\/\/lfelsalvador.org\/fr\/pedagogia\/escuela-primaria\/presentation-ecole-elementaire-nuevo\/\",\"name\":\"Pr\u00e9sentation \u00c9cole \u00e9l\u00e9mentaire (nuevo) | Liceo Frances de San Salvador\",\"isPartOf\":{\"@id\":\"https:\/\/lfelsalvador.org\/#website\"},\"datePublished\":\"2021-10-18T04:53:04+00:00\",\"dateModified\":\"2021-10-18T04:53:05+00:00\",\"breadcrumb\":{\"@id\":\"https:\/\/lfelsalvador.org\/fr\/pedagogia\/escuela-primaria\/presentation-ecole-elementaire-nuevo\/#breadcrumb\"},\"inLanguage\":\"fr-FR\",\"potentialAction\":[{\"@type\":\"ReadAction\",\"target\":[\"https:\/\/lfelsalvador.org\/fr\/pedagogia\/escuela-primaria\/presentation-ecole-elementaire-nuevo\/\"]}]},{\"@type\":\"BreadcrumbList\",\"@id\":\"https:\/\/lfelsalvador.org\/fr\/pedagogia\/escuela-primaria\/presentation-ecole-elementaire-nuevo\/#breadcrumb\",\"itemListElement\":[{\"@type\":\"ListItem\",\"position\":1,\"name\":\"Portada\",\"item\":\"https:\/\/lfelsalvador.org\/fr\/\"},{\"@type\":\"ListItem\",\"position\":2,\"name\":\"Pedagog\u00eda\",\"item\":\"https:\/\/lfelsalvador.org\/pedagogia\/\"},{\"@type\":\"ListItem\",\"position\":3,\"name\":\"Escuela Primaria\",\"item\":\"https:\/\/lfelsalvador.org\/pedagogia\/escuela-primaria\/\"},{\"@type\":\"ListItem\",\"position\":4,\"name\":\"Pr\u00e9sentation \u00c9cole \u00e9l\u00e9mentaire (nuevo)\"}]},{\"@type\":\"WebSite\",\"@id\":\"https:\/\/lfelsalvador.org\/#website\",\"url\":\"https:\/\/lfelsalvador.org\/\",\"name\":\"Liceo Frances de San Salvador\",\"description\":\"\",\"potentialAction\":[{\"@type\":\"SearchAction\",\"target\":{\"@type\":\"EntryPoint\",\"urlTemplate\":\"https:\/\/lfelsalvador.org\/?s={search_term_string}\"},\"query-input\":{\"@type\":\"PropertyValueSpecification\",\"valueRequired\":true,\"valueName\":\"search_term_string\"}}],\"inLanguage\":\"fr-FR\"}]}<\/script>\n<!-- \/ Yoast SEO plugin. -->","yoast_head_json":{"title":"Pr\u00e9sentation \u00c9cole \u00e9l\u00e9mentaire (nuevo) | Liceo Frances de San Salvador","robots":{"index":"index","follow":"follow","max-snippet":"max-snippet:-1","max-image-preview":"max-image-preview:large","max-video-preview":"max-video-preview:-1"},"canonical":"https:\/\/lfelsalvador.org\/fr\/pedagogia\/escuela-primaria\/presentation-ecole-elementaire-nuevo\/","og_locale":"fr_FR","og_type":"article","og_title":"Pr\u00e9sentation \u00c9cole \u00e9l\u00e9mentaire (nuevo) | Liceo Frances de San Salvador","og_description":"L\u2018\u00e9cole \u00e9l\u00e9mentaire accueille les \u00e9l\u00e8ves de 6 \u00e0 11 ans sur 5 niveaux de classes : le cours pr\u00e9paratoire, le cours \u00e9l\u00e9mentaire 1\u00e8re ann\u00e9e, le cours \u00e9l\u00e9mentaire 2\u00e8me ann\u00e9e, le cours moyen 1\u00e8re ann\u00e9e et le cours moyen 2\u00e8me ann\u00e9e. Elle assure l\u2019acquisition des instruments fondamentaux de la connaissance : expression orale et \u00e9crite, lecture, [&hellip;]","og_url":"https:\/\/lfelsalvador.org\/fr\/pedagogia\/escuela-primaria\/presentation-ecole-elementaire-nuevo\/","og_site_name":"Liceo Frances de San Salvador","article_publisher":"https:\/\/www.facebook.com\/lfelsalvador\/","article_modified_time":"2021-10-18T04:53:05+00:00","og_image":[{"url":"http:\/\/lfelsalvador.org\/wp-content\/uploads\/2016\/08\/Site-4.jpg","type":"","width":"","height":""}],"twitter_card":"summary_large_image","twitter_site":"@lfelsalvador1","twitter_misc":{"Dur\u00e9e de lecture estim\u00e9e":"1 minute"},"schema":{"@context":"https:\/\/schema.org","@graph":[{"@type":"WebPage","@id":"https:\/\/lfelsalvador.org\/fr\/pedagogia\/escuela-primaria\/presentation-ecole-elementaire-nuevo\/","url":"https:\/\/lfelsalvador.org\/fr\/pedagogia\/escuela-primaria\/presentation-ecole-elementaire-nuevo\/","name":"Pr\u00e9sentation \u00c9cole \u00e9l\u00e9mentaire (nuevo) | Liceo Frances de San Salvador","isPartOf":{"@id":"https:\/\/lfelsalvador.org\/#website"},"datePublished":"2021-10-18T04:53:04+00:00","dateModified":"2021-10-18T04:53:05+00:00","breadcrumb":{"@id":"https:\/\/lfelsalvador.org\/fr\/pedagogia\/escuela-primaria\/presentation-ecole-elementaire-nuevo\/#breadcrumb"},"inLanguage":"fr-FR","potentialAction":[{"@type":"ReadAction","target":["https:\/\/lfelsalvador.org\/fr\/pedagogia\/escuela-primaria\/presentation-ecole-elementaire-nuevo\/"]}]},{"@type":"BreadcrumbList","@id":"https:\/\/lfelsalvador.org\/fr\/pedagogia\/escuela-primaria\/presentation-ecole-elementaire-nuevo\/#breadcrumb","itemListElement":[{"@type":"ListItem","position":1,"name":"Portada","item":"https:\/\/lfelsalvador.org\/fr\/"},{"@type":"ListItem","position":2,"name":"Pedagog\u00eda","item":"https:\/\/lfelsalvador.org\/pedagogia\/"},{"@type":"ListItem","position":3,"name":"Escuela Primaria","item":"https:\/\/lfelsalvador.org\/pedagogia\/escuela-primaria\/"},{"@type":"ListItem","position":4,"name":"Pr\u00e9sentation \u00c9cole \u00e9l\u00e9mentaire (nuevo)"}]},{"@type":"WebSite","@id":"https:\/\/lfelsalvador.org\/#website","url":"https:\/\/lfelsalvador.org\/","name":"Liceo Frances de San Salvador","description":"","potentialAction":[{"@type":"SearchAction","target":{"@type":"EntryPoint","urlTemplate":"https:\/\/lfelsalvador.org\/?s={search_term_string}"},"query-input":{"@type":"PropertyValueSpecification","valueRequired":true,"valueName":"search_term_string"}}],"inLanguage":"fr-FR"}]}},"_links":{"self":[{"href":"https:\/\/lfelsalvador.org\/fr\/wp-json\/wp\/v2\/pages\/7791","targetHints":{"allow":["GET"]}}],"collection":[{"href":"https:\/\/lfelsalvador.org\/fr\/wp-json\/wp\/v2\/pages"}],"about":[{"href":"https:\/\/lfelsalvador.org\/fr\/wp-json\/wp\/v2\/types\/page"}],"author":[{"embeddable":true,"href":"https:\/\/lfelsalvador.org\/fr\/wp-json\/wp\/v2\/users\/1"}],"replies":[{"embeddable":true,"href":"https:\/\/lfelsalvador.org\/fr\/wp-json\/wp\/v2\/comments?post=7791"}],"version-history":[{"count":2,"href":"https:\/\/lfelsalvador.org\/fr\/wp-json\/wp\/v2\/pages\/7791\/revisions"}],"predecessor-version":[{"id":7793,"href":"https:\/\/lfelsalvador.org\/fr\/wp-json\/wp\/v2\/pages\/7791\/revisions\/7793"}],"up":[{"embeddable":true,"href":"https:\/\/lfelsalvador.org\/fr\/wp-json\/wp\/v2\/pages\/325"}],"wp:attachment":[{"href":"https:\/\/lfelsalvador.org\/fr\/wp-json\/wp\/v2\/media?parent=7791"}],"curies":[{"name":"wp","href":"https:\/\/api.w.org\/{rel}","templated":true}]}}