{"id":7786,"date":"2021-10-18T04:42:40","date_gmt":"2021-10-18T04:42:40","guid":{"rendered":"https:\/\/lfelsalvador.org\/fr\/?page_id=7786"},"modified":"2025-11-13T16:46:45","modified_gmt":"2025-11-13T16:46:45","slug":"le-role-de-lecole-maternelle","status":"publish","type":"page","link":"https:\/\/lfelsalvador.org\/fr\/pedagogia\/escuela-parvularia\/le-role-de-lecole-maternelle\/","title":{"rendered":"Le r\u00f4le de l\u2019\u00e9cole maternelle"},"content":{"rendered":"\n<p>L\u2019\u00e9cole maternelle a pour mission d\u2019aider chaque enfant \u00e0 grandir, \u00e0 conqu\u00e9rir son autonomie et \u00e0 acqu\u00e9rir des attitudes et des comp\u00e9tences qui permettront de construire les apprentissages fondamentaux. Elle s\u2019appuie sur la capacit\u00e9 d\u2019imitation et d\u2019invention de l\u2019enfant, si vive \u00e0 cet \u00e2ge, et sur le plaisir de l\u2019action et du jeu. Elle multiplie les occasions de stimuler son d\u00e9sir d\u2019apprendre, de diversifier ses exp\u00e9riences et d\u2019enrichir sa compr\u00e9hension. Elle est attentive \u00e0 son rythme de d\u00e9veloppement et \u00e0 sa croissance.<\/p>\n","protected":false},"excerpt":{"rendered":"<p>L\u2019\u00e9cole maternelle a pour mission d\u2019aider chaque enfant \u00e0 grandir, \u00e0 conqu\u00e9rir son autonomie et \u00e0 acqu\u00e9rir des attitudes et des comp\u00e9tences qui permettront de construire les apprentissages fondamentaux. Elle s\u2019appuie sur la capacit\u00e9 d\u2019imitation et d\u2019invention de l\u2019enfant, si vive \u00e0 cet \u00e2ge, et sur le plaisir de l\u2019action et du jeu. Elle multiplie [&hellip;]<\/p>\n","protected":false},"author":1,"featured_media":0,"parent":312,"menu_order":0,"comment_status":"closed","ping_status":"closed","template":"template-anchor-menu-content.php","meta":{"footnotes":""},"class_list":["post-7786","page","type-page","status-publish","hentry"],"yoast_head":"<!-- This site is optimized with the Yoast SEO plugin v27.2 - https:\/\/yoast.com\/product\/yoast-seo-wordpress\/ -->\n<title>Le r\u00f4le de l\u2019\u00e9cole maternelle | Liceo Frances de San Salvador<\/title>\n<meta name=\"robots\" content=\"index, follow, max-snippet:-1, max-image-preview:large, max-video-preview:-1\" \/>\n<link rel=\"canonical\" href=\"https:\/\/lfelsalvador.org\/fr\/pedagogia\/escuela-parvularia\/le-role-de-lecole-maternelle\/\" \/>\n<meta property=\"og:locale\" content=\"fr_FR\" \/>\n<meta property=\"og:type\" content=\"article\" \/>\n<meta property=\"og:title\" content=\"Le r\u00f4le de l\u2019\u00e9cole maternelle | Liceo Frances de San Salvador\" \/>\n<meta property=\"og:description\" content=\"L\u2019\u00e9cole maternelle a pour mission d\u2019aider chaque enfant \u00e0 grandir, \u00e0 conqu\u00e9rir son autonomie et \u00e0 acqu\u00e9rir des attitudes et des comp\u00e9tences qui permettront de construire les apprentissages fondamentaux. Elle s\u2019appuie sur la capacit\u00e9 d\u2019imitation et d\u2019invention de l\u2019enfant, si vive \u00e0 cet \u00e2ge, et sur le plaisir de l\u2019action et du jeu. Elle multiplie [&hellip;]\" \/>\n<meta property=\"og:url\" content=\"https:\/\/lfelsalvador.org\/fr\/pedagogia\/escuela-parvularia\/le-role-de-lecole-maternelle\/\" \/>\n<meta property=\"og:site_name\" content=\"Liceo Frances de San Salvador\" \/>\n<meta property=\"article:publisher\" content=\"https:\/\/www.facebook.com\/lfelsalvador\/\" \/>\n<meta property=\"article:modified_time\" content=\"2025-11-13T16:46:45+00:00\" \/>\n<meta property=\"og:image\" content=\"http:\/\/lfelsalvador.org\/wp-content\/uploads\/2016\/08\/Site-4.jpg\" \/>\n<meta name=\"twitter:card\" content=\"summary_large_image\" \/>\n<meta name=\"twitter:site\" content=\"@lfelsalvador1\" \/>\n<meta name=\"twitter:label1\" content=\"Dur\u00e9e de lecture estim\u00e9e\" \/>\n\t<meta name=\"twitter:data1\" content=\"1 minute\" \/>\n<script type=\"application\/ld+json\" class=\"yoast-schema-graph\">{\"@context\":\"https:\/\/schema.org\",\"@graph\":[{\"@type\":\"WebPage\",\"@id\":\"https:\/\/lfelsalvador.org\/fr\/pedagogia\/escuela-parvularia\/le-role-de-lecole-maternelle\/\",\"url\":\"https:\/\/lfelsalvador.org\/fr\/pedagogia\/escuela-parvularia\/le-role-de-lecole-maternelle\/\",\"name\":\"Le r\u00f4le de l\u2019\u00e9cole maternelle | Liceo Frances de San Salvador\",\"isPartOf\":{\"@id\":\"https:\/\/lfelsalvador.org\/#website\"},\"datePublished\":\"2021-10-18T04:42:40+00:00\",\"dateModified\":\"2025-11-13T16:46:45+00:00\",\"breadcrumb\":{\"@id\":\"https:\/\/lfelsalvador.org\/fr\/pedagogia\/escuela-parvularia\/le-role-de-lecole-maternelle\/#breadcrumb\"},\"inLanguage\":\"fr-FR\",\"potentialAction\":[{\"@type\":\"ReadAction\",\"target\":[\"https:\/\/lfelsalvador.org\/fr\/pedagogia\/escuela-parvularia\/le-role-de-lecole-maternelle\/\"]}]},{\"@type\":\"BreadcrumbList\",\"@id\":\"https:\/\/lfelsalvador.org\/fr\/pedagogia\/escuela-parvularia\/le-role-de-lecole-maternelle\/#breadcrumb\",\"itemListElement\":[{\"@type\":\"ListItem\",\"position\":1,\"name\":\"Portada\",\"item\":\"https:\/\/lfelsalvador.org\/fr\/\"},{\"@type\":\"ListItem\",\"position\":2,\"name\":\"Pedagog\u00eda\",\"item\":\"https:\/\/lfelsalvador.org\/pedagogia\/\"},{\"@type\":\"ListItem\",\"position\":3,\"name\":\"La Escuela Parvularia\",\"item\":\"https:\/\/lfelsalvador.org\/pedagogia\/escuela-parvularia\/\"},{\"@type\":\"ListItem\",\"position\":4,\"name\":\"Le r\u00f4le de l\u2019\u00e9cole maternelle\"}]},{\"@type\":\"WebSite\",\"@id\":\"https:\/\/lfelsalvador.org\/#website\",\"url\":\"https:\/\/lfelsalvador.org\/\",\"name\":\"Liceo Frances de San Salvador\",\"description\":\"\",\"potentialAction\":[{\"@type\":\"SearchAction\",\"target\":{\"@type\":\"EntryPoint\",\"urlTemplate\":\"https:\/\/lfelsalvador.org\/?s={search_term_string}\"},\"query-input\":{\"@type\":\"PropertyValueSpecification\",\"valueRequired\":true,\"valueName\":\"search_term_string\"}}],\"inLanguage\":\"fr-FR\"}]}<\/script>\n<!-- \/ Yoast SEO plugin. -->","yoast_head_json":{"title":"Le r\u00f4le de l\u2019\u00e9cole maternelle | Liceo Frances de San Salvador","robots":{"index":"index","follow":"follow","max-snippet":"max-snippet:-1","max-image-preview":"max-image-preview:large","max-video-preview":"max-video-preview:-1"},"canonical":"https:\/\/lfelsalvador.org\/fr\/pedagogia\/escuela-parvularia\/le-role-de-lecole-maternelle\/","og_locale":"fr_FR","og_type":"article","og_title":"Le r\u00f4le de l\u2019\u00e9cole maternelle | Liceo Frances de San Salvador","og_description":"L\u2019\u00e9cole maternelle a pour mission d\u2019aider chaque enfant \u00e0 grandir, \u00e0 conqu\u00e9rir son autonomie et \u00e0 acqu\u00e9rir des attitudes et des comp\u00e9tences qui permettront de construire les apprentissages fondamentaux. Elle s\u2019appuie sur la capacit\u00e9 d\u2019imitation et d\u2019invention de l\u2019enfant, si vive \u00e0 cet \u00e2ge, et sur le plaisir de l\u2019action et du jeu. Elle multiplie [&hellip;]","og_url":"https:\/\/lfelsalvador.org\/fr\/pedagogia\/escuela-parvularia\/le-role-de-lecole-maternelle\/","og_site_name":"Liceo Frances de San Salvador","article_publisher":"https:\/\/www.facebook.com\/lfelsalvador\/","article_modified_time":"2025-11-13T16:46:45+00:00","og_image":[{"url":"http:\/\/lfelsalvador.org\/wp-content\/uploads\/2016\/08\/Site-4.jpg","type":"","width":"","height":""}],"twitter_card":"summary_large_image","twitter_site":"@lfelsalvador1","twitter_misc":{"Dur\u00e9e de lecture estim\u00e9e":"1 minute"},"schema":{"@context":"https:\/\/schema.org","@graph":[{"@type":"WebPage","@id":"https:\/\/lfelsalvador.org\/fr\/pedagogia\/escuela-parvularia\/le-role-de-lecole-maternelle\/","url":"https:\/\/lfelsalvador.org\/fr\/pedagogia\/escuela-parvularia\/le-role-de-lecole-maternelle\/","name":"Le r\u00f4le de l\u2019\u00e9cole maternelle | Liceo Frances de San Salvador","isPartOf":{"@id":"https:\/\/lfelsalvador.org\/#website"},"datePublished":"2021-10-18T04:42:40+00:00","dateModified":"2025-11-13T16:46:45+00:00","breadcrumb":{"@id":"https:\/\/lfelsalvador.org\/fr\/pedagogia\/escuela-parvularia\/le-role-de-lecole-maternelle\/#breadcrumb"},"inLanguage":"fr-FR","potentialAction":[{"@type":"ReadAction","target":["https:\/\/lfelsalvador.org\/fr\/pedagogia\/escuela-parvularia\/le-role-de-lecole-maternelle\/"]}]},{"@type":"BreadcrumbList","@id":"https:\/\/lfelsalvador.org\/fr\/pedagogia\/escuela-parvularia\/le-role-de-lecole-maternelle\/#breadcrumb","itemListElement":[{"@type":"ListItem","position":1,"name":"Portada","item":"https:\/\/lfelsalvador.org\/fr\/"},{"@type":"ListItem","position":2,"name":"Pedagog\u00eda","item":"https:\/\/lfelsalvador.org\/pedagogia\/"},{"@type":"ListItem","position":3,"name":"La Escuela Parvularia","item":"https:\/\/lfelsalvador.org\/pedagogia\/escuela-parvularia\/"},{"@type":"ListItem","position":4,"name":"Le r\u00f4le de l\u2019\u00e9cole maternelle"}]},{"@type":"WebSite","@id":"https:\/\/lfelsalvador.org\/#website","url":"https:\/\/lfelsalvador.org\/","name":"Liceo Frances de San Salvador","description":"","potentialAction":[{"@type":"SearchAction","target":{"@type":"EntryPoint","urlTemplate":"https:\/\/lfelsalvador.org\/?s={search_term_string}"},"query-input":{"@type":"PropertyValueSpecification","valueRequired":true,"valueName":"search_term_string"}}],"inLanguage":"fr-FR"}]}},"_links":{"self":[{"href":"https:\/\/lfelsalvador.org\/fr\/wp-json\/wp\/v2\/pages\/7786","targetHints":{"allow":["GET"]}}],"collection":[{"href":"https:\/\/lfelsalvador.org\/fr\/wp-json\/wp\/v2\/pages"}],"about":[{"href":"https:\/\/lfelsalvador.org\/fr\/wp-json\/wp\/v2\/types\/page"}],"author":[{"embeddable":true,"href":"https:\/\/lfelsalvador.org\/fr\/wp-json\/wp\/v2\/users\/1"}],"replies":[{"embeddable":true,"href":"https:\/\/lfelsalvador.org\/fr\/wp-json\/wp\/v2\/comments?post=7786"}],"version-history":[{"count":6,"href":"https:\/\/lfelsalvador.org\/fr\/wp-json\/wp\/v2\/pages\/7786\/revisions"}],"predecessor-version":[{"id":11128,"href":"https:\/\/lfelsalvador.org\/fr\/wp-json\/wp\/v2\/pages\/7786\/revisions\/11128"}],"up":[{"embeddable":true,"href":"https:\/\/lfelsalvador.org\/fr\/wp-json\/wp\/v2\/pages\/312"}],"wp:attachment":[{"href":"https:\/\/lfelsalvador.org\/fr\/wp-json\/wp\/v2\/media?parent=7786"}],"curies":[{"name":"wp","href":"https:\/\/api.w.org\/{rel}","templated":true}]}}