{"id":685,"date":"2016-08-03T22:24:53","date_gmt":"2016-08-03T22:24:53","guid":{"rendered":"http:\/\/lfelsalvador.org\/fr\/?page_id=685"},"modified":"2024-01-23T15:57:01","modified_gmt":"2024-01-23T15:57:01","slug":"securite","status":"publish","type":"page","link":"https:\/\/lfelsalvador.org\/fr\/bien-etre-des-eleves\/securite\/","title":{"rendered":"S\u00e9curit\u00e9"},"content":{"rendered":"\n<h2 class=\"wp-block-heading\">Exemple d&rsquo;un&nbsp;exercice d\u2019\u00e9vacuation<\/h2>\n\n\n\n<p>Le lyc\u00e9e accorde une importance particuli\u00e8re au Plan Particulier de Mise en S\u00e9curit\u00e9 (PPMS) qui indique de fa\u00e7on tr\u00e8s pr\u00e9cise ce qu\u2019il faut faire en cas de tremblement de terre.Trois exercices d\u2019\u00e9vacuation sont men\u00e9s pendant l\u2019ann\u00e9e, le premier est annonc\u00e9, le second annonc\u00e9 aux seuls enseignants et le troisi\u00e8me arrive sans aucune annonce pr\u00e9alable.<\/p>\n\n\n\n<p>Toute la communaut\u00e9 scolaire esp\u00e8re ne jamais avoir besoin de mettre en application toutes ces consignes mais s\u2019y pr\u00e9pare tr\u00e8s s\u00e9rieusement.<\/p>\n\n\n\n<figure class=\"wp-block-embed is-type-video is-provider-youtube wp-block-embed-youtube wp-embed-aspect-16-9 wp-has-aspect-ratio\"><div class=\"wp-block-embed__wrapper\">\n<iframe loading=\"lazy\" title=\"Exercice de PPMS en maternelle\" width=\"800\" height=\"450\" src=\"https:\/\/www.youtube.com\/embed\/AQEIEae4dII?feature=oembed\" frameborder=\"0\" allow=\"accelerometer; autoplay; clipboard-write; encrypted-media; gyroscope; picture-in-picture; web-share\" allowfullscreen><\/iframe>\n<\/div><\/figure>\n","protected":false},"excerpt":{"rendered":"<p>Exemple d&rsquo;un&nbsp;exercice d\u2019\u00e9vacuation Le lyc\u00e9e accorde une importance particuli\u00e8re au Plan Particulier de Mise en S\u00e9curit\u00e9 (PPMS) qui indique de fa\u00e7on tr\u00e8s pr\u00e9cise ce qu\u2019il faut faire en cas de tremblement de terre.Trois exercices d\u2019\u00e9vacuation sont men\u00e9s pendant l\u2019ann\u00e9e, le premier est annonc\u00e9, le second annonc\u00e9 aux seuls enseignants et le troisi\u00e8me arrive sans aucune [&hellip;]<\/p>\n","protected":false},"author":1,"featured_media":0,"parent":642,"menu_order":0,"comment_status":"closed","ping_status":"closed","template":"","meta":{"footnotes":""},"class_list":["post-685","page","type-page","status-publish","hentry"],"yoast_head":"<!-- This site is optimized with the Yoast SEO plugin v27.2 - https:\/\/yoast.com\/product\/yoast-seo-wordpress\/ -->\n<title>S\u00e9curit\u00e9 | Liceo Frances de San Salvador<\/title>\n<meta name=\"robots\" content=\"index, follow, max-snippet:-1, max-image-preview:large, max-video-preview:-1\" \/>\n<link rel=\"canonical\" href=\"https:\/\/lfelsalvador.org\/fr\/bien-etre-des-eleves\/securite\/\" \/>\n<meta property=\"og:locale\" content=\"fr_FR\" \/>\n<meta property=\"og:type\" content=\"article\" \/>\n<meta property=\"og:title\" content=\"S\u00e9curit\u00e9 | Liceo Frances de San Salvador\" \/>\n<meta property=\"og:description\" content=\"Exemple d&rsquo;un&nbsp;exercice d\u2019\u00e9vacuation Le lyc\u00e9e accorde une importance particuli\u00e8re au Plan Particulier de Mise en S\u00e9curit\u00e9 (PPMS) qui indique de fa\u00e7on tr\u00e8s pr\u00e9cise ce qu\u2019il faut faire en cas de tremblement de terre.Trois exercices d\u2019\u00e9vacuation sont men\u00e9s pendant l\u2019ann\u00e9e, le premier est annonc\u00e9, le second annonc\u00e9 aux seuls enseignants et le troisi\u00e8me arrive sans aucune [&hellip;]\" \/>\n<meta property=\"og:url\" content=\"https:\/\/lfelsalvador.org\/fr\/bien-etre-des-eleves\/securite\/\" \/>\n<meta property=\"og:site_name\" content=\"Liceo Frances de San Salvador\" \/>\n<meta property=\"article:publisher\" content=\"https:\/\/www.facebook.com\/lfelsalvador\/\" \/>\n<meta property=\"article:modified_time\" content=\"2024-01-23T15:57:01+00:00\" \/>\n<meta property=\"og:image\" content=\"http:\/\/lfelsalvador.org\/wp-content\/uploads\/2016\/08\/Site-4.jpg\" \/>\n<meta name=\"twitter:card\" content=\"summary_large_image\" \/>\n<meta name=\"twitter:site\" content=\"@lfelsalvador1\" \/>\n<meta name=\"twitter:label1\" content=\"Dur\u00e9e de lecture estim\u00e9e\" \/>\n\t<meta name=\"twitter:data1\" content=\"1 minute\" \/>\n<script type=\"application\/ld+json\" class=\"yoast-schema-graph\">{\"@context\":\"https:\/\/schema.org\",\"@graph\":[{\"@type\":\"WebPage\",\"@id\":\"https:\/\/lfelsalvador.org\/fr\/bien-etre-des-eleves\/securite\/\",\"url\":\"https:\/\/lfelsalvador.org\/fr\/bien-etre-des-eleves\/securite\/\",\"name\":\"S\u00e9curit\u00e9 | Liceo Frances de San Salvador\",\"isPartOf\":{\"@id\":\"https:\/\/lfelsalvador.org\/#website\"},\"datePublished\":\"2016-08-03T22:24:53+00:00\",\"dateModified\":\"2024-01-23T15:57:01+00:00\",\"breadcrumb\":{\"@id\":\"https:\/\/lfelsalvador.org\/fr\/bien-etre-des-eleves\/securite\/#breadcrumb\"},\"inLanguage\":\"fr-FR\",\"potentialAction\":[{\"@type\":\"ReadAction\",\"target\":[\"https:\/\/lfelsalvador.org\/fr\/bien-etre-des-eleves\/securite\/\"]}]},{\"@type\":\"BreadcrumbList\",\"@id\":\"https:\/\/lfelsalvador.org\/fr\/bien-etre-des-eleves\/securite\/#breadcrumb\",\"itemListElement\":[{\"@type\":\"ListItem\",\"position\":1,\"name\":\"Portada\",\"item\":\"https:\/\/lfelsalvador.org\/fr\/\"},{\"@type\":\"ListItem\",\"position\":2,\"name\":\"Bien-\u00eatre des \u00e9l\u00e8ves\",\"item\":\"https:\/\/lfelsalvador.org\/fr\/bien-etre-des-eleves\/\"},{\"@type\":\"ListItem\",\"position\":3,\"name\":\"S\u00e9curit\u00e9\"}]},{\"@type\":\"WebSite\",\"@id\":\"https:\/\/lfelsalvador.org\/#website\",\"url\":\"https:\/\/lfelsalvador.org\/\",\"name\":\"Liceo Frances de San Salvador\",\"description\":\"\",\"potentialAction\":[{\"@type\":\"SearchAction\",\"target\":{\"@type\":\"EntryPoint\",\"urlTemplate\":\"https:\/\/lfelsalvador.org\/?s={search_term_string}\"},\"query-input\":{\"@type\":\"PropertyValueSpecification\",\"valueRequired\":true,\"valueName\":\"search_term_string\"}}],\"inLanguage\":\"fr-FR\"}]}<\/script>\n<!-- \/ Yoast SEO plugin. -->","yoast_head_json":{"title":"S\u00e9curit\u00e9 | Liceo Frances de San Salvador","robots":{"index":"index","follow":"follow","max-snippet":"max-snippet:-1","max-image-preview":"max-image-preview:large","max-video-preview":"max-video-preview:-1"},"canonical":"https:\/\/lfelsalvador.org\/fr\/bien-etre-des-eleves\/securite\/","og_locale":"fr_FR","og_type":"article","og_title":"S\u00e9curit\u00e9 | Liceo Frances de San Salvador","og_description":"Exemple d&rsquo;un&nbsp;exercice d\u2019\u00e9vacuation Le lyc\u00e9e accorde une importance particuli\u00e8re au Plan Particulier de Mise en S\u00e9curit\u00e9 (PPMS) qui indique de fa\u00e7on tr\u00e8s pr\u00e9cise ce qu\u2019il faut faire en cas de tremblement de terre.Trois exercices d\u2019\u00e9vacuation sont men\u00e9s pendant l\u2019ann\u00e9e, le premier est annonc\u00e9, le second annonc\u00e9 aux seuls enseignants et le troisi\u00e8me arrive sans aucune [&hellip;]","og_url":"https:\/\/lfelsalvador.org\/fr\/bien-etre-des-eleves\/securite\/","og_site_name":"Liceo Frances de San Salvador","article_publisher":"https:\/\/www.facebook.com\/lfelsalvador\/","article_modified_time":"2024-01-23T15:57:01+00:00","og_image":[{"url":"http:\/\/lfelsalvador.org\/wp-content\/uploads\/2016\/08\/Site-4.jpg","type":"","width":"","height":""}],"twitter_card":"summary_large_image","twitter_site":"@lfelsalvador1","twitter_misc":{"Dur\u00e9e de lecture estim\u00e9e":"1 minute"},"schema":{"@context":"https:\/\/schema.org","@graph":[{"@type":"WebPage","@id":"https:\/\/lfelsalvador.org\/fr\/bien-etre-des-eleves\/securite\/","url":"https:\/\/lfelsalvador.org\/fr\/bien-etre-des-eleves\/securite\/","name":"S\u00e9curit\u00e9 | Liceo Frances de San Salvador","isPartOf":{"@id":"https:\/\/lfelsalvador.org\/#website"},"datePublished":"2016-08-03T22:24:53+00:00","dateModified":"2024-01-23T15:57:01+00:00","breadcrumb":{"@id":"https:\/\/lfelsalvador.org\/fr\/bien-etre-des-eleves\/securite\/#breadcrumb"},"inLanguage":"fr-FR","potentialAction":[{"@type":"ReadAction","target":["https:\/\/lfelsalvador.org\/fr\/bien-etre-des-eleves\/securite\/"]}]},{"@type":"BreadcrumbList","@id":"https:\/\/lfelsalvador.org\/fr\/bien-etre-des-eleves\/securite\/#breadcrumb","itemListElement":[{"@type":"ListItem","position":1,"name":"Portada","item":"https:\/\/lfelsalvador.org\/fr\/"},{"@type":"ListItem","position":2,"name":"Bien-\u00eatre des \u00e9l\u00e8ves","item":"https:\/\/lfelsalvador.org\/fr\/bien-etre-des-eleves\/"},{"@type":"ListItem","position":3,"name":"S\u00e9curit\u00e9"}]},{"@type":"WebSite","@id":"https:\/\/lfelsalvador.org\/#website","url":"https:\/\/lfelsalvador.org\/","name":"Liceo Frances de San Salvador","description":"","potentialAction":[{"@type":"SearchAction","target":{"@type":"EntryPoint","urlTemplate":"https:\/\/lfelsalvador.org\/?s={search_term_string}"},"query-input":{"@type":"PropertyValueSpecification","valueRequired":true,"valueName":"search_term_string"}}],"inLanguage":"fr-FR"}]}},"_links":{"self":[{"href":"https:\/\/lfelsalvador.org\/fr\/wp-json\/wp\/v2\/pages\/685","targetHints":{"allow":["GET"]}}],"collection":[{"href":"https:\/\/lfelsalvador.org\/fr\/wp-json\/wp\/v2\/pages"}],"about":[{"href":"https:\/\/lfelsalvador.org\/fr\/wp-json\/wp\/v2\/types\/page"}],"author":[{"embeddable":true,"href":"https:\/\/lfelsalvador.org\/fr\/wp-json\/wp\/v2\/users\/1"}],"replies":[{"embeddable":true,"href":"https:\/\/lfelsalvador.org\/fr\/wp-json\/wp\/v2\/comments?post=685"}],"version-history":[{"count":4,"href":"https:\/\/lfelsalvador.org\/fr\/wp-json\/wp\/v2\/pages\/685\/revisions"}],"predecessor-version":[{"id":8995,"href":"https:\/\/lfelsalvador.org\/fr\/wp-json\/wp\/v2\/pages\/685\/revisions\/8995"}],"up":[{"embeddable":true,"href":"https:\/\/lfelsalvador.org\/fr\/wp-json\/wp\/v2\/pages\/642"}],"wp:attachment":[{"href":"https:\/\/lfelsalvador.org\/fr\/wp-json\/wp\/v2\/media?parent=685"}],"curies":[{"name":"wp","href":"https:\/\/api.w.org\/{rel}","templated":true}]}}