{"id":680,"date":"2016-08-03T22:10:10","date_gmt":"2016-08-03T22:10:10","guid":{"rendered":"http:\/\/lfelsalvador.org\/fr\/?page_id=680"},"modified":"2019-09-09T17:58:02","modified_gmt":"2019-09-09T17:58:02","slug":"orientation","status":"publish","type":"page","link":"https:\/\/lfelsalvador.org\/fr\/bien-etre-des-eleves\/orientation\/","title":{"rendered":"Orientation"},"content":{"rendered":"<p><img decoding=\"async\" class=\"border img-responsive\" src=\"http:\/\/lfelsalvador.org\/wp-content\/uploads\/2016\/07\/DSC01065-768x576.jpg\" align=\"left\" \/>Une dimension essentielle au bien-\u00eatre de nos \u00e9l\u00e8ves r\u00e9side dans le travail sur <strong>l\u2019orientation<\/strong>. D\u00e8s la classe de troisi\u00e8me, le choix de la fili\u00e8re vis\u00e9e qui intervient au 2\u00b0 trimestre (premier avis du conseil de classe)et d\u00e9finitivement au 3\u00b0 trimestre, en fin de seconde, exige de s\u2019informer sur les caract\u00e9ristiques (horaires, disciplines dominantes, \u00e9tudes post-bac\u2026)\u00a0 de chacune des voies possibles. En classe de Premi\u00e8re,\u00a0 l\u2019angoisse du futur ne doit pas \u00a0paralyser les jeunes mais au contraire les pousser \u00e0 prendre des contacts avec d\u2019anciens \u00e9l\u00e8ves (parfois lors d\u2019un Forum des M\u00e9tiers et des Formations organis\u00e9 \u00e0 leur intention) ou avec des parents, d\u00e9sireux de parler des m\u00e9tiers qui les passionnent.<\/p>\n<p>C\u2019est ainsi, avec l\u2019aide de notre Personne Ressource en Information et Orientation, Arnaud DELESTRE, avec l\u2019aide de madame Adelaida GOMEZ, psychologue, charg\u00e9e du lien avec les institutions universitaires du Salvador, que le lyc\u00e9e peut aider les adolescents \u00e0 se projeter vers leur future vie d\u2019\u00e9tudiant puis vers leur vie professionnelle.<\/p>\n<p>Pour plus d\u2019information, veuillez consulter le site web de <a href=\"http:\/\/www.onisep.fr\/\" target=\"_blank\">l\u2019Office national d\u2019information sur les enseignements et les professions (ONISEP)<\/a>. Vous allez trouver la pr\u00e9sentation de toutes les formations en France et des fiches m\u00e9tier par domaine ou centre d\u2019int\u00e9r\u00eat.<\/p>\n<p>&nbsp;<\/p>\n","protected":false},"excerpt":{"rendered":"<p>Une dimension essentielle au bien-\u00eatre de nos \u00e9l\u00e8ves r\u00e9side dans le travail sur l\u2019orientation. D\u00e8s la classe de troisi\u00e8me, le choix de la fili\u00e8re vis\u00e9e qui intervient au 2\u00b0 trimestre (premier avis du conseil de classe)et d\u00e9finitivement au 3\u00b0 trimestre, en fin de seconde, exige de s\u2019informer sur les caract\u00e9ristiques (horaires, disciplines dominantes, \u00e9tudes post-bac\u2026)\u00a0 [&hellip;]<\/p>\n","protected":false},"author":1,"featured_media":0,"parent":642,"menu_order":0,"comment_status":"closed","ping_status":"closed","template":"","meta":{"footnotes":""},"class_list":["post-680","page","type-page","status-publish","hentry"],"yoast_head":"<!-- This site is optimized with the Yoast SEO plugin v27.2 - https:\/\/yoast.com\/product\/yoast-seo-wordpress\/ -->\n<title>Orientation | Liceo Frances de San Salvador<\/title>\n<meta name=\"robots\" content=\"index, follow, max-snippet:-1, max-image-preview:large, max-video-preview:-1\" \/>\n<link rel=\"canonical\" href=\"https:\/\/lfelsalvador.org\/fr\/bien-etre-des-eleves\/orientation\/\" \/>\n<meta property=\"og:locale\" content=\"fr_FR\" \/>\n<meta property=\"og:type\" content=\"article\" \/>\n<meta property=\"og:title\" content=\"Orientation | Liceo Frances de San Salvador\" \/>\n<meta property=\"og:description\" content=\"Une dimension essentielle au bien-\u00eatre de nos \u00e9l\u00e8ves r\u00e9side dans le travail sur l\u2019orientation. D\u00e8s la classe de troisi\u00e8me, le choix de la fili\u00e8re vis\u00e9e qui intervient au 2\u00b0 trimestre (premier avis du conseil de classe)et d\u00e9finitivement au 3\u00b0 trimestre, en fin de seconde, exige de s\u2019informer sur les caract\u00e9ristiques (horaires, disciplines dominantes, \u00e9tudes post-bac\u2026)\u00a0 [&hellip;]\" \/>\n<meta property=\"og:url\" content=\"https:\/\/lfelsalvador.org\/fr\/bien-etre-des-eleves\/orientation\/\" \/>\n<meta property=\"og:site_name\" content=\"Liceo Frances de San Salvador\" \/>\n<meta property=\"article:publisher\" content=\"https:\/\/www.facebook.com\/lfelsalvador\/\" \/>\n<meta property=\"article:modified_time\" content=\"2019-09-09T17:58:02+00:00\" \/>\n<meta property=\"og:image\" content=\"http:\/\/lfelsalvador.org\/wp-content\/uploads\/2016\/07\/DSC01065-768x576.jpg\" \/>\n<meta name=\"twitter:card\" content=\"summary_large_image\" \/>\n<meta name=\"twitter:site\" content=\"@lfelsalvador1\" \/>\n<meta name=\"twitter:label1\" content=\"Dur\u00e9e de lecture estim\u00e9e\" \/>\n\t<meta name=\"twitter:data1\" content=\"1 minute\" \/>\n<script type=\"application\/ld+json\" class=\"yoast-schema-graph\">{\"@context\":\"https:\/\/schema.org\",\"@graph\":[{\"@type\":\"WebPage\",\"@id\":\"https:\/\/lfelsalvador.org\/fr\/bien-etre-des-eleves\/orientation\/\",\"url\":\"https:\/\/lfelsalvador.org\/fr\/bien-etre-des-eleves\/orientation\/\",\"name\":\"Orientation | Liceo Frances de San Salvador\",\"isPartOf\":{\"@id\":\"https:\/\/lfelsalvador.org\/#website\"},\"primaryImageOfPage\":{\"@id\":\"https:\/\/lfelsalvador.org\/fr\/bien-etre-des-eleves\/orientation\/#primaryimage\"},\"image\":{\"@id\":\"https:\/\/lfelsalvador.org\/fr\/bien-etre-des-eleves\/orientation\/#primaryimage\"},\"thumbnailUrl\":\"http:\/\/lfelsalvador.org\/wp-content\/uploads\/2016\/07\/DSC01065-768x576.jpg\",\"datePublished\":\"2016-08-03T22:10:10+00:00\",\"dateModified\":\"2019-09-09T17:58:02+00:00\",\"breadcrumb\":{\"@id\":\"https:\/\/lfelsalvador.org\/fr\/bien-etre-des-eleves\/orientation\/#breadcrumb\"},\"inLanguage\":\"fr-FR\",\"potentialAction\":[{\"@type\":\"ReadAction\",\"target\":[\"https:\/\/lfelsalvador.org\/fr\/bien-etre-des-eleves\/orientation\/\"]}]},{\"@type\":\"ImageObject\",\"inLanguage\":\"fr-FR\",\"@id\":\"https:\/\/lfelsalvador.org\/fr\/bien-etre-des-eleves\/orientation\/#primaryimage\",\"url\":\"http:\/\/lfelsalvador.org\/wp-content\/uploads\/2016\/07\/DSC01065-768x576.jpg\",\"contentUrl\":\"http:\/\/lfelsalvador.org\/wp-content\/uploads\/2016\/07\/DSC01065-768x576.jpg\"},{\"@type\":\"BreadcrumbList\",\"@id\":\"https:\/\/lfelsalvador.org\/fr\/bien-etre-des-eleves\/orientation\/#breadcrumb\",\"itemListElement\":[{\"@type\":\"ListItem\",\"position\":1,\"name\":\"Portada\",\"item\":\"https:\/\/lfelsalvador.org\/fr\/\"},{\"@type\":\"ListItem\",\"position\":2,\"name\":\"Bien-\u00eatre des \u00e9l\u00e8ves\",\"item\":\"https:\/\/lfelsalvador.org\/fr\/bien-etre-des-eleves\/\"},{\"@type\":\"ListItem\",\"position\":3,\"name\":\"Orientation\"}]},{\"@type\":\"WebSite\",\"@id\":\"https:\/\/lfelsalvador.org\/#website\",\"url\":\"https:\/\/lfelsalvador.org\/\",\"name\":\"Liceo Frances de San Salvador\",\"description\":\"\",\"potentialAction\":[{\"@type\":\"SearchAction\",\"target\":{\"@type\":\"EntryPoint\",\"urlTemplate\":\"https:\/\/lfelsalvador.org\/?s={search_term_string}\"},\"query-input\":{\"@type\":\"PropertyValueSpecification\",\"valueRequired\":true,\"valueName\":\"search_term_string\"}}],\"inLanguage\":\"fr-FR\"}]}<\/script>\n<!-- \/ Yoast SEO plugin. -->","yoast_head_json":{"title":"Orientation | Liceo Frances de San Salvador","robots":{"index":"index","follow":"follow","max-snippet":"max-snippet:-1","max-image-preview":"max-image-preview:large","max-video-preview":"max-video-preview:-1"},"canonical":"https:\/\/lfelsalvador.org\/fr\/bien-etre-des-eleves\/orientation\/","og_locale":"fr_FR","og_type":"article","og_title":"Orientation | Liceo Frances de San Salvador","og_description":"Une dimension essentielle au bien-\u00eatre de nos \u00e9l\u00e8ves r\u00e9side dans le travail sur l\u2019orientation. D\u00e8s la classe de troisi\u00e8me, le choix de la fili\u00e8re vis\u00e9e qui intervient au 2\u00b0 trimestre (premier avis du conseil de classe)et d\u00e9finitivement au 3\u00b0 trimestre, en fin de seconde, exige de s\u2019informer sur les caract\u00e9ristiques (horaires, disciplines dominantes, \u00e9tudes post-bac\u2026)\u00a0 [&hellip;]","og_url":"https:\/\/lfelsalvador.org\/fr\/bien-etre-des-eleves\/orientation\/","og_site_name":"Liceo Frances de San Salvador","article_publisher":"https:\/\/www.facebook.com\/lfelsalvador\/","article_modified_time":"2019-09-09T17:58:02+00:00","og_image":[{"url":"http:\/\/lfelsalvador.org\/wp-content\/uploads\/2016\/07\/DSC01065-768x576.jpg","type":"","width":"","height":""}],"twitter_card":"summary_large_image","twitter_site":"@lfelsalvador1","twitter_misc":{"Dur\u00e9e de lecture estim\u00e9e":"1 minute"},"schema":{"@context":"https:\/\/schema.org","@graph":[{"@type":"WebPage","@id":"https:\/\/lfelsalvador.org\/fr\/bien-etre-des-eleves\/orientation\/","url":"https:\/\/lfelsalvador.org\/fr\/bien-etre-des-eleves\/orientation\/","name":"Orientation | Liceo Frances de San Salvador","isPartOf":{"@id":"https:\/\/lfelsalvador.org\/#website"},"primaryImageOfPage":{"@id":"https:\/\/lfelsalvador.org\/fr\/bien-etre-des-eleves\/orientation\/#primaryimage"},"image":{"@id":"https:\/\/lfelsalvador.org\/fr\/bien-etre-des-eleves\/orientation\/#primaryimage"},"thumbnailUrl":"http:\/\/lfelsalvador.org\/wp-content\/uploads\/2016\/07\/DSC01065-768x576.jpg","datePublished":"2016-08-03T22:10:10+00:00","dateModified":"2019-09-09T17:58:02+00:00","breadcrumb":{"@id":"https:\/\/lfelsalvador.org\/fr\/bien-etre-des-eleves\/orientation\/#breadcrumb"},"inLanguage":"fr-FR","potentialAction":[{"@type":"ReadAction","target":["https:\/\/lfelsalvador.org\/fr\/bien-etre-des-eleves\/orientation\/"]}]},{"@type":"ImageObject","inLanguage":"fr-FR","@id":"https:\/\/lfelsalvador.org\/fr\/bien-etre-des-eleves\/orientation\/#primaryimage","url":"http:\/\/lfelsalvador.org\/wp-content\/uploads\/2016\/07\/DSC01065-768x576.jpg","contentUrl":"http:\/\/lfelsalvador.org\/wp-content\/uploads\/2016\/07\/DSC01065-768x576.jpg"},{"@type":"BreadcrumbList","@id":"https:\/\/lfelsalvador.org\/fr\/bien-etre-des-eleves\/orientation\/#breadcrumb","itemListElement":[{"@type":"ListItem","position":1,"name":"Portada","item":"https:\/\/lfelsalvador.org\/fr\/"},{"@type":"ListItem","position":2,"name":"Bien-\u00eatre des \u00e9l\u00e8ves","item":"https:\/\/lfelsalvador.org\/fr\/bien-etre-des-eleves\/"},{"@type":"ListItem","position":3,"name":"Orientation"}]},{"@type":"WebSite","@id":"https:\/\/lfelsalvador.org\/#website","url":"https:\/\/lfelsalvador.org\/","name":"Liceo Frances de San Salvador","description":"","potentialAction":[{"@type":"SearchAction","target":{"@type":"EntryPoint","urlTemplate":"https:\/\/lfelsalvador.org\/?s={search_term_string}"},"query-input":{"@type":"PropertyValueSpecification","valueRequired":true,"valueName":"search_term_string"}}],"inLanguage":"fr-FR"}]}},"_links":{"self":[{"href":"https:\/\/lfelsalvador.org\/fr\/wp-json\/wp\/v2\/pages\/680","targetHints":{"allow":["GET"]}}],"collection":[{"href":"https:\/\/lfelsalvador.org\/fr\/wp-json\/wp\/v2\/pages"}],"about":[{"href":"https:\/\/lfelsalvador.org\/fr\/wp-json\/wp\/v2\/types\/page"}],"author":[{"embeddable":true,"href":"https:\/\/lfelsalvador.org\/fr\/wp-json\/wp\/v2\/users\/1"}],"replies":[{"embeddable":true,"href":"https:\/\/lfelsalvador.org\/fr\/wp-json\/wp\/v2\/comments?post=680"}],"version-history":[{"count":4,"href":"https:\/\/lfelsalvador.org\/fr\/wp-json\/wp\/v2\/pages\/680\/revisions"}],"predecessor-version":[{"id":6429,"href":"https:\/\/lfelsalvador.org\/fr\/wp-json\/wp\/v2\/pages\/680\/revisions\/6429"}],"up":[{"embeddable":true,"href":"https:\/\/lfelsalvador.org\/fr\/wp-json\/wp\/v2\/pages\/642"}],"wp:attachment":[{"href":"https:\/\/lfelsalvador.org\/fr\/wp-json\/wp\/v2\/media?parent=680"}],"curies":[{"name":"wp","href":"https:\/\/api.w.org\/{rel}","templated":true}]}}