{"id":677,"date":"2016-08-03T22:05:28","date_gmt":"2016-08-03T22:05:28","guid":{"rendered":"http:\/\/lfelsalvador.org\/fr\/?page_id=677"},"modified":"2025-09-30T16:07:19","modified_gmt":"2025-09-30T16:07:19","slug":"le-service-de-vie-scolaire","status":"publish","type":"page","link":"https:\/\/lfelsalvador.org\/fr\/bien-etre-des-eleves\/le-service-de-vie-scolaire\/","title":{"rendered":"Le Service de Vie Scolaire"},"content":{"rendered":"<h2>C\u2019EST QUOI?<\/h2>\n<p>Une \u00e9quipe qui travaille en collaboration avec les enseignants, les personnels, les parents et la Direction, \u00e0 l\u2019encadrement et au suivi de la scolarit\u00e9 des \u00e9l\u00e8ves. Elle est compos\u00e9e de 10 surveillants, qui travaillent sous la responsabilit\u00e9 du CPE.<\/p>\n<h2>C\u2019EST QUI?<\/h2>\n<p>Arnaud DELESTRE : Conseiller Principal d\u2019Education, responsable de la coordination du Service Vie Scolaire. Charg\u00e9 du suivi des \u00e9l\u00e8ves et familles et de la collaboration et m\u00e9diation avec les diff\u00e9rents acteurs du milieu scolaire : direction, \u00e9quipes p\u00e9dagogiques, \u00e9l\u00e8ves, personnels et parents d\u2019\u00e9l\u00e8ves.<\/p>\n<h2>C\u2019EST O\u00d9 ?<\/h2>\n<p>Le Service de Vie Scolaire du Lyc\u00e9e travaille sur l\u2019ensemble du site de l\u2019Etablissement, mais poss\u00e8de des bureaux situ\u00e9s au rez-de-chauss\u00e9e du b\u00e2timent du secondaire et qui lui servent de \u00ab camp de base \u00bb.<\/p>\n<h2>LES MISSIONS :<\/h2>\n<p>L\u2019\u00e9quipe de Vie Scolaire est charg\u00e9e de maintenir les meilleures conditions possibles de vie et de travail au sein de l\u2019\u00e9tablissement en collaboration avec les enseignants, les personnels et la Direction. Elle est le lien entre les diff\u00e9rents acteurs du milieu scolaire et travaille au respect du R\u00e8glement Int\u00e9rieur qui est connu et respect\u00e9 de tous.<\/p>\n<h2>LES ACTIONS:<\/h2>\n<ul>\n<li>V\u00e9rifier dans le syst\u00e8me de suivi informatis\u00e9 le relev\u00e9 des absences et retards fait par les enseignants (dans les 5 premi\u00e8res minutes de chaque cours). Si l\u2019appel n\u2019est pas fait dans ce d\u00e9lai, l\u2019enseignant verra son cours interrompu par l\u2019irruption d\u2019un surveillant<\/li>\n<li>Prendre contact avec les familles des \u00e9l\u00e8ves absents pour en connaitre le motif.<\/li>\n<li>Assurer la s\u00e9curit\u00e9 des personnes et des biens en dehors des heures de cours et dans les lieux communs.<\/li>\n<li>Faire respecter le silence dans les couloirs et un comportement correct dans tous les lieux communs.<\/li>\n<li>Veiller \u00e0 l\u2019application et au suivi des punitions et sanctions.<\/li>\n<\/ul>\n<h2>SI\u2026ALORS\u2026:<\/h2>\n<ul>\n<li>Si\u2026un \u00e9l\u00e8ve se pr\u00e9sente en classe apr\u00e8s la sonnerie \u2026alors\u2026 il devra imp\u00e9rativement se pr\u00e9senter au bureau des surveillants avec son carnet et avoir ainsi le justificatif administratif \u00e9mis par la Vie Scolaire.<\/li>\n<li>Si\u2026un \u00e9l\u00e8ve se pr\u00e9sente en classe apr\u00e8s que le professeur a saisi les absences en ligne \u2026alors\u2026 seul ce m\u00eame professeur sera habilit\u00e9 \u00e0 modifier sa saisie informatique.<\/li>\n<li>Si\u2026pour des raisons p\u00e9dagogiques la classe a besoin de changer de salle de mani\u00e8re ponctuelle\u2026alors\u2026il faudra avoir averti le Service de Vie Scolaire la veille afin que celui-ci puisse ensuite g\u00e9rer les d\u00e9placements d\u2019\u00e9l\u00e8ves et le suivi des Salles.<\/li>\n<li>Si\u2026un \u00e9l\u00e8ve doit une (des) justification(s) d\u2019absence(s) qui demande une r\u00e9gularisation imm\u00e9diate\u2026alors\u2026le surveillant pourra demander \u00e0 l\u2019enseignant responsable de l\u2019\u00e9l\u00e8ve sur la s\u00e9quence horaire, de lui permettre de quitter le cours (s\u2019il n\u2019est pas pr\u00e9vu de devoir).<\/li>\n<li>Si\u2026un \u00e9l\u00e8ve adopte un comportement inacceptable en cours\u2026alors\u2026l\u2019enseignant responsable pourra le faire accompagner par un des d\u00e9l\u00e9gu\u00e9s de classe au Bureau du CPE avec un document d\u2019exclusion mentionnant : Nom et pr\u00e9nom de l\u2019\u00e9l\u00e8ve, classe, date et heure, nom de l\u2019enseignant responsable, et motif de l\u2019exclusion. EN AUCUN CAS UN ELEVE NE DOIT SE TROUVER DANS LE COULOIR OU A LA PORTE DE SA SALLE DE COURS.<\/li>\n<li>Si\u2026on remarque une \u00ab absence perl\u00e9e \u00bb d\u2019un ou plusieurs \u00e9l\u00e8ves\u2026alors\u2026le Service de Vie Scolaire sera imm\u00e9diatement avis\u00e9 et charg\u00e9 de retrouver le(s) \u00e9l\u00e8ve(s) en question afin de les raccompagner en classe o\u00f9 l\u2019enseignant pourra alors choisir de l(es)\u2019accepter ou non en cours. (Une heure de r\u00e9cup\u00e9ration du cours manqu\u00e9 sera alors automatiquement programm\u00e9e sur une heure libre de l\u2019emploi du temps de l\u2019\u00e9l\u00e8ve).<\/li>\n<li>Si\u2026le comportement d\u2019un \u00e9l\u00e8ve exige une punition ou une sanction\u2026alors\u2026l\u2019enseignant demandeur devra faire parvenir un rapport au Bureau du CPE mentionnant: Nom et pr\u00e9nom de l\u2019\u00e9l\u00e8ve, classe, date et heure, nom de l\u2019enseignant responsable, motif et nature de la punition ou sanction demand\u00e9e assorti d\u2019un travail suppl\u00e9mentaire.<\/li>\n<li>Si\u2026 un \u00e9l\u00e8ve a besoin de se rendre \u00e0 l\u2019infirmerie\u2026 alors\u2026 il doit \u00eatre muni de son carnet de correspondance et accompagn\u00e9 d\u2019un camarade.<\/li>\n<li>Si\u2026 un \u00e9l\u00e8ve se pr\u00e9sente en classe sans l\u2019uniforme\u2026 alors\u2026 il doit \u00eatre imm\u00e9diatement conduit par un camarade au bureau du CPE.<\/li>\n<li>Si\u2026 un \u00e9l\u00e8ve a oubli\u00e9 du mat\u00e9riel dans son casier\u2026 alors\u2026\u00e9viter dans la mesure du possible de l\u2019envoyer le chercher et remplir la partie oubli dans le carnet de correspondance et \u00e9ventuellement punir l\u2019\u00e9l\u00e8ve.<\/li>\n<\/ul>\n","protected":false},"excerpt":{"rendered":"<p>C\u2019EST QUOI? Une \u00e9quipe qui travaille en collaboration avec les enseignants, les personnels, les parents et la Direction, \u00e0 l\u2019encadrement et au suivi de la scolarit\u00e9 des \u00e9l\u00e8ves. Elle est compos\u00e9e de 10 surveillants, qui travaillent sous la responsabilit\u00e9 du CPE. C\u2019EST QUI? Arnaud DELESTRE : Conseiller Principal d\u2019Education, responsable de la coordination du Service [&hellip;]<\/p>\n","protected":false},"author":1,"featured_media":0,"parent":642,"menu_order":0,"comment_status":"closed","ping_status":"closed","template":"","meta":{"footnotes":""},"class_list":["post-677","page","type-page","status-publish","hentry"],"yoast_head":"<!-- This site is optimized with the Yoast SEO plugin v27.2 - https:\/\/yoast.com\/product\/yoast-seo-wordpress\/ -->\n<title>Le Service de Vie Scolaire | Liceo Frances de San Salvador<\/title>\n<meta name=\"robots\" content=\"index, follow, max-snippet:-1, max-image-preview:large, max-video-preview:-1\" \/>\n<link rel=\"canonical\" href=\"https:\/\/lfelsalvador.org\/fr\/bien-etre-des-eleves\/le-service-de-vie-scolaire\/\" \/>\n<meta property=\"og:locale\" content=\"fr_FR\" \/>\n<meta property=\"og:type\" content=\"article\" \/>\n<meta property=\"og:title\" content=\"Le Service de Vie Scolaire | Liceo Frances de San Salvador\" \/>\n<meta property=\"og:description\" content=\"C\u2019EST QUOI? Une \u00e9quipe qui travaille en collaboration avec les enseignants, les personnels, les parents et la Direction, \u00e0 l\u2019encadrement et au suivi de la scolarit\u00e9 des \u00e9l\u00e8ves. Elle est compos\u00e9e de 10 surveillants, qui travaillent sous la responsabilit\u00e9 du CPE. C\u2019EST QUI? Arnaud DELESTRE : Conseiller Principal d\u2019Education, responsable de la coordination du Service [&hellip;]\" \/>\n<meta property=\"og:url\" content=\"https:\/\/lfelsalvador.org\/fr\/bien-etre-des-eleves\/le-service-de-vie-scolaire\/\" \/>\n<meta property=\"og:site_name\" content=\"Liceo Frances de San Salvador\" \/>\n<meta property=\"article:publisher\" content=\"https:\/\/www.facebook.com\/lfelsalvador\/\" \/>\n<meta property=\"article:modified_time\" content=\"2025-09-30T16:07:19+00:00\" \/>\n<meta property=\"og:image\" content=\"http:\/\/lfelsalvador.org\/wp-content\/uploads\/2016\/08\/Site-4.jpg\" \/>\n<meta name=\"twitter:card\" content=\"summary_large_image\" \/>\n<meta name=\"twitter:site\" content=\"@lfelsalvador1\" \/>\n<meta name=\"twitter:label1\" content=\"Dur\u00e9e de lecture estim\u00e9e\" \/>\n\t<meta name=\"twitter:data1\" content=\"4 minutes\" \/>\n<script type=\"application\/ld+json\" class=\"yoast-schema-graph\">{\"@context\":\"https:\/\/schema.org\",\"@graph\":[{\"@type\":\"WebPage\",\"@id\":\"https:\/\/lfelsalvador.org\/fr\/bien-etre-des-eleves\/le-service-de-vie-scolaire\/\",\"url\":\"https:\/\/lfelsalvador.org\/fr\/bien-etre-des-eleves\/le-service-de-vie-scolaire\/\",\"name\":\"Le Service de Vie Scolaire | Liceo Frances de San Salvador\",\"isPartOf\":{\"@id\":\"https:\/\/lfelsalvador.org\/#website\"},\"datePublished\":\"2016-08-03T22:05:28+00:00\",\"dateModified\":\"2025-09-30T16:07:19+00:00\",\"breadcrumb\":{\"@id\":\"https:\/\/lfelsalvador.org\/fr\/bien-etre-des-eleves\/le-service-de-vie-scolaire\/#breadcrumb\"},\"inLanguage\":\"fr-FR\",\"potentialAction\":[{\"@type\":\"ReadAction\",\"target\":[\"https:\/\/lfelsalvador.org\/fr\/bien-etre-des-eleves\/le-service-de-vie-scolaire\/\"]}]},{\"@type\":\"BreadcrumbList\",\"@id\":\"https:\/\/lfelsalvador.org\/fr\/bien-etre-des-eleves\/le-service-de-vie-scolaire\/#breadcrumb\",\"itemListElement\":[{\"@type\":\"ListItem\",\"position\":1,\"name\":\"Portada\",\"item\":\"https:\/\/lfelsalvador.org\/fr\/\"},{\"@type\":\"ListItem\",\"position\":2,\"name\":\"Bien-\u00eatre des \u00e9l\u00e8ves\",\"item\":\"https:\/\/lfelsalvador.org\/fr\/bien-etre-des-eleves\/\"},{\"@type\":\"ListItem\",\"position\":3,\"name\":\"Le Service de Vie Scolaire\"}]},{\"@type\":\"WebSite\",\"@id\":\"https:\/\/lfelsalvador.org\/#website\",\"url\":\"https:\/\/lfelsalvador.org\/\",\"name\":\"Liceo Frances de San Salvador\",\"description\":\"\",\"potentialAction\":[{\"@type\":\"SearchAction\",\"target\":{\"@type\":\"EntryPoint\",\"urlTemplate\":\"https:\/\/lfelsalvador.org\/?s={search_term_string}\"},\"query-input\":{\"@type\":\"PropertyValueSpecification\",\"valueRequired\":true,\"valueName\":\"search_term_string\"}}],\"inLanguage\":\"fr-FR\"}]}<\/script>\n<!-- \/ Yoast SEO plugin. -->","yoast_head_json":{"title":"Le Service de Vie Scolaire | Liceo Frances de San Salvador","robots":{"index":"index","follow":"follow","max-snippet":"max-snippet:-1","max-image-preview":"max-image-preview:large","max-video-preview":"max-video-preview:-1"},"canonical":"https:\/\/lfelsalvador.org\/fr\/bien-etre-des-eleves\/le-service-de-vie-scolaire\/","og_locale":"fr_FR","og_type":"article","og_title":"Le Service de Vie Scolaire | Liceo Frances de San Salvador","og_description":"C\u2019EST QUOI? Une \u00e9quipe qui travaille en collaboration avec les enseignants, les personnels, les parents et la Direction, \u00e0 l\u2019encadrement et au suivi de la scolarit\u00e9 des \u00e9l\u00e8ves. Elle est compos\u00e9e de 10 surveillants, qui travaillent sous la responsabilit\u00e9 du CPE. C\u2019EST QUI? Arnaud DELESTRE : Conseiller Principal d\u2019Education, responsable de la coordination du Service [&hellip;]","og_url":"https:\/\/lfelsalvador.org\/fr\/bien-etre-des-eleves\/le-service-de-vie-scolaire\/","og_site_name":"Liceo Frances de San Salvador","article_publisher":"https:\/\/www.facebook.com\/lfelsalvador\/","article_modified_time":"2025-09-30T16:07:19+00:00","og_image":[{"url":"http:\/\/lfelsalvador.org\/wp-content\/uploads\/2016\/08\/Site-4.jpg","type":"","width":"","height":""}],"twitter_card":"summary_large_image","twitter_site":"@lfelsalvador1","twitter_misc":{"Dur\u00e9e de lecture estim\u00e9e":"4 minutes"},"schema":{"@context":"https:\/\/schema.org","@graph":[{"@type":"WebPage","@id":"https:\/\/lfelsalvador.org\/fr\/bien-etre-des-eleves\/le-service-de-vie-scolaire\/","url":"https:\/\/lfelsalvador.org\/fr\/bien-etre-des-eleves\/le-service-de-vie-scolaire\/","name":"Le Service de Vie Scolaire | Liceo Frances de San Salvador","isPartOf":{"@id":"https:\/\/lfelsalvador.org\/#website"},"datePublished":"2016-08-03T22:05:28+00:00","dateModified":"2025-09-30T16:07:19+00:00","breadcrumb":{"@id":"https:\/\/lfelsalvador.org\/fr\/bien-etre-des-eleves\/le-service-de-vie-scolaire\/#breadcrumb"},"inLanguage":"fr-FR","potentialAction":[{"@type":"ReadAction","target":["https:\/\/lfelsalvador.org\/fr\/bien-etre-des-eleves\/le-service-de-vie-scolaire\/"]}]},{"@type":"BreadcrumbList","@id":"https:\/\/lfelsalvador.org\/fr\/bien-etre-des-eleves\/le-service-de-vie-scolaire\/#breadcrumb","itemListElement":[{"@type":"ListItem","position":1,"name":"Portada","item":"https:\/\/lfelsalvador.org\/fr\/"},{"@type":"ListItem","position":2,"name":"Bien-\u00eatre des \u00e9l\u00e8ves","item":"https:\/\/lfelsalvador.org\/fr\/bien-etre-des-eleves\/"},{"@type":"ListItem","position":3,"name":"Le Service de Vie Scolaire"}]},{"@type":"WebSite","@id":"https:\/\/lfelsalvador.org\/#website","url":"https:\/\/lfelsalvador.org\/","name":"Liceo Frances de San Salvador","description":"","potentialAction":[{"@type":"SearchAction","target":{"@type":"EntryPoint","urlTemplate":"https:\/\/lfelsalvador.org\/?s={search_term_string}"},"query-input":{"@type":"PropertyValueSpecification","valueRequired":true,"valueName":"search_term_string"}}],"inLanguage":"fr-FR"}]}},"_links":{"self":[{"href":"https:\/\/lfelsalvador.org\/fr\/wp-json\/wp\/v2\/pages\/677","targetHints":{"allow":["GET"]}}],"collection":[{"href":"https:\/\/lfelsalvador.org\/fr\/wp-json\/wp\/v2\/pages"}],"about":[{"href":"https:\/\/lfelsalvador.org\/fr\/wp-json\/wp\/v2\/types\/page"}],"author":[{"embeddable":true,"href":"https:\/\/lfelsalvador.org\/fr\/wp-json\/wp\/v2\/users\/1"}],"replies":[{"embeddable":true,"href":"https:\/\/lfelsalvador.org\/fr\/wp-json\/wp\/v2\/comments?post=677"}],"version-history":[{"count":10,"href":"https:\/\/lfelsalvador.org\/fr\/wp-json\/wp\/v2\/pages\/677\/revisions"}],"predecessor-version":[{"id":10899,"href":"https:\/\/lfelsalvador.org\/fr\/wp-json\/wp\/v2\/pages\/677\/revisions\/10899"}],"up":[{"embeddable":true,"href":"https:\/\/lfelsalvador.org\/fr\/wp-json\/wp\/v2\/pages\/642"}],"wp:attachment":[{"href":"https:\/\/lfelsalvador.org\/fr\/wp-json\/wp\/v2\/media?parent=677"}],"curies":[{"name":"wp","href":"https:\/\/api.w.org\/{rel}","templated":true}]}}