{"id":672,"date":"2016-08-03T21:42:54","date_gmt":"2016-08-03T21:42:54","guid":{"rendered":"http:\/\/lfelsalvador.org\/fr\/?page_id=672"},"modified":"2025-09-30T21:09:31","modified_gmt":"2025-09-30T21:09:31","slug":"sports","status":"publish","type":"page","link":"https:\/\/lfelsalvador.org\/fr\/bien-etre-des-eleves\/culture-et-sport\/sports\/","title":{"rendered":"Sports"},"content":{"rendered":"<h2>Activit\u00e9s extrascolaires<\/h2>\n<p>Les activit\u00e9s p\u00e9riscolaires sont propos\u00e9es en suppl\u00e9ment de la formation acad\u00e9mique et de l\u2019\u00e9ducation physique. Elles ont pour but d\u2019am\u00e9liorer les comp\u00e9tences motrices des \u00e9l\u00e8ves et de d\u00e9velopper les capacit\u00e9s suivantes:<\/p>\n<ul>\n<li>Perfectionnement<\/li>\n<li>Estime de soi<\/li>\n<li>Discipline<\/li>\n<li>Respect des r\u00e8glements et d\u2019autrui<\/li>\n<li>Travail en \u00e9quipe<\/li>\n<li>Autonomie et ind\u00e9pendance<\/li>\n<li>Am\u00e9lioration de la sant\u00e9 physique<\/li>\n<li>Am\u00e9lioration des capacit\u00e9s mentales<\/li>\n<li>Esprit de camaraderie<\/li>\n<\/ul>\n<p>La cl\u00e9 du succ\u00e8s pour atteindre ces objectifs est de laisser l\u2019\u00e9l\u00e8ve choisir une activit\u00e9 qui lui plait en\u00a0 fonction de son \u00e2ge et de sa personnalit\u00e9.<\/p>\n<p>Quelques activit\u00e9s extrascolaires:<\/p>\n<ul>\n<li>Origami<\/li>\n<li>Gymnastique Ritmique<\/li>\n<li>Escalade<\/li>\n<li>Escrime<\/li>\n<li>jeux d&rsquo;echecs<\/li>\n<li>Dessin et peinture<\/li>\n<li>Arts plastiques<\/li>\n<li>Guitarre<\/li>\n<li>Violon<\/li>\n<li>Jeux de soci\u00e9t\u00e9<\/li>\n<li>Initiation \u00e0 la musique<\/li>\n<li>Hand Ball<\/li>\n<li>Club de lecture<\/li>\n<li>Basket<\/li>\n<li>Boxe<\/li>\n<li>Th\u00e9\u00e2tre<\/li>\n<li>Natation<\/li>\n<li>Tennis de table<\/li>\n<li>Club de cuisine<\/li>\n<\/ul>\n<h2>Le sport extrascolaire<\/h2>\n<h3>Concept<\/h3>\n<p>Les \u00e9coles de formation sportive sont divis\u00e9es en 2 groupes:<\/p>\n<ul>\n<li><em><strong>Les Ecoles d\u2019Initiation Sportive:<\/strong>\u00a0<\/em>C\u2019est l\u2019offre sportive propos\u00e9e aux \u00e9l\u00e8ves pendant les cours extrascolaires (de CP au CM2)<\/li>\n<li><em><strong>Les \u00a0Ecoles de Formation Sportive:<\/strong>\u00a0<\/em>Ce sont les \u00e9coles de formation sportive qui constitueront les \u00e9quipes repr\u00e9sentant le Lyc\u00e9e.<\/li>\n<\/ul>\n<h3><strong><br \/>\n<\/strong>Mission:<\/h3>\n<p><img loading=\"lazy\" decoding=\"async\" class=\"img-responsive border\" src=\"http:\/\/lfelsalvador.org\/wp-content\/uploads\/2016\/07\/sport-2.jpg\" alt=\"sport-2\" width=\"350\" height=\"231\" align=\"left\" \/>Les \u00e9coles de formation sportive font partie du programme \u00e9ducatif qui contribue \u00e0 la formation int\u00e9grale de l\u2019\u00e9l\u00e8ve gr\u00e2ce \u00e0 la pratique du sport, l\u2019objectif est d\u2019\u00e9duquer et de former de futurs citoyens avec des principes et des valeurs qui nous permettent de participer aux comp\u00e9titions des ligues bilingues, CODICADER\u2026<\/p>\n<p>Dans toutes les comp\u00e9titions nous devrons favoriser le fair-play, l\u2019esprit d\u2019\u00e9quipe et la participation active des sportifs.<\/p>\n<p>Vous pouvez consulter le coupon\u00a0pour se r\u00e9inscrire aux activit\u00e9s extrascolaires pour le 2\u00e8me semestre ici:\u00a0<em>Cupon de reinscripcion para las actividades extracurriculares del segundo semestre<\/em><\/p>\n<h2><a href=\"https:\/\/drive.google.com\/file\/d\/0B6XEfEFPj38XaTZPQS13LTBGc0E\/view\">Implementaci\u00f3n de modelo FESA en el Liceo Franc\u00e9s<\/a><\/h2>\n<h2>Le responsable des activit\u00e9s socio-culturelles et sportives<\/h2>\n<p><strong>M. Frederic Sicuteri<\/strong><\/p>\n<p>Bureaux: \u00c0 c\u00f4t\u00e9 du terrain de football<\/p>\n<p>T\u00e9l\u00e9phone: +503 2249-3300 ext.\u00a0320<\/p>\n<p>Adresse e-mail: fsicuteri@lfelsalvador.org<\/p>\n","protected":false},"excerpt":{"rendered":"<p>Activit\u00e9s extrascolaires Les activit\u00e9s p\u00e9riscolaires sont propos\u00e9es en suppl\u00e9ment de la formation acad\u00e9mique et de l\u2019\u00e9ducation physique. Elles ont pour but d\u2019am\u00e9liorer les comp\u00e9tences motrices des \u00e9l\u00e8ves et de d\u00e9velopper les capacit\u00e9s suivantes: Perfectionnement Estime de soi Discipline Respect des r\u00e8glements et d\u2019autrui Travail en \u00e9quipe Autonomie et ind\u00e9pendance Am\u00e9lioration de la sant\u00e9 physique Am\u00e9lioration [&hellip;]<\/p>\n","protected":false},"author":1,"featured_media":0,"parent":650,"menu_order":0,"comment_status":"closed","ping_status":"closed","template":"","meta":{"footnotes":""},"class_list":["post-672","page","type-page","status-publish","hentry"],"yoast_head":"<!-- This site is optimized with the Yoast SEO plugin v27.2 - https:\/\/yoast.com\/product\/yoast-seo-wordpress\/ -->\n<title>Sports | Liceo Frances de San Salvador<\/title>\n<meta name=\"robots\" content=\"index, follow, max-snippet:-1, max-image-preview:large, max-video-preview:-1\" \/>\n<link rel=\"canonical\" href=\"https:\/\/lfelsalvador.org\/fr\/bien-etre-des-eleves\/culture-et-sport\/sports\/\" \/>\n<meta property=\"og:locale\" content=\"fr_FR\" \/>\n<meta property=\"og:type\" content=\"article\" \/>\n<meta property=\"og:title\" content=\"Sports | Liceo Frances de San Salvador\" \/>\n<meta property=\"og:description\" content=\"Activit\u00e9s extrascolaires Les activit\u00e9s p\u00e9riscolaires sont propos\u00e9es en suppl\u00e9ment de la formation acad\u00e9mique et de l\u2019\u00e9ducation physique. Elles ont pour but d\u2019am\u00e9liorer les comp\u00e9tences motrices des \u00e9l\u00e8ves et de d\u00e9velopper les capacit\u00e9s suivantes: Perfectionnement Estime de soi Discipline Respect des r\u00e8glements et d\u2019autrui Travail en \u00e9quipe Autonomie et ind\u00e9pendance Am\u00e9lioration de la sant\u00e9 physique Am\u00e9lioration [&hellip;]\" \/>\n<meta property=\"og:url\" content=\"https:\/\/lfelsalvador.org\/fr\/bien-etre-des-eleves\/culture-et-sport\/sports\/\" \/>\n<meta property=\"og:site_name\" content=\"Liceo Frances de San Salvador\" \/>\n<meta property=\"article:publisher\" content=\"https:\/\/www.facebook.com\/lfelsalvador\/\" \/>\n<meta property=\"article:modified_time\" content=\"2025-09-30T21:09:31+00:00\" \/>\n<meta property=\"og:image\" content=\"http:\/\/lfelsalvador.org\/wp-content\/uploads\/2016\/07\/sport-2.jpg\" \/>\n<meta name=\"twitter:card\" content=\"summary_large_image\" \/>\n<meta name=\"twitter:site\" content=\"@lfelsalvador1\" \/>\n<meta name=\"twitter:label1\" content=\"Dur\u00e9e de lecture estim\u00e9e\" \/>\n\t<meta name=\"twitter:data1\" content=\"2 minutes\" \/>\n<script type=\"application\/ld+json\" class=\"yoast-schema-graph\">{\"@context\":\"https:\/\/schema.org\",\"@graph\":[{\"@type\":\"WebPage\",\"@id\":\"https:\/\/lfelsalvador.org\/fr\/bien-etre-des-eleves\/culture-et-sport\/sports\/\",\"url\":\"https:\/\/lfelsalvador.org\/fr\/bien-etre-des-eleves\/culture-et-sport\/sports\/\",\"name\":\"Sports | Liceo Frances de San Salvador\",\"isPartOf\":{\"@id\":\"https:\/\/lfelsalvador.org\/#website\"},\"primaryImageOfPage\":{\"@id\":\"https:\/\/lfelsalvador.org\/fr\/bien-etre-des-eleves\/culture-et-sport\/sports\/#primaryimage\"},\"image\":{\"@id\":\"https:\/\/lfelsalvador.org\/fr\/bien-etre-des-eleves\/culture-et-sport\/sports\/#primaryimage\"},\"thumbnailUrl\":\"http:\/\/lfelsalvador.org\/wp-content\/uploads\/2016\/07\/sport-2.jpg\",\"datePublished\":\"2016-08-03T21:42:54+00:00\",\"dateModified\":\"2025-09-30T21:09:31+00:00\",\"breadcrumb\":{\"@id\":\"https:\/\/lfelsalvador.org\/fr\/bien-etre-des-eleves\/culture-et-sport\/sports\/#breadcrumb\"},\"inLanguage\":\"fr-FR\",\"potentialAction\":[{\"@type\":\"ReadAction\",\"target\":[\"https:\/\/lfelsalvador.org\/fr\/bien-etre-des-eleves\/culture-et-sport\/sports\/\"]}]},{\"@type\":\"ImageObject\",\"inLanguage\":\"fr-FR\",\"@id\":\"https:\/\/lfelsalvador.org\/fr\/bien-etre-des-eleves\/culture-et-sport\/sports\/#primaryimage\",\"url\":\"http:\/\/lfelsalvador.org\/wp-content\/uploads\/2016\/07\/sport-2.jpg\",\"contentUrl\":\"http:\/\/lfelsalvador.org\/wp-content\/uploads\/2016\/07\/sport-2.jpg\"},{\"@type\":\"BreadcrumbList\",\"@id\":\"https:\/\/lfelsalvador.org\/fr\/bien-etre-des-eleves\/culture-et-sport\/sports\/#breadcrumb\",\"itemListElement\":[{\"@type\":\"ListItem\",\"position\":1,\"name\":\"Portada\",\"item\":\"https:\/\/lfelsalvador.org\/fr\/\"},{\"@type\":\"ListItem\",\"position\":2,\"name\":\"Bien-\u00eatre des \u00e9l\u00e8ves\",\"item\":\"https:\/\/lfelsalvador.org\/fr\/bien-etre-des-eleves\/\"},{\"@type\":\"ListItem\",\"position\":3,\"name\":\"Culture et Sport\",\"item\":\"https:\/\/lfelsalvador.org\/fr\/bien-etre-des-eleves\/culture-et-sport\/\"},{\"@type\":\"ListItem\",\"position\":4,\"name\":\"Sports\"}]},{\"@type\":\"WebSite\",\"@id\":\"https:\/\/lfelsalvador.org\/#website\",\"url\":\"https:\/\/lfelsalvador.org\/\",\"name\":\"Liceo Frances de San Salvador\",\"description\":\"\",\"potentialAction\":[{\"@type\":\"SearchAction\",\"target\":{\"@type\":\"EntryPoint\",\"urlTemplate\":\"https:\/\/lfelsalvador.org\/?s={search_term_string}\"},\"query-input\":{\"@type\":\"PropertyValueSpecification\",\"valueRequired\":true,\"valueName\":\"search_term_string\"}}],\"inLanguage\":\"fr-FR\"}]}<\/script>\n<!-- \/ Yoast SEO plugin. -->","yoast_head_json":{"title":"Sports | Liceo Frances de San Salvador","robots":{"index":"index","follow":"follow","max-snippet":"max-snippet:-1","max-image-preview":"max-image-preview:large","max-video-preview":"max-video-preview:-1"},"canonical":"https:\/\/lfelsalvador.org\/fr\/bien-etre-des-eleves\/culture-et-sport\/sports\/","og_locale":"fr_FR","og_type":"article","og_title":"Sports | Liceo Frances de San Salvador","og_description":"Activit\u00e9s extrascolaires Les activit\u00e9s p\u00e9riscolaires sont propos\u00e9es en suppl\u00e9ment de la formation acad\u00e9mique et de l\u2019\u00e9ducation physique. Elles ont pour but d\u2019am\u00e9liorer les comp\u00e9tences motrices des \u00e9l\u00e8ves et de d\u00e9velopper les capacit\u00e9s suivantes: Perfectionnement Estime de soi Discipline Respect des r\u00e8glements et d\u2019autrui Travail en \u00e9quipe Autonomie et ind\u00e9pendance Am\u00e9lioration de la sant\u00e9 physique Am\u00e9lioration [&hellip;]","og_url":"https:\/\/lfelsalvador.org\/fr\/bien-etre-des-eleves\/culture-et-sport\/sports\/","og_site_name":"Liceo Frances de San Salvador","article_publisher":"https:\/\/www.facebook.com\/lfelsalvador\/","article_modified_time":"2025-09-30T21:09:31+00:00","og_image":[{"url":"http:\/\/lfelsalvador.org\/wp-content\/uploads\/2016\/07\/sport-2.jpg","type":"","width":"","height":""}],"twitter_card":"summary_large_image","twitter_site":"@lfelsalvador1","twitter_misc":{"Dur\u00e9e de lecture estim\u00e9e":"2 minutes"},"schema":{"@context":"https:\/\/schema.org","@graph":[{"@type":"WebPage","@id":"https:\/\/lfelsalvador.org\/fr\/bien-etre-des-eleves\/culture-et-sport\/sports\/","url":"https:\/\/lfelsalvador.org\/fr\/bien-etre-des-eleves\/culture-et-sport\/sports\/","name":"Sports | Liceo Frances de San Salvador","isPartOf":{"@id":"https:\/\/lfelsalvador.org\/#website"},"primaryImageOfPage":{"@id":"https:\/\/lfelsalvador.org\/fr\/bien-etre-des-eleves\/culture-et-sport\/sports\/#primaryimage"},"image":{"@id":"https:\/\/lfelsalvador.org\/fr\/bien-etre-des-eleves\/culture-et-sport\/sports\/#primaryimage"},"thumbnailUrl":"http:\/\/lfelsalvador.org\/wp-content\/uploads\/2016\/07\/sport-2.jpg","datePublished":"2016-08-03T21:42:54+00:00","dateModified":"2025-09-30T21:09:31+00:00","breadcrumb":{"@id":"https:\/\/lfelsalvador.org\/fr\/bien-etre-des-eleves\/culture-et-sport\/sports\/#breadcrumb"},"inLanguage":"fr-FR","potentialAction":[{"@type":"ReadAction","target":["https:\/\/lfelsalvador.org\/fr\/bien-etre-des-eleves\/culture-et-sport\/sports\/"]}]},{"@type":"ImageObject","inLanguage":"fr-FR","@id":"https:\/\/lfelsalvador.org\/fr\/bien-etre-des-eleves\/culture-et-sport\/sports\/#primaryimage","url":"http:\/\/lfelsalvador.org\/wp-content\/uploads\/2016\/07\/sport-2.jpg","contentUrl":"http:\/\/lfelsalvador.org\/wp-content\/uploads\/2016\/07\/sport-2.jpg"},{"@type":"BreadcrumbList","@id":"https:\/\/lfelsalvador.org\/fr\/bien-etre-des-eleves\/culture-et-sport\/sports\/#breadcrumb","itemListElement":[{"@type":"ListItem","position":1,"name":"Portada","item":"https:\/\/lfelsalvador.org\/fr\/"},{"@type":"ListItem","position":2,"name":"Bien-\u00eatre des \u00e9l\u00e8ves","item":"https:\/\/lfelsalvador.org\/fr\/bien-etre-des-eleves\/"},{"@type":"ListItem","position":3,"name":"Culture et Sport","item":"https:\/\/lfelsalvador.org\/fr\/bien-etre-des-eleves\/culture-et-sport\/"},{"@type":"ListItem","position":4,"name":"Sports"}]},{"@type":"WebSite","@id":"https:\/\/lfelsalvador.org\/#website","url":"https:\/\/lfelsalvador.org\/","name":"Liceo Frances de San Salvador","description":"","potentialAction":[{"@type":"SearchAction","target":{"@type":"EntryPoint","urlTemplate":"https:\/\/lfelsalvador.org\/?s={search_term_string}"},"query-input":{"@type":"PropertyValueSpecification","valueRequired":true,"valueName":"search_term_string"}}],"inLanguage":"fr-FR"}]}},"_links":{"self":[{"href":"https:\/\/lfelsalvador.org\/fr\/wp-json\/wp\/v2\/pages\/672","targetHints":{"allow":["GET"]}}],"collection":[{"href":"https:\/\/lfelsalvador.org\/fr\/wp-json\/wp\/v2\/pages"}],"about":[{"href":"https:\/\/lfelsalvador.org\/fr\/wp-json\/wp\/v2\/types\/page"}],"author":[{"embeddable":true,"href":"https:\/\/lfelsalvador.org\/fr\/wp-json\/wp\/v2\/users\/1"}],"replies":[{"embeddable":true,"href":"https:\/\/lfelsalvador.org\/fr\/wp-json\/wp\/v2\/comments?post=672"}],"version-history":[{"count":12,"href":"https:\/\/lfelsalvador.org\/fr\/wp-json\/wp\/v2\/pages\/672\/revisions"}],"predecessor-version":[{"id":10913,"href":"https:\/\/lfelsalvador.org\/fr\/wp-json\/wp\/v2\/pages\/672\/revisions\/10913"}],"up":[{"embeddable":true,"href":"https:\/\/lfelsalvador.org\/fr\/wp-json\/wp\/v2\/pages\/650"}],"wp:attachment":[{"href":"https:\/\/lfelsalvador.org\/fr\/wp-json\/wp\/v2\/media?parent=672"}],"curies":[{"name":"wp","href":"https:\/\/api.w.org\/{rel}","templated":true}]}}