{"id":669,"date":"2016-08-03T21:40:08","date_gmt":"2016-08-03T21:40:08","guid":{"rendered":"http:\/\/lfelsalvador.org\/fr\/?page_id=669"},"modified":"2025-12-01T13:41:41","modified_gmt":"2025-12-01T13:41:41","slug":"evenements-sociaux","status":"publish","type":"page","link":"https:\/\/lfelsalvador.org\/fr\/bien-etre-des-eleves\/culture-et-sport\/evenements-sociaux\/","title":{"rendered":"\u00c9v\u00e9nements sociaux &#8211; Comit\u00e9 socio-culturel"},"content":{"rendered":"<p>Le comit\u00e9 socio-culturel du Lyc\u00e9e Fran\u00e7ais est compos\u00e9 d\u2019un groupe de parents d\u2019\u00e9l\u00e8ves b\u00e9n\u00e9voles, engag\u00e9s dans le d\u00e9veloppement et le bien-\u00eatre de la communaut\u00e9 scolaire. Ce comit\u00e9 travaille en \u00e9troite collaboration avec un repr\u00e9sentant du Lyc\u00e9e, Fr\u00e9d\u00e9ric Sicuteri, qui en est le r\u00e9f\u00e9rent institutionnel.<\/p>\n<p>L&rsquo;objectif principal du Comit\u00e9 est l\u2019organisation d\u2019\u00e9v\u00e9nements \u00e0 des fins de collecte de fonds, destin\u00e9s \u00e0 financer des projets contribuant au bien-\u00eatre et \u00e0 l\u2019enrichissement de l\u2019exp\u00e9rience \u00e9ducative des \u00e9l\u00e8ves du Lyc\u00e9e.<\/p>\n<h2 style=\"text-align: left;\">La nuit d&rsquo;\u00e9t\u00e9<\/h2>\n<p style=\"text-align: left;\"><span style=\"color: initial; font-family: -apple-system, BlinkMacSystemFont, 'Segoe UI', Roboto, Oxygen-Sans, Ubuntu, Cantarell, 'Helvetica Neue', sans-serif; font-size: revert;\"><img loading=\"lazy\" decoding=\"async\" class=\"alignleft wp-image-10680 size-medium\" src=\"https:\/\/lfelsalvador.org\/wp-content\/uploads\/2025\/06\/Noche-de-verano-300x200.jpg\" alt=\"\" width=\"300\" height=\"200\" srcset=\"https:\/\/lfelsalvador.org\/wp-content\/uploads\/2025\/06\/Noche-de-verano-300x200.jpg 300w, https:\/\/lfelsalvador.org\/wp-content\/uploads\/2025\/06\/Noche-de-verano-1024x683.jpg 1024w, https:\/\/lfelsalvador.org\/wp-content\/uploads\/2025\/06\/Noche-de-verano-768x512.jpg 768w, https:\/\/lfelsalvador.org\/wp-content\/uploads\/2025\/06\/Noche-de-verano-1536x1024.jpg 1536w, https:\/\/lfelsalvador.org\/wp-content\/uploads\/2025\/06\/Noche-de-verano-2048x1365.jpg 2048w\" sizes=\"auto, (max-width: 300px) 100vw, 300px\" \/><\/span>Cette joyeuse c\u00e9l\u00e9bration marque le d\u00e9but de l\u2019\u00e9t\u00e9 et r\u00e9unit toute la communaut\u00e9 du Lyc\u00e9e Fran\u00e7ais : familles, amis et personnel, dans une ambiance festive et chaleureuse. La Nuit d\u2019\u00c9t\u00e9 a lieu chaque ann\u00e9e un samedi soir et est devenue une tradition tr\u00e8s attendue. Ceux qui y participent profitent d\u2019une soir\u00e9e pleine de saveurs, avec un large choix de mets et de boissons, ainsi que de la bonne musique pour danser et partager des moments inoubliables. Une occasion parfaite pour se d\u00e9tendre, s\u2019amuser et renforcer les liens qui nous unissent en tant que communaut\u00e9 !<\/p>\n<h2>Cin\u00e9ma sous les \u00e9toiles<\/h2>\n<p><span style=\"font-weight: 400;\"><img loading=\"lazy\" decoding=\"async\" class=\"alignleft size-medium wp-image-10686\" src=\"https:\/\/lfelsalvador.org\/wp-content\/uploads\/2025\/06\/IMG_4607-300x225.jpeg\" alt=\"\" width=\"300\" height=\"225\" srcset=\"https:\/\/lfelsalvador.org\/wp-content\/uploads\/2025\/06\/IMG_4607-300x225.jpeg 300w, https:\/\/lfelsalvador.org\/wp-content\/uploads\/2025\/06\/IMG_4607-1024x768.jpeg 1024w, https:\/\/lfelsalvador.org\/wp-content\/uploads\/2025\/06\/IMG_4607-768x576.jpeg 768w, https:\/\/lfelsalvador.org\/wp-content\/uploads\/2025\/06\/IMG_4607-1536x1152.jpeg 1536w, https:\/\/lfelsalvador.org\/wp-content\/uploads\/2025\/06\/IMG_4607-2048x1536.jpeg 2048w\" sizes=\"auto, (max-width: 300px) 100vw, 300px\" \/><\/span>C\u2019est une soir\u00e9e magique de cin\u00e9ma en plein air, organis\u00e9e chaque mois de f\u00e9vrier pour profiter en famille sous le ciel \u00e9toil\u00e9. C\u2019est une occasion de se d\u00e9tendre, de partager et de vivre une exp\u00e9rience culturelle unique avec toute la communaut\u00e9 du Lyc\u00e9e. Les films sont projet\u00e9s en fran\u00e7ais, avec des sous-titres en espagnol, permettant \u00e0 chacun de savourer le cin\u00e9ma francophone dans une ambiance chaleureuse et conviviale. Apporte ta couverture, installe-toi confortablement et laisse-toi emporter par la magie du septi\u00e8me art !<\/p>\n<h2 style=\"text-align: left;\">La kermesse<\/h2>\n<p><span style=\"font-size: revert; color: initial; font-family: -apple-system, BlinkMacSystemFont, 'Segoe UI', Roboto, Oxygen-Sans, Ubuntu, Cantarell, 'Helvetica Neue', sans-serif;\"><img loading=\"lazy\" decoding=\"async\" class=\"alignleft size-medium wp-image-10674\" src=\"https:\/\/lfelsalvador.org\/wp-content\/uploads\/2025\/06\/DSC_7688-300x223.jpeg\" alt=\"\" width=\"300\" height=\"223\" srcset=\"https:\/\/lfelsalvador.org\/wp-content\/uploads\/2025\/06\/DSC_7688-300x223.jpeg 300w, https:\/\/lfelsalvador.org\/wp-content\/uploads\/2025\/06\/DSC_7688-1024x763.jpeg 1024w, https:\/\/lfelsalvador.org\/wp-content\/uploads\/2025\/06\/DSC_7688-768x572.jpeg 768w, https:\/\/lfelsalvador.org\/wp-content\/uploads\/2025\/06\/DSC_7688-1536x1144.jpeg 1536w, https:\/\/lfelsalvador.org\/wp-content\/uploads\/2025\/06\/DSC_7688-2048x1525.jpeg 2048w\" sizes=\"auto, (max-width: 300px) 100vw, 300px\" \/><\/span>Cette f\u00eate annuelle, haute en couleur et tr\u00e8s attendue, est organis\u00e9e avec enthousiasme en collaboration avec les parents d\u2019\u00e9l\u00e8ves du primaire et avec le pr\u00e9cieux soutien du personnel du Lyc\u00e9e. Elle se tient chaque ann\u00e9e un samedi en journ\u00e9e et a pour but d\u2019apporter de la joie \u00e0 toute la communaut\u00e9.<\/p>\n<p>L\u2019\u00e9v\u00e9nement propose une grande vari\u00e9t\u00e9 d\u2019attractions et de jeux pour les enfants et les adolescents, ainsi que des stands amusants sp\u00e9cialement con\u00e7us pour les plus petits. De nombreux prix sont \u00e0 gagner, et les rires sont garantis !<\/p>\n<p>Pendant que les enfants s\u2019amusent, les familles et les amis peuvent partager un d\u00e9licieux d\u00e9jeuner au Lyc\u00e9e et vivre ensemble une journ\u00e9e inoubliable, pleine de moments privil\u00e9gi\u00e9s et de beaux souvenirs.<\/p>\n<h2 style=\"text-align: left;\">Le Bingo<\/h2>\n<p><span style=\"font-weight: 400;\"><img loading=\"lazy\" decoding=\"async\" class=\"alignleft size-medium wp-image-10667\" src=\"https:\/\/lfelsalvador.org\/wp-content\/uploads\/2025\/06\/BINGO-300x192.jpeg\" alt=\"\" width=\"300\" height=\"192\" srcset=\"https:\/\/lfelsalvador.org\/wp-content\/uploads\/2025\/06\/BINGO-300x192.jpeg 300w, https:\/\/lfelsalvador.org\/wp-content\/uploads\/2025\/06\/BINGO-1024x657.jpeg 1024w, https:\/\/lfelsalvador.org\/wp-content\/uploads\/2025\/06\/BINGO-768x493.jpeg 768w, https:\/\/lfelsalvador.org\/wp-content\/uploads\/2025\/06\/BINGO-1536x985.jpeg 1536w, https:\/\/lfelsalvador.org\/wp-content\/uploads\/2025\/06\/BINGO-2048x1314.jpeg 2048w\" sizes=\"auto, (max-width: 300px) 100vw, 300px\" \/><\/span>Le Bingo du Lyc\u00e9e est un \u00e9v\u00e9nement tr\u00e8s attendu, organis\u00e9 tous les deux ans, qui r\u00e9unit familles, amis et invit\u00e9s pour une soir\u00e9e pleine d\u2019\u00e9motion, de divertissement et d\u2019esprit solidaire. Au cours de la soir\u00e9e, les participants ont la chance de remporter de nombreux lots, g\u00e9n\u00e9reusement offerts par les partenaires et collaborateurs du Lyc\u00e9e qui soutiennent nos initiatives socio-culturelles.<\/p>\n<p>En plus de jouer et de passer un bon moment, les participants peuvent profiter d\u2019un large choix de plats et de boissons en vente, dans une ambiance conviviale et festive.<\/p>\n<p>Les fonds r\u00e9colt\u00e9s lors de cette activit\u00e9 sont destin\u00e9s au financement des sorties p\u00e9dagogiques, des ateliers extrascolaires et \u00e0 l\u2019achat de mat\u00e9riel ludique et \u00e9ducatif, dans le but d\u2019enrichir l\u2019exp\u00e9rience scolaire de nos \u00e9l\u00e8ves.<\/p>\n<hr class=\"stag-divider stag-divider--plain\" \/>\n<p>Rien de tout cela ne serait possible sans l\u2019engagement et le d\u00e9vouement inconditionnels du Comit\u00e9 socio-culturel. Gr\u00e2ce \u00e0 leur pr\u00e9cieuse collaboration et \u00e0 l\u2019enthousiasme des parents b\u00e9n\u00e9voles, chaque \u00e9v\u00e9nement prend vie et devient une exp\u00e9rience inoubliable pour toute la communaut\u00e9.<\/p>\n<p>Nous en profitons pour leur adresser nos remerciements les plus sinc\u00e8res ainsi que toute notre reconnaissance pour le travail accompli.<\/p>\n<p>En moyenne, gr\u00e2ce \u00e0 ces efforts, environ 25 000 $ sont r\u00e9colt\u00e9s chaque ann\u00e9e. Ces fonds sont directement consacr\u00e9s au bien-\u00eatre et au d\u00e9veloppement de nos \u00e9l\u00e8ves, notamment \u00e0 travers des projets d\u2019infrastructure et l\u2019achat de mat\u00e9riel ludique et sportif.<\/p>\n<p>Si vous souhaitez rejoindre le Comit\u00e9 socio-culturel ou participer \u00e0 nos \u00e9v\u00e9nements en tant que collaborateur, vous pouvez \u00e9crire \u00e0 l\u2019adresse suivante : <a href=\"mailto:fsicuteri@lfelsalvador.org\">fsicuteri@lfelsalvador.org<\/a><\/p>\n\n\n<h2 class=\"wp-block-heading\"><\/h2>\n\n\n\n<p><\/p>\n","protected":false},"excerpt":{"rendered":"<p>Le comit\u00e9 socio-culturel du Lyc\u00e9e Fran\u00e7ais est compos\u00e9 d\u2019un groupe de parents d\u2019\u00e9l\u00e8ves b\u00e9n\u00e9voles, engag\u00e9s dans le d\u00e9veloppement et le bien-\u00eatre de la communaut\u00e9 scolaire. Ce comit\u00e9 travaille en \u00e9troite collaboration avec un repr\u00e9sentant du Lyc\u00e9e, Fr\u00e9d\u00e9ric Sicuteri, qui en est le r\u00e9f\u00e9rent institutionnel. L&rsquo;objectif principal du Comit\u00e9 est l\u2019organisation d\u2019\u00e9v\u00e9nements \u00e0 des fins de [&hellip;]<\/p>\n","protected":false},"author":1,"featured_media":0,"parent":650,"menu_order":0,"comment_status":"closed","ping_status":"closed","template":"","meta":{"footnotes":""},"class_list":["post-669","page","type-page","status-publish","hentry"],"yoast_head":"<!-- This site is optimized with the Yoast SEO plugin v27.2 - https:\/\/yoast.com\/product\/yoast-seo-wordpress\/ -->\n<title>\u00c9v\u00e9nements sociaux - Comit\u00e9 socio-culturel | Liceo Frances de San Salvador<\/title>\n<meta name=\"robots\" content=\"index, follow, max-snippet:-1, max-image-preview:large, max-video-preview:-1\" \/>\n<link rel=\"canonical\" href=\"https:\/\/lfelsalvador.org\/fr\/bien-etre-des-eleves\/culture-et-sport\/evenements-sociaux\/\" \/>\n<meta property=\"og:locale\" content=\"fr_FR\" \/>\n<meta property=\"og:type\" content=\"article\" \/>\n<meta property=\"og:title\" content=\"\u00c9v\u00e9nements sociaux - Comit\u00e9 socio-culturel | Liceo Frances de San Salvador\" \/>\n<meta property=\"og:description\" content=\"Le comit\u00e9 socio-culturel du Lyc\u00e9e Fran\u00e7ais est compos\u00e9 d\u2019un groupe de parents d\u2019\u00e9l\u00e8ves b\u00e9n\u00e9voles, engag\u00e9s dans le d\u00e9veloppement et le bien-\u00eatre de la communaut\u00e9 scolaire. Ce comit\u00e9 travaille en \u00e9troite collaboration avec un repr\u00e9sentant du Lyc\u00e9e, Fr\u00e9d\u00e9ric Sicuteri, qui en est le r\u00e9f\u00e9rent institutionnel. L&rsquo;objectif principal du Comit\u00e9 est l\u2019organisation d\u2019\u00e9v\u00e9nements \u00e0 des fins de [&hellip;]\" \/>\n<meta property=\"og:url\" content=\"https:\/\/lfelsalvador.org\/fr\/bien-etre-des-eleves\/culture-et-sport\/evenements-sociaux\/\" \/>\n<meta property=\"og:site_name\" content=\"Liceo Frances de San Salvador\" \/>\n<meta property=\"article:publisher\" content=\"https:\/\/www.facebook.com\/lfelsalvador\/\" \/>\n<meta property=\"article:modified_time\" content=\"2025-12-01T13:41:41+00:00\" \/>\n<meta property=\"og:image\" content=\"https:\/\/lfelsalvador.org\/wp-content\/uploads\/2025\/06\/Noche-de-verano-scaled.jpg\" \/>\n\t<meta property=\"og:image:width\" content=\"2560\" \/>\n\t<meta property=\"og:image:height\" content=\"1707\" \/>\n\t<meta property=\"og:image:type\" content=\"image\/jpeg\" \/>\n<meta name=\"twitter:card\" content=\"summary_large_image\" \/>\n<meta name=\"twitter:site\" content=\"@lfelsalvador1\" \/>\n<meta name=\"twitter:label1\" content=\"Dur\u00e9e de lecture estim\u00e9e\" \/>\n\t<meta name=\"twitter:data1\" content=\"4 minutes\" \/>\n<script type=\"application\/ld+json\" class=\"yoast-schema-graph\">{\"@context\":\"https:\/\/schema.org\",\"@graph\":[{\"@type\":\"WebPage\",\"@id\":\"https:\/\/lfelsalvador.org\/fr\/bien-etre-des-eleves\/culture-et-sport\/evenements-sociaux\/\",\"url\":\"https:\/\/lfelsalvador.org\/fr\/bien-etre-des-eleves\/culture-et-sport\/evenements-sociaux\/\",\"name\":\"\u00c9v\u00e9nements sociaux - Comit\u00e9 socio-culturel | Liceo Frances de San Salvador\",\"isPartOf\":{\"@id\":\"https:\/\/lfelsalvador.org\/#website\"},\"primaryImageOfPage\":{\"@id\":\"https:\/\/lfelsalvador.org\/fr\/bien-etre-des-eleves\/culture-et-sport\/evenements-sociaux\/#primaryimage\"},\"image\":{\"@id\":\"https:\/\/lfelsalvador.org\/fr\/bien-etre-des-eleves\/culture-et-sport\/evenements-sociaux\/#primaryimage\"},\"thumbnailUrl\":\"https:\/\/lfelsalvador.org\/wp-content\/uploads\/2025\/06\/Noche-de-verano-300x200.jpg\",\"datePublished\":\"2016-08-03T21:40:08+00:00\",\"dateModified\":\"2025-12-01T13:41:41+00:00\",\"breadcrumb\":{\"@id\":\"https:\/\/lfelsalvador.org\/fr\/bien-etre-des-eleves\/culture-et-sport\/evenements-sociaux\/#breadcrumb\"},\"inLanguage\":\"fr-FR\",\"potentialAction\":[{\"@type\":\"ReadAction\",\"target\":[\"https:\/\/lfelsalvador.org\/fr\/bien-etre-des-eleves\/culture-et-sport\/evenements-sociaux\/\"]}]},{\"@type\":\"ImageObject\",\"inLanguage\":\"fr-FR\",\"@id\":\"https:\/\/lfelsalvador.org\/fr\/bien-etre-des-eleves\/culture-et-sport\/evenements-sociaux\/#primaryimage\",\"url\":\"https:\/\/lfelsalvador.org\/wp-content\/uploads\/2025\/06\/Noche-de-verano-300x200.jpg\",\"contentUrl\":\"https:\/\/lfelsalvador.org\/wp-content\/uploads\/2025\/06\/Noche-de-verano-300x200.jpg\"},{\"@type\":\"BreadcrumbList\",\"@id\":\"https:\/\/lfelsalvador.org\/fr\/bien-etre-des-eleves\/culture-et-sport\/evenements-sociaux\/#breadcrumb\",\"itemListElement\":[{\"@type\":\"ListItem\",\"position\":1,\"name\":\"Portada\",\"item\":\"https:\/\/lfelsalvador.org\/fr\/\"},{\"@type\":\"ListItem\",\"position\":2,\"name\":\"Bien-\u00eatre des \u00e9l\u00e8ves\",\"item\":\"https:\/\/lfelsalvador.org\/fr\/bien-etre-des-eleves\/\"},{\"@type\":\"ListItem\",\"position\":3,\"name\":\"Culture et Sport\",\"item\":\"https:\/\/lfelsalvador.org\/fr\/bien-etre-des-eleves\/culture-et-sport\/\"},{\"@type\":\"ListItem\",\"position\":4,\"name\":\"\u00c9v\u00e9nements sociaux &#8211; Comit\u00e9 socio-culturel\"}]},{\"@type\":\"WebSite\",\"@id\":\"https:\/\/lfelsalvador.org\/#website\",\"url\":\"https:\/\/lfelsalvador.org\/\",\"name\":\"Liceo Frances de San Salvador\",\"description\":\"\",\"potentialAction\":[{\"@type\":\"SearchAction\",\"target\":{\"@type\":\"EntryPoint\",\"urlTemplate\":\"https:\/\/lfelsalvador.org\/?s={search_term_string}\"},\"query-input\":{\"@type\":\"PropertyValueSpecification\",\"valueRequired\":true,\"valueName\":\"search_term_string\"}}],\"inLanguage\":\"fr-FR\"}]}<\/script>\n<!-- \/ Yoast SEO plugin. -->","yoast_head_json":{"title":"\u00c9v\u00e9nements sociaux - Comit\u00e9 socio-culturel | Liceo Frances de San Salvador","robots":{"index":"index","follow":"follow","max-snippet":"max-snippet:-1","max-image-preview":"max-image-preview:large","max-video-preview":"max-video-preview:-1"},"canonical":"https:\/\/lfelsalvador.org\/fr\/bien-etre-des-eleves\/culture-et-sport\/evenements-sociaux\/","og_locale":"fr_FR","og_type":"article","og_title":"\u00c9v\u00e9nements sociaux - Comit\u00e9 socio-culturel | Liceo Frances de San Salvador","og_description":"Le comit\u00e9 socio-culturel du Lyc\u00e9e Fran\u00e7ais est compos\u00e9 d\u2019un groupe de parents d\u2019\u00e9l\u00e8ves b\u00e9n\u00e9voles, engag\u00e9s dans le d\u00e9veloppement et le bien-\u00eatre de la communaut\u00e9 scolaire. Ce comit\u00e9 travaille en \u00e9troite collaboration avec un repr\u00e9sentant du Lyc\u00e9e, Fr\u00e9d\u00e9ric Sicuteri, qui en est le r\u00e9f\u00e9rent institutionnel. L&rsquo;objectif principal du Comit\u00e9 est l\u2019organisation d\u2019\u00e9v\u00e9nements \u00e0 des fins de [&hellip;]","og_url":"https:\/\/lfelsalvador.org\/fr\/bien-etre-des-eleves\/culture-et-sport\/evenements-sociaux\/","og_site_name":"Liceo Frances de San Salvador","article_publisher":"https:\/\/www.facebook.com\/lfelsalvador\/","article_modified_time":"2025-12-01T13:41:41+00:00","og_image":[{"width":2560,"height":1707,"url":"https:\/\/lfelsalvador.org\/wp-content\/uploads\/2025\/06\/Noche-de-verano-scaled.jpg","type":"image\/jpeg"}],"twitter_card":"summary_large_image","twitter_site":"@lfelsalvador1","twitter_misc":{"Dur\u00e9e de lecture estim\u00e9e":"4 minutes"},"schema":{"@context":"https:\/\/schema.org","@graph":[{"@type":"WebPage","@id":"https:\/\/lfelsalvador.org\/fr\/bien-etre-des-eleves\/culture-et-sport\/evenements-sociaux\/","url":"https:\/\/lfelsalvador.org\/fr\/bien-etre-des-eleves\/culture-et-sport\/evenements-sociaux\/","name":"\u00c9v\u00e9nements sociaux - Comit\u00e9 socio-culturel | Liceo Frances de San Salvador","isPartOf":{"@id":"https:\/\/lfelsalvador.org\/#website"},"primaryImageOfPage":{"@id":"https:\/\/lfelsalvador.org\/fr\/bien-etre-des-eleves\/culture-et-sport\/evenements-sociaux\/#primaryimage"},"image":{"@id":"https:\/\/lfelsalvador.org\/fr\/bien-etre-des-eleves\/culture-et-sport\/evenements-sociaux\/#primaryimage"},"thumbnailUrl":"https:\/\/lfelsalvador.org\/wp-content\/uploads\/2025\/06\/Noche-de-verano-300x200.jpg","datePublished":"2016-08-03T21:40:08+00:00","dateModified":"2025-12-01T13:41:41+00:00","breadcrumb":{"@id":"https:\/\/lfelsalvador.org\/fr\/bien-etre-des-eleves\/culture-et-sport\/evenements-sociaux\/#breadcrumb"},"inLanguage":"fr-FR","potentialAction":[{"@type":"ReadAction","target":["https:\/\/lfelsalvador.org\/fr\/bien-etre-des-eleves\/culture-et-sport\/evenements-sociaux\/"]}]},{"@type":"ImageObject","inLanguage":"fr-FR","@id":"https:\/\/lfelsalvador.org\/fr\/bien-etre-des-eleves\/culture-et-sport\/evenements-sociaux\/#primaryimage","url":"https:\/\/lfelsalvador.org\/wp-content\/uploads\/2025\/06\/Noche-de-verano-300x200.jpg","contentUrl":"https:\/\/lfelsalvador.org\/wp-content\/uploads\/2025\/06\/Noche-de-verano-300x200.jpg"},{"@type":"BreadcrumbList","@id":"https:\/\/lfelsalvador.org\/fr\/bien-etre-des-eleves\/culture-et-sport\/evenements-sociaux\/#breadcrumb","itemListElement":[{"@type":"ListItem","position":1,"name":"Portada","item":"https:\/\/lfelsalvador.org\/fr\/"},{"@type":"ListItem","position":2,"name":"Bien-\u00eatre des \u00e9l\u00e8ves","item":"https:\/\/lfelsalvador.org\/fr\/bien-etre-des-eleves\/"},{"@type":"ListItem","position":3,"name":"Culture et Sport","item":"https:\/\/lfelsalvador.org\/fr\/bien-etre-des-eleves\/culture-et-sport\/"},{"@type":"ListItem","position":4,"name":"\u00c9v\u00e9nements sociaux &#8211; Comit\u00e9 socio-culturel"}]},{"@type":"WebSite","@id":"https:\/\/lfelsalvador.org\/#website","url":"https:\/\/lfelsalvador.org\/","name":"Liceo Frances de San Salvador","description":"","potentialAction":[{"@type":"SearchAction","target":{"@type":"EntryPoint","urlTemplate":"https:\/\/lfelsalvador.org\/?s={search_term_string}"},"query-input":{"@type":"PropertyValueSpecification","valueRequired":true,"valueName":"search_term_string"}}],"inLanguage":"fr-FR"}]}},"_links":{"self":[{"href":"https:\/\/lfelsalvador.org\/fr\/wp-json\/wp\/v2\/pages\/669","targetHints":{"allow":["GET"]}}],"collection":[{"href":"https:\/\/lfelsalvador.org\/fr\/wp-json\/wp\/v2\/pages"}],"about":[{"href":"https:\/\/lfelsalvador.org\/fr\/wp-json\/wp\/v2\/types\/page"}],"author":[{"embeddable":true,"href":"https:\/\/lfelsalvador.org\/fr\/wp-json\/wp\/v2\/users\/1"}],"replies":[{"embeddable":true,"href":"https:\/\/lfelsalvador.org\/fr\/wp-json\/wp\/v2\/comments?post=669"}],"version-history":[{"count":16,"href":"https:\/\/lfelsalvador.org\/fr\/wp-json\/wp\/v2\/pages\/669\/revisions"}],"predecessor-version":[{"id":11218,"href":"https:\/\/lfelsalvador.org\/fr\/wp-json\/wp\/v2\/pages\/669\/revisions\/11218"}],"up":[{"embeddable":true,"href":"https:\/\/lfelsalvador.org\/fr\/wp-json\/wp\/v2\/pages\/650"}],"wp:attachment":[{"href":"https:\/\/lfelsalvador.org\/fr\/wp-json\/wp\/v2\/media?parent=669"}],"curies":[{"name":"wp","href":"https:\/\/api.w.org\/{rel}","templated":true}]}}