{"id":661,"date":"2016-08-03T21:30:03","date_gmt":"2016-08-03T21:30:03","guid":{"rendered":"http:\/\/lfelsalvador.org\/fr\/?page_id=661"},"modified":"2017-08-28T15:14:22","modified_gmt":"2017-08-28T15:14:22","slug":"espace-culturel","status":"publish","type":"page","link":"https:\/\/lfelsalvador.org\/fr\/bien-etre-des-eleves\/culture-et-sport\/espace-culturel\/","title":{"rendered":"Espace Culturel"},"content":{"rendered":"<p>Depuis l\u2019ann\u00e9e 2000, le Lyc\u00e9e Fran\u00e7ais de San Salvador a\u00a0cr\u00e9\u00e9 un nouveau service: l\u2019Espace Culturel.<\/p>\n<h2>Missions:<\/h2>\n<ul>\n<li>\u00catre au service des \u00e9l\u00e8ves et professeurs.<\/li>\n<li>Assurer la programmation de la salle de spectacle dans\u00a0divers champs culturels : th\u00e9\u00e2tre, danse, musique, po\u00e9sie et arts plastiques.<\/li>\n<li>Accompagner enseignants et \u00e9l\u00e8ves dans\u00a0le montage de leurs projets culturels.<\/li>\n<li>Promouvoir l\u2019offre culturelle locale.<\/li>\n<\/ul>\n<p>&nbsp;<\/p>\n<h2>L\u2019Espace Culturel comprend:<strong><br \/>\n<\/strong><\/h2>\n<ul>\n<li>Une salle de spectacle de 500 places (en configuration gradins)\u00a0dot\u00e9e d\u2019un \u00e9quipement de niveau professionnel pouvant accueillir du th\u00e9\u00e2tre, de la danse, des conf\u00e9rences, des concerts, des expositions, des projections de films\u2026<\/li>\n<li>Un stationnement de 150 voitures.<\/li>\n<\/ul>\n<p>&nbsp;<\/p>\n<h2>Aide aux projets:<\/h2>\n<ul>\n<li>L\u2019Espace Culturel constitue un lieu unique pour r\u00e9colter\u00a0des informations utiles \u00e0 la r\u00e9alisation de projets culturels.<\/li>\n<li>Il apporte aide et soutien \u00e0 l\u2019organisation et \u00e0 la promotion\u00a0des activit\u00e9s et offre un lieu de spectacle\u00a0et d\u2019animations ainsi que des espaces de r\u00e9p\u00e9tition.<\/li>\n<li>Il recense toutes les demandes de projet\u00a0associatif et \u00e9tudiant en offrant des conditions de mise en \u0153uvre.<\/li>\n<\/ul>\n<p><em>Nous vous invitons \u00e0 nous rendre visite et \u00e0 nous faire part de vos projets culturels.<\/em><em><br \/>\n<\/em><\/p>\n<h2>Personnel:<\/h2>\n<p>Carlos Hernandez,\u00a0<em>r\u00e9gisseur g\u00e9n\u00e9ral.<\/em><em><br \/>\n<\/em><br \/>\nSelina Martinez,\u00a0<em>directrice de l\u2019Espace Culturel.<\/em><\/p>\n<p>&nbsp;<\/p>\n<p style=\"text-align: center;\"><span style=\"color: #999999;\"><img loading=\"lazy\" decoding=\"async\" class=\"aligncenter wp-image-4969 size-large\" src=\"http:\/\/lfelsalvador.org\/wp-content\/uploads\/2016\/08\/Instantanea-2-1024x518.jpg\" alt=\"Instantanea 2\" width=\"800\" height=\"405\" srcset=\"https:\/\/lfelsalvador.org\/wp-content\/uploads\/2016\/08\/Instantanea-2-1024x518.jpg 1024w, https:\/\/lfelsalvador.org\/wp-content\/uploads\/2016\/08\/Instantanea-2-300x152.jpg 300w, https:\/\/lfelsalvador.org\/wp-content\/uploads\/2016\/08\/Instantanea-2-768x388.jpg 768w, https:\/\/lfelsalvador.org\/wp-content\/uploads\/2016\/08\/Instantanea-2.jpg 1311w\" sizes=\"auto, (max-width: 800px) 100vw, 800px\" \/><br \/>\n<\/span><\/p>\n","protected":false},"excerpt":{"rendered":"<p>Depuis l\u2019ann\u00e9e 2000, le Lyc\u00e9e Fran\u00e7ais de San Salvador a\u00a0cr\u00e9\u00e9 un nouveau service: l\u2019Espace Culturel. Missions: \u00catre au service des \u00e9l\u00e8ves et professeurs. Assurer la programmation de la salle de spectacle dans\u00a0divers champs culturels : th\u00e9\u00e2tre, danse, musique, po\u00e9sie et arts plastiques. Accompagner enseignants et \u00e9l\u00e8ves dans\u00a0le montage de leurs projets culturels. Promouvoir l\u2019offre culturelle [&hellip;]<\/p>\n","protected":false},"author":1,"featured_media":0,"parent":650,"menu_order":0,"comment_status":"closed","ping_status":"closed","template":"","meta":{"footnotes":""},"class_list":["post-661","page","type-page","status-publish","hentry"],"yoast_head":"<!-- This site is optimized with the Yoast SEO plugin v27.2 - https:\/\/yoast.com\/product\/yoast-seo-wordpress\/ -->\n<title>Espace Culturel | Liceo Frances de San Salvador<\/title>\n<meta name=\"robots\" content=\"index, follow, max-snippet:-1, max-image-preview:large, max-video-preview:-1\" \/>\n<link rel=\"canonical\" href=\"https:\/\/lfelsalvador.org\/fr\/bien-etre-des-eleves\/culture-et-sport\/espace-culturel\/\" \/>\n<meta property=\"og:locale\" content=\"fr_FR\" \/>\n<meta property=\"og:type\" content=\"article\" \/>\n<meta property=\"og:title\" content=\"Espace Culturel | Liceo Frances de San Salvador\" \/>\n<meta property=\"og:description\" content=\"Depuis l\u2019ann\u00e9e 2000, le Lyc\u00e9e Fran\u00e7ais de San Salvador a\u00a0cr\u00e9\u00e9 un nouveau service: l\u2019Espace Culturel. Missions: \u00catre au service des \u00e9l\u00e8ves et professeurs. Assurer la programmation de la salle de spectacle dans\u00a0divers champs culturels : th\u00e9\u00e2tre, danse, musique, po\u00e9sie et arts plastiques. Accompagner enseignants et \u00e9l\u00e8ves dans\u00a0le montage de leurs projets culturels. Promouvoir l\u2019offre culturelle [&hellip;]\" \/>\n<meta property=\"og:url\" content=\"https:\/\/lfelsalvador.org\/fr\/bien-etre-des-eleves\/culture-et-sport\/espace-culturel\/\" \/>\n<meta property=\"og:site_name\" content=\"Liceo Frances de San Salvador\" \/>\n<meta property=\"article:publisher\" content=\"https:\/\/www.facebook.com\/lfelsalvador\/\" \/>\n<meta property=\"article:modified_time\" content=\"2017-08-28T15:14:22+00:00\" \/>\n<meta property=\"og:image\" content=\"http:\/\/lfelsalvador.org\/wp-content\/uploads\/2016\/08\/Instantanea-2-1024x518.jpg\" \/>\n<meta name=\"twitter:card\" content=\"summary_large_image\" \/>\n<meta name=\"twitter:site\" content=\"@lfelsalvador1\" \/>\n<meta name=\"twitter:label1\" content=\"Dur\u00e9e de lecture estim\u00e9e\" \/>\n\t<meta name=\"twitter:data1\" content=\"1 minute\" \/>\n<script type=\"application\/ld+json\" class=\"yoast-schema-graph\">{\"@context\":\"https:\/\/schema.org\",\"@graph\":[{\"@type\":\"WebPage\",\"@id\":\"https:\/\/lfelsalvador.org\/fr\/bien-etre-des-eleves\/culture-et-sport\/espace-culturel\/\",\"url\":\"https:\/\/lfelsalvador.org\/fr\/bien-etre-des-eleves\/culture-et-sport\/espace-culturel\/\",\"name\":\"Espace Culturel | Liceo Frances de San Salvador\",\"isPartOf\":{\"@id\":\"https:\/\/lfelsalvador.org\/#website\"},\"primaryImageOfPage\":{\"@id\":\"https:\/\/lfelsalvador.org\/fr\/bien-etre-des-eleves\/culture-et-sport\/espace-culturel\/#primaryimage\"},\"image\":{\"@id\":\"https:\/\/lfelsalvador.org\/fr\/bien-etre-des-eleves\/culture-et-sport\/espace-culturel\/#primaryimage\"},\"thumbnailUrl\":\"http:\/\/lfelsalvador.org\/wp-content\/uploads\/2016\/08\/Instantanea-2-1024x518.jpg\",\"datePublished\":\"2016-08-03T21:30:03+00:00\",\"dateModified\":\"2017-08-28T15:14:22+00:00\",\"breadcrumb\":{\"@id\":\"https:\/\/lfelsalvador.org\/fr\/bien-etre-des-eleves\/culture-et-sport\/espace-culturel\/#breadcrumb\"},\"inLanguage\":\"fr-FR\",\"potentialAction\":[{\"@type\":\"ReadAction\",\"target\":[\"https:\/\/lfelsalvador.org\/fr\/bien-etre-des-eleves\/culture-et-sport\/espace-culturel\/\"]}]},{\"@type\":\"ImageObject\",\"inLanguage\":\"fr-FR\",\"@id\":\"https:\/\/lfelsalvador.org\/fr\/bien-etre-des-eleves\/culture-et-sport\/espace-culturel\/#primaryimage\",\"url\":\"http:\/\/lfelsalvador.org\/wp-content\/uploads\/2016\/08\/Instantanea-2-1024x518.jpg\",\"contentUrl\":\"http:\/\/lfelsalvador.org\/wp-content\/uploads\/2016\/08\/Instantanea-2-1024x518.jpg\"},{\"@type\":\"BreadcrumbList\",\"@id\":\"https:\/\/lfelsalvador.org\/fr\/bien-etre-des-eleves\/culture-et-sport\/espace-culturel\/#breadcrumb\",\"itemListElement\":[{\"@type\":\"ListItem\",\"position\":1,\"name\":\"Portada\",\"item\":\"https:\/\/lfelsalvador.org\/fr\/\"},{\"@type\":\"ListItem\",\"position\":2,\"name\":\"Bien-\u00eatre des \u00e9l\u00e8ves\",\"item\":\"https:\/\/lfelsalvador.org\/fr\/bien-etre-des-eleves\/\"},{\"@type\":\"ListItem\",\"position\":3,\"name\":\"Culture et Sport\",\"item\":\"https:\/\/lfelsalvador.org\/fr\/bien-etre-des-eleves\/culture-et-sport\/\"},{\"@type\":\"ListItem\",\"position\":4,\"name\":\"Espace Culturel\"}]},{\"@type\":\"WebSite\",\"@id\":\"https:\/\/lfelsalvador.org\/#website\",\"url\":\"https:\/\/lfelsalvador.org\/\",\"name\":\"Liceo Frances de San Salvador\",\"description\":\"\",\"potentialAction\":[{\"@type\":\"SearchAction\",\"target\":{\"@type\":\"EntryPoint\",\"urlTemplate\":\"https:\/\/lfelsalvador.org\/?s={search_term_string}\"},\"query-input\":{\"@type\":\"PropertyValueSpecification\",\"valueRequired\":true,\"valueName\":\"search_term_string\"}}],\"inLanguage\":\"fr-FR\"}]}<\/script>\n<!-- \/ Yoast SEO plugin. -->","yoast_head_json":{"title":"Espace Culturel | Liceo Frances de San Salvador","robots":{"index":"index","follow":"follow","max-snippet":"max-snippet:-1","max-image-preview":"max-image-preview:large","max-video-preview":"max-video-preview:-1"},"canonical":"https:\/\/lfelsalvador.org\/fr\/bien-etre-des-eleves\/culture-et-sport\/espace-culturel\/","og_locale":"fr_FR","og_type":"article","og_title":"Espace Culturel | Liceo Frances de San Salvador","og_description":"Depuis l\u2019ann\u00e9e 2000, le Lyc\u00e9e Fran\u00e7ais de San Salvador a\u00a0cr\u00e9\u00e9 un nouveau service: l\u2019Espace Culturel. Missions: \u00catre au service des \u00e9l\u00e8ves et professeurs. Assurer la programmation de la salle de spectacle dans\u00a0divers champs culturels : th\u00e9\u00e2tre, danse, musique, po\u00e9sie et arts plastiques. Accompagner enseignants et \u00e9l\u00e8ves dans\u00a0le montage de leurs projets culturels. Promouvoir l\u2019offre culturelle [&hellip;]","og_url":"https:\/\/lfelsalvador.org\/fr\/bien-etre-des-eleves\/culture-et-sport\/espace-culturel\/","og_site_name":"Liceo Frances de San Salvador","article_publisher":"https:\/\/www.facebook.com\/lfelsalvador\/","article_modified_time":"2017-08-28T15:14:22+00:00","og_image":[{"url":"http:\/\/lfelsalvador.org\/wp-content\/uploads\/2016\/08\/Instantanea-2-1024x518.jpg","type":"","width":"","height":""}],"twitter_card":"summary_large_image","twitter_site":"@lfelsalvador1","twitter_misc":{"Dur\u00e9e de lecture estim\u00e9e":"1 minute"},"schema":{"@context":"https:\/\/schema.org","@graph":[{"@type":"WebPage","@id":"https:\/\/lfelsalvador.org\/fr\/bien-etre-des-eleves\/culture-et-sport\/espace-culturel\/","url":"https:\/\/lfelsalvador.org\/fr\/bien-etre-des-eleves\/culture-et-sport\/espace-culturel\/","name":"Espace Culturel | Liceo Frances de San Salvador","isPartOf":{"@id":"https:\/\/lfelsalvador.org\/#website"},"primaryImageOfPage":{"@id":"https:\/\/lfelsalvador.org\/fr\/bien-etre-des-eleves\/culture-et-sport\/espace-culturel\/#primaryimage"},"image":{"@id":"https:\/\/lfelsalvador.org\/fr\/bien-etre-des-eleves\/culture-et-sport\/espace-culturel\/#primaryimage"},"thumbnailUrl":"http:\/\/lfelsalvador.org\/wp-content\/uploads\/2016\/08\/Instantanea-2-1024x518.jpg","datePublished":"2016-08-03T21:30:03+00:00","dateModified":"2017-08-28T15:14:22+00:00","breadcrumb":{"@id":"https:\/\/lfelsalvador.org\/fr\/bien-etre-des-eleves\/culture-et-sport\/espace-culturel\/#breadcrumb"},"inLanguage":"fr-FR","potentialAction":[{"@type":"ReadAction","target":["https:\/\/lfelsalvador.org\/fr\/bien-etre-des-eleves\/culture-et-sport\/espace-culturel\/"]}]},{"@type":"ImageObject","inLanguage":"fr-FR","@id":"https:\/\/lfelsalvador.org\/fr\/bien-etre-des-eleves\/culture-et-sport\/espace-culturel\/#primaryimage","url":"http:\/\/lfelsalvador.org\/wp-content\/uploads\/2016\/08\/Instantanea-2-1024x518.jpg","contentUrl":"http:\/\/lfelsalvador.org\/wp-content\/uploads\/2016\/08\/Instantanea-2-1024x518.jpg"},{"@type":"BreadcrumbList","@id":"https:\/\/lfelsalvador.org\/fr\/bien-etre-des-eleves\/culture-et-sport\/espace-culturel\/#breadcrumb","itemListElement":[{"@type":"ListItem","position":1,"name":"Portada","item":"https:\/\/lfelsalvador.org\/fr\/"},{"@type":"ListItem","position":2,"name":"Bien-\u00eatre des \u00e9l\u00e8ves","item":"https:\/\/lfelsalvador.org\/fr\/bien-etre-des-eleves\/"},{"@type":"ListItem","position":3,"name":"Culture et Sport","item":"https:\/\/lfelsalvador.org\/fr\/bien-etre-des-eleves\/culture-et-sport\/"},{"@type":"ListItem","position":4,"name":"Espace Culturel"}]},{"@type":"WebSite","@id":"https:\/\/lfelsalvador.org\/#website","url":"https:\/\/lfelsalvador.org\/","name":"Liceo Frances de San Salvador","description":"","potentialAction":[{"@type":"SearchAction","target":{"@type":"EntryPoint","urlTemplate":"https:\/\/lfelsalvador.org\/?s={search_term_string}"},"query-input":{"@type":"PropertyValueSpecification","valueRequired":true,"valueName":"search_term_string"}}],"inLanguage":"fr-FR"}]}},"_links":{"self":[{"href":"https:\/\/lfelsalvador.org\/fr\/wp-json\/wp\/v2\/pages\/661","targetHints":{"allow":["GET"]}}],"collection":[{"href":"https:\/\/lfelsalvador.org\/fr\/wp-json\/wp\/v2\/pages"}],"about":[{"href":"https:\/\/lfelsalvador.org\/fr\/wp-json\/wp\/v2\/types\/page"}],"author":[{"embeddable":true,"href":"https:\/\/lfelsalvador.org\/fr\/wp-json\/wp\/v2\/users\/1"}],"replies":[{"embeddable":true,"href":"https:\/\/lfelsalvador.org\/fr\/wp-json\/wp\/v2\/comments?post=661"}],"version-history":[{"count":9,"href":"https:\/\/lfelsalvador.org\/fr\/wp-json\/wp\/v2\/pages\/661\/revisions"}],"predecessor-version":[{"id":4970,"href":"https:\/\/lfelsalvador.org\/fr\/wp-json\/wp\/v2\/pages\/661\/revisions\/4970"}],"up":[{"embeddable":true,"href":"https:\/\/lfelsalvador.org\/fr\/wp-json\/wp\/v2\/pages\/650"}],"wp:attachment":[{"href":"https:\/\/lfelsalvador.org\/fr\/wp-json\/wp\/v2\/media?parent=661"}],"curies":[{"name":"wp","href":"https:\/\/api.w.org\/{rel}","templated":true}]}}