{"id":6529,"date":"2019-10-03T20:47:00","date_gmt":"2019-10-03T20:47:00","guid":{"rendered":"https:\/\/lfelsalvador.org\/fr\/?page_id=6529"},"modified":"2019-10-03T20:51:07","modified_gmt":"2019-10-03T20:51:07","slug":"questions-frequentes","status":"publish","type":"page","link":"https:\/\/lfelsalvador.org\/fr\/inscription\/questions-frequentes\/","title":{"rendered":"Questions fr\u00e9quentes"},"content":{"rendered":"<p>&nbsp;<\/p>\n<p><strong>\u00c0 quel \u00e2ge commencent les \u00e9l\u00e8ves en Petite Section ? <\/strong><\/p>\n<p>Les \u00e9l\u00e8ves commencent le mois de septembre de l\u2019ann\u00e9e civile au cours de laquelle ils atteignent l&rsquo;\u00e2ge de 3 ans, entre janvier et d\u00e9cembre. La proc\u00e9dure d\u2019admission commence 1 an avant, durant le mois de septembre.<\/p>\n<p>&nbsp;<\/p>\n<p><strong>Quelle est la proc\u00e9dure \u00e0 suivre pour inscrire mon enfant en Petite Section dans votre \u00e9tablissement ? <\/strong><\/p>\n<ul>\n<li>Compl\u00e9ter la fiche de premi\u00e8re inscription en ligne.<\/li>\n<li>Pr\u00e9senter les documents demand\u00e9s dans la plateforme de nouvelle inscription.<\/li>\n<li>Validation du dossier (documents complets et validation financi\u00e8re).<\/li>\n<li>Entretien de la famille avec un des directeurs.<\/li>\n<li>Entretien psychologique de l\u2019enfant avec nos psychologues.<\/li>\n<li>Commission d\u2019admission<\/li>\n<li>Confirmation, liste d\u2019attente ou refus des demandes<\/li>\n<\/ul>\n<p>&nbsp;<\/p>\n<p><strong>Quel est le calendrier scolaire\u00a0?<\/strong><\/p>\n<p>L\u2019ann\u00e9e scolaire commence la premi\u00e8re semaine de septembre et termine la derni\u00e8re semaine du mois de juin. Vous pouvez consulter le calendrier scolaire au lien suivant :<\/p>\n<p>&nbsp;<\/p>\n<p><strong>Quels sont les horaires des clases ?<\/strong><\/p>\n<p>Les classes commencent \u00e0 7h25 pour tous les niveaux. Les cours se terminent \u00e0 des horaires diff\u00e9rents selon le niveau\u00a0:<\/p>\n<p>Maternelle\u00a0(PS, MS et GS)\u00a0: 12h20<\/p>\n<p>Primaire (CP \u00e0 CM2)\u00a0: 12h40<\/p>\n<p>L\u2019heure de sortie des \u00e9l\u00e8ves de coll\u00e8ge et de lyc\u00e9e varie selon l\u2019emploi du temps \u00e9tabli en d\u00e9but d\u2019ann\u00e9e scolaire pour chaque classe.<\/p>\n<p>&nbsp;<\/p>\n<p><strong>Y a-t-il des activit\u00e9s p\u00e9riscolaires\u00a0?<\/strong><\/p>\n<p>Nos \u00e9l\u00e8ves de CP \u00e0 CM2 peuvent s\u2019inscrire aux activit\u00e9s extrascolaires sportives et artistiques qui ont lieu de 13h30 \u00e0 14h30. (Lien vers les activit\u00e9s extrascolaires).<\/p>\n<p>Les \u00e9l\u00e8ves de CP \u00e0 Terminale peuvent s\u2019inscrire aux \u00e9coles de formation, \u00e0 partir de 14h30. (Lien vers les \u00e9coles de formation).<\/p>\n<p>&nbsp;<\/p>\n<p><strong>Est-ce que le Lyc\u00e9e poss\u00e8de avec un service de transport scolaire\u00a0?<\/strong><\/p>\n<p>Le Lyc\u00e9e ne poss\u00e8de pas de service de transport scolaire mais certaines familles utilisent les services d\u2019un transporteur priv\u00e9.<\/p>\n<p>&nbsp;<\/p>\n<p><strong>Quel est le nombre d\u2019\u00e9l\u00e8ves par classe\u00a0?<\/strong><\/p>\n<p>Chaque classe a 26 \u00e9l\u00e8ves maximum et il y a 4 classes par niveau, ce qui fait un total de 104 par niveau.<\/p>\n<p>En CP, les \u00e9l\u00e8ves se divisent en 5 classes de 20-21 \u00e9l\u00e8ves pour qu\u2019ils puissent avoir un accompagnement personnalis\u00e9.<\/p>\n<p>&nbsp;<\/p>\n<p><strong>Combien de professeurs par classe\u00a0?<\/strong><\/p>\n<p><u>Maternelle<\/u>\u00a0: Chaque classe a 1 professeur principal de langue fran\u00e7aise, une assistante du professeur (ASEM), 1 professeur d\u2019espagnol, 1 professeur de musique, 1 professeur de natations (GS).<\/p>\n<p><u>Primaire\u00a0:<\/u> Chaque classe a 1 professeur principal de langue fran\u00e7aise, 1 professeur d\u2019espagnol, 1 professeur d\u2019anglais.<\/p>\n<p><u>Coll\u00e8ge et lyc\u00e9e\u00a0:<\/u> Chaque classe a un professeur principal et un professeur par mati\u00e8re enseign\u00e9e.<\/p>\n<p><strong>\u00a0<\/strong><\/p>\n<p><strong>Quelles langues apprennent les \u00e9l\u00e8ves\u00a0?<\/strong><\/p>\n<p>D\u00e8s la maternelle, l\u2019enseignement au Lyc\u00e9e est en fran\u00e7ais. Tous les \u00e9l\u00e8ves suivent le programme fran\u00e7ais des \u00e9coles fran\u00e7aises pour pr\u00e9parer le baccalaur\u00e9at fran\u00e7ais en Terminale.<\/p>\n<p>En parall\u00e8le, nos \u00e9l\u00e8ves suivent le programme salvadorien en respectant les exigences du Minist\u00e8re de l\u2019\u00c9ducation salvadorien, en \u00abEstudios Sociales\u00bb et \u00abLenguaje\u00bb, et la pr\u00e9paration pour l\u2019obtention du baccalaur\u00e9at salvadorien (PAES) en d\u00e9but de Terminale.<\/p>\n<p>Les \u00e9l\u00e8ves commencent l\u2019apprentissage de l\u2019anglais \u00e0 partir de la classe de CE2, jusqu\u2019\u00e0 la Terminale.<\/p>\n<p>En 2<sup>nde<\/sup>, les \u00e9l\u00e8ves ont la possibilit\u00e9 d\u2019apprendre en plus le portugais.<\/p>\n<p>Potentiellement, tous nos \u00e9l\u00e8ves sont trilingues \u00e0 la fin de leur scolarit\u00e9 au Lyc\u00e9e.<\/p>\n<p>&nbsp;<\/p>\n<p><strong>Combien de biblioth\u00e8ques existent au Lyc\u00e9e\u00a0?<\/strong><\/p>\n<p>Le Lyc\u00e9e Fran\u00e7ais de San Salvador compte trois biblioth\u00e8ques-centres de documentation :<\/p>\n<ul>\n<li>la Marmoth\u00e8que \u00e0 l\u2019\u00e9cole maternelle<\/li>\n<li>la Biblioth\u00e8que Centre de Documentation (BCD) \u00e0 l\u2019\u00e9cole \u00e9l\u00e9mentaire<\/li>\n<li>le Centre de Connaissances et de Culture (CCC) au coll\u00e8ge et au lyc\u00e9e.<\/li>\n<\/ul>\n<p>En effet, la lecture, mais \u00e9galement l\u2019acc\u00e8s aux connaissances, aux informations et \u00e0 la culture, constituent des \u00e9l\u00e9ments fondamentaux de l\u2019enseignement fran\u00e7ais.<\/p>\n","protected":false},"excerpt":{"rendered":"<p>&nbsp; \u00c0 quel \u00e2ge commencent les \u00e9l\u00e8ves en Petite Section ? Les \u00e9l\u00e8ves commencent le mois de septembre de l\u2019ann\u00e9e civile au cours de laquelle ils atteignent l&rsquo;\u00e2ge de 3 ans, entre janvier et d\u00e9cembre. La proc\u00e9dure d\u2019admission commence 1 an avant, durant le mois de septembre. &nbsp; Quelle est la proc\u00e9dure \u00e0 suivre pour [&hellip;]<\/p>\n","protected":false},"author":2,"featured_media":0,"parent":596,"menu_order":0,"comment_status":"closed","ping_status":"closed","template":"","meta":{"footnotes":""},"class_list":["post-6529","page","type-page","status-publish","hentry"],"yoast_head":"<!-- This site is optimized with the Yoast SEO plugin v27.2 - https:\/\/yoast.com\/product\/yoast-seo-wordpress\/ -->\n<title>Questions fr\u00e9quentes | Liceo Frances de San Salvador<\/title>\n<meta name=\"robots\" content=\"index, follow, max-snippet:-1, max-image-preview:large, max-video-preview:-1\" \/>\n<link rel=\"canonical\" href=\"https:\/\/lfelsalvador.org\/fr\/inscription\/questions-frequentes\/\" \/>\n<meta property=\"og:locale\" content=\"fr_FR\" \/>\n<meta property=\"og:type\" content=\"article\" \/>\n<meta property=\"og:title\" content=\"Questions fr\u00e9quentes | Liceo Frances de San Salvador\" \/>\n<meta property=\"og:description\" content=\"&nbsp; \u00c0 quel \u00e2ge commencent les \u00e9l\u00e8ves en Petite Section ? Les \u00e9l\u00e8ves commencent le mois de septembre de l\u2019ann\u00e9e civile au cours de laquelle ils atteignent l&rsquo;\u00e2ge de 3 ans, entre janvier et d\u00e9cembre. La proc\u00e9dure d\u2019admission commence 1 an avant, durant le mois de septembre. &nbsp; Quelle est la proc\u00e9dure \u00e0 suivre pour [&hellip;]\" \/>\n<meta property=\"og:url\" content=\"https:\/\/lfelsalvador.org\/fr\/inscription\/questions-frequentes\/\" \/>\n<meta property=\"og:site_name\" content=\"Liceo Frances de San Salvador\" \/>\n<meta property=\"article:publisher\" content=\"https:\/\/www.facebook.com\/lfelsalvador\/\" \/>\n<meta property=\"article:modified_time\" content=\"2019-10-03T20:51:07+00:00\" \/>\n<meta property=\"og:image\" content=\"http:\/\/lfelsalvador.org\/wp-content\/uploads\/2016\/08\/Site-4.jpg\" \/>\n<meta name=\"twitter:card\" content=\"summary_large_image\" \/>\n<meta name=\"twitter:site\" content=\"@lfelsalvador1\" \/>\n<meta name=\"twitter:label1\" content=\"Dur\u00e9e de lecture estim\u00e9e\" \/>\n\t<meta name=\"twitter:data1\" content=\"3 minutes\" \/>\n<script type=\"application\/ld+json\" class=\"yoast-schema-graph\">{\"@context\":\"https:\/\/schema.org\",\"@graph\":[{\"@type\":\"WebPage\",\"@id\":\"https:\/\/lfelsalvador.org\/fr\/inscription\/questions-frequentes\/\",\"url\":\"https:\/\/lfelsalvador.org\/fr\/inscription\/questions-frequentes\/\",\"name\":\"Questions fr\u00e9quentes | Liceo Frances de San Salvador\",\"isPartOf\":{\"@id\":\"https:\/\/lfelsalvador.org\/#website\"},\"datePublished\":\"2019-10-03T20:47:00+00:00\",\"dateModified\":\"2019-10-03T20:51:07+00:00\",\"breadcrumb\":{\"@id\":\"https:\/\/lfelsalvador.org\/fr\/inscription\/questions-frequentes\/#breadcrumb\"},\"inLanguage\":\"fr-FR\",\"potentialAction\":[{\"@type\":\"ReadAction\",\"target\":[\"https:\/\/lfelsalvador.org\/fr\/inscription\/questions-frequentes\/\"]}]},{\"@type\":\"BreadcrumbList\",\"@id\":\"https:\/\/lfelsalvador.org\/fr\/inscription\/questions-frequentes\/#breadcrumb\",\"itemListElement\":[{\"@type\":\"ListItem\",\"position\":1,\"name\":\"Portada\",\"item\":\"https:\/\/lfelsalvador.org\/fr\/\"},{\"@type\":\"ListItem\",\"position\":2,\"name\":\"Inscription\",\"item\":\"https:\/\/lfelsalvador.org\/fr\/inscription\/\"},{\"@type\":\"ListItem\",\"position\":3,\"name\":\"Questions fr\u00e9quentes\"}]},{\"@type\":\"WebSite\",\"@id\":\"https:\/\/lfelsalvador.org\/#website\",\"url\":\"https:\/\/lfelsalvador.org\/\",\"name\":\"Liceo Frances de San Salvador\",\"description\":\"\",\"potentialAction\":[{\"@type\":\"SearchAction\",\"target\":{\"@type\":\"EntryPoint\",\"urlTemplate\":\"https:\/\/lfelsalvador.org\/?s={search_term_string}\"},\"query-input\":{\"@type\":\"PropertyValueSpecification\",\"valueRequired\":true,\"valueName\":\"search_term_string\"}}],\"inLanguage\":\"fr-FR\"}]}<\/script>\n<!-- \/ Yoast SEO plugin. -->","yoast_head_json":{"title":"Questions fr\u00e9quentes | Liceo Frances de San Salvador","robots":{"index":"index","follow":"follow","max-snippet":"max-snippet:-1","max-image-preview":"max-image-preview:large","max-video-preview":"max-video-preview:-1"},"canonical":"https:\/\/lfelsalvador.org\/fr\/inscription\/questions-frequentes\/","og_locale":"fr_FR","og_type":"article","og_title":"Questions fr\u00e9quentes | Liceo Frances de San Salvador","og_description":"&nbsp; \u00c0 quel \u00e2ge commencent les \u00e9l\u00e8ves en Petite Section ? Les \u00e9l\u00e8ves commencent le mois de septembre de l\u2019ann\u00e9e civile au cours de laquelle ils atteignent l&rsquo;\u00e2ge de 3 ans, entre janvier et d\u00e9cembre. La proc\u00e9dure d\u2019admission commence 1 an avant, durant le mois de septembre. &nbsp; Quelle est la proc\u00e9dure \u00e0 suivre pour [&hellip;]","og_url":"https:\/\/lfelsalvador.org\/fr\/inscription\/questions-frequentes\/","og_site_name":"Liceo Frances de San Salvador","article_publisher":"https:\/\/www.facebook.com\/lfelsalvador\/","article_modified_time":"2019-10-03T20:51:07+00:00","og_image":[{"url":"http:\/\/lfelsalvador.org\/wp-content\/uploads\/2016\/08\/Site-4.jpg","type":"","width":"","height":""}],"twitter_card":"summary_large_image","twitter_site":"@lfelsalvador1","twitter_misc":{"Dur\u00e9e de lecture estim\u00e9e":"3 minutes"},"schema":{"@context":"https:\/\/schema.org","@graph":[{"@type":"WebPage","@id":"https:\/\/lfelsalvador.org\/fr\/inscription\/questions-frequentes\/","url":"https:\/\/lfelsalvador.org\/fr\/inscription\/questions-frequentes\/","name":"Questions fr\u00e9quentes | Liceo Frances de San Salvador","isPartOf":{"@id":"https:\/\/lfelsalvador.org\/#website"},"datePublished":"2019-10-03T20:47:00+00:00","dateModified":"2019-10-03T20:51:07+00:00","breadcrumb":{"@id":"https:\/\/lfelsalvador.org\/fr\/inscription\/questions-frequentes\/#breadcrumb"},"inLanguage":"fr-FR","potentialAction":[{"@type":"ReadAction","target":["https:\/\/lfelsalvador.org\/fr\/inscription\/questions-frequentes\/"]}]},{"@type":"BreadcrumbList","@id":"https:\/\/lfelsalvador.org\/fr\/inscription\/questions-frequentes\/#breadcrumb","itemListElement":[{"@type":"ListItem","position":1,"name":"Portada","item":"https:\/\/lfelsalvador.org\/fr\/"},{"@type":"ListItem","position":2,"name":"Inscription","item":"https:\/\/lfelsalvador.org\/fr\/inscription\/"},{"@type":"ListItem","position":3,"name":"Questions fr\u00e9quentes"}]},{"@type":"WebSite","@id":"https:\/\/lfelsalvador.org\/#website","url":"https:\/\/lfelsalvador.org\/","name":"Liceo Frances de San Salvador","description":"","potentialAction":[{"@type":"SearchAction","target":{"@type":"EntryPoint","urlTemplate":"https:\/\/lfelsalvador.org\/?s={search_term_string}"},"query-input":{"@type":"PropertyValueSpecification","valueRequired":true,"valueName":"search_term_string"}}],"inLanguage":"fr-FR"}]}},"_links":{"self":[{"href":"https:\/\/lfelsalvador.org\/fr\/wp-json\/wp\/v2\/pages\/6529","targetHints":{"allow":["GET"]}}],"collection":[{"href":"https:\/\/lfelsalvador.org\/fr\/wp-json\/wp\/v2\/pages"}],"about":[{"href":"https:\/\/lfelsalvador.org\/fr\/wp-json\/wp\/v2\/types\/page"}],"author":[{"embeddable":true,"href":"https:\/\/lfelsalvador.org\/fr\/wp-json\/wp\/v2\/users\/2"}],"replies":[{"embeddable":true,"href":"https:\/\/lfelsalvador.org\/fr\/wp-json\/wp\/v2\/comments?post=6529"}],"version-history":[{"count":4,"href":"https:\/\/lfelsalvador.org\/fr\/wp-json\/wp\/v2\/pages\/6529\/revisions"}],"predecessor-version":[{"id":6539,"href":"https:\/\/lfelsalvador.org\/fr\/wp-json\/wp\/v2\/pages\/6529\/revisions\/6539"}],"up":[{"embeddable":true,"href":"https:\/\/lfelsalvador.org\/fr\/wp-json\/wp\/v2\/pages\/596"}],"wp:attachment":[{"href":"https:\/\/lfelsalvador.org\/fr\/wp-json\/wp\/v2\/media?parent=6529"}],"curies":[{"name":"wp","href":"https:\/\/api.w.org\/{rel}","templated":true}]}}