{"id":644,"date":"2016-08-03T03:36:32","date_gmt":"2016-08-03T03:36:32","guid":{"rendered":"http:\/\/lfelsalvador.org\/fr\/?page_id=644"},"modified":"2024-09-10T13:36:43","modified_gmt":"2024-09-10T13:36:43","slug":"sante-et-departement-de-psychologie","status":"publish","type":"page","link":"https:\/\/lfelsalvador.org\/fr\/bien-etre-des-eleves\/sante-et-departement-de-psychologie\/","title":{"rendered":"Sant\u00e9 et D\u00e9partement de Psychologie"},"content":{"rendered":"<h2 class=\"gdl-page-title gdl-title title-color\">Sant\u00e9<\/h2>\n<p><img loading=\"lazy\" decoding=\"async\" class=\"alignleft wp-image-6452 size-medium\" src=\"https:\/\/lfelsalvador.org\/wp-content\/uploads\/2016\/07\/fullsizeoutput_98d7-300x225.jpeg\" alt=\"fullsizeoutput_98d7\" width=\"300\" height=\"225\" srcset=\"https:\/\/lfelsalvador.org\/wp-content\/uploads\/2016\/07\/fullsizeoutput_98d7-300x225.jpeg 300w, https:\/\/lfelsalvador.org\/wp-content\/uploads\/2016\/07\/fullsizeoutput_98d7-768x576.jpeg 768w, https:\/\/lfelsalvador.org\/wp-content\/uploads\/2016\/07\/fullsizeoutput_98d7-1024x768.jpeg 1024w\" sizes=\"auto, (max-width: 300px) 100vw, 300px\" \/><\/p>\n<p>L\u2019infirmerie est un lieu de soins o\u00f9 l\u2019\u00e9l\u00e8ve est conduit en cas de maladie, malaise ou accident. Elle est ouverte \u00e0\u00a0tous les \u00e9l\u00e8ves du Lyc\u00e9e :<\/p>\n<p>&#8211; Dans le b\u00e2timent de la Maternelle : de 7h \u00e0 13h<br \/>\n&#8211; Dans le b\u00e2timent du Primaire : de 9h30 \u00e0 17h30<span class=\"Apple-converted-space\">\u00a0<\/span><\/p>\n<p>Les informations m\u00e9dicales communiqu\u00e9es par les familles ou les \u00e9l\u00e8ves aux infirmi\u00e8res sont strictement\u00a0confidentielles et entrent dans le cadre du secret professionnel.<br \/>\nEn dehors de la liste officielle, seuls les m\u00e9dicaments accompagn\u00e9s d\u2019une ordonnance m\u00e9dicale seront\u00a0administr\u00e9s par l\u2019infirmi\u00e8re. <span class=\"Apple-converted-space\">\u00a0<\/span><\/p>\n<p><a href=\"https:\/\/lfelsalvador.org\/wp-content\/uploads\/2016\/07\/MEDICAMENTOS-DE-ENFERMERIA.pdf\" target=\"_blank\" rel=\"noopener\">Liste de m\u00e9dicaments administr\u00e9s par l&rsquo;infirmi\u00e8re scolaire<\/a><\/p>\n<p><a href=\"https:\/\/lfelsalvador.org\/wp-content\/uploads\/2016\/07\/EQUIPOS-DE-ENFERMERIA.pdf\" target=\"_blank\" rel=\"noopener\">Liste d&rsquo;\u00e9quipement des infirmeries<\/a><\/p>\n<p><b>En cas d\u2019urgence<\/b><\/p>\n<p>Si l\u2019\u00e9tat de sant\u00e9 d\u2019un \u00e9l\u00e8ve n\u00e9cessite une intervention m\u00e9dicale d\u2019urgence, le chef d\u2019\u00e9tablissement, apr\u00e8s\u00a0consultation des parents, est autoris\u00e9 \u00e0 prendre les mesures d\u2019urgence. En cas d\u2019impossibilit\u00e9 de les joindre,\u00a0le chef d\u2019\u00e9tablissement, de sa propre initiative prendra en cas de n\u00e9cessit\u00e9 imp\u00e9rieuse, les mesures d\u2019urgence,\u00a0en tenant compte autant que possible des souhaits de la famille exprim\u00e9s dans le cahier de liaison ou l\u2019agenda\u00a0ou le carnet de correspondance et sur la <a href=\"http:\/\/aplicaciones.lfelsalvador.org\/EXPEDIENTE\/\" target=\"_blank\" rel=\"noopener\">fiche infirmerie<\/a>.<span class=\"Apple-converted-space\">\u00a0<\/span><\/p>\n<h2 class=\"gdl-page-title gdl-title title-color\">D\u00e9partement de Psychologie<\/h2>\n<p><img loading=\"lazy\" decoding=\"async\" class=\"alignnone size-large wp-image-10396\" src=\"https:\/\/lfelsalvador.org\/wp-content\/uploads\/2024\/09\/Servicio-de-psicologia-1024x679.jpg\" alt=\"\" width=\"800\" height=\"530\" srcset=\"https:\/\/lfelsalvador.org\/wp-content\/uploads\/2024\/09\/Servicio-de-psicologia-1024x679.jpg 1024w, https:\/\/lfelsalvador.org\/wp-content\/uploads\/2024\/09\/Servicio-de-psicologia-300x199.jpg 300w, https:\/\/lfelsalvador.org\/wp-content\/uploads\/2024\/09\/Servicio-de-psicologia-768x509.jpg 768w, https:\/\/lfelsalvador.org\/wp-content\/uploads\/2024\/09\/Servicio-de-psicologia-1536x1019.jpg 1536w\" sizes=\"auto, (max-width: 800px) 100vw, 800px\" \/><\/p>\n<p><b>Quel est l&rsquo;objectif du service de psychologie ?<\/b><\/p>\n<p><span style=\"font-weight: 400;\">Le service de psychologie a pour but de soutenir les parents, les enseignants et les \u00e9l\u00e8ves dans le d\u00e9veloppement int\u00e9gral de ces derniers.<\/span><\/p>\n<p><b>Qui peut recourir au service de psychologie ?<\/b><span style=\"font-weight: 400;\">\u00a0<\/span><\/p>\n<p><span style=\"font-weight: 400;\">Lorsque le d\u00e9veloppement d&rsquo;un \u00e9l\u00e8ve est entrav\u00e9 pour une raison quelconque, ce sont les parents ou les enseignants qui s&rsquo;adressent au service de psychologie, qui intervient en fonction des besoins identifi\u00e9s. Avec les \u00e9l\u00e8ves plus \u00e2g\u00e9s, ce sont les \u00e9l\u00e8ves eux-m\u00eames qui peuvent se rapprocher.\u00a0<\/span><\/p>\n<p><b>Qu&rsquo;est-ce qu&rsquo;un psychologue scolaire ?<\/b><\/p>\n<p><span style=\"font-weight: 400;\">Le psychologue scolaire est un psychologue professionnel qui fait le lien entre les parents, les enseignants et les \u00e9l\u00e8ves, les trois composantes d&rsquo;un syst\u00e8me \u00e9ducatif, afin de convenir de propositions d&rsquo;action dans diff\u00e9rents domaines : psychomoteur, linguistique, \u00e9motionnel, social, familial et intellectuel. <\/span><span style=\"font-weight: 400;\">Le psychologue scolaire n&rsquo;est pas un psychoth\u00e9rapeute<\/span><span style=\"font-weight: 400;\"> mais il peut guider vers les voies qui peuvent mener \u00e0 de meilleures orientations p\u00e9dagogiques.<\/span><\/p>\n<p><b>Quelles sont les activit\u00e9s men\u00e9es par le service de psychologie ?\u00a0<\/b><\/p>\n<ul>\n<li style=\"font-weight: 400;\" aria-level=\"1\"><span style=\"font-weight: 400;\">\u00c9valuations des nouveaux+\u00e9l\u00e8ves arrivants<\/span><\/li>\n<li style=\"font-weight: 400;\" aria-level=\"1\"><span style=\"font-weight: 400;\">Observations en classe et \u00e9valuations psychop\u00e9dagogiques afin d&rsquo;identifier les besoins des \u00e9l\u00e8ves et d&rsquo;orienter les interventions.<\/span><\/li>\n<li style=\"font-weight: 400;\" aria-level=\"1\"><span style=\"font-weight: 400;\">Conseils \u00e9ducatifs aux parents sur divers sujets d&rsquo;int\u00e9r\u00eat.<\/span><\/li>\n<li style=\"font-weight: 400;\" aria-level=\"1\"><span style=\"font-weight: 400;\">Conseils aux enseignants ou aux \u00e9tudiants\u00a0<\/span><\/li>\n<li style=\"font-weight: 400;\" aria-level=\"1\"><span style=\"font-weight: 400;\">Suivi des \u00e9l\u00e8ves ayant des besoins \u00e9ducatifs particuliers\u00a0<\/span><\/li>\n<li style=\"font-weight: 400;\" aria-level=\"1\"><span style=\"font-weight: 400;\">Communication avec les professionnels qui aident les \u00e9l\u00e8ves en dehors de l&rsquo;\u00e9cole<\/span><\/li>\n<li style=\"font-weight: 400;\" aria-level=\"1\"><span style=\"font-weight: 400;\">Soutien \u00e9motionnel dans les situations de crise\u00a0<\/span><\/li>\n<li style=\"font-weight: 400;\" aria-level=\"1\"><span style=\"font-weight: 400;\">Ateliers et interventions groupales sur diff\u00e9rents sujets\u00a0<\/span><\/li>\n<li style=\"font-weight: 400;\" aria-level=\"1\"><span style=\"font-weight: 400;\">Orientation professionnelle pour les \u00e9l\u00e8ves du cycle lyc\u00e9e<\/span><\/li>\n<li style=\"font-weight: 400;\" aria-level=\"1\"><span style=\"font-weight: 400;\">Participation aux diff\u00e9rentes instances de l&rsquo;\u00e9cole : \u00e9quipes \u00e9ducatives, conseils d&rsquo;\u00e9cole, etc.<\/span><\/li>\n<\/ul>\n<p><span style=\"font-weight: 400;\">Qui sont les membres du service de psychologie ?<\/span><\/p>\n<p><span style=\"font-weight: 400;\">Le service de psychologie est compos\u00e9 de deux psychologues scolaires qui peuvent \u00eatre contact\u00e9es par mail :<\/span><\/p>\n<ul>\n<li aria-level=\"1\">De PS a CE2: Vanessa Telles\u00a0<a href=\"mailto:vtelles@lfelsalvador.org\">vtelles@lfelsalvador.org<\/a><\/li>\n<li aria-level=\"1\">De CM1 a 5\u00e8me: Ana Luc\u00eda Mata\u00a0<a href=\"mailto:amata@lfelsalvador.org\">amata@lfelsalvador.org<\/a><\/li>\n<li aria-level=\"1\">De 4\u00e8me a Terminale: Luis Cristino\u00a0<a href=\"mailto:lcristino@lfelsalvador.org\">lcristino@lfelsalvador.org<\/a><\/li>\n<\/ul>\n<p><img loading=\"lazy\" decoding=\"async\" class=\"wp-image-4491 size-medium alignleft\" src=\"http:\/\/lfelsalvador.org\/wp-content\/uploads\/2016\/08\/Logo-color-EP2-300x251.jpg\" alt=\"logo-color-ep2\" width=\"300\" height=\"251\" srcset=\"https:\/\/lfelsalvador.org\/wp-content\/uploads\/2016\/08\/Logo-color-EP2-300x251.jpg 300w, https:\/\/lfelsalvador.org\/wp-content\/uploads\/2016\/08\/Logo-color-EP2-768x642.jpg 768w, https:\/\/lfelsalvador.org\/wp-content\/uploads\/2016\/08\/Logo-color-EP2.jpg 835w\" sizes=\"auto, (max-width: 300px) 100vw, 300px\" \/><\/p>\n<a target=\"_self\" href=\"http:\/\/lfelsalvador.org\/blogs\/escpadres\/\" class=\"stag-button stag-button--small stag-button--red stag-button--normal stag-icon--before\"><i aria-hidden=\"true\" class=\"fa fa-commenting\" ><\/i>Blog &#8211; Escuela de Padres<\/a>\n<p>L\u2019\u00e9cole des parents, \u00e0 travers son blog, publie tous les mois diff\u00e9rents sujets relatifs \u00e0 l\u2019\u00e9ducation des enfants et des jeunes\u00a0; par exemple\u00a0: habitudes saines, l\u2019utilisation de la technologie, les capacit\u00e9s sociales, entre autres\u2026L\u2019objectif est de rendre l\u2019information disponible au plus grand nombre de parents en vue de les aider dans leur r\u00f4le d\u2019\u00e9ducateurs et promouvoir la participation active.<\/p>\n","protected":false},"excerpt":{"rendered":"<p>Sant\u00e9 L\u2019infirmerie est un lieu de soins o\u00f9 l\u2019\u00e9l\u00e8ve est conduit en cas de maladie, malaise ou accident. Elle est ouverte \u00e0\u00a0tous les \u00e9l\u00e8ves du Lyc\u00e9e : &#8211; Dans le b\u00e2timent de la Maternelle : de 7h \u00e0 13h &#8211; Dans le b\u00e2timent du Primaire : de 9h30 \u00e0 17h30\u00a0 Les informations m\u00e9dicales communiqu\u00e9es par [&hellip;]<\/p>\n","protected":false},"author":1,"featured_media":0,"parent":642,"menu_order":0,"comment_status":"closed","ping_status":"closed","template":"","meta":{"footnotes":""},"class_list":["post-644","page","type-page","status-publish","hentry"],"yoast_head":"<!-- This site is optimized with the Yoast SEO plugin v27.2 - https:\/\/yoast.com\/product\/yoast-seo-wordpress\/ -->\n<title>Sant\u00e9 et D\u00e9partement de Psychologie | Liceo Frances de San Salvador<\/title>\n<meta name=\"robots\" content=\"index, follow, max-snippet:-1, max-image-preview:large, max-video-preview:-1\" \/>\n<link rel=\"canonical\" href=\"https:\/\/lfelsalvador.org\/fr\/bien-etre-des-eleves\/sante-et-departement-de-psychologie\/\" \/>\n<meta property=\"og:locale\" content=\"fr_FR\" \/>\n<meta property=\"og:type\" content=\"article\" \/>\n<meta property=\"og:title\" content=\"Sant\u00e9 et D\u00e9partement de Psychologie | Liceo Frances de San Salvador\" \/>\n<meta property=\"og:description\" content=\"Sant\u00e9 L\u2019infirmerie est un lieu de soins o\u00f9 l\u2019\u00e9l\u00e8ve est conduit en cas de maladie, malaise ou accident. Elle est ouverte \u00e0\u00a0tous les \u00e9l\u00e8ves du Lyc\u00e9e : &#8211; Dans le b\u00e2timent de la Maternelle : de 7h \u00e0 13h &#8211; Dans le b\u00e2timent du Primaire : de 9h30 \u00e0 17h30\u00a0 Les informations m\u00e9dicales communiqu\u00e9es par [&hellip;]\" \/>\n<meta property=\"og:url\" content=\"https:\/\/lfelsalvador.org\/fr\/bien-etre-des-eleves\/sante-et-departement-de-psychologie\/\" \/>\n<meta property=\"og:site_name\" content=\"Liceo Frances de San Salvador\" \/>\n<meta property=\"article:publisher\" content=\"https:\/\/www.facebook.com\/lfelsalvador\/\" \/>\n<meta property=\"article:modified_time\" content=\"2024-09-10T13:36:43+00:00\" \/>\n<meta property=\"og:image\" content=\"https:\/\/lfelsalvador.org\/wp-content\/uploads\/2016\/07\/fullsizeoutput_98d7-300x225.jpeg\" \/>\n<meta name=\"twitter:card\" content=\"summary_large_image\" \/>\n<meta name=\"twitter:site\" content=\"@lfelsalvador1\" \/>\n<meta name=\"twitter:label1\" content=\"Dur\u00e9e de lecture estim\u00e9e\" \/>\n\t<meta name=\"twitter:data1\" content=\"4 minutes\" \/>\n<script type=\"application\/ld+json\" class=\"yoast-schema-graph\">{\"@context\":\"https:\/\/schema.org\",\"@graph\":[{\"@type\":\"WebPage\",\"@id\":\"https:\/\/lfelsalvador.org\/fr\/bien-etre-des-eleves\/sante-et-departement-de-psychologie\/\",\"url\":\"https:\/\/lfelsalvador.org\/fr\/bien-etre-des-eleves\/sante-et-departement-de-psychologie\/\",\"name\":\"Sant\u00e9 et D\u00e9partement de Psychologie | Liceo Frances de San Salvador\",\"isPartOf\":{\"@id\":\"https:\/\/lfelsalvador.org\/#website\"},\"primaryImageOfPage\":{\"@id\":\"https:\/\/lfelsalvador.org\/fr\/bien-etre-des-eleves\/sante-et-departement-de-psychologie\/#primaryimage\"},\"image\":{\"@id\":\"https:\/\/lfelsalvador.org\/fr\/bien-etre-des-eleves\/sante-et-departement-de-psychologie\/#primaryimage\"},\"thumbnailUrl\":\"https:\/\/lfelsalvador.org\/wp-content\/uploads\/2016\/07\/fullsizeoutput_98d7-300x225.jpeg\",\"datePublished\":\"2016-08-03T03:36:32+00:00\",\"dateModified\":\"2024-09-10T13:36:43+00:00\",\"breadcrumb\":{\"@id\":\"https:\/\/lfelsalvador.org\/fr\/bien-etre-des-eleves\/sante-et-departement-de-psychologie\/#breadcrumb\"},\"inLanguage\":\"fr-FR\",\"potentialAction\":[{\"@type\":\"ReadAction\",\"target\":[\"https:\/\/lfelsalvador.org\/fr\/bien-etre-des-eleves\/sante-et-departement-de-psychologie\/\"]}]},{\"@type\":\"ImageObject\",\"inLanguage\":\"fr-FR\",\"@id\":\"https:\/\/lfelsalvador.org\/fr\/bien-etre-des-eleves\/sante-et-departement-de-psychologie\/#primaryimage\",\"url\":\"https:\/\/lfelsalvador.org\/wp-content\/uploads\/2016\/07\/fullsizeoutput_98d7-300x225.jpeg\",\"contentUrl\":\"https:\/\/lfelsalvador.org\/wp-content\/uploads\/2016\/07\/fullsizeoutput_98d7-300x225.jpeg\"},{\"@type\":\"BreadcrumbList\",\"@id\":\"https:\/\/lfelsalvador.org\/fr\/bien-etre-des-eleves\/sante-et-departement-de-psychologie\/#breadcrumb\",\"itemListElement\":[{\"@type\":\"ListItem\",\"position\":1,\"name\":\"Portada\",\"item\":\"https:\/\/lfelsalvador.org\/fr\/\"},{\"@type\":\"ListItem\",\"position\":2,\"name\":\"Bien-\u00eatre des \u00e9l\u00e8ves\",\"item\":\"https:\/\/lfelsalvador.org\/fr\/bien-etre-des-eleves\/\"},{\"@type\":\"ListItem\",\"position\":3,\"name\":\"Sant\u00e9 et D\u00e9partement de Psychologie\"}]},{\"@type\":\"WebSite\",\"@id\":\"https:\/\/lfelsalvador.org\/#website\",\"url\":\"https:\/\/lfelsalvador.org\/\",\"name\":\"Liceo Frances de San Salvador\",\"description\":\"\",\"potentialAction\":[{\"@type\":\"SearchAction\",\"target\":{\"@type\":\"EntryPoint\",\"urlTemplate\":\"https:\/\/lfelsalvador.org\/?s={search_term_string}\"},\"query-input\":{\"@type\":\"PropertyValueSpecification\",\"valueRequired\":true,\"valueName\":\"search_term_string\"}}],\"inLanguage\":\"fr-FR\"}]}<\/script>\n<!-- \/ Yoast SEO plugin. -->","yoast_head_json":{"title":"Sant\u00e9 et D\u00e9partement de Psychologie | Liceo Frances de San Salvador","robots":{"index":"index","follow":"follow","max-snippet":"max-snippet:-1","max-image-preview":"max-image-preview:large","max-video-preview":"max-video-preview:-1"},"canonical":"https:\/\/lfelsalvador.org\/fr\/bien-etre-des-eleves\/sante-et-departement-de-psychologie\/","og_locale":"fr_FR","og_type":"article","og_title":"Sant\u00e9 et D\u00e9partement de Psychologie | Liceo Frances de San Salvador","og_description":"Sant\u00e9 L\u2019infirmerie est un lieu de soins o\u00f9 l\u2019\u00e9l\u00e8ve est conduit en cas de maladie, malaise ou accident. Elle est ouverte \u00e0\u00a0tous les \u00e9l\u00e8ves du Lyc\u00e9e : &#8211; Dans le b\u00e2timent de la Maternelle : de 7h \u00e0 13h &#8211; Dans le b\u00e2timent du Primaire : de 9h30 \u00e0 17h30\u00a0 Les informations m\u00e9dicales communiqu\u00e9es par [&hellip;]","og_url":"https:\/\/lfelsalvador.org\/fr\/bien-etre-des-eleves\/sante-et-departement-de-psychologie\/","og_site_name":"Liceo Frances de San Salvador","article_publisher":"https:\/\/www.facebook.com\/lfelsalvador\/","article_modified_time":"2024-09-10T13:36:43+00:00","og_image":[{"url":"https:\/\/lfelsalvador.org\/wp-content\/uploads\/2016\/07\/fullsizeoutput_98d7-300x225.jpeg","type":"","width":"","height":""}],"twitter_card":"summary_large_image","twitter_site":"@lfelsalvador1","twitter_misc":{"Dur\u00e9e de lecture estim\u00e9e":"4 minutes"},"schema":{"@context":"https:\/\/schema.org","@graph":[{"@type":"WebPage","@id":"https:\/\/lfelsalvador.org\/fr\/bien-etre-des-eleves\/sante-et-departement-de-psychologie\/","url":"https:\/\/lfelsalvador.org\/fr\/bien-etre-des-eleves\/sante-et-departement-de-psychologie\/","name":"Sant\u00e9 et D\u00e9partement de Psychologie | Liceo Frances de San Salvador","isPartOf":{"@id":"https:\/\/lfelsalvador.org\/#website"},"primaryImageOfPage":{"@id":"https:\/\/lfelsalvador.org\/fr\/bien-etre-des-eleves\/sante-et-departement-de-psychologie\/#primaryimage"},"image":{"@id":"https:\/\/lfelsalvador.org\/fr\/bien-etre-des-eleves\/sante-et-departement-de-psychologie\/#primaryimage"},"thumbnailUrl":"https:\/\/lfelsalvador.org\/wp-content\/uploads\/2016\/07\/fullsizeoutput_98d7-300x225.jpeg","datePublished":"2016-08-03T03:36:32+00:00","dateModified":"2024-09-10T13:36:43+00:00","breadcrumb":{"@id":"https:\/\/lfelsalvador.org\/fr\/bien-etre-des-eleves\/sante-et-departement-de-psychologie\/#breadcrumb"},"inLanguage":"fr-FR","potentialAction":[{"@type":"ReadAction","target":["https:\/\/lfelsalvador.org\/fr\/bien-etre-des-eleves\/sante-et-departement-de-psychologie\/"]}]},{"@type":"ImageObject","inLanguage":"fr-FR","@id":"https:\/\/lfelsalvador.org\/fr\/bien-etre-des-eleves\/sante-et-departement-de-psychologie\/#primaryimage","url":"https:\/\/lfelsalvador.org\/wp-content\/uploads\/2016\/07\/fullsizeoutput_98d7-300x225.jpeg","contentUrl":"https:\/\/lfelsalvador.org\/wp-content\/uploads\/2016\/07\/fullsizeoutput_98d7-300x225.jpeg"},{"@type":"BreadcrumbList","@id":"https:\/\/lfelsalvador.org\/fr\/bien-etre-des-eleves\/sante-et-departement-de-psychologie\/#breadcrumb","itemListElement":[{"@type":"ListItem","position":1,"name":"Portada","item":"https:\/\/lfelsalvador.org\/fr\/"},{"@type":"ListItem","position":2,"name":"Bien-\u00eatre des \u00e9l\u00e8ves","item":"https:\/\/lfelsalvador.org\/fr\/bien-etre-des-eleves\/"},{"@type":"ListItem","position":3,"name":"Sant\u00e9 et D\u00e9partement de Psychologie"}]},{"@type":"WebSite","@id":"https:\/\/lfelsalvador.org\/#website","url":"https:\/\/lfelsalvador.org\/","name":"Liceo Frances de San Salvador","description":"","potentialAction":[{"@type":"SearchAction","target":{"@type":"EntryPoint","urlTemplate":"https:\/\/lfelsalvador.org\/?s={search_term_string}"},"query-input":{"@type":"PropertyValueSpecification","valueRequired":true,"valueName":"search_term_string"}}],"inLanguage":"fr-FR"}]}},"_links":{"self":[{"href":"https:\/\/lfelsalvador.org\/fr\/wp-json\/wp\/v2\/pages\/644","targetHints":{"allow":["GET"]}}],"collection":[{"href":"https:\/\/lfelsalvador.org\/fr\/wp-json\/wp\/v2\/pages"}],"about":[{"href":"https:\/\/lfelsalvador.org\/fr\/wp-json\/wp\/v2\/types\/page"}],"author":[{"embeddable":true,"href":"https:\/\/lfelsalvador.org\/fr\/wp-json\/wp\/v2\/users\/1"}],"replies":[{"embeddable":true,"href":"https:\/\/lfelsalvador.org\/fr\/wp-json\/wp\/v2\/comments?post=644"}],"version-history":[{"count":12,"href":"https:\/\/lfelsalvador.org\/fr\/wp-json\/wp\/v2\/pages\/644\/revisions"}],"predecessor-version":[{"id":10410,"href":"https:\/\/lfelsalvador.org\/fr\/wp-json\/wp\/v2\/pages\/644\/revisions\/10410"}],"up":[{"embeddable":true,"href":"https:\/\/lfelsalvador.org\/fr\/wp-json\/wp\/v2\/pages\/642"}],"wp:attachment":[{"href":"https:\/\/lfelsalvador.org\/fr\/wp-json\/wp\/v2\/media?parent=644"}],"curies":[{"name":"wp","href":"https:\/\/api.w.org\/{rel}","templated":true}]}}