{"id":6436,"date":"2019-09-09T18:57:57","date_gmt":"2019-09-09T18:57:57","guid":{"rendered":"https:\/\/lfelsalvador.org\/fr\/?page_id=6436"},"modified":"2025-11-13T18:15:01","modified_gmt":"2025-11-13T18:15:01","slug":"conseil-des-delegues-pour-la-vie-collegienne-le-cvc","status":"publish","type":"page","link":"https:\/\/lfelsalvador.org\/fr\/instances\/conseil-des-delegues-pour-la-vie-collegienne-le-cvc\/","title":{"rendered":"Conseil des d\u00e9l\u00e9gu\u00e9s pour la Vie Coll\u00e9gienne \u2013 Le CVC"},"content":{"rendered":"\n<figure class=\"wp-block-image size-large\"><img loading=\"lazy\" decoding=\"async\" width=\"1024\" height=\"768\" src=\"https:\/\/lfelsalvador.org\/wp-content\/uploads\/2025\/11\/IMG_0349-1024x768.jpg\" alt=\"\" class=\"wp-image-11129\" srcset=\"https:\/\/lfelsalvador.org\/wp-content\/uploads\/2025\/11\/IMG_0349-1024x768.jpg 1024w, https:\/\/lfelsalvador.org\/wp-content\/uploads\/2025\/11\/IMG_0349-300x225.jpg 300w, https:\/\/lfelsalvador.org\/wp-content\/uploads\/2025\/11\/IMG_0349-768x576.jpg 768w, https:\/\/lfelsalvador.org\/wp-content\/uploads\/2025\/11\/IMG_0349-1536x1152.jpg 1536w, https:\/\/lfelsalvador.org\/wp-content\/uploads\/2025\/11\/IMG_0349-2048x1536.jpg 2048w\" sizes=\"auto, (max-width: 1024px) 100vw, 1024px\" \/><figcaption class=\"wp-element-caption\">CVC 2025-2026<\/figcaption><\/figure>\n\n\n<h2>\u00a0<\/h2>\n<h2>R\u00d4LE DU C.V.C.<\/h2>\n<p>Dans les \u00e9tablissements qui comprennent un enseignement du coll\u00e8ge, de la 6\u00e8me \u00e0 la 3\u00e8me, il est instaur\u00e9 un conseil des d\u00e9l\u00e9gu\u00e9s pour la vie coll\u00e9gienne. Lieu privil\u00e9gi\u00e9 d\u2019\u00e9coute et d\u2019\u00e9changes entre \u00e9l\u00e8ves et adultes de la communaut\u00e9 \u00e9ducative, c\u2019est l\u2019instance ou sont d\u00e9battues toutes les questions concr\u00e9tes relatives aux conditions de vie dans l\u2019\u00e9tablissement. Les coll\u00e9giens \u00e9mettent des avis et formulent des propositions qui sont port\u00e9es \u00e0 la connaissance du\u00a0conseil d\u2019\u00e9tablissement.<\/p>\n<p>Le conseil des d\u00e9l\u00e9gu\u00e9s pour la vie coll\u00e9gienne exerce les attributions suivantes :<\/p>\n<div class=\"shortcode-list shortcode-list-check\">\n<ul>\n<li>il formule des propositions sur la formation des repr\u00e9sentants des \u00e9l\u00e8ves.<\/li>\n<li>il est obligatoirement consult\u00e9 sur les questions relatives aux principes g\u00e9n\u00e9raux de l\u2019organisation des \u00e9tudes, sur I\u2019organisation du temps scolaire, sur l\u2019\u00e9laboration du projet d\u2019\u00e9tablissement et du r\u00e8glement int\u00e9rieur ; les questions de restauration et d\u2019internat ; les modalit\u00e9s g\u00e9n\u00e9rales de l\u2019organisation du travail personnel, de l\u2019accompagnement personnalis\u00e9, des dispositifs d\u2019accompagnement des changements d\u2019orientation, du soutien et de l\u2019aide aux \u00e9l\u00e8ves, des \u00e9changes linguistiques et culturels en partenariat avec les \u00e9tablissements d\u2019enseignement europ\u00e9ens et \u00e9trangers ; sur l\u2019information relative a l\u2019orientation, aux \u00e9tudes scolaires et universitaires et aux carri\u00e8res professionnelles ; la sant\u00e9, l\u2019hygi\u00e8ne et la s\u00e9curit\u00e9, l\u2019am\u00e9nagement des espaces destin\u00e9s a la vie lyc\u00e9enne ; sur I\u2019organisation des activit\u00e9s sportives, culturelles et p\u00e9riscolaires.<\/li>\n<\/ul>\n<\/div>\n<p>Le vice-pr\u00e9sident du conseil des d\u00e9l\u00e9gu\u00e9s pour la vie coll\u00e9gienne pr\u00e9sente au conseil d\u2019\u00e9tablissement les avis et les propositions, ainsi que les comptes rendus de s\u00e9ance.<\/p>\n<h2>COMPOSITION ET FONCTIONNEMENT<\/h2>\n<p>Le CVC est pr\u00e9sid\u00e9 par le chef d\u2019\u00e9tablissement.<\/p>\n<p>Le C.V.C. est compos\u00e9 de dix coll\u00e9giens\u00a0\u00e9lus pour deux ans par l\u2019ensemble des coll\u00e9giens, au scrutin plurinominal \u00e0 un tour. En cas d\u2019\u00e9galit\u00e9 des voix, le plus jeune candidat est d\u00e9clar\u00e9 \u00e9lu. Pour chaque titulaire, un suppl\u00e9ant est \u00e9lu dans les m\u00eames conditions. Lorsque le titulaire \u00e9lu est en derni\u00e8re ann\u00e9e de cycle d\u2019\u00e9tudes, son suppl\u00e9ant doit \u00eatre inscrit dans une classe de niveau inf\u00e9rieur. Un membre suppl\u00e9ant ne peut si\u00e9ger qu\u2019en absence du titulaire. Les membres du conseil des d\u00e9l\u00e9gu\u00e9s pour la vie coll\u00e9gienne sont renouvel\u00e9s par moiti\u00e9 tous les ans. Les repr\u00e9sentants des coll\u00e9giens\u00a0\u00e9lisent pour un an, en leur sein, au scrutin uninominal a deux tours, un repr\u00e9sentant titulaire et un repr\u00e9sentant suppl\u00e9ant au conseil d\u2019\u00e9tablissement.<\/p>\n<p>Le repr\u00e9sentant titulaire assure les fonctions de vice-pr\u00e9sident du conseil des d\u00e9l\u00e9gu\u00e9s pour\u00a0la vie coll\u00e9gienne.\u00a0Assistent, \u00e0 titre consultatif, aux r\u00e9unions du conseil des d\u00e9l\u00e9gu\u00e9s pour la vie coll\u00e9gienne,\u00a0des repr\u00e9sentants des personnels et des parents d\u2019\u00e9l\u00e8ves dont le nombre est \u00e9gal \u00e0 celui des membres. Les repr\u00e9sentants des personnels sont d\u00e9sign\u00e9s chaque ann\u00e9e, parmi les membres volontaires des personnels d\u2019enseignement et d\u2019\u00e9ducation et des personnels administratifs, techniques, sociaux et de sant\u00e9, au conseil d\u2019\u00e9tablissement. Deux repr\u00e9sentants des parents d\u2019\u00e9l\u00e8ves sont \u00e9lus, en leur sein, par les repr\u00e9sentants des parents d\u2019\u00e9l\u00e8ves au conseil d\u2019\u00e9tablissement.<\/p>","protected":false},"excerpt":{"rendered":"<p>\u00a0 R\u00d4LE DU C.V.C. Dans les \u00e9tablissements qui comprennent un enseignement du coll\u00e8ge, de la 6\u00e8me \u00e0 la 3\u00e8me, il est instaur\u00e9 un conseil des d\u00e9l\u00e9gu\u00e9s pour la vie coll\u00e9gienne. Lieu privil\u00e9gi\u00e9 d\u2019\u00e9coute et d\u2019\u00e9changes entre \u00e9l\u00e8ves et adultes de la communaut\u00e9 \u00e9ducative, c\u2019est l\u2019instance ou sont d\u00e9battues toutes les questions concr\u00e9tes relatives aux conditions [&hellip;]<\/p>\n","protected":false},"author":2,"featured_media":0,"parent":607,"menu_order":0,"comment_status":"closed","ping_status":"closed","template":"","meta":{"footnotes":""},"class_list":["post-6436","page","type-page","status-publish","hentry"],"yoast_head":"<!-- This site is optimized with the Yoast SEO plugin v27.2 - https:\/\/yoast.com\/product\/yoast-seo-wordpress\/ -->\n<title>Conseil des d\u00e9l\u00e9gu\u00e9s pour la Vie Coll\u00e9gienne \u2013 Le CVC | Liceo Frances de San Salvador<\/title>\n<meta name=\"robots\" content=\"index, follow, max-snippet:-1, max-image-preview:large, max-video-preview:-1\" \/>\n<link rel=\"canonical\" href=\"https:\/\/lfelsalvador.org\/fr\/instances\/conseil-des-delegues-pour-la-vie-collegienne-le-cvc\/\" \/>\n<meta property=\"og:locale\" content=\"fr_FR\" \/>\n<meta property=\"og:type\" content=\"article\" \/>\n<meta property=\"og:title\" content=\"Conseil des d\u00e9l\u00e9gu\u00e9s pour la Vie Coll\u00e9gienne \u2013 Le CVC | Liceo Frances de San Salvador\" \/>\n<meta property=\"og:description\" content=\"\u00a0 R\u00d4LE DU C.V.C. Dans les \u00e9tablissements qui comprennent un enseignement du coll\u00e8ge, de la 6\u00e8me \u00e0 la 3\u00e8me, il est instaur\u00e9 un conseil des d\u00e9l\u00e9gu\u00e9s pour la vie coll\u00e9gienne. Lieu privil\u00e9gi\u00e9 d\u2019\u00e9coute et d\u2019\u00e9changes entre \u00e9l\u00e8ves et adultes de la communaut\u00e9 \u00e9ducative, c\u2019est l\u2019instance ou sont d\u00e9battues toutes les questions concr\u00e9tes relatives aux conditions [&hellip;]\" \/>\n<meta property=\"og:url\" content=\"https:\/\/lfelsalvador.org\/fr\/instances\/conseil-des-delegues-pour-la-vie-collegienne-le-cvc\/\" \/>\n<meta property=\"og:site_name\" content=\"Liceo Frances de San Salvador\" \/>\n<meta property=\"article:publisher\" content=\"https:\/\/www.facebook.com\/lfelsalvador\/\" \/>\n<meta property=\"article:modified_time\" content=\"2025-11-13T18:15:01+00:00\" \/>\n<meta property=\"og:image\" content=\"https:\/\/lfelsalvador.org\/wp-content\/uploads\/2025\/11\/IMG_0349-scaled.jpg\" \/>\n\t<meta property=\"og:image:width\" content=\"2560\" \/>\n\t<meta property=\"og:image:height\" content=\"1920\" \/>\n\t<meta property=\"og:image:type\" content=\"image\/jpeg\" \/>\n<meta name=\"twitter:card\" content=\"summary_large_image\" \/>\n<meta name=\"twitter:site\" content=\"@lfelsalvador1\" \/>\n<meta name=\"twitter:label1\" content=\"Dur\u00e9e de lecture estim\u00e9e\" \/>\n\t<meta name=\"twitter:data1\" content=\"3 minutes\" \/>\n<script type=\"application\/ld+json\" class=\"yoast-schema-graph\">{\"@context\":\"https:\/\/schema.org\",\"@graph\":[{\"@type\":\"WebPage\",\"@id\":\"https:\/\/lfelsalvador.org\/fr\/instances\/conseil-des-delegues-pour-la-vie-collegienne-le-cvc\/\",\"url\":\"https:\/\/lfelsalvador.org\/fr\/instances\/conseil-des-delegues-pour-la-vie-collegienne-le-cvc\/\",\"name\":\"Conseil des d\u00e9l\u00e9gu\u00e9s pour la Vie Coll\u00e9gienne \u2013 Le CVC | Liceo Frances de San Salvador\",\"isPartOf\":{\"@id\":\"https:\/\/lfelsalvador.org\/#website\"},\"primaryImageOfPage\":{\"@id\":\"https:\/\/lfelsalvador.org\/fr\/instances\/conseil-des-delegues-pour-la-vie-collegienne-le-cvc\/#primaryimage\"},\"image\":{\"@id\":\"https:\/\/lfelsalvador.org\/fr\/instances\/conseil-des-delegues-pour-la-vie-collegienne-le-cvc\/#primaryimage\"},\"thumbnailUrl\":\"https:\/\/lfelsalvador.org\/wp-content\/uploads\/2025\/11\/IMG_0349-1024x768.jpg\",\"datePublished\":\"2019-09-09T18:57:57+00:00\",\"dateModified\":\"2025-11-13T18:15:01+00:00\",\"breadcrumb\":{\"@id\":\"https:\/\/lfelsalvador.org\/fr\/instances\/conseil-des-delegues-pour-la-vie-collegienne-le-cvc\/#breadcrumb\"},\"inLanguage\":\"fr-FR\",\"potentialAction\":[{\"@type\":\"ReadAction\",\"target\":[\"https:\/\/lfelsalvador.org\/fr\/instances\/conseil-des-delegues-pour-la-vie-collegienne-le-cvc\/\"]}]},{\"@type\":\"ImageObject\",\"inLanguage\":\"fr-FR\",\"@id\":\"https:\/\/lfelsalvador.org\/fr\/instances\/conseil-des-delegues-pour-la-vie-collegienne-le-cvc\/#primaryimage\",\"url\":\"https:\/\/lfelsalvador.org\/wp-content\/uploads\/2025\/11\/IMG_0349-1024x768.jpg\",\"contentUrl\":\"https:\/\/lfelsalvador.org\/wp-content\/uploads\/2025\/11\/IMG_0349-1024x768.jpg\"},{\"@type\":\"BreadcrumbList\",\"@id\":\"https:\/\/lfelsalvador.org\/fr\/instances\/conseil-des-delegues-pour-la-vie-collegienne-le-cvc\/#breadcrumb\",\"itemListElement\":[{\"@type\":\"ListItem\",\"position\":1,\"name\":\"Portada\",\"item\":\"https:\/\/lfelsalvador.org\/fr\/\"},{\"@type\":\"ListItem\",\"position\":2,\"name\":\"Instances\",\"item\":\"https:\/\/lfelsalvador.org\/fr\/instances\/\"},{\"@type\":\"ListItem\",\"position\":3,\"name\":\"Conseil des d\u00e9l\u00e9gu\u00e9s pour la Vie Coll\u00e9gienne \u2013 Le CVC\"}]},{\"@type\":\"WebSite\",\"@id\":\"https:\/\/lfelsalvador.org\/#website\",\"url\":\"https:\/\/lfelsalvador.org\/\",\"name\":\"Liceo Frances de San Salvador\",\"description\":\"\",\"potentialAction\":[{\"@type\":\"SearchAction\",\"target\":{\"@type\":\"EntryPoint\",\"urlTemplate\":\"https:\/\/lfelsalvador.org\/?s={search_term_string}\"},\"query-input\":{\"@type\":\"PropertyValueSpecification\",\"valueRequired\":true,\"valueName\":\"search_term_string\"}}],\"inLanguage\":\"fr-FR\"}]}<\/script>\n<!-- \/ Yoast SEO plugin. -->","yoast_head_json":{"title":"Conseil des d\u00e9l\u00e9gu\u00e9s pour la Vie Coll\u00e9gienne \u2013 Le CVC | Liceo Frances de San Salvador","robots":{"index":"index","follow":"follow","max-snippet":"max-snippet:-1","max-image-preview":"max-image-preview:large","max-video-preview":"max-video-preview:-1"},"canonical":"https:\/\/lfelsalvador.org\/fr\/instances\/conseil-des-delegues-pour-la-vie-collegienne-le-cvc\/","og_locale":"fr_FR","og_type":"article","og_title":"Conseil des d\u00e9l\u00e9gu\u00e9s pour la Vie Coll\u00e9gienne \u2013 Le CVC | Liceo Frances de San Salvador","og_description":"\u00a0 R\u00d4LE DU C.V.C. Dans les \u00e9tablissements qui comprennent un enseignement du coll\u00e8ge, de la 6\u00e8me \u00e0 la 3\u00e8me, il est instaur\u00e9 un conseil des d\u00e9l\u00e9gu\u00e9s pour la vie coll\u00e9gienne. Lieu privil\u00e9gi\u00e9 d\u2019\u00e9coute et d\u2019\u00e9changes entre \u00e9l\u00e8ves et adultes de la communaut\u00e9 \u00e9ducative, c\u2019est l\u2019instance ou sont d\u00e9battues toutes les questions concr\u00e9tes relatives aux conditions [&hellip;]","og_url":"https:\/\/lfelsalvador.org\/fr\/instances\/conseil-des-delegues-pour-la-vie-collegienne-le-cvc\/","og_site_name":"Liceo Frances de San Salvador","article_publisher":"https:\/\/www.facebook.com\/lfelsalvador\/","article_modified_time":"2025-11-13T18:15:01+00:00","og_image":[{"width":2560,"height":1920,"url":"https:\/\/lfelsalvador.org\/wp-content\/uploads\/2025\/11\/IMG_0349-scaled.jpg","type":"image\/jpeg"}],"twitter_card":"summary_large_image","twitter_site":"@lfelsalvador1","twitter_misc":{"Dur\u00e9e de lecture estim\u00e9e":"3 minutes"},"schema":{"@context":"https:\/\/schema.org","@graph":[{"@type":"WebPage","@id":"https:\/\/lfelsalvador.org\/fr\/instances\/conseil-des-delegues-pour-la-vie-collegienne-le-cvc\/","url":"https:\/\/lfelsalvador.org\/fr\/instances\/conseil-des-delegues-pour-la-vie-collegienne-le-cvc\/","name":"Conseil des d\u00e9l\u00e9gu\u00e9s pour la Vie Coll\u00e9gienne \u2013 Le CVC | Liceo Frances de San Salvador","isPartOf":{"@id":"https:\/\/lfelsalvador.org\/#website"},"primaryImageOfPage":{"@id":"https:\/\/lfelsalvador.org\/fr\/instances\/conseil-des-delegues-pour-la-vie-collegienne-le-cvc\/#primaryimage"},"image":{"@id":"https:\/\/lfelsalvador.org\/fr\/instances\/conseil-des-delegues-pour-la-vie-collegienne-le-cvc\/#primaryimage"},"thumbnailUrl":"https:\/\/lfelsalvador.org\/wp-content\/uploads\/2025\/11\/IMG_0349-1024x768.jpg","datePublished":"2019-09-09T18:57:57+00:00","dateModified":"2025-11-13T18:15:01+00:00","breadcrumb":{"@id":"https:\/\/lfelsalvador.org\/fr\/instances\/conseil-des-delegues-pour-la-vie-collegienne-le-cvc\/#breadcrumb"},"inLanguage":"fr-FR","potentialAction":[{"@type":"ReadAction","target":["https:\/\/lfelsalvador.org\/fr\/instances\/conseil-des-delegues-pour-la-vie-collegienne-le-cvc\/"]}]},{"@type":"ImageObject","inLanguage":"fr-FR","@id":"https:\/\/lfelsalvador.org\/fr\/instances\/conseil-des-delegues-pour-la-vie-collegienne-le-cvc\/#primaryimage","url":"https:\/\/lfelsalvador.org\/wp-content\/uploads\/2025\/11\/IMG_0349-1024x768.jpg","contentUrl":"https:\/\/lfelsalvador.org\/wp-content\/uploads\/2025\/11\/IMG_0349-1024x768.jpg"},{"@type":"BreadcrumbList","@id":"https:\/\/lfelsalvador.org\/fr\/instances\/conseil-des-delegues-pour-la-vie-collegienne-le-cvc\/#breadcrumb","itemListElement":[{"@type":"ListItem","position":1,"name":"Portada","item":"https:\/\/lfelsalvador.org\/fr\/"},{"@type":"ListItem","position":2,"name":"Instances","item":"https:\/\/lfelsalvador.org\/fr\/instances\/"},{"@type":"ListItem","position":3,"name":"Conseil des d\u00e9l\u00e9gu\u00e9s pour la Vie Coll\u00e9gienne \u2013 Le CVC"}]},{"@type":"WebSite","@id":"https:\/\/lfelsalvador.org\/#website","url":"https:\/\/lfelsalvador.org\/","name":"Liceo Frances de San Salvador","description":"","potentialAction":[{"@type":"SearchAction","target":{"@type":"EntryPoint","urlTemplate":"https:\/\/lfelsalvador.org\/?s={search_term_string}"},"query-input":{"@type":"PropertyValueSpecification","valueRequired":true,"valueName":"search_term_string"}}],"inLanguage":"fr-FR"}]}},"_links":{"self":[{"href":"https:\/\/lfelsalvador.org\/fr\/wp-json\/wp\/v2\/pages\/6436","targetHints":{"allow":["GET"]}}],"collection":[{"href":"https:\/\/lfelsalvador.org\/fr\/wp-json\/wp\/v2\/pages"}],"about":[{"href":"https:\/\/lfelsalvador.org\/fr\/wp-json\/wp\/v2\/types\/page"}],"author":[{"embeddable":true,"href":"https:\/\/lfelsalvador.org\/fr\/wp-json\/wp\/v2\/users\/2"}],"replies":[{"embeddable":true,"href":"https:\/\/lfelsalvador.org\/fr\/wp-json\/wp\/v2\/comments?post=6436"}],"version-history":[{"count":4,"href":"https:\/\/lfelsalvador.org\/fr\/wp-json\/wp\/v2\/pages\/6436\/revisions"}],"predecessor-version":[{"id":11132,"href":"https:\/\/lfelsalvador.org\/fr\/wp-json\/wp\/v2\/pages\/6436\/revisions\/11132"}],"up":[{"embeddable":true,"href":"https:\/\/lfelsalvador.org\/fr\/wp-json\/wp\/v2\/pages\/607"}],"wp:attachment":[{"href":"https:\/\/lfelsalvador.org\/fr\/wp-json\/wp\/v2\/media?parent=6436"}],"curies":[{"name":"wp","href":"https:\/\/api.w.org\/{rel}","templated":true}]}}