{"id":627,"date":"2016-08-03T01:31:11","date_gmt":"2016-08-03T01:31:11","guid":{"rendered":"http:\/\/lfelsalvador.org\/fr\/?page_id=627"},"modified":"2019-09-09T17:27:53","modified_gmt":"2019-09-09T17:27:53","slug":"conseil-des-enfants","status":"publish","type":"page","link":"https:\/\/lfelsalvador.org\/fr\/instances\/conseil-des-enfants\/","title":{"rendered":"Conseil des enfants"},"content":{"rendered":"<div class=\"error-message\"><\/div>\n<p>Chaque conseil des enfants (de cycle 2 et de cycle 3) se r\u00e9unit une fois par trimestre. Il est compos\u00e9 du directeur qui le pr\u00e9side, de 3 enseignants de fran\u00e7ais (avec rotation trimestrielle), 1 enseignante d\u2019espagnol, la documentaliste de la BCD, 2 \u00e9l\u00e8ves d\u00e9l\u00e9gu\u00e9s par classe (avec rotation trimestrielle) dont deux secr\u00e9taires de s\u00e9ance, 1 ma\u00eetre du temps, 1 distributeur de parole d\u00e9sign\u00e9s par le conseil en d\u00e9but de s\u00e9ance. Trois adultes tutorent les \u00e9l\u00e8ves occupant une des trois derni\u00e8res fonctions cit\u00e9es<br \/>\nL\u2019objectif de cr\u00e9er un conseil des enfants est triple :<\/p>\n<div class=\"shortcode-list shortcode-list-check\">\n<ul>\n<li>participer \u00e0 la vie de l\u2019\u00e9cole en respectant les r\u00e8gles de vie<\/li>\n<li>\u00eatre en mesure de respecter son environnement proche et d\u2019acqu\u00e9rir des attitudes citoyennes<\/li>\n<li>donner une approche du fonctionnement d\u00e9mocratique<\/li>\n<\/ul>\n<\/div>\n<p>&nbsp;<\/p>\n<h2>Fonctionnement:<\/h2>\n<p>A) <strong>Avant le conseil:\u00a0<\/strong>Chaque classe \u00e9lit ses d\u00e9l\u00e9gu\u00e9s et compl\u00e8te l\u2019ordre du jour au moins une semaine avant le conseil. Le directeur rassemble les propositions d\u2019ordre du jour et les synth\u00e9tise.Les \u00e9l\u00e8ves d\u00e9l\u00e9gu\u00e9s re\u00e7oivent une convocation.<\/p>\n<p>B) <strong>Pendant le conseil:<\/strong> Les \u00e9l\u00e8ves font des propositions pour am\u00e9liorer leur confort, pour aider le lyc\u00e9e \u00e0 \u00eatre plus \u00e9co-responsable\u2026<\/p>\n<p>C) <strong>Apr\u00e8s le conseil:<\/strong>\u00a0Un enseignant membre du conseil aide les enfants secr\u00e9taires de s\u00e9ance \u00e0 r\u00e9diger le compte-rendu. Les propositions sont discut\u00e9es en \u00e9quipe de direction. Certaines peuvent \u00eatre d\u00e9battues par la suite en conseil d\u2019\u00e9cole et conseil d\u2019\u00e9tablissement.<\/p>\n<p>&nbsp;<\/p>\n","protected":false},"excerpt":{"rendered":"<p>Chaque conseil des enfants (de cycle 2 et de cycle 3) se r\u00e9unit une fois par trimestre. Il est compos\u00e9 du directeur qui le pr\u00e9side, de 3 enseignants de fran\u00e7ais (avec rotation trimestrielle), 1 enseignante d\u2019espagnol, la documentaliste de la BCD, 2 \u00e9l\u00e8ves d\u00e9l\u00e9gu\u00e9s par classe (avec rotation trimestrielle) dont deux secr\u00e9taires de s\u00e9ance, 1 [&hellip;]<\/p>\n","protected":false},"author":1,"featured_media":0,"parent":607,"menu_order":0,"comment_status":"closed","ping_status":"closed","template":"","meta":{"footnotes":""},"class_list":["post-627","page","type-page","status-publish","hentry"],"yoast_head":"<!-- This site is optimized with the Yoast SEO plugin v27.2 - https:\/\/yoast.com\/product\/yoast-seo-wordpress\/ -->\n<title>Conseil des enfants | Liceo Frances de San Salvador<\/title>\n<meta name=\"robots\" content=\"index, follow, max-snippet:-1, max-image-preview:large, max-video-preview:-1\" \/>\n<link rel=\"canonical\" href=\"https:\/\/lfelsalvador.org\/fr\/instances\/conseil-des-enfants\/\" \/>\n<meta property=\"og:locale\" content=\"fr_FR\" \/>\n<meta property=\"og:type\" content=\"article\" \/>\n<meta property=\"og:title\" content=\"Conseil des enfants | Liceo Frances de San Salvador\" \/>\n<meta property=\"og:description\" content=\"Chaque conseil des enfants (de cycle 2 et de cycle 3) se r\u00e9unit une fois par trimestre. Il est compos\u00e9 du directeur qui le pr\u00e9side, de 3 enseignants de fran\u00e7ais (avec rotation trimestrielle), 1 enseignante d\u2019espagnol, la documentaliste de la BCD, 2 \u00e9l\u00e8ves d\u00e9l\u00e9gu\u00e9s par classe (avec rotation trimestrielle) dont deux secr\u00e9taires de s\u00e9ance, 1 [&hellip;]\" \/>\n<meta property=\"og:url\" content=\"https:\/\/lfelsalvador.org\/fr\/instances\/conseil-des-enfants\/\" \/>\n<meta property=\"og:site_name\" content=\"Liceo Frances de San Salvador\" \/>\n<meta property=\"article:publisher\" content=\"https:\/\/www.facebook.com\/lfelsalvador\/\" \/>\n<meta property=\"article:modified_time\" content=\"2019-09-09T17:27:53+00:00\" \/>\n<meta property=\"og:image\" content=\"http:\/\/lfelsalvador.org\/wp-content\/uploads\/2016\/08\/Site-4.jpg\" \/>\n<meta name=\"twitter:card\" content=\"summary_large_image\" \/>\n<meta name=\"twitter:site\" content=\"@lfelsalvador1\" \/>\n<meta name=\"twitter:label1\" content=\"Dur\u00e9e de lecture estim\u00e9e\" \/>\n\t<meta name=\"twitter:data1\" content=\"1 minute\" \/>\n<script type=\"application\/ld+json\" class=\"yoast-schema-graph\">{\"@context\":\"https:\/\/schema.org\",\"@graph\":[{\"@type\":\"WebPage\",\"@id\":\"https:\/\/lfelsalvador.org\/fr\/instances\/conseil-des-enfants\/\",\"url\":\"https:\/\/lfelsalvador.org\/fr\/instances\/conseil-des-enfants\/\",\"name\":\"Conseil des enfants | Liceo Frances de San Salvador\",\"isPartOf\":{\"@id\":\"https:\/\/lfelsalvador.org\/#website\"},\"datePublished\":\"2016-08-03T01:31:11+00:00\",\"dateModified\":\"2019-09-09T17:27:53+00:00\",\"breadcrumb\":{\"@id\":\"https:\/\/lfelsalvador.org\/fr\/instances\/conseil-des-enfants\/#breadcrumb\"},\"inLanguage\":\"fr-FR\",\"potentialAction\":[{\"@type\":\"ReadAction\",\"target\":[\"https:\/\/lfelsalvador.org\/fr\/instances\/conseil-des-enfants\/\"]}]},{\"@type\":\"BreadcrumbList\",\"@id\":\"https:\/\/lfelsalvador.org\/fr\/instances\/conseil-des-enfants\/#breadcrumb\",\"itemListElement\":[{\"@type\":\"ListItem\",\"position\":1,\"name\":\"Portada\",\"item\":\"https:\/\/lfelsalvador.org\/fr\/\"},{\"@type\":\"ListItem\",\"position\":2,\"name\":\"Instances\",\"item\":\"https:\/\/lfelsalvador.org\/fr\/instances\/\"},{\"@type\":\"ListItem\",\"position\":3,\"name\":\"Conseil des enfants\"}]},{\"@type\":\"WebSite\",\"@id\":\"https:\/\/lfelsalvador.org\/#website\",\"url\":\"https:\/\/lfelsalvador.org\/\",\"name\":\"Liceo Frances de San Salvador\",\"description\":\"\",\"potentialAction\":[{\"@type\":\"SearchAction\",\"target\":{\"@type\":\"EntryPoint\",\"urlTemplate\":\"https:\/\/lfelsalvador.org\/?s={search_term_string}\"},\"query-input\":{\"@type\":\"PropertyValueSpecification\",\"valueRequired\":true,\"valueName\":\"search_term_string\"}}],\"inLanguage\":\"fr-FR\"}]}<\/script>\n<!-- \/ Yoast SEO plugin. -->","yoast_head_json":{"title":"Conseil des enfants | Liceo Frances de San Salvador","robots":{"index":"index","follow":"follow","max-snippet":"max-snippet:-1","max-image-preview":"max-image-preview:large","max-video-preview":"max-video-preview:-1"},"canonical":"https:\/\/lfelsalvador.org\/fr\/instances\/conseil-des-enfants\/","og_locale":"fr_FR","og_type":"article","og_title":"Conseil des enfants | Liceo Frances de San Salvador","og_description":"Chaque conseil des enfants (de cycle 2 et de cycle 3) se r\u00e9unit une fois par trimestre. Il est compos\u00e9 du directeur qui le pr\u00e9side, de 3 enseignants de fran\u00e7ais (avec rotation trimestrielle), 1 enseignante d\u2019espagnol, la documentaliste de la BCD, 2 \u00e9l\u00e8ves d\u00e9l\u00e9gu\u00e9s par classe (avec rotation trimestrielle) dont deux secr\u00e9taires de s\u00e9ance, 1 [&hellip;]","og_url":"https:\/\/lfelsalvador.org\/fr\/instances\/conseil-des-enfants\/","og_site_name":"Liceo Frances de San Salvador","article_publisher":"https:\/\/www.facebook.com\/lfelsalvador\/","article_modified_time":"2019-09-09T17:27:53+00:00","og_image":[{"url":"http:\/\/lfelsalvador.org\/wp-content\/uploads\/2016\/08\/Site-4.jpg","type":"","width":"","height":""}],"twitter_card":"summary_large_image","twitter_site":"@lfelsalvador1","twitter_misc":{"Dur\u00e9e de lecture estim\u00e9e":"1 minute"},"schema":{"@context":"https:\/\/schema.org","@graph":[{"@type":"WebPage","@id":"https:\/\/lfelsalvador.org\/fr\/instances\/conseil-des-enfants\/","url":"https:\/\/lfelsalvador.org\/fr\/instances\/conseil-des-enfants\/","name":"Conseil des enfants | Liceo Frances de San Salvador","isPartOf":{"@id":"https:\/\/lfelsalvador.org\/#website"},"datePublished":"2016-08-03T01:31:11+00:00","dateModified":"2019-09-09T17:27:53+00:00","breadcrumb":{"@id":"https:\/\/lfelsalvador.org\/fr\/instances\/conseil-des-enfants\/#breadcrumb"},"inLanguage":"fr-FR","potentialAction":[{"@type":"ReadAction","target":["https:\/\/lfelsalvador.org\/fr\/instances\/conseil-des-enfants\/"]}]},{"@type":"BreadcrumbList","@id":"https:\/\/lfelsalvador.org\/fr\/instances\/conseil-des-enfants\/#breadcrumb","itemListElement":[{"@type":"ListItem","position":1,"name":"Portada","item":"https:\/\/lfelsalvador.org\/fr\/"},{"@type":"ListItem","position":2,"name":"Instances","item":"https:\/\/lfelsalvador.org\/fr\/instances\/"},{"@type":"ListItem","position":3,"name":"Conseil des enfants"}]},{"@type":"WebSite","@id":"https:\/\/lfelsalvador.org\/#website","url":"https:\/\/lfelsalvador.org\/","name":"Liceo Frances de San Salvador","description":"","potentialAction":[{"@type":"SearchAction","target":{"@type":"EntryPoint","urlTemplate":"https:\/\/lfelsalvador.org\/?s={search_term_string}"},"query-input":{"@type":"PropertyValueSpecification","valueRequired":true,"valueName":"search_term_string"}}],"inLanguage":"fr-FR"}]}},"_links":{"self":[{"href":"https:\/\/lfelsalvador.org\/fr\/wp-json\/wp\/v2\/pages\/627","targetHints":{"allow":["GET"]}}],"collection":[{"href":"https:\/\/lfelsalvador.org\/fr\/wp-json\/wp\/v2\/pages"}],"about":[{"href":"https:\/\/lfelsalvador.org\/fr\/wp-json\/wp\/v2\/types\/page"}],"author":[{"embeddable":true,"href":"https:\/\/lfelsalvador.org\/fr\/wp-json\/wp\/v2\/users\/1"}],"replies":[{"embeddable":true,"href":"https:\/\/lfelsalvador.org\/fr\/wp-json\/wp\/v2\/comments?post=627"}],"version-history":[{"count":5,"href":"https:\/\/lfelsalvador.org\/fr\/wp-json\/wp\/v2\/pages\/627\/revisions"}],"predecessor-version":[{"id":6420,"href":"https:\/\/lfelsalvador.org\/fr\/wp-json\/wp\/v2\/pages\/627\/revisions\/6420"}],"up":[{"embeddable":true,"href":"https:\/\/lfelsalvador.org\/fr\/wp-json\/wp\/v2\/pages\/607"}],"wp:attachment":[{"href":"https:\/\/lfelsalvador.org\/fr\/wp-json\/wp\/v2\/media?parent=627"}],"curies":[{"name":"wp","href":"https:\/\/api.w.org\/{rel}","templated":true}]}}