{"id":620,"date":"2016-08-03T01:17:32","date_gmt":"2016-08-03T01:17:32","guid":{"rendered":"http:\/\/lfelsalvador.org\/fr\/?page_id=620"},"modified":"2025-09-30T16:09:59","modified_gmt":"2025-09-30T16:09:59","slug":"le-conseil-decole","status":"publish","type":"page","link":"https:\/\/lfelsalvador.org\/fr\/instances\/le-conseil-decole\/","title":{"rendered":"Le conseil d\u2019\u00e9cole"},"content":{"rendered":"<p>Le conseil d\u2019\u00e9cole est compos\u00e9 du directeur de l\u2019\u00e9cole, des ma\u00eetres de l\u2019\u00e9cole, des repr\u00e9sentants \u00e9lus des parents d\u2019\u00e9l\u00e8ves. Pour notre \u00e9cole, 15 enseignants sont d\u00e9sign\u00e9s pour repr\u00e9senter leurs coll\u00e8gues et 15 parents d\u2019\u00e9l\u00e8ves sont \u00e9lus pour si\u00e9ger au conseil d\u2019\u00e9cole.<\/p>\n<p>Le conseil d\u2019\u00e9cole se r\u00e9unit au moins une fois par trimestre.<\/p>\n<p>Il exerce notamment les comp\u00e9tences suivantes :<\/p>\n<div class=\"shortcode-list shortcode-list-check\">\n<ul>\n<li>Vote le r\u00e8glement int\u00e9rieur de l\u2019\u00e9cole<\/li>\n<li>\u00c9labore le projet d\u2019organisation de la semaine scolaire<\/li>\n<li>Dans le cadre de l\u2019\u00e9laboration du projet d\u2019\u00e9cole \u00e0 laquelle il est associ\u00e9, donne tous avis et pr\u00e9sente toutes les suggestions sur le fonctionnement de l\u2019\u00e9cole et sur toutes les questions int\u00e9ressant la vie de l\u2019\u00e9cole (dont les conditions de bonne int\u00e9gration d\u2019enfants handicap\u00e9s, les activit\u00e9s p\u00e9riscolaires, la restauration scolaire, les actions p\u00e9dagogiques, l\u2019utilisation des moyens allou\u00e9s \u00e0 l\u2019\u00e9cole)<\/li>\n<li>Donne son accord sur l\u2019organisation d\u2019activit\u00e9s compl\u00e9mentaires \u00e9ducatives, sportives et culturelles, etc.<\/li>\n<\/ul>\n<p>Vous trouverez toutes les informations sur les diff\u00e9rentes instances dans le lien suivant :<\/p>\n<p><a href=\"https:\/\/lfelsalvador.org\/wp-content\/uploads\/2016\/08\/Instances-du-Lyc\u00e9e-Fran\u00e7ais-de-San-Salvador.pdf\">Instances avec participation des parents &#8211; Lyc\u00e9e Fran\u00e7ais de San Salvador<\/a><\/p>\n<p><a href=\"http:\/\/lfelsalvador.org\/wp-content\/uploads\/2017\/11\/Instances-au-L-FSS-R-2017.pdf\">Instances du Lyc\u00e9e Fran\u00e7ais de San Salvador<\/a><\/p>\n<\/div>\n","protected":false},"excerpt":{"rendered":"<p>Le conseil d\u2019\u00e9cole est compos\u00e9 du directeur de l\u2019\u00e9cole, des ma\u00eetres de l\u2019\u00e9cole, des repr\u00e9sentants \u00e9lus des parents d\u2019\u00e9l\u00e8ves. Pour notre \u00e9cole, 15 enseignants sont d\u00e9sign\u00e9s pour repr\u00e9senter leurs coll\u00e8gues et 15 parents d\u2019\u00e9l\u00e8ves sont \u00e9lus pour si\u00e9ger au conseil d\u2019\u00e9cole. Le conseil d\u2019\u00e9cole se r\u00e9unit au moins une fois par trimestre. Il exerce notamment [&hellip;]<\/p>\n","protected":false},"author":1,"featured_media":0,"parent":607,"menu_order":0,"comment_status":"closed","ping_status":"closed","template":"","meta":{"footnotes":""},"class_list":["post-620","page","type-page","status-publish","hentry"],"yoast_head":"<!-- This site is optimized with the Yoast SEO plugin v27.2 - https:\/\/yoast.com\/product\/yoast-seo-wordpress\/ -->\n<title>Le conseil d\u2019\u00e9cole | Liceo Frances de San Salvador<\/title>\n<meta name=\"robots\" content=\"index, follow, max-snippet:-1, max-image-preview:large, max-video-preview:-1\" \/>\n<link rel=\"canonical\" href=\"https:\/\/lfelsalvador.org\/fr\/instances\/le-conseil-decole\/\" \/>\n<meta property=\"og:locale\" content=\"fr_FR\" \/>\n<meta property=\"og:type\" content=\"article\" \/>\n<meta property=\"og:title\" content=\"Le conseil d\u2019\u00e9cole | Liceo Frances de San Salvador\" \/>\n<meta property=\"og:description\" content=\"Le conseil d\u2019\u00e9cole est compos\u00e9 du directeur de l\u2019\u00e9cole, des ma\u00eetres de l\u2019\u00e9cole, des repr\u00e9sentants \u00e9lus des parents d\u2019\u00e9l\u00e8ves. Pour notre \u00e9cole, 15 enseignants sont d\u00e9sign\u00e9s pour repr\u00e9senter leurs coll\u00e8gues et 15 parents d\u2019\u00e9l\u00e8ves sont \u00e9lus pour si\u00e9ger au conseil d\u2019\u00e9cole. Le conseil d\u2019\u00e9cole se r\u00e9unit au moins une fois par trimestre. Il exerce notamment [&hellip;]\" \/>\n<meta property=\"og:url\" content=\"https:\/\/lfelsalvador.org\/fr\/instances\/le-conseil-decole\/\" \/>\n<meta property=\"og:site_name\" content=\"Liceo Frances de San Salvador\" \/>\n<meta property=\"article:publisher\" content=\"https:\/\/www.facebook.com\/lfelsalvador\/\" \/>\n<meta property=\"article:modified_time\" content=\"2025-09-30T16:09:59+00:00\" \/>\n<meta property=\"og:image\" content=\"http:\/\/lfelsalvador.org\/wp-content\/uploads\/2016\/08\/Site-4.jpg\" \/>\n<meta name=\"twitter:card\" content=\"summary_large_image\" \/>\n<meta name=\"twitter:site\" content=\"@lfelsalvador1\" \/>\n<meta name=\"twitter:label1\" content=\"Dur\u00e9e de lecture estim\u00e9e\" \/>\n\t<meta name=\"twitter:data1\" content=\"1 minute\" \/>\n<script type=\"application\/ld+json\" class=\"yoast-schema-graph\">{\"@context\":\"https:\/\/schema.org\",\"@graph\":[{\"@type\":\"WebPage\",\"@id\":\"https:\/\/lfelsalvador.org\/fr\/instances\/le-conseil-decole\/\",\"url\":\"https:\/\/lfelsalvador.org\/fr\/instances\/le-conseil-decole\/\",\"name\":\"Le conseil d\u2019\u00e9cole | Liceo Frances de San Salvador\",\"isPartOf\":{\"@id\":\"https:\/\/lfelsalvador.org\/#website\"},\"datePublished\":\"2016-08-03T01:17:32+00:00\",\"dateModified\":\"2025-09-30T16:09:59+00:00\",\"breadcrumb\":{\"@id\":\"https:\/\/lfelsalvador.org\/fr\/instances\/le-conseil-decole\/#breadcrumb\"},\"inLanguage\":\"fr-FR\",\"potentialAction\":[{\"@type\":\"ReadAction\",\"target\":[\"https:\/\/lfelsalvador.org\/fr\/instances\/le-conseil-decole\/\"]}]},{\"@type\":\"BreadcrumbList\",\"@id\":\"https:\/\/lfelsalvador.org\/fr\/instances\/le-conseil-decole\/#breadcrumb\",\"itemListElement\":[{\"@type\":\"ListItem\",\"position\":1,\"name\":\"Portada\",\"item\":\"https:\/\/lfelsalvador.org\/fr\/\"},{\"@type\":\"ListItem\",\"position\":2,\"name\":\"Instances\",\"item\":\"https:\/\/lfelsalvador.org\/fr\/instances\/\"},{\"@type\":\"ListItem\",\"position\":3,\"name\":\"Le conseil d\u2019\u00e9cole\"}]},{\"@type\":\"WebSite\",\"@id\":\"https:\/\/lfelsalvador.org\/#website\",\"url\":\"https:\/\/lfelsalvador.org\/\",\"name\":\"Liceo Frances de San Salvador\",\"description\":\"\",\"potentialAction\":[{\"@type\":\"SearchAction\",\"target\":{\"@type\":\"EntryPoint\",\"urlTemplate\":\"https:\/\/lfelsalvador.org\/?s={search_term_string}\"},\"query-input\":{\"@type\":\"PropertyValueSpecification\",\"valueRequired\":true,\"valueName\":\"search_term_string\"}}],\"inLanguage\":\"fr-FR\"}]}<\/script>\n<!-- \/ Yoast SEO plugin. -->","yoast_head_json":{"title":"Le conseil d\u2019\u00e9cole | Liceo Frances de San Salvador","robots":{"index":"index","follow":"follow","max-snippet":"max-snippet:-1","max-image-preview":"max-image-preview:large","max-video-preview":"max-video-preview:-1"},"canonical":"https:\/\/lfelsalvador.org\/fr\/instances\/le-conseil-decole\/","og_locale":"fr_FR","og_type":"article","og_title":"Le conseil d\u2019\u00e9cole | Liceo Frances de San Salvador","og_description":"Le conseil d\u2019\u00e9cole est compos\u00e9 du directeur de l\u2019\u00e9cole, des ma\u00eetres de l\u2019\u00e9cole, des repr\u00e9sentants \u00e9lus des parents d\u2019\u00e9l\u00e8ves. Pour notre \u00e9cole, 15 enseignants sont d\u00e9sign\u00e9s pour repr\u00e9senter leurs coll\u00e8gues et 15 parents d\u2019\u00e9l\u00e8ves sont \u00e9lus pour si\u00e9ger au conseil d\u2019\u00e9cole. Le conseil d\u2019\u00e9cole se r\u00e9unit au moins une fois par trimestre. Il exerce notamment [&hellip;]","og_url":"https:\/\/lfelsalvador.org\/fr\/instances\/le-conseil-decole\/","og_site_name":"Liceo Frances de San Salvador","article_publisher":"https:\/\/www.facebook.com\/lfelsalvador\/","article_modified_time":"2025-09-30T16:09:59+00:00","og_image":[{"url":"http:\/\/lfelsalvador.org\/wp-content\/uploads\/2016\/08\/Site-4.jpg","type":"","width":"","height":""}],"twitter_card":"summary_large_image","twitter_site":"@lfelsalvador1","twitter_misc":{"Dur\u00e9e de lecture estim\u00e9e":"1 minute"},"schema":{"@context":"https:\/\/schema.org","@graph":[{"@type":"WebPage","@id":"https:\/\/lfelsalvador.org\/fr\/instances\/le-conseil-decole\/","url":"https:\/\/lfelsalvador.org\/fr\/instances\/le-conseil-decole\/","name":"Le conseil d\u2019\u00e9cole | Liceo Frances de San Salvador","isPartOf":{"@id":"https:\/\/lfelsalvador.org\/#website"},"datePublished":"2016-08-03T01:17:32+00:00","dateModified":"2025-09-30T16:09:59+00:00","breadcrumb":{"@id":"https:\/\/lfelsalvador.org\/fr\/instances\/le-conseil-decole\/#breadcrumb"},"inLanguage":"fr-FR","potentialAction":[{"@type":"ReadAction","target":["https:\/\/lfelsalvador.org\/fr\/instances\/le-conseil-decole\/"]}]},{"@type":"BreadcrumbList","@id":"https:\/\/lfelsalvador.org\/fr\/instances\/le-conseil-decole\/#breadcrumb","itemListElement":[{"@type":"ListItem","position":1,"name":"Portada","item":"https:\/\/lfelsalvador.org\/fr\/"},{"@type":"ListItem","position":2,"name":"Instances","item":"https:\/\/lfelsalvador.org\/fr\/instances\/"},{"@type":"ListItem","position":3,"name":"Le conseil d\u2019\u00e9cole"}]},{"@type":"WebSite","@id":"https:\/\/lfelsalvador.org\/#website","url":"https:\/\/lfelsalvador.org\/","name":"Liceo Frances de San Salvador","description":"","potentialAction":[{"@type":"SearchAction","target":{"@type":"EntryPoint","urlTemplate":"https:\/\/lfelsalvador.org\/?s={search_term_string}"},"query-input":{"@type":"PropertyValueSpecification","valueRequired":true,"valueName":"search_term_string"}}],"inLanguage":"fr-FR"}]}},"_links":{"self":[{"href":"https:\/\/lfelsalvador.org\/fr\/wp-json\/wp\/v2\/pages\/620","targetHints":{"allow":["GET"]}}],"collection":[{"href":"https:\/\/lfelsalvador.org\/fr\/wp-json\/wp\/v2\/pages"}],"about":[{"href":"https:\/\/lfelsalvador.org\/fr\/wp-json\/wp\/v2\/types\/page"}],"author":[{"embeddable":true,"href":"https:\/\/lfelsalvador.org\/fr\/wp-json\/wp\/v2\/users\/1"}],"replies":[{"embeddable":true,"href":"https:\/\/lfelsalvador.org\/fr\/wp-json\/wp\/v2\/comments?post=620"}],"version-history":[{"count":27,"href":"https:\/\/lfelsalvador.org\/fr\/wp-json\/wp\/v2\/pages\/620\/revisions"}],"predecessor-version":[{"id":10900,"href":"https:\/\/lfelsalvador.org\/fr\/wp-json\/wp\/v2\/pages\/620\/revisions\/10900"}],"up":[{"embeddable":true,"href":"https:\/\/lfelsalvador.org\/fr\/wp-json\/wp\/v2\/pages\/607"}],"wp:attachment":[{"href":"https:\/\/lfelsalvador.org\/fr\/wp-json\/wp\/v2\/media?parent=620"}],"curies":[{"name":"wp","href":"https:\/\/api.w.org\/{rel}","templated":true}]}}