{"id":618,"date":"2016-08-03T01:03:30","date_gmt":"2016-08-03T01:03:30","guid":{"rendered":"http:\/\/lfelsalvador.org\/fr\/?page_id=618"},"modified":"2018-02-21T18:53:18","modified_gmt":"2018-02-21T18:53:18","slug":"annexes","status":"publish","type":"page","link":"https:\/\/lfelsalvador.org\/fr\/instances\/le-conseil-detablissement\/annexes\/","title":{"rendered":"Annexes"},"content":{"rendered":"<ul>\n<li><a href=\"https:\/\/drive.google.com\/open?id=0B6XEfEFPj38XcnRCcU1QMjE5TlRadGI4dmpqaElMbTNHNzNz\">Compte rendu provisoire du Conseil d&rsquo;\u00c9tablissement du 19 octobre 2017<\/a><\/li>\n<li><a href=\"http:\/\/lfelsalvador.org\/wp-content\/uploads\/2017\/11\/Compte-rendu-C-ETAB-8-juin-2017.pdf\">Compte rendu du Conseil d&rsquo;\u00c9tablissement du 8 juin 2017<\/a><\/li>\n<li><a href=\"http:\/\/lfelsalvador.org\/wp-content\/uploads\/2017\/04\/Compte-rendu-C-ETAB-15-f\u00e9vrier-2017.pdf\">Compte rendu du Conseil d&rsquo;\u00c9tablissement du 15 f\u00e9vrier 2017<\/a><\/li>\n<li><a href=\"http:\/\/lfelsalvador.org\/wp-content\/uploads\/2016\/10\/Relev\u00e9-de-conclusions-1er-CE-2016-2017.pdf\">Relev\u00e9 de conclusions 1er Conseil d\u2019Etablissement 2016-2017<\/a>(Octobre 2016)<\/li>\n<li><a href=\"http:\/\/lfelsalvador.org\/wp-content\/uploads\/2016\/07\/Releve-de-conclusions-C-ETAB-9-juin-2016.pdf\" target=\"_blank\">Relev\u00e9 de conclusions C ETAB<\/a> (9 Junio de\u00a02016)<\/li>\n<li><a href=\"http:\/\/lfelsalvador.org\/wp-content\/uploads\/2016\/07\/compte-rendu-conseil-d-ecole-N-2-2014-2015.pdf\" target=\"_blank\">Compte rendu conseil d ecole N\u00ba 2<\/a> (2014-2015)<\/li>\n<li><a href=\"http:\/\/lfelsalvador.org\/wp-content\/uploads\/2016\/07\/CR-CONSEIL-PEDAGOGIQUE-DU-24-fevrier-20151.pdf\" target=\"_blank\">Conseil pedagogique<\/a> (Martes 24 Febrero 2015)<\/li>\n<li><a href=\"http:\/\/lfelsalvador.org\/wp-content\/uploads\/2016\/07\/compte-rendu-conseil-d-ecole-N-2-2014-2015-1.pdf\" target=\"_blank\">Compte rendu Conseil Ecole N\u00ba 2<\/a> \u2013\u00a02014<\/li>\n<li><a href=\"http:\/\/lfelsalvador.org\/wp-content\/uploads\/2016\/07\/Compte-rendu-Conseil-Ecole-college-C-10-fevrier-2015.pdf\" target=\"_blank\">Compte rendu Conseil Ecole college C 10<\/a> (Martes 10 Febrero 2015)<\/li>\n<li><a href=\"http:\/\/lfelsalvador.org\/wp-content\/uploads\/2016\/07\/Calendrier-2015-2016-EL-SALVADOR-version-envoi-IEN.xlsx_.pdf\" target=\"_blank\">Calendrier d ecole<\/a> (2015-2016)<\/li>\n<\/ul>\n","protected":false},"excerpt":{"rendered":"<p>Compte rendu provisoire du Conseil d&rsquo;\u00c9tablissement du 19 octobre 2017 Compte rendu du Conseil d&rsquo;\u00c9tablissement du 8 juin 2017 Compte rendu du Conseil d&rsquo;\u00c9tablissement du 15 f\u00e9vrier 2017 Relev\u00e9 de conclusions 1er Conseil d\u2019Etablissement 2016-2017(Octobre 2016) Relev\u00e9 de conclusions C ETAB (9 Junio de\u00a02016) Compte rendu conseil d ecole N\u00ba 2 (2014-2015) Conseil pedagogique (Martes [&hellip;]<\/p>\n","protected":false},"author":1,"featured_media":0,"parent":609,"menu_order":0,"comment_status":"closed","ping_status":"closed","template":"","meta":{"footnotes":""},"class_list":["post-618","page","type-page","status-publish","hentry"],"yoast_head":"<!-- This site is optimized with the Yoast SEO plugin v27.2 - https:\/\/yoast.com\/product\/yoast-seo-wordpress\/ -->\n<title>Annexes | Liceo Frances de San Salvador<\/title>\n<meta name=\"robots\" content=\"index, follow, max-snippet:-1, max-image-preview:large, max-video-preview:-1\" \/>\n<link rel=\"canonical\" href=\"https:\/\/lfelsalvador.org\/fr\/instances\/le-conseil-detablissement\/annexes\/\" \/>\n<meta property=\"og:locale\" content=\"fr_FR\" \/>\n<meta property=\"og:type\" content=\"article\" \/>\n<meta property=\"og:title\" content=\"Annexes | Liceo Frances de San Salvador\" \/>\n<meta property=\"og:description\" content=\"Compte rendu provisoire du Conseil d&rsquo;\u00c9tablissement du 19 octobre 2017 Compte rendu du Conseil d&rsquo;\u00c9tablissement du 8 juin 2017 Compte rendu du Conseil d&rsquo;\u00c9tablissement du 15 f\u00e9vrier 2017 Relev\u00e9 de conclusions 1er Conseil d\u2019Etablissement 2016-2017(Octobre 2016) Relev\u00e9 de conclusions C ETAB (9 Junio de\u00a02016) Compte rendu conseil d ecole N\u00ba 2 (2014-2015) Conseil pedagogique (Martes [&hellip;]\" \/>\n<meta property=\"og:url\" content=\"https:\/\/lfelsalvador.org\/fr\/instances\/le-conseil-detablissement\/annexes\/\" \/>\n<meta property=\"og:site_name\" content=\"Liceo Frances de San Salvador\" \/>\n<meta property=\"article:publisher\" content=\"https:\/\/www.facebook.com\/lfelsalvador\/\" \/>\n<meta property=\"article:modified_time\" content=\"2018-02-21T18:53:18+00:00\" \/>\n<meta property=\"og:image\" content=\"http:\/\/lfelsalvador.org\/wp-content\/uploads\/2016\/08\/Site-4.jpg\" \/>\n<meta name=\"twitter:card\" content=\"summary_large_image\" \/>\n<meta name=\"twitter:site\" content=\"@lfelsalvador1\" \/>\n<script type=\"application\/ld+json\" class=\"yoast-schema-graph\">{\"@context\":\"https:\/\/schema.org\",\"@graph\":[{\"@type\":\"WebPage\",\"@id\":\"https:\/\/lfelsalvador.org\/fr\/instances\/le-conseil-detablissement\/annexes\/\",\"url\":\"https:\/\/lfelsalvador.org\/fr\/instances\/le-conseil-detablissement\/annexes\/\",\"name\":\"Annexes | Liceo Frances de San Salvador\",\"isPartOf\":{\"@id\":\"https:\/\/lfelsalvador.org\/#website\"},\"datePublished\":\"2016-08-03T01:03:30+00:00\",\"dateModified\":\"2018-02-21T18:53:18+00:00\",\"breadcrumb\":{\"@id\":\"https:\/\/lfelsalvador.org\/fr\/instances\/le-conseil-detablissement\/annexes\/#breadcrumb\"},\"inLanguage\":\"fr-FR\",\"potentialAction\":[{\"@type\":\"ReadAction\",\"target\":[\"https:\/\/lfelsalvador.org\/fr\/instances\/le-conseil-detablissement\/annexes\/\"]}]},{\"@type\":\"BreadcrumbList\",\"@id\":\"https:\/\/lfelsalvador.org\/fr\/instances\/le-conseil-detablissement\/annexes\/#breadcrumb\",\"itemListElement\":[{\"@type\":\"ListItem\",\"position\":1,\"name\":\"Portada\",\"item\":\"https:\/\/lfelsalvador.org\/fr\/\"},{\"@type\":\"ListItem\",\"position\":2,\"name\":\"Instances\",\"item\":\"https:\/\/lfelsalvador.org\/fr\/instances\/\"},{\"@type\":\"ListItem\",\"position\":3,\"name\":\"Le conseil d\u2019\u00e9tablissement\",\"item\":\"https:\/\/lfelsalvador.org\/fr\/instances\/le-conseil-detablissement\/\"},{\"@type\":\"ListItem\",\"position\":4,\"name\":\"Annexes\"}]},{\"@type\":\"WebSite\",\"@id\":\"https:\/\/lfelsalvador.org\/#website\",\"url\":\"https:\/\/lfelsalvador.org\/\",\"name\":\"Liceo Frances de San Salvador\",\"description\":\"\",\"potentialAction\":[{\"@type\":\"SearchAction\",\"target\":{\"@type\":\"EntryPoint\",\"urlTemplate\":\"https:\/\/lfelsalvador.org\/?s={search_term_string}\"},\"query-input\":{\"@type\":\"PropertyValueSpecification\",\"valueRequired\":true,\"valueName\":\"search_term_string\"}}],\"inLanguage\":\"fr-FR\"}]}<\/script>\n<!-- \/ Yoast SEO plugin. -->","yoast_head_json":{"title":"Annexes | Liceo Frances de San Salvador","robots":{"index":"index","follow":"follow","max-snippet":"max-snippet:-1","max-image-preview":"max-image-preview:large","max-video-preview":"max-video-preview:-1"},"canonical":"https:\/\/lfelsalvador.org\/fr\/instances\/le-conseil-detablissement\/annexes\/","og_locale":"fr_FR","og_type":"article","og_title":"Annexes | Liceo Frances de San Salvador","og_description":"Compte rendu provisoire du Conseil d&rsquo;\u00c9tablissement du 19 octobre 2017 Compte rendu du Conseil d&rsquo;\u00c9tablissement du 8 juin 2017 Compte rendu du Conseil d&rsquo;\u00c9tablissement du 15 f\u00e9vrier 2017 Relev\u00e9 de conclusions 1er Conseil d\u2019Etablissement 2016-2017(Octobre 2016) Relev\u00e9 de conclusions C ETAB (9 Junio de\u00a02016) Compte rendu conseil d ecole N\u00ba 2 (2014-2015) Conseil pedagogique (Martes [&hellip;]","og_url":"https:\/\/lfelsalvador.org\/fr\/instances\/le-conseil-detablissement\/annexes\/","og_site_name":"Liceo Frances de San Salvador","article_publisher":"https:\/\/www.facebook.com\/lfelsalvador\/","article_modified_time":"2018-02-21T18:53:18+00:00","og_image":[{"url":"http:\/\/lfelsalvador.org\/wp-content\/uploads\/2016\/08\/Site-4.jpg","type":"","width":"","height":""}],"twitter_card":"summary_large_image","twitter_site":"@lfelsalvador1","schema":{"@context":"https:\/\/schema.org","@graph":[{"@type":"WebPage","@id":"https:\/\/lfelsalvador.org\/fr\/instances\/le-conseil-detablissement\/annexes\/","url":"https:\/\/lfelsalvador.org\/fr\/instances\/le-conseil-detablissement\/annexes\/","name":"Annexes | Liceo Frances de San Salvador","isPartOf":{"@id":"https:\/\/lfelsalvador.org\/#website"},"datePublished":"2016-08-03T01:03:30+00:00","dateModified":"2018-02-21T18:53:18+00:00","breadcrumb":{"@id":"https:\/\/lfelsalvador.org\/fr\/instances\/le-conseil-detablissement\/annexes\/#breadcrumb"},"inLanguage":"fr-FR","potentialAction":[{"@type":"ReadAction","target":["https:\/\/lfelsalvador.org\/fr\/instances\/le-conseil-detablissement\/annexes\/"]}]},{"@type":"BreadcrumbList","@id":"https:\/\/lfelsalvador.org\/fr\/instances\/le-conseil-detablissement\/annexes\/#breadcrumb","itemListElement":[{"@type":"ListItem","position":1,"name":"Portada","item":"https:\/\/lfelsalvador.org\/fr\/"},{"@type":"ListItem","position":2,"name":"Instances","item":"https:\/\/lfelsalvador.org\/fr\/instances\/"},{"@type":"ListItem","position":3,"name":"Le conseil d\u2019\u00e9tablissement","item":"https:\/\/lfelsalvador.org\/fr\/instances\/le-conseil-detablissement\/"},{"@type":"ListItem","position":4,"name":"Annexes"}]},{"@type":"WebSite","@id":"https:\/\/lfelsalvador.org\/#website","url":"https:\/\/lfelsalvador.org\/","name":"Liceo Frances de San Salvador","description":"","potentialAction":[{"@type":"SearchAction","target":{"@type":"EntryPoint","urlTemplate":"https:\/\/lfelsalvador.org\/?s={search_term_string}"},"query-input":{"@type":"PropertyValueSpecification","valueRequired":true,"valueName":"search_term_string"}}],"inLanguage":"fr-FR"}]}},"_links":{"self":[{"href":"https:\/\/lfelsalvador.org\/fr\/wp-json\/wp\/v2\/pages\/618","targetHints":{"allow":["GET"]}}],"collection":[{"href":"https:\/\/lfelsalvador.org\/fr\/wp-json\/wp\/v2\/pages"}],"about":[{"href":"https:\/\/lfelsalvador.org\/fr\/wp-json\/wp\/v2\/types\/page"}],"author":[{"embeddable":true,"href":"https:\/\/lfelsalvador.org\/fr\/wp-json\/wp\/v2\/users\/1"}],"replies":[{"embeddable":true,"href":"https:\/\/lfelsalvador.org\/fr\/wp-json\/wp\/v2\/comments?post=618"}],"version-history":[{"count":8,"href":"https:\/\/lfelsalvador.org\/fr\/wp-json\/wp\/v2\/pages\/618\/revisions"}],"predecessor-version":[{"id":5177,"href":"https:\/\/lfelsalvador.org\/fr\/wp-json\/wp\/v2\/pages\/618\/revisions\/5177"}],"up":[{"embeddable":true,"href":"https:\/\/lfelsalvador.org\/fr\/wp-json\/wp\/v2\/pages\/609"}],"wp:attachment":[{"href":"https:\/\/lfelsalvador.org\/fr\/wp-json\/wp\/v2\/media?parent=618"}],"curies":[{"name":"wp","href":"https:\/\/api.w.org\/{rel}","templated":true}]}}