{"id":612,"date":"2016-08-03T00:49:23","date_gmt":"2016-08-03T00:49:23","guid":{"rendered":"http:\/\/lfelsalvador.org\/fr\/?page_id=612"},"modified":"2019-09-09T17:26:04","modified_gmt":"2019-09-09T17:26:04","slug":"membres-conseil-detablissement","status":"publish","type":"page","link":"https:\/\/lfelsalvador.org\/fr\/instances\/le-conseil-detablissement\/membres-conseil-detablissement\/","title":{"rendered":"Membres conseil d\u2019\u00e9tablissement"},"content":{"rendered":"<p><strong>Membres si\u00e9geant avec droit de vote <\/strong>:<\/p>\n<div class=\"shortcode-list shortcode-list-check\">\n<ul>\n<li>Les membres de l\u2019administration<\/li>\n<li>le chef du poste diplomatique ou son repr\u00e9sentant<\/li>\n<li>le chef d\u2019\u00e9tablissement<\/li>\n<li>le ou les adjoints au chef d\u2019\u00e9tablissement<\/li>\n<li>le directeur administratif et financier<\/li>\n<li>le conseiller principal d\u2019\u00e9ducation le plus ancien dans l\u2019\u00e9tablissement<\/li>\n<li>le ou les directeurs des classes primaires<\/li>\n<li>Les repr\u00e9sentants des personnels d\u2019enseignement et d\u2019\u00e9ducation et des personnels administratifs et de service<\/li>\n<li>Les repr\u00e9sentants des parents d\u2019\u00e9l\u00e8ves et des \u00e9l\u00e8ves du second degr\u00e9<\/li>\n<\/ul>\n<\/div>\n<p>&nbsp;<\/p>\n<p><strong>Membres si\u00e9geant \u00e0 titre consultatif<\/strong>:<\/p>\n<div class=\"shortcode-list shortcode-list-check\">\n<ul>\n<li>le consul de France ou son repr\u00e9sentant<\/li>\n<li>les repr\u00e9sentants de l\u2019Assembl\u00e9e des fran\u00e7ais de l\u2019\u00e9tranger de la circonscription g\u00e9ographique concern\u00e9e, ou leurs repr\u00e9sentants d\u00e9sign\u00e9s par l\u2019ambassadeur de France sur proposition des \u00e9lus<\/li>\n<li>le vice-pr\u00e9sident du conseil des d\u00e9l\u00e9gu\u00e9s pour la vie lyc\u00e9enne<\/li>\n<li>deux personnalit\u00e9s locales choisies pour leur comp\u00e9tence dans le domaine social, \u00e9conomique et culturel sur proposition du chef d\u2019\u00e9tablissement<\/li>\n<li>le pr\u00e9sident de l\u2019association des anciens \u00e9l\u00e8ves ou son repr\u00e9sentant<\/li>\n<li>deux repr\u00e9sentants du conseil de gestion ou du conseil d\u2019administration de l\u2019organisme gestionnaire dans les \u00e9tablissements conventionn\u00e9s<\/li>\n<li>le directeur d\u2019\u00e9tudes ou le coordonnateur des enseignements nationaux, le\u00a0cas \u00e9ch\u00e9ant, lorsque le poste existe<\/li>\n<li>le coordonnateur d\u00e9l\u00e9gu\u00e9 de la direction de I\u2019AEFE, le cas \u00e9ch\u00e9ant, lorsque le poste existe<\/li>\n<\/ul>\n<\/div>\n","protected":false},"excerpt":{"rendered":"<p>Membres si\u00e9geant avec droit de vote : Les membres de l\u2019administration le chef du poste diplomatique ou son repr\u00e9sentant le chef d\u2019\u00e9tablissement le ou les adjoints au chef d\u2019\u00e9tablissement le directeur administratif et financier le conseiller principal d\u2019\u00e9ducation le plus ancien dans l\u2019\u00e9tablissement le ou les directeurs des classes primaires Les repr\u00e9sentants des personnels d\u2019enseignement [&hellip;]<\/p>\n","protected":false},"author":1,"featured_media":0,"parent":609,"menu_order":0,"comment_status":"closed","ping_status":"closed","template":"","meta":{"footnotes":""},"class_list":["post-612","page","type-page","status-publish","hentry"],"yoast_head":"<!-- This site is optimized with the Yoast SEO plugin v27.2 - https:\/\/yoast.com\/product\/yoast-seo-wordpress\/ -->\n<title>Membres conseil d\u2019\u00e9tablissement | Liceo Frances de San Salvador<\/title>\n<meta name=\"robots\" content=\"index, follow, max-snippet:-1, max-image-preview:large, max-video-preview:-1\" \/>\n<link rel=\"canonical\" href=\"https:\/\/lfelsalvador.org\/fr\/instances\/le-conseil-detablissement\/membres-conseil-detablissement\/\" \/>\n<meta property=\"og:locale\" content=\"fr_FR\" \/>\n<meta property=\"og:type\" content=\"article\" \/>\n<meta property=\"og:title\" content=\"Membres conseil d\u2019\u00e9tablissement | Liceo Frances de San Salvador\" \/>\n<meta property=\"og:description\" content=\"Membres si\u00e9geant avec droit de vote : Les membres de l\u2019administration le chef du poste diplomatique ou son repr\u00e9sentant le chef d\u2019\u00e9tablissement le ou les adjoints au chef d\u2019\u00e9tablissement le directeur administratif et financier le conseiller principal d\u2019\u00e9ducation le plus ancien dans l\u2019\u00e9tablissement le ou les directeurs des classes primaires Les repr\u00e9sentants des personnels d\u2019enseignement [&hellip;]\" \/>\n<meta property=\"og:url\" content=\"https:\/\/lfelsalvador.org\/fr\/instances\/le-conseil-detablissement\/membres-conseil-detablissement\/\" \/>\n<meta property=\"og:site_name\" content=\"Liceo Frances de San Salvador\" \/>\n<meta property=\"article:publisher\" content=\"https:\/\/www.facebook.com\/lfelsalvador\/\" \/>\n<meta property=\"article:modified_time\" content=\"2019-09-09T17:26:04+00:00\" \/>\n<meta property=\"og:image\" content=\"http:\/\/lfelsalvador.org\/wp-content\/uploads\/2016\/08\/Site-4.jpg\" \/>\n<meta name=\"twitter:card\" content=\"summary_large_image\" \/>\n<meta name=\"twitter:site\" content=\"@lfelsalvador1\" \/>\n<meta name=\"twitter:label1\" content=\"Dur\u00e9e de lecture estim\u00e9e\" \/>\n\t<meta name=\"twitter:data1\" content=\"1 minute\" \/>\n<script type=\"application\/ld+json\" class=\"yoast-schema-graph\">{\"@context\":\"https:\/\/schema.org\",\"@graph\":[{\"@type\":\"WebPage\",\"@id\":\"https:\/\/lfelsalvador.org\/fr\/instances\/le-conseil-detablissement\/membres-conseil-detablissement\/\",\"url\":\"https:\/\/lfelsalvador.org\/fr\/instances\/le-conseil-detablissement\/membres-conseil-detablissement\/\",\"name\":\"Membres conseil d\u2019\u00e9tablissement | Liceo Frances de San Salvador\",\"isPartOf\":{\"@id\":\"https:\/\/lfelsalvador.org\/#website\"},\"datePublished\":\"2016-08-03T00:49:23+00:00\",\"dateModified\":\"2019-09-09T17:26:04+00:00\",\"breadcrumb\":{\"@id\":\"https:\/\/lfelsalvador.org\/fr\/instances\/le-conseil-detablissement\/membres-conseil-detablissement\/#breadcrumb\"},\"inLanguage\":\"fr-FR\",\"potentialAction\":[{\"@type\":\"ReadAction\",\"target\":[\"https:\/\/lfelsalvador.org\/fr\/instances\/le-conseil-detablissement\/membres-conseil-detablissement\/\"]}]},{\"@type\":\"BreadcrumbList\",\"@id\":\"https:\/\/lfelsalvador.org\/fr\/instances\/le-conseil-detablissement\/membres-conseil-detablissement\/#breadcrumb\",\"itemListElement\":[{\"@type\":\"ListItem\",\"position\":1,\"name\":\"Portada\",\"item\":\"https:\/\/lfelsalvador.org\/fr\/\"},{\"@type\":\"ListItem\",\"position\":2,\"name\":\"Instances\",\"item\":\"https:\/\/lfelsalvador.org\/fr\/instances\/\"},{\"@type\":\"ListItem\",\"position\":3,\"name\":\"Le conseil d\u2019\u00e9tablissement\",\"item\":\"https:\/\/lfelsalvador.org\/fr\/instances\/le-conseil-detablissement\/\"},{\"@type\":\"ListItem\",\"position\":4,\"name\":\"Membres conseil d\u2019\u00e9tablissement\"}]},{\"@type\":\"WebSite\",\"@id\":\"https:\/\/lfelsalvador.org\/#website\",\"url\":\"https:\/\/lfelsalvador.org\/\",\"name\":\"Liceo Frances de San Salvador\",\"description\":\"\",\"potentialAction\":[{\"@type\":\"SearchAction\",\"target\":{\"@type\":\"EntryPoint\",\"urlTemplate\":\"https:\/\/lfelsalvador.org\/?s={search_term_string}\"},\"query-input\":{\"@type\":\"PropertyValueSpecification\",\"valueRequired\":true,\"valueName\":\"search_term_string\"}}],\"inLanguage\":\"fr-FR\"}]}<\/script>\n<!-- \/ Yoast SEO plugin. -->","yoast_head_json":{"title":"Membres conseil d\u2019\u00e9tablissement | Liceo Frances de San Salvador","robots":{"index":"index","follow":"follow","max-snippet":"max-snippet:-1","max-image-preview":"max-image-preview:large","max-video-preview":"max-video-preview:-1"},"canonical":"https:\/\/lfelsalvador.org\/fr\/instances\/le-conseil-detablissement\/membres-conseil-detablissement\/","og_locale":"fr_FR","og_type":"article","og_title":"Membres conseil d\u2019\u00e9tablissement | Liceo Frances de San Salvador","og_description":"Membres si\u00e9geant avec droit de vote : Les membres de l\u2019administration le chef du poste diplomatique ou son repr\u00e9sentant le chef d\u2019\u00e9tablissement le ou les adjoints au chef d\u2019\u00e9tablissement le directeur administratif et financier le conseiller principal d\u2019\u00e9ducation le plus ancien dans l\u2019\u00e9tablissement le ou les directeurs des classes primaires Les repr\u00e9sentants des personnels d\u2019enseignement [&hellip;]","og_url":"https:\/\/lfelsalvador.org\/fr\/instances\/le-conseil-detablissement\/membres-conseil-detablissement\/","og_site_name":"Liceo Frances de San Salvador","article_publisher":"https:\/\/www.facebook.com\/lfelsalvador\/","article_modified_time":"2019-09-09T17:26:04+00:00","og_image":[{"url":"http:\/\/lfelsalvador.org\/wp-content\/uploads\/2016\/08\/Site-4.jpg","type":"","width":"","height":""}],"twitter_card":"summary_large_image","twitter_site":"@lfelsalvador1","twitter_misc":{"Dur\u00e9e de lecture estim\u00e9e":"1 minute"},"schema":{"@context":"https:\/\/schema.org","@graph":[{"@type":"WebPage","@id":"https:\/\/lfelsalvador.org\/fr\/instances\/le-conseil-detablissement\/membres-conseil-detablissement\/","url":"https:\/\/lfelsalvador.org\/fr\/instances\/le-conseil-detablissement\/membres-conseil-detablissement\/","name":"Membres conseil d\u2019\u00e9tablissement | Liceo Frances de San Salvador","isPartOf":{"@id":"https:\/\/lfelsalvador.org\/#website"},"datePublished":"2016-08-03T00:49:23+00:00","dateModified":"2019-09-09T17:26:04+00:00","breadcrumb":{"@id":"https:\/\/lfelsalvador.org\/fr\/instances\/le-conseil-detablissement\/membres-conseil-detablissement\/#breadcrumb"},"inLanguage":"fr-FR","potentialAction":[{"@type":"ReadAction","target":["https:\/\/lfelsalvador.org\/fr\/instances\/le-conseil-detablissement\/membres-conseil-detablissement\/"]}]},{"@type":"BreadcrumbList","@id":"https:\/\/lfelsalvador.org\/fr\/instances\/le-conseil-detablissement\/membres-conseil-detablissement\/#breadcrumb","itemListElement":[{"@type":"ListItem","position":1,"name":"Portada","item":"https:\/\/lfelsalvador.org\/fr\/"},{"@type":"ListItem","position":2,"name":"Instances","item":"https:\/\/lfelsalvador.org\/fr\/instances\/"},{"@type":"ListItem","position":3,"name":"Le conseil d\u2019\u00e9tablissement","item":"https:\/\/lfelsalvador.org\/fr\/instances\/le-conseil-detablissement\/"},{"@type":"ListItem","position":4,"name":"Membres conseil d\u2019\u00e9tablissement"}]},{"@type":"WebSite","@id":"https:\/\/lfelsalvador.org\/#website","url":"https:\/\/lfelsalvador.org\/","name":"Liceo Frances de San Salvador","description":"","potentialAction":[{"@type":"SearchAction","target":{"@type":"EntryPoint","urlTemplate":"https:\/\/lfelsalvador.org\/?s={search_term_string}"},"query-input":{"@type":"PropertyValueSpecification","valueRequired":true,"valueName":"search_term_string"}}],"inLanguage":"fr-FR"}]}},"_links":{"self":[{"href":"https:\/\/lfelsalvador.org\/fr\/wp-json\/wp\/v2\/pages\/612","targetHints":{"allow":["GET"]}}],"collection":[{"href":"https:\/\/lfelsalvador.org\/fr\/wp-json\/wp\/v2\/pages"}],"about":[{"href":"https:\/\/lfelsalvador.org\/fr\/wp-json\/wp\/v2\/types\/page"}],"author":[{"embeddable":true,"href":"https:\/\/lfelsalvador.org\/fr\/wp-json\/wp\/v2\/users\/1"}],"replies":[{"embeddable":true,"href":"https:\/\/lfelsalvador.org\/fr\/wp-json\/wp\/v2\/comments?post=612"}],"version-history":[{"count":5,"href":"https:\/\/lfelsalvador.org\/fr\/wp-json\/wp\/v2\/pages\/612\/revisions"}],"predecessor-version":[{"id":6417,"href":"https:\/\/lfelsalvador.org\/fr\/wp-json\/wp\/v2\/pages\/612\/revisions\/6417"}],"up":[{"embeddable":true,"href":"https:\/\/lfelsalvador.org\/fr\/wp-json\/wp\/v2\/pages\/609"}],"wp:attachment":[{"href":"https:\/\/lfelsalvador.org\/fr\/wp-json\/wp\/v2\/media?parent=612"}],"curies":[{"name":"wp","href":"https:\/\/api.w.org\/{rel}","templated":true}]}}