{"id":609,"date":"2016-08-03T00:41:22","date_gmt":"2016-08-03T00:41:22","guid":{"rendered":"http:\/\/lfelsalvador.org\/fr\/?page_id=609"},"modified":"2025-09-30T14:53:52","modified_gmt":"2025-09-30T14:53:52","slug":"le-conseil-detablissement","status":"publish","type":"page","link":"https:\/\/lfelsalvador.org\/fr\/instances\/le-conseil-detablissement\/","title":{"rendered":"Le conseil d\u2019\u00e9tablissement"},"content":{"rendered":"<p>Le conseil d\u2019\u00e9tablissement est une instance tripartite compos\u00e9e en nombre \u00e9gal de membres de droit repr\u00e9sentant l\u2019administration, de repr\u00e9sentants des personnels de l\u2019\u00e9tablissement et de repr\u00e9sentants des parents d\u2019\u00e9l\u00e8ves et des \u00e9l\u00e8ves.<\/p>\n<p>Le nombre des membres de droit d\u00e9termine le nombre des membres du conseil d\u2019\u00e9tablissement.<\/p>\n<p>Parmi les repr\u00e9sentants des personnels, il convient de veiller \u00e0 une r\u00e9partition \u00e9quilibr\u00e9e entre les enseignants du premier et du second degr\u00e9.<\/p>\n<p>Le conseil d\u2019\u00e9tablissement est pr\u00e9sid\u00e9 par le chef d\u2019\u00e9tablissement ou, en cas d\u2019emp\u00eachement, par son adjoint.<\/p>\n<p><strong>Le conseil d\u2019\u00e9tablissement adopte:<\/strong><\/p>\n<ul>\n<li>Le projet d\u2019\u00e9tablissement<\/li>\n<li>Le r\u00e8glement int\u00e9rieur<\/li>\n<li>Les horaires scolaires et le calendrier de l\u2019ann\u00e9e scolaire<\/li>\n<li>La proposition de la carte des emplois des personnels expatri\u00e9s et r\u00e9sidents<\/li>\n<\/ul>\n<p><strong>Il \u00e9met un avis sur:<\/strong><\/p>\n<ul>\n<li>Les propositions d\u2019\u00e9volution des structures p\u00e9dagogiques et la composition des classes<\/li>\n<li>Les projets d\u2019actions p\u00e9dagogiques<\/li>\n<li>Le programme des activit\u00e9s des associations et des clubs fonctionnant au sein de l\u2019\u00e9tablissement<\/li>\n<li>Les questions relatives \u00e0 l\u2019accueil et \u00e0 l\u2019information des parents d\u2019\u00e9l\u00e8ves, les modalit\u00e9s g\u00e9n\u00e9rales de leur participation \u00e0 la vie de l\u2019\u00e9tablissement<\/li>\n<li>La programmation et le financement des voyages scolaires<\/li>\n<li>L\u2019organisation de la vie scolaire<\/li>\n<li>Les questions relatives \u00e0 l\u2019hygi\u00e8ne, \u00e0 la sant\u00e9 et \u00e0 la s\u00e9curit\u00e9 et les travaux \u00e0 r\u00e9aliser dans ces domaines<\/li>\n<li>L\u2019accueil et la prise en charge des \u00e9l\u00e8ves handicap\u00e9s<\/li>\n<li>La restauration scolaire<\/li>\n<li>Les transports scolaires<\/li>\n<li>Les d\u00e9l\u00e9gations de service et la passation de march\u00e9s<\/li>\n<li>Les besoins budg\u00e9taires de l\u2019\u00e9tablissement et l\u2019utilisation des moyens attribu\u00e9s lors de la pr\u00e9sentation du budget de l\u2019\u00e9tablissement<\/li>\n<li>Le plan des actions de formation, sur proposition de la cellule de formation continue.<\/li>\n<\/ul>\n<p><a href=\"https:\/\/lfelsalvador.org\/wp-content\/uploads\/2025\/09\/Projet-detablissement-2024-2027-LF-El-Salvador_VD.pdf\">Projet d&rsquo;\u00e9tablissement 2024-2027<\/a><\/p>\n<p>Vous trouverez toutes les informations sur les diff\u00e9rentes instances dans le lien suivant :<\/p>\n<p><a href=\"https:\/\/lfelsalvador.org\/wp-content\/uploads\/2016\/08\/Instances-du-Lyc\u00e9e-Fran\u00e7ais-de-San-Salvador.pdf\">Instances avec participation des parents &#8211; Lyc\u00e9e Fran\u00e7ais de San Salvador<\/a><\/p>\n<p><a href=\"http:\/\/lfelsalvador.org\/wp-content\/uploads\/2017\/11\/Instances-au-L-FSS-R-2017.pdf\">Instances du Lyc\u00e9e Fran\u00e7ais de San Salvador<\/a><\/p>\n","protected":false},"excerpt":{"rendered":"<p>Le conseil d\u2019\u00e9tablissement est une instance tripartite compos\u00e9e en nombre \u00e9gal de membres de droit repr\u00e9sentant l\u2019administration, de repr\u00e9sentants des personnels de l\u2019\u00e9tablissement et de repr\u00e9sentants des parents d\u2019\u00e9l\u00e8ves et des \u00e9l\u00e8ves. Le nombre des membres de droit d\u00e9termine le nombre des membres du conseil d\u2019\u00e9tablissement. Parmi les repr\u00e9sentants des personnels, il convient de veiller [&hellip;]<\/p>\n","protected":false},"author":1,"featured_media":0,"parent":607,"menu_order":0,"comment_status":"closed","ping_status":"closed","template":"","meta":{"footnotes":""},"class_list":["post-609","page","type-page","status-publish","hentry"],"yoast_head":"<!-- This site is optimized with the Yoast SEO plugin v27.2 - https:\/\/yoast.com\/product\/yoast-seo-wordpress\/ -->\n<title>Le conseil d\u2019\u00e9tablissement | Liceo Frances de San Salvador<\/title>\n<meta name=\"robots\" content=\"index, follow, max-snippet:-1, max-image-preview:large, max-video-preview:-1\" \/>\n<link rel=\"canonical\" href=\"https:\/\/lfelsalvador.org\/fr\/instances\/le-conseil-detablissement\/\" \/>\n<meta property=\"og:locale\" content=\"fr_FR\" \/>\n<meta property=\"og:type\" content=\"article\" \/>\n<meta property=\"og:title\" content=\"Le conseil d\u2019\u00e9tablissement | Liceo Frances de San Salvador\" \/>\n<meta property=\"og:description\" content=\"Le conseil d\u2019\u00e9tablissement est une instance tripartite compos\u00e9e en nombre \u00e9gal de membres de droit repr\u00e9sentant l\u2019administration, de repr\u00e9sentants des personnels de l\u2019\u00e9tablissement et de repr\u00e9sentants des parents d\u2019\u00e9l\u00e8ves et des \u00e9l\u00e8ves. Le nombre des membres de droit d\u00e9termine le nombre des membres du conseil d\u2019\u00e9tablissement. Parmi les repr\u00e9sentants des personnels, il convient de veiller [&hellip;]\" \/>\n<meta property=\"og:url\" content=\"https:\/\/lfelsalvador.org\/fr\/instances\/le-conseil-detablissement\/\" \/>\n<meta property=\"og:site_name\" content=\"Liceo Frances de San Salvador\" \/>\n<meta property=\"article:publisher\" content=\"https:\/\/www.facebook.com\/lfelsalvador\/\" \/>\n<meta property=\"article:modified_time\" content=\"2025-09-30T14:53:52+00:00\" \/>\n<meta property=\"og:image\" content=\"http:\/\/lfelsalvador.org\/wp-content\/uploads\/2016\/08\/Site-4.jpg\" \/>\n<meta name=\"twitter:card\" content=\"summary_large_image\" \/>\n<meta name=\"twitter:site\" content=\"@lfelsalvador1\" \/>\n<meta name=\"twitter:label1\" content=\"Dur\u00e9e de lecture estim\u00e9e\" \/>\n\t<meta name=\"twitter:data1\" content=\"2 minutes\" \/>\n<script type=\"application\/ld+json\" class=\"yoast-schema-graph\">{\"@context\":\"https:\/\/schema.org\",\"@graph\":[{\"@type\":\"WebPage\",\"@id\":\"https:\/\/lfelsalvador.org\/fr\/instances\/le-conseil-detablissement\/\",\"url\":\"https:\/\/lfelsalvador.org\/fr\/instances\/le-conseil-detablissement\/\",\"name\":\"Le conseil d\u2019\u00e9tablissement | Liceo Frances de San Salvador\",\"isPartOf\":{\"@id\":\"https:\/\/lfelsalvador.org\/#website\"},\"datePublished\":\"2016-08-03T00:41:22+00:00\",\"dateModified\":\"2025-09-30T14:53:52+00:00\",\"breadcrumb\":{\"@id\":\"https:\/\/lfelsalvador.org\/fr\/instances\/le-conseil-detablissement\/#breadcrumb\"},\"inLanguage\":\"fr-FR\",\"potentialAction\":[{\"@type\":\"ReadAction\",\"target\":[\"https:\/\/lfelsalvador.org\/fr\/instances\/le-conseil-detablissement\/\"]}]},{\"@type\":\"BreadcrumbList\",\"@id\":\"https:\/\/lfelsalvador.org\/fr\/instances\/le-conseil-detablissement\/#breadcrumb\",\"itemListElement\":[{\"@type\":\"ListItem\",\"position\":1,\"name\":\"Portada\",\"item\":\"https:\/\/lfelsalvador.org\/fr\/\"},{\"@type\":\"ListItem\",\"position\":2,\"name\":\"Instances\",\"item\":\"https:\/\/lfelsalvador.org\/fr\/instances\/\"},{\"@type\":\"ListItem\",\"position\":3,\"name\":\"Le conseil d\u2019\u00e9tablissement\"}]},{\"@type\":\"WebSite\",\"@id\":\"https:\/\/lfelsalvador.org\/#website\",\"url\":\"https:\/\/lfelsalvador.org\/\",\"name\":\"Liceo Frances de San Salvador\",\"description\":\"\",\"potentialAction\":[{\"@type\":\"SearchAction\",\"target\":{\"@type\":\"EntryPoint\",\"urlTemplate\":\"https:\/\/lfelsalvador.org\/?s={search_term_string}\"},\"query-input\":{\"@type\":\"PropertyValueSpecification\",\"valueRequired\":true,\"valueName\":\"search_term_string\"}}],\"inLanguage\":\"fr-FR\"}]}<\/script>\n<!-- \/ Yoast SEO plugin. -->","yoast_head_json":{"title":"Le conseil d\u2019\u00e9tablissement | Liceo Frances de San Salvador","robots":{"index":"index","follow":"follow","max-snippet":"max-snippet:-1","max-image-preview":"max-image-preview:large","max-video-preview":"max-video-preview:-1"},"canonical":"https:\/\/lfelsalvador.org\/fr\/instances\/le-conseil-detablissement\/","og_locale":"fr_FR","og_type":"article","og_title":"Le conseil d\u2019\u00e9tablissement | Liceo Frances de San Salvador","og_description":"Le conseil d\u2019\u00e9tablissement est une instance tripartite compos\u00e9e en nombre \u00e9gal de membres de droit repr\u00e9sentant l\u2019administration, de repr\u00e9sentants des personnels de l\u2019\u00e9tablissement et de repr\u00e9sentants des parents d\u2019\u00e9l\u00e8ves et des \u00e9l\u00e8ves. Le nombre des membres de droit d\u00e9termine le nombre des membres du conseil d\u2019\u00e9tablissement. Parmi les repr\u00e9sentants des personnels, il convient de veiller [&hellip;]","og_url":"https:\/\/lfelsalvador.org\/fr\/instances\/le-conseil-detablissement\/","og_site_name":"Liceo Frances de San Salvador","article_publisher":"https:\/\/www.facebook.com\/lfelsalvador\/","article_modified_time":"2025-09-30T14:53:52+00:00","og_image":[{"url":"http:\/\/lfelsalvador.org\/wp-content\/uploads\/2016\/08\/Site-4.jpg","type":"","width":"","height":""}],"twitter_card":"summary_large_image","twitter_site":"@lfelsalvador1","twitter_misc":{"Dur\u00e9e de lecture estim\u00e9e":"2 minutes"},"schema":{"@context":"https:\/\/schema.org","@graph":[{"@type":"WebPage","@id":"https:\/\/lfelsalvador.org\/fr\/instances\/le-conseil-detablissement\/","url":"https:\/\/lfelsalvador.org\/fr\/instances\/le-conseil-detablissement\/","name":"Le conseil d\u2019\u00e9tablissement | Liceo Frances de San Salvador","isPartOf":{"@id":"https:\/\/lfelsalvador.org\/#website"},"datePublished":"2016-08-03T00:41:22+00:00","dateModified":"2025-09-30T14:53:52+00:00","breadcrumb":{"@id":"https:\/\/lfelsalvador.org\/fr\/instances\/le-conseil-detablissement\/#breadcrumb"},"inLanguage":"fr-FR","potentialAction":[{"@type":"ReadAction","target":["https:\/\/lfelsalvador.org\/fr\/instances\/le-conseil-detablissement\/"]}]},{"@type":"BreadcrumbList","@id":"https:\/\/lfelsalvador.org\/fr\/instances\/le-conseil-detablissement\/#breadcrumb","itemListElement":[{"@type":"ListItem","position":1,"name":"Portada","item":"https:\/\/lfelsalvador.org\/fr\/"},{"@type":"ListItem","position":2,"name":"Instances","item":"https:\/\/lfelsalvador.org\/fr\/instances\/"},{"@type":"ListItem","position":3,"name":"Le conseil d\u2019\u00e9tablissement"}]},{"@type":"WebSite","@id":"https:\/\/lfelsalvador.org\/#website","url":"https:\/\/lfelsalvador.org\/","name":"Liceo Frances de San Salvador","description":"","potentialAction":[{"@type":"SearchAction","target":{"@type":"EntryPoint","urlTemplate":"https:\/\/lfelsalvador.org\/?s={search_term_string}"},"query-input":{"@type":"PropertyValueSpecification","valueRequired":true,"valueName":"search_term_string"}}],"inLanguage":"fr-FR"}]}},"_links":{"self":[{"href":"https:\/\/lfelsalvador.org\/fr\/wp-json\/wp\/v2\/pages\/609","targetHints":{"allow":["GET"]}}],"collection":[{"href":"https:\/\/lfelsalvador.org\/fr\/wp-json\/wp\/v2\/pages"}],"about":[{"href":"https:\/\/lfelsalvador.org\/fr\/wp-json\/wp\/v2\/types\/page"}],"author":[{"embeddable":true,"href":"https:\/\/lfelsalvador.org\/fr\/wp-json\/wp\/v2\/users\/1"}],"replies":[{"embeddable":true,"href":"https:\/\/lfelsalvador.org\/fr\/wp-json\/wp\/v2\/comments?post=609"}],"version-history":[{"count":8,"href":"https:\/\/lfelsalvador.org\/fr\/wp-json\/wp\/v2\/pages\/609\/revisions"}],"predecessor-version":[{"id":10891,"href":"https:\/\/lfelsalvador.org\/fr\/wp-json\/wp\/v2\/pages\/609\/revisions\/10891"}],"up":[{"embeddable":true,"href":"https:\/\/lfelsalvador.org\/fr\/wp-json\/wp\/v2\/pages\/607"}],"wp:attachment":[{"href":"https:\/\/lfelsalvador.org\/fr\/wp-json\/wp\/v2\/media?parent=609"}],"curies":[{"name":"wp","href":"https:\/\/api.w.org\/{rel}","templated":true}]}}