{"id":598,"date":"2016-08-03T00:13:05","date_gmt":"2016-08-03T00:13:05","guid":{"rendered":"http:\/\/lfelsalvador.org\/fr\/?page_id=598"},"modified":"2024-09-30T16:21:38","modified_gmt":"2024-09-30T16:21:38","slug":"procedures-dadmission","status":"publish","type":"page","link":"https:\/\/lfelsalvador.org\/fr\/inscription\/procedures-dadmission\/","title":{"rendered":"Proc\u00e9dures d\u2019admission"},"content":{"rendered":"<h2>PROCEDURES D\u2019ADMISSION ET \u00c9VALUATIONS D\u2019ENTR\u00c9E<\/h2>\n<h3>1.\u00a0\u00c9L\u00c9MENTS G\u00c9N\u00c9RAUX<\/h3>\n<ul>\n<li>Les \u00e9l\u00e8ves de nationalit\u00e9 fran\u00e7aise, quel que soit le niveau de classe (\u00e0 partir de l\u2019ann\u00e9e civile de leurs trois ans) et le moment de l\u2019ann\u00e9e scolaire o\u00f9 ils arrivent, sont inscrits d\u2019office, sous r\u00e9serve des places disponibles et que les parents s\u2019acquittent des droits d\u2019inscription \u00e0 l\u2019\u00e9tablissement.<\/li>\n<li>Les \u00e9l\u00e8ves d\u2019autres nationalit\u00e9s arrivant d\u2019un \u00e9tablissement relevant du r\u00e9seau <a href=\"http:\/\/www.aefe.fr\/reseau-scolaire-mondial\/rechercher-un-etablissement\">AEFE<\/a>, quel que soit le niveau de classe et le moment de l\u2019ann\u00e9e scolaire o\u00f9 ils arrivent, sont inscrits d\u2019office, sous r\u00e9serve des places disponibles et que les parents s\u2019acquittent des droits d\u2019inscription \u00e0 l\u2019\u00e9tablissement.<\/li>\n<li>Dans tous les autres cas de figure, la d\u00e9cision d\u2019admission est de la seule responsabilit\u00e9 du chef d\u2019\u00e9tablissement (ou du Directeur d\u2019\u00e9cole par d\u00e9l\u00e9gation).<\/li>\n<li>Seuls les enfants dont au moins un des repr\u00e9sentants l\u00e9gaux r\u00e9side dans le pays pourront \u00eatre inscrits.<\/li>\n<\/ul>\n<h3><\/h3>\n<h3>2. INSCRIPTION EN PETITE SECTION DE MATERNELLE<\/h3>\n<ul>\n<li>Les \u00e9l\u00e8ves sont admis dans l\u2019ann\u00e9e civile de leurs <strong>trois ans<\/strong>.<\/li>\n<li>Les familles passent par une proc\u00e9dure d\u2019\u00e9valuation pr\u00e9alable \u00e0 l\u2019admission.<\/li>\n<\/ul>\n<h4>Proc\u00e9dure d\u2019\u00e9valuation \u00e0 l\u2019entr\u00e9e en petite section de maternelle:<\/h4>\n<p>Les \u00e9valuations ayant g\u00e9n\u00e9ralement lieu entre d\u00e9cembre et janvier la majeure partie des enfants ont entre deux et trois ans au moment de l\u2019\u00e9valuation. Le Lyc\u00e9e Fran\u00e7ais, conscient de la difficult\u00e9 d\u2019\u00e9valuer acad\u00e9miquement et psychologiquement des enfants aussi jeunes, a fait le choix d\u2019une rencontre familiale et d\u2019une \u00e9valuation diagnostique de l\u2019enfant. En effet, dans le cadre d\u2019un enseignement en fran\u00e7ais, dans un pays non francophone, l\u2019engagement familial est primordial.<\/p>\n<h4>Entretien familial<\/h4>\n<p>La famille (p\u00e8re, m\u00e8re et enfant) est re\u00e7ue conjointement lors d\u2019un entretien avec un des directeurs.<\/p>\n<p>Sont clairement pr\u00e9sent\u00e9s aux parents:<\/p>\n<ul>\n<li>L\u2019enseignement fran\u00e7ais, ses particularit\u00e9s et ses priorit\u00e9s.<\/li>\n<li>Le mode de fonctionnement de l\u2019\u00e9tablissement, ses r\u00e8gles et ses attentes.<\/li>\n<li>Le fonctionnement p\u00e9dagogique de l\u2019enseignement fran\u00e7ais.<\/li>\n<\/ul>\n<p>Les \u00e9l\u00e9ments pris en compte au cours de cet entretien sont les suivants:<\/p>\n<ul>\n<li>Le statut d\u2019ancien \u00e9l\u00e8ve du lyc\u00e9e<\/li>\n<li>Le niveau d\u2019\u00e9tudes des parents<\/li>\n<li>Les contacts avec une culture \u00e9trang\u00e8re (langues, \u00e9tudes, voyages, famille\u2026).<\/li>\n<li>La capacit\u00e9 \u00e0 appr\u00e9hender le syst\u00e8me \u00e9ducatif fran\u00e7ais et ses particularit\u00e9s.<\/li>\n<li>La capacit\u00e9 \u00e0 appr\u00e9hender le fonctionnement du lyc\u00e9e, ses r\u00e8gles et ses attentes.<\/li>\n<li>Les raisons du choix d\u2019un enseignement en fran\u00e7ais.<\/li>\n<li>L\u2019engagement vis-\u00e0-vis d\u2019un syst\u00e8me \u00e9ducatif diff\u00e9rent de celui du pays.<\/li>\n<\/ul>\n<p><strong>Observation diagnostique de l\u2019enfant<\/strong><\/p>\n<p>L\u2019enfant est observ\u00e9 par une des psychologues de l\u2019\u00e9tablissement dans les domaines suivants:<\/p>\n<ul>\n<li>Capacit\u00e9s langagi\u00e8res.<\/li>\n<li>Capacit\u00e9s sensorielles.<\/li>\n<li>Capacit\u00e9s m\u00e9morielles.<\/li>\n<li>Capacit\u00e9s motrices.<\/li>\n<\/ul>\n<p>Par ailleurs, et pour v\u00e9rifier que les parents disposent des moyens de r\u00e9gler la scolarit\u00e9 de leurs enfants, les capacit\u00e9s financi\u00e8res des parents seront \u00e9valu\u00e9es par le Directeur Administratif et Financier.<\/p>\n<p>Pour r\u00e9server d\u00e9finitivement la place, les parents doivent payer un droit de premi\u00e8re inscription.<\/p>\n<h3>3. ADMISSION A UN AUTRE NIVEAU QUE PETITE SECTION DE\u00a0MATERNELLE<\/h3>\n<p>Les admissions, \u00e0 un autre niveau que la petite section de maternelle, pour des enfants non fran\u00e7ais, sont toujours trait\u00e9es au cas par cas.<\/p>\n<p>Elles restent possibles dans les conditions suivantes:<\/p>\n<ul>\n<li>Places disponibles.<\/li>\n<li>Niveau de langue fran\u00e7aise (orale et \u00e9crite en fonction du niveau).<\/li>\n<li>Niveau scolaire g\u00e9n\u00e9ral.<\/li>\n<li>Engagement des familles.<\/li>\n<\/ul>\n<h2>PROGRAMMER UNE VISITE<\/h2>\n<p>Si vous souhaitez programmer une visite pr\u00e9sentielle de nos installations, vous pouvez nous appeler au (503) 2249-3300 ou nous \u00e9crire \u00e0 nuevoingreso@lfelsalvador.org.<\/p>\n<p>Le Lyc\u00e9e Fran\u00e7ais de San Salvador est situ\u00e9 au km 10 \u00bd sur la route de Santa Tecla, \u00e0 c\u00f4t\u00e9 de l&rsquo;Academia Brit\u00e1nica Cuscatleca.<\/p>\n","protected":false},"excerpt":{"rendered":"<p>PROCEDURES D\u2019ADMISSION ET \u00c9VALUATIONS D\u2019ENTR\u00c9E 1.\u00a0\u00c9L\u00c9MENTS G\u00c9N\u00c9RAUX Les \u00e9l\u00e8ves de nationalit\u00e9 fran\u00e7aise, quel que soit le niveau de classe (\u00e0 partir de l\u2019ann\u00e9e civile de leurs trois ans) et le moment de l\u2019ann\u00e9e scolaire o\u00f9 ils arrivent, sont inscrits d\u2019office, sous r\u00e9serve des places disponibles et que les parents s\u2019acquittent des droits d\u2019inscription \u00e0 l\u2019\u00e9tablissement. [&hellip;]<\/p>\n","protected":false},"author":1,"featured_media":0,"parent":596,"menu_order":0,"comment_status":"closed","ping_status":"closed","template":"","meta":{"footnotes":""},"class_list":["post-598","page","type-page","status-publish","hentry"],"yoast_head":"<!-- This site is optimized with the Yoast SEO plugin v27.2 - https:\/\/yoast.com\/product\/yoast-seo-wordpress\/ -->\n<title>Proc\u00e9dures d\u2019admission | Liceo Frances de San Salvador<\/title>\n<meta name=\"robots\" content=\"index, follow, max-snippet:-1, max-image-preview:large, max-video-preview:-1\" \/>\n<link rel=\"canonical\" href=\"https:\/\/lfelsalvador.org\/fr\/inscription\/procedures-dadmission\/\" \/>\n<meta property=\"og:locale\" content=\"fr_FR\" \/>\n<meta property=\"og:type\" content=\"article\" \/>\n<meta property=\"og:title\" content=\"Proc\u00e9dures d\u2019admission | Liceo Frances de San Salvador\" \/>\n<meta property=\"og:description\" content=\"PROCEDURES D\u2019ADMISSION ET \u00c9VALUATIONS D\u2019ENTR\u00c9E 1.\u00a0\u00c9L\u00c9MENTS G\u00c9N\u00c9RAUX Les \u00e9l\u00e8ves de nationalit\u00e9 fran\u00e7aise, quel que soit le niveau de classe (\u00e0 partir de l\u2019ann\u00e9e civile de leurs trois ans) et le moment de l\u2019ann\u00e9e scolaire o\u00f9 ils arrivent, sont inscrits d\u2019office, sous r\u00e9serve des places disponibles et que les parents s\u2019acquittent des droits d\u2019inscription \u00e0 l\u2019\u00e9tablissement. [&hellip;]\" \/>\n<meta property=\"og:url\" content=\"https:\/\/lfelsalvador.org\/fr\/inscription\/procedures-dadmission\/\" \/>\n<meta property=\"og:site_name\" content=\"Liceo Frances de San Salvador\" \/>\n<meta property=\"article:publisher\" content=\"https:\/\/www.facebook.com\/lfelsalvador\/\" \/>\n<meta property=\"article:modified_time\" content=\"2024-09-30T16:21:38+00:00\" \/>\n<meta property=\"og:image\" content=\"http:\/\/lfelsalvador.org\/wp-content\/uploads\/2016\/08\/Site-4.jpg\" \/>\n<meta name=\"twitter:card\" content=\"summary_large_image\" \/>\n<meta name=\"twitter:site\" content=\"@lfelsalvador1\" \/>\n<meta name=\"twitter:label1\" content=\"Dur\u00e9e de lecture estim\u00e9e\" \/>\n\t<meta name=\"twitter:data1\" content=\"3 minutes\" \/>\n<script type=\"application\/ld+json\" class=\"yoast-schema-graph\">{\"@context\":\"https:\/\/schema.org\",\"@graph\":[{\"@type\":\"WebPage\",\"@id\":\"https:\/\/lfelsalvador.org\/fr\/inscription\/procedures-dadmission\/\",\"url\":\"https:\/\/lfelsalvador.org\/fr\/inscription\/procedures-dadmission\/\",\"name\":\"Proc\u00e9dures d\u2019admission | Liceo Frances de San Salvador\",\"isPartOf\":{\"@id\":\"https:\/\/lfelsalvador.org\/#website\"},\"datePublished\":\"2016-08-03T00:13:05+00:00\",\"dateModified\":\"2024-09-30T16:21:38+00:00\",\"breadcrumb\":{\"@id\":\"https:\/\/lfelsalvador.org\/fr\/inscription\/procedures-dadmission\/#breadcrumb\"},\"inLanguage\":\"fr-FR\",\"potentialAction\":[{\"@type\":\"ReadAction\",\"target\":[\"https:\/\/lfelsalvador.org\/fr\/inscription\/procedures-dadmission\/\"]}]},{\"@type\":\"BreadcrumbList\",\"@id\":\"https:\/\/lfelsalvador.org\/fr\/inscription\/procedures-dadmission\/#breadcrumb\",\"itemListElement\":[{\"@type\":\"ListItem\",\"position\":1,\"name\":\"Portada\",\"item\":\"https:\/\/lfelsalvador.org\/fr\/\"},{\"@type\":\"ListItem\",\"position\":2,\"name\":\"Inscription\",\"item\":\"https:\/\/lfelsalvador.org\/fr\/inscription\/\"},{\"@type\":\"ListItem\",\"position\":3,\"name\":\"Proc\u00e9dures d\u2019admission\"}]},{\"@type\":\"WebSite\",\"@id\":\"https:\/\/lfelsalvador.org\/#website\",\"url\":\"https:\/\/lfelsalvador.org\/\",\"name\":\"Liceo Frances de San Salvador\",\"description\":\"\",\"potentialAction\":[{\"@type\":\"SearchAction\",\"target\":{\"@type\":\"EntryPoint\",\"urlTemplate\":\"https:\/\/lfelsalvador.org\/?s={search_term_string}\"},\"query-input\":{\"@type\":\"PropertyValueSpecification\",\"valueRequired\":true,\"valueName\":\"search_term_string\"}}],\"inLanguage\":\"fr-FR\"}]}<\/script>\n<!-- \/ Yoast SEO plugin. -->","yoast_head_json":{"title":"Proc\u00e9dures d\u2019admission | Liceo Frances de San Salvador","robots":{"index":"index","follow":"follow","max-snippet":"max-snippet:-1","max-image-preview":"max-image-preview:large","max-video-preview":"max-video-preview:-1"},"canonical":"https:\/\/lfelsalvador.org\/fr\/inscription\/procedures-dadmission\/","og_locale":"fr_FR","og_type":"article","og_title":"Proc\u00e9dures d\u2019admission | Liceo Frances de San Salvador","og_description":"PROCEDURES D\u2019ADMISSION ET \u00c9VALUATIONS D\u2019ENTR\u00c9E 1.\u00a0\u00c9L\u00c9MENTS G\u00c9N\u00c9RAUX Les \u00e9l\u00e8ves de nationalit\u00e9 fran\u00e7aise, quel que soit le niveau de classe (\u00e0 partir de l\u2019ann\u00e9e civile de leurs trois ans) et le moment de l\u2019ann\u00e9e scolaire o\u00f9 ils arrivent, sont inscrits d\u2019office, sous r\u00e9serve des places disponibles et que les parents s\u2019acquittent des droits d\u2019inscription \u00e0 l\u2019\u00e9tablissement. [&hellip;]","og_url":"https:\/\/lfelsalvador.org\/fr\/inscription\/procedures-dadmission\/","og_site_name":"Liceo Frances de San Salvador","article_publisher":"https:\/\/www.facebook.com\/lfelsalvador\/","article_modified_time":"2024-09-30T16:21:38+00:00","og_image":[{"url":"http:\/\/lfelsalvador.org\/wp-content\/uploads\/2016\/08\/Site-4.jpg","type":"","width":"","height":""}],"twitter_card":"summary_large_image","twitter_site":"@lfelsalvador1","twitter_misc":{"Dur\u00e9e de lecture estim\u00e9e":"3 minutes"},"schema":{"@context":"https:\/\/schema.org","@graph":[{"@type":"WebPage","@id":"https:\/\/lfelsalvador.org\/fr\/inscription\/procedures-dadmission\/","url":"https:\/\/lfelsalvador.org\/fr\/inscription\/procedures-dadmission\/","name":"Proc\u00e9dures d\u2019admission | Liceo Frances de San Salvador","isPartOf":{"@id":"https:\/\/lfelsalvador.org\/#website"},"datePublished":"2016-08-03T00:13:05+00:00","dateModified":"2024-09-30T16:21:38+00:00","breadcrumb":{"@id":"https:\/\/lfelsalvador.org\/fr\/inscription\/procedures-dadmission\/#breadcrumb"},"inLanguage":"fr-FR","potentialAction":[{"@type":"ReadAction","target":["https:\/\/lfelsalvador.org\/fr\/inscription\/procedures-dadmission\/"]}]},{"@type":"BreadcrumbList","@id":"https:\/\/lfelsalvador.org\/fr\/inscription\/procedures-dadmission\/#breadcrumb","itemListElement":[{"@type":"ListItem","position":1,"name":"Portada","item":"https:\/\/lfelsalvador.org\/fr\/"},{"@type":"ListItem","position":2,"name":"Inscription","item":"https:\/\/lfelsalvador.org\/fr\/inscription\/"},{"@type":"ListItem","position":3,"name":"Proc\u00e9dures d\u2019admission"}]},{"@type":"WebSite","@id":"https:\/\/lfelsalvador.org\/#website","url":"https:\/\/lfelsalvador.org\/","name":"Liceo Frances de San Salvador","description":"","potentialAction":[{"@type":"SearchAction","target":{"@type":"EntryPoint","urlTemplate":"https:\/\/lfelsalvador.org\/?s={search_term_string}"},"query-input":{"@type":"PropertyValueSpecification","valueRequired":true,"valueName":"search_term_string"}}],"inLanguage":"fr-FR"}]}},"_links":{"self":[{"href":"https:\/\/lfelsalvador.org\/fr\/wp-json\/wp\/v2\/pages\/598","targetHints":{"allow":["GET"]}}],"collection":[{"href":"https:\/\/lfelsalvador.org\/fr\/wp-json\/wp\/v2\/pages"}],"about":[{"href":"https:\/\/lfelsalvador.org\/fr\/wp-json\/wp\/v2\/types\/page"}],"author":[{"embeddable":true,"href":"https:\/\/lfelsalvador.org\/fr\/wp-json\/wp\/v2\/users\/1"}],"replies":[{"embeddable":true,"href":"https:\/\/lfelsalvador.org\/fr\/wp-json\/wp\/v2\/comments?post=598"}],"version-history":[{"count":21,"href":"https:\/\/lfelsalvador.org\/fr\/wp-json\/wp\/v2\/pages\/598\/revisions"}],"predecessor-version":[{"id":10429,"href":"https:\/\/lfelsalvador.org\/fr\/wp-json\/wp\/v2\/pages\/598\/revisions\/10429"}],"up":[{"embeddable":true,"href":"https:\/\/lfelsalvador.org\/fr\/wp-json\/wp\/v2\/pages\/596"}],"wp:attachment":[{"href":"https:\/\/lfelsalvador.org\/fr\/wp-json\/wp\/v2\/media?parent=598"}],"curies":[{"name":"wp","href":"https:\/\/api.w.org\/{rel}","templated":true}]}}