{"id":589,"date":"2016-08-02T05:48:43","date_gmt":"2016-08-02T05:48:43","guid":{"rendered":"http:\/\/lfelsalvador.org\/fr\/?page_id=589"},"modified":"2026-01-07T20:39:20","modified_gmt":"2026-01-07T20:39:20","slug":"detachesdenseignement","status":"publish","type":"page","link":"https:\/\/lfelsalvador.org\/fr\/ressources-humaines\/recrutement\/detachesdenseignement\/","title":{"rendered":"D\u00e9tach\u00e9(e)s d&rsquo;enseignement"},"content":{"rendered":"<div class=\"gdl-page-float-left\">\n<div class=\"gdl-page-item\">\n<div class=\"sixteen columns mb20\">\n<div class=\"gdl-page-content\">\n<div class=\"gdl-page-float-left\">\n<div class=\"gdl-page-item\">\n<div class=\"sixteen columns mb20\">\n<div class=\"gdl-page-content\">\n<p><span style=\"color: #800000;\"><strong>D\u00c9TACH\u00c9(E)S D&rsquo;ENSEIGNEMENT POUR LA RENTR\u00c9E 2026-2027<\/strong><\/span><\/p>\n<div class=\"gdl-page-float-left\">\n<div class=\"gdl-page-item\">\n<div class=\"sixteen columns mb20\">\n<div class=\"gdl-page-content\">\n<div>\n<p><strong style=\"color: #000080; text-decoration: underline; font-size: revert;\">Postes vacants\u00a0pour le premier degr\u00e9 :<\/strong><\/p>\n<h4><span style=\"font-size: revert; color: initial;\">Postes vacants : <\/span><\/h4>\n<ul>\n<li><span style=\"font-size: revert; color: initial;\">1 Poste des \u00e9coles (P10581)<\/span><\/li>\n<li>1 Poste des \u00e9coles (P12132)<\/li>\n<\/ul>\n<h4><span style=\"font-size: revert; color: initial;\">Postes susceptibles d\u2019\u00eatre vacants :<\/span><\/h4>\n<ul>\n<li><span style=\"font-size: revert; color: initial;\">5 Postes de professeur des \u00e9coles<\/span><\/li>\n<\/ul>\n<div class=\"gdl-page-float-left\">\n<div class=\"gdl-page-item\">\n<div class=\"sixteen columns mb20\">\n<div class=\"gdl-page-content\">\n<p><strong style=\"color: #000080; text-decoration: underline; font-size: revert;\">Postes vacants\u00a0pour le second degr\u00e9 :<\/strong><\/p>\n<h4><span style=\"font-size: revert; color: initial;\">Postes vacants :<\/span><\/h4>\n<ul>\n<li><span style=\"font-size: revert; color: initial;\">1 Poste de Lettres Modernes<\/span><\/li>\n<li>1 Poste de Lettres Modernes (certification th\u00e9\u00e2tre)<\/li>\n<li><span style=\"font-size: revert; color: initial;\">1 Poste de SES (12135)<\/span><\/li>\n<li><span style=\"font-size: revert; color: initial;\">1 Poste de Math\u00e9matiques<\/span><\/li>\n<li><span style=\"font-size: revert; color: initial;\">1 Poste de Sciences Physiques<\/span><\/li>\n<\/ul>\n<h4><span style=\"font-size: revert; color: initial;\">Postes susceptibles d\u2019\u00eatre vacants : <\/span><\/h4>\n<ul>\n<li><span style=\"font-size: revert; color: initial;\">1 Poste de Technologie<\/span><\/li>\n<li><span style=\"font-size: revert; color: initial;\">1 Poste de Lettres Modernes<\/span><\/li>\n<li><span style=\"font-size: revert; color: initial;\">1 Poste de Sciences Physiques<\/span><\/li>\n<\/ul>\n<p><span style=\"font-size: revert; color: initial;\">Le dossier de candidature compl\u00e9t\u00e9 et sign\u00e9 par la candidate ou le candidat doit \u00eatre accompagn\u00e9 de<\/span><span style=\"text-decoration: underline;\"> toutes les pi\u00e8ces obligatoirement mentionn\u00e9es en page 8 du dossier<\/span><span style=\"font-size: revert; color: initial;\"> et envoy\u00e9 <\/span><strong style=\"font-size: revert; color: initial;\">obligatoirement par mail en un seul fichier pdf au mail detaches@lfelsalvador.org\u00a0<\/strong><\/p>\n<\/div>\n<\/div>\n<\/div>\n<\/div>\n<\/div>\n<div>\n<p>Si vous souhaitez des informations suppl\u00e9mentaires, merci d&rsquo;envoyer un mail \u00e0\u00a0l\u2019adresse :<strong> detaches@lfelsalvador.org<\/strong><\/p>\n<p><strong>Date limite de r\u00e9ception des candidatures :<br data-start=\"148\" data-end=\"151\" \/>Vendredi 5 d\u00e9cembre 2025 \u00e0 15h (heure locale).<\/strong><\/p>\n<\/div>\n<div>Pour toute question sur les modalit\u00e9s de recrutement et de d\u00e9tachement, merci de vous reporter au site de l&rsquo;<a href=\"https:\/\/www.aefe.fr\/personnels\/recrutement-des-detaches-sur-missions-denseignement-deducation-dadministration\/conditions\">AEFE<\/a>.<\/div>\n<div>\u00a0<\/div>\n<div><span style=\"text-decoration: underline;\">Dossier pour la candidature des d\u00e9tach\u00e9s d&rsquo;enseignement :<\/span><\/div>\n<div>\u00a0<\/div>\n<\/div>\n<\/div>\n<\/div>\n<\/div>\n<div>\n<div><a href=\"https:\/\/aefe.gouv.fr\/fr\/recrutement\/recrutement-des-detaches-sur-missions-enseignement-education-administration\/conditions-et-modalites-de-candidature\" target=\"_blank\" rel=\"noopener\">Note d\u2019information aux candidats<\/a><\/div>\n<div>\u00a0<\/div>\n<\/div>\n<\/div>\n<\/div>\n<\/div>\n<\/div>\n<\/div>\n<\/div>\n<\/div>\n<\/div>\n\n\n<div class=\"wp-block-file\"><a id=\"wp-block-file--media-efa89a2f-6f2a-4f4f-9404-bb77e24778a0\" href=\"https:\/\/lfelsalvador.org\/wp-content\/uploads\/2025\/10\/2026_dossier_candidature_DETACHES-1.docx\">2026_dossier_candidature_DETACHES<\/a><a href=\"https:\/\/lfelsalvador.org\/wp-content\/uploads\/2025\/10\/2026_dossier_candidature_DETACHES-1.docx\" class=\"wp-block-file__button wp-element-button\" download aria-describedby=\"wp-block-file--media-efa89a2f-6f2a-4f4f-9404-bb77e24778a0\">Descarga<\/a><\/div>\n\n\n\n<hr class=\"wp-block-separator has-alpha-channel-opacity\"\/>\n\n\n\n<h2 class=\"wp-block-heading\">D\u00e9couvrez le Salvador !<br>&nbsp;<\/h2>\n\n\n\n<figure class=\"wp-block-embed is-type-video is-provider-youtube wp-block-embed-youtube wp-embed-aspect-16-9 wp-has-aspect-ratio\"><div class=\"wp-block-embed__wrapper\">\n<iframe loading=\"lazy\" title=\"\u00c9chapp\u00e9es belles - Le Salvador se r\u00e9v\u00e8le\" width=\"800\" height=\"450\" src=\"https:\/\/www.youtube.com\/embed\/yvnUNQvXwLM?feature=oembed\" frameborder=\"0\" allow=\"accelerometer; autoplay; clipboard-write; encrypted-media; gyroscope; picture-in-picture; web-share\" referrerpolicy=\"strict-origin-when-cross-origin\" allowfullscreen><\/iframe>\n<\/div><\/figure>\n","protected":false},"excerpt":{"rendered":"<p>D\u00c9TACH\u00c9(E)S D&rsquo;ENSEIGNEMENT POUR LA RENTR\u00c9E 2026-2027 Postes vacants\u00a0pour le premier degr\u00e9 : Postes vacants : 1 Poste des \u00e9coles (P10581) 1 Poste des \u00e9coles (P12132) Postes susceptibles d\u2019\u00eatre vacants : 5 Postes de professeur des \u00e9coles Postes vacants\u00a0pour le second degr\u00e9 : Postes vacants : 1 Poste de Lettres Modernes 1 Poste de Lettres Modernes [&hellip;]<\/p>\n","protected":false},"author":1,"featured_media":0,"parent":579,"menu_order":0,"comment_status":"closed","ping_status":"closed","template":"","meta":{"footnotes":""},"class_list":["post-589","page","type-page","status-publish","hentry"],"yoast_head":"<!-- This site is optimized with the Yoast SEO plugin v27.2 - https:\/\/yoast.com\/product\/yoast-seo-wordpress\/ -->\n<title>D\u00e9tach\u00e9(e)s d&#039;enseignement | Liceo Frances de San Salvador<\/title>\n<meta name=\"robots\" content=\"index, follow, max-snippet:-1, max-image-preview:large, max-video-preview:-1\" \/>\n<link rel=\"canonical\" href=\"https:\/\/lfelsalvador.org\/fr\/ressources-humaines\/recrutement\/detachesdenseignement\/\" \/>\n<meta property=\"og:locale\" content=\"fr_FR\" \/>\n<meta property=\"og:type\" content=\"article\" \/>\n<meta property=\"og:title\" content=\"D\u00e9tach\u00e9(e)s d&#039;enseignement | Liceo Frances de San Salvador\" \/>\n<meta property=\"og:description\" content=\"D\u00c9TACH\u00c9(E)S D&rsquo;ENSEIGNEMENT POUR LA RENTR\u00c9E 2026-2027 Postes vacants\u00a0pour le premier degr\u00e9 : Postes vacants : 1 Poste des \u00e9coles (P10581) 1 Poste des \u00e9coles (P12132) Postes susceptibles d\u2019\u00eatre vacants : 5 Postes de professeur des \u00e9coles Postes vacants\u00a0pour le second degr\u00e9 : Postes vacants : 1 Poste de Lettres Modernes 1 Poste de Lettres Modernes [&hellip;]\" \/>\n<meta property=\"og:url\" content=\"https:\/\/lfelsalvador.org\/fr\/ressources-humaines\/recrutement\/detachesdenseignement\/\" \/>\n<meta property=\"og:site_name\" content=\"Liceo Frances de San Salvador\" \/>\n<meta property=\"article:publisher\" content=\"https:\/\/www.facebook.com\/lfelsalvador\/\" \/>\n<meta property=\"article:modified_time\" content=\"2026-01-07T20:39:20+00:00\" \/>\n<meta property=\"og:image\" content=\"http:\/\/lfelsalvador.org\/wp-content\/uploads\/2016\/08\/Site-4.jpg\" \/>\n<meta name=\"twitter:card\" content=\"summary_large_image\" \/>\n<meta name=\"twitter:site\" content=\"@lfelsalvador1\" \/>\n<meta name=\"twitter:label1\" content=\"Dur\u00e9e de lecture estim\u00e9e\" \/>\n\t<meta name=\"twitter:data1\" content=\"1 minute\" \/>\n<script type=\"application\/ld+json\" class=\"yoast-schema-graph\">{\"@context\":\"https:\/\/schema.org\",\"@graph\":[{\"@type\":\"WebPage\",\"@id\":\"https:\/\/lfelsalvador.org\/fr\/ressources-humaines\/recrutement\/detachesdenseignement\/\",\"url\":\"https:\/\/lfelsalvador.org\/fr\/ressources-humaines\/recrutement\/detachesdenseignement\/\",\"name\":\"D\u00e9tach\u00e9(e)s d'enseignement | Liceo Frances de San Salvador\",\"isPartOf\":{\"@id\":\"https:\/\/lfelsalvador.org\/#website\"},\"datePublished\":\"2016-08-02T05:48:43+00:00\",\"dateModified\":\"2026-01-07T20:39:20+00:00\",\"breadcrumb\":{\"@id\":\"https:\/\/lfelsalvador.org\/fr\/ressources-humaines\/recrutement\/detachesdenseignement\/#breadcrumb\"},\"inLanguage\":\"fr-FR\",\"potentialAction\":[{\"@type\":\"ReadAction\",\"target\":[\"https:\/\/lfelsalvador.org\/fr\/ressources-humaines\/recrutement\/detachesdenseignement\/\"]}]},{\"@type\":\"BreadcrumbList\",\"@id\":\"https:\/\/lfelsalvador.org\/fr\/ressources-humaines\/recrutement\/detachesdenseignement\/#breadcrumb\",\"itemListElement\":[{\"@type\":\"ListItem\",\"position\":1,\"name\":\"Portada\",\"item\":\"https:\/\/lfelsalvador.org\/fr\/\"},{\"@type\":\"ListItem\",\"position\":2,\"name\":\"Ressources humaines\",\"item\":\"https:\/\/lfelsalvador.org\/fr\/ressources-humaines\/\"},{\"@type\":\"ListItem\",\"position\":3,\"name\":\"Recrutement\",\"item\":\"https:\/\/lfelsalvador.org\/fr\/ressources-humaines\/recrutement\/\"},{\"@type\":\"ListItem\",\"position\":4,\"name\":\"D\u00e9tach\u00e9(e)s d&#8217;enseignement\"}]},{\"@type\":\"WebSite\",\"@id\":\"https:\/\/lfelsalvador.org\/#website\",\"url\":\"https:\/\/lfelsalvador.org\/\",\"name\":\"Liceo Frances de San Salvador\",\"description\":\"\",\"potentialAction\":[{\"@type\":\"SearchAction\",\"target\":{\"@type\":\"EntryPoint\",\"urlTemplate\":\"https:\/\/lfelsalvador.org\/?s={search_term_string}\"},\"query-input\":{\"@type\":\"PropertyValueSpecification\",\"valueRequired\":true,\"valueName\":\"search_term_string\"}}],\"inLanguage\":\"fr-FR\"}]}<\/script>\n<!-- \/ Yoast SEO plugin. -->","yoast_head_json":{"title":"D\u00e9tach\u00e9(e)s d'enseignement | Liceo Frances de San Salvador","robots":{"index":"index","follow":"follow","max-snippet":"max-snippet:-1","max-image-preview":"max-image-preview:large","max-video-preview":"max-video-preview:-1"},"canonical":"https:\/\/lfelsalvador.org\/fr\/ressources-humaines\/recrutement\/detachesdenseignement\/","og_locale":"fr_FR","og_type":"article","og_title":"D\u00e9tach\u00e9(e)s d'enseignement | Liceo Frances de San Salvador","og_description":"D\u00c9TACH\u00c9(E)S D&rsquo;ENSEIGNEMENT POUR LA RENTR\u00c9E 2026-2027 Postes vacants\u00a0pour le premier degr\u00e9 : Postes vacants : 1 Poste des \u00e9coles (P10581) 1 Poste des \u00e9coles (P12132) Postes susceptibles d\u2019\u00eatre vacants : 5 Postes de professeur des \u00e9coles Postes vacants\u00a0pour le second degr\u00e9 : Postes vacants : 1 Poste de Lettres Modernes 1 Poste de Lettres Modernes [&hellip;]","og_url":"https:\/\/lfelsalvador.org\/fr\/ressources-humaines\/recrutement\/detachesdenseignement\/","og_site_name":"Liceo Frances de San Salvador","article_publisher":"https:\/\/www.facebook.com\/lfelsalvador\/","article_modified_time":"2026-01-07T20:39:20+00:00","og_image":[{"url":"http:\/\/lfelsalvador.org\/wp-content\/uploads\/2016\/08\/Site-4.jpg","type":"","width":"","height":""}],"twitter_card":"summary_large_image","twitter_site":"@lfelsalvador1","twitter_misc":{"Dur\u00e9e de lecture estim\u00e9e":"1 minute"},"schema":{"@context":"https:\/\/schema.org","@graph":[{"@type":"WebPage","@id":"https:\/\/lfelsalvador.org\/fr\/ressources-humaines\/recrutement\/detachesdenseignement\/","url":"https:\/\/lfelsalvador.org\/fr\/ressources-humaines\/recrutement\/detachesdenseignement\/","name":"D\u00e9tach\u00e9(e)s d'enseignement | Liceo Frances de San Salvador","isPartOf":{"@id":"https:\/\/lfelsalvador.org\/#website"},"datePublished":"2016-08-02T05:48:43+00:00","dateModified":"2026-01-07T20:39:20+00:00","breadcrumb":{"@id":"https:\/\/lfelsalvador.org\/fr\/ressources-humaines\/recrutement\/detachesdenseignement\/#breadcrumb"},"inLanguage":"fr-FR","potentialAction":[{"@type":"ReadAction","target":["https:\/\/lfelsalvador.org\/fr\/ressources-humaines\/recrutement\/detachesdenseignement\/"]}]},{"@type":"BreadcrumbList","@id":"https:\/\/lfelsalvador.org\/fr\/ressources-humaines\/recrutement\/detachesdenseignement\/#breadcrumb","itemListElement":[{"@type":"ListItem","position":1,"name":"Portada","item":"https:\/\/lfelsalvador.org\/fr\/"},{"@type":"ListItem","position":2,"name":"Ressources humaines","item":"https:\/\/lfelsalvador.org\/fr\/ressources-humaines\/"},{"@type":"ListItem","position":3,"name":"Recrutement","item":"https:\/\/lfelsalvador.org\/fr\/ressources-humaines\/recrutement\/"},{"@type":"ListItem","position":4,"name":"D\u00e9tach\u00e9(e)s d&#8217;enseignement"}]},{"@type":"WebSite","@id":"https:\/\/lfelsalvador.org\/#website","url":"https:\/\/lfelsalvador.org\/","name":"Liceo Frances de San Salvador","description":"","potentialAction":[{"@type":"SearchAction","target":{"@type":"EntryPoint","urlTemplate":"https:\/\/lfelsalvador.org\/?s={search_term_string}"},"query-input":{"@type":"PropertyValueSpecification","valueRequired":true,"valueName":"search_term_string"}}],"inLanguage":"fr-FR"}]}},"_links":{"self":[{"href":"https:\/\/lfelsalvador.org\/fr\/wp-json\/wp\/v2\/pages\/589","targetHints":{"allow":["GET"]}}],"collection":[{"href":"https:\/\/lfelsalvador.org\/fr\/wp-json\/wp\/v2\/pages"}],"about":[{"href":"https:\/\/lfelsalvador.org\/fr\/wp-json\/wp\/v2\/types\/page"}],"author":[{"embeddable":true,"href":"https:\/\/lfelsalvador.org\/fr\/wp-json\/wp\/v2\/users\/1"}],"replies":[{"embeddable":true,"href":"https:\/\/lfelsalvador.org\/fr\/wp-json\/wp\/v2\/comments?post=589"}],"version-history":[{"count":63,"href":"https:\/\/lfelsalvador.org\/fr\/wp-json\/wp\/v2\/pages\/589\/revisions"}],"predecessor-version":[{"id":11398,"href":"https:\/\/lfelsalvador.org\/fr\/wp-json\/wp\/v2\/pages\/589\/revisions\/11398"}],"up":[{"embeddable":true,"href":"https:\/\/lfelsalvador.org\/fr\/wp-json\/wp\/v2\/pages\/579"}],"wp:attachment":[{"href":"https:\/\/lfelsalvador.org\/fr\/wp-json\/wp\/v2\/media?parent=589"}],"curies":[{"name":"wp","href":"https:\/\/api.w.org\/{rel}","templated":true}]}}