{"id":583,"date":"2016-08-02T05:42:08","date_gmt":"2016-08-02T05:42:08","guid":{"rendered":"http:\/\/lfelsalvador.org\/fr\/?page_id=583"},"modified":"2026-03-03T13:43:11","modified_gmt":"2026-03-03T13:43:11","slug":"contrat-local","status":"publish","type":"page","link":"https:\/\/lfelsalvador.org\/fr\/ressources-humaines\/recrutement\/contrat-local\/","title":{"rendered":"Contrat Local"},"content":{"rendered":"\n<p><strong>RECRUTEMENT POUR L&rsquo;ANN\u00c9E SCOLAIRE 2026 &#8211; 2027<\/strong><\/p>\n\n\n\n<p><strong>CONTRAT LOCAL<\/strong><\/p>\n\n\n\n<h2 class=\"wp-block-heading\">Postes  premier degr\u00e9 :<\/h2>\n\n\n\n<p><strong>Postes vacants:-<\/strong><\/p>\n\n\n\n<p><strong>Postes susceptibles d\u2019\u00eatre vacants :-<\/strong><\/p>\n\n\n\n<h2 class=\"wp-block-heading\">Postes  pour le second degr\u00e9 :-<\/h2>\n\n\n\n<p><strong>Postes vacants :<\/strong><\/p>\n\n\n\n<ul class=\"wp-block-list\">\n<li>1 professeur de math\u00e9matiques\u00a0<strong>(une exp\u00e9rience dans l\u2019enseignement serait souhaitable)<\/strong><\/li>\n<\/ul>\n\n\n\n<p>Temps plein 18h<\/p>\n\n\n\n<p>15h de technologie<\/p>\n\n\n\n<p>3h de math\u00e9matiques<\/p>\n\n\n\n<p>D\u00e9but septembre 2026<\/p>\n\n\n\n<p><strong>Postes susceptibles d\u2019\u00eatre vacants :-<\/strong><\/p>\n\n\n\n<p><\/p>\n\n\n\n<p><strong>Merci d\u2019envoyer votre dossier de candidature (CV, lettre de motivation et copie des dipl\u00f4mes) \u00e0 l\u2019adresse\u00a0<a href=\"mailto:recrutement@lfelsalvador.org\" target=\"_blank\" rel=\"noreferrer noopener\">recrutement@lfelsalvador.org<\/a><\/strong> <\/p>\n\n\n\n<p><\/p>\n","protected":false},"excerpt":{"rendered":"<p>RECRUTEMENT POUR L&rsquo;ANN\u00c9E SCOLAIRE 2026 &#8211; 2027 CONTRAT LOCAL Postes premier degr\u00e9 : Postes vacants:- Postes susceptibles d\u2019\u00eatre vacants :- Postes pour le second degr\u00e9 :- Postes vacants : Temps plein 18h 15h de technologie 3h de math\u00e9matiques D\u00e9but septembre 2026 Postes susceptibles d\u2019\u00eatre vacants :- Merci d\u2019envoyer votre dossier de candidature (CV, lettre de [&hellip;]<\/p>\n","protected":false},"author":1,"featured_media":0,"parent":579,"menu_order":0,"comment_status":"closed","ping_status":"closed","template":"","meta":{"footnotes":""},"class_list":["post-583","page","type-page","status-publish","hentry"],"yoast_head":"<!-- This site is optimized with the Yoast SEO plugin v27.2 - https:\/\/yoast.com\/product\/yoast-seo-wordpress\/ -->\n<title>Contrat Local | Liceo Frances de San Salvador<\/title>\n<meta name=\"robots\" content=\"index, follow, max-snippet:-1, max-image-preview:large, max-video-preview:-1\" \/>\n<link rel=\"canonical\" href=\"https:\/\/lfelsalvador.org\/fr\/ressources-humaines\/recrutement\/contrat-local\/\" \/>\n<meta property=\"og:locale\" content=\"fr_FR\" \/>\n<meta property=\"og:type\" content=\"article\" \/>\n<meta property=\"og:title\" content=\"Contrat Local | Liceo Frances de San Salvador\" \/>\n<meta property=\"og:description\" content=\"RECRUTEMENT POUR L&rsquo;ANN\u00c9E SCOLAIRE 2026 &#8211; 2027 CONTRAT LOCAL Postes premier degr\u00e9 : Postes vacants:- Postes susceptibles d\u2019\u00eatre vacants :- Postes pour le second degr\u00e9 :- Postes vacants : Temps plein 18h 15h de technologie 3h de math\u00e9matiques D\u00e9but septembre 2026 Postes susceptibles d\u2019\u00eatre vacants :- Merci d\u2019envoyer votre dossier de candidature (CV, lettre de [&hellip;]\" \/>\n<meta property=\"og:url\" content=\"https:\/\/lfelsalvador.org\/fr\/ressources-humaines\/recrutement\/contrat-local\/\" \/>\n<meta property=\"og:site_name\" content=\"Liceo Frances de San Salvador\" \/>\n<meta property=\"article:publisher\" content=\"https:\/\/www.facebook.com\/lfelsalvador\/\" \/>\n<meta property=\"article:modified_time\" content=\"2026-03-03T13:43:11+00:00\" \/>\n<meta property=\"og:image\" content=\"http:\/\/lfelsalvador.org\/wp-content\/uploads\/2016\/08\/Site-4.jpg\" \/>\n<meta name=\"twitter:card\" content=\"summary_large_image\" \/>\n<meta name=\"twitter:site\" content=\"@lfelsalvador1\" \/>\n<meta name=\"twitter:label1\" content=\"Dur\u00e9e de lecture estim\u00e9e\" \/>\n\t<meta name=\"twitter:data1\" content=\"1 minute\" \/>\n<script type=\"application\/ld+json\" class=\"yoast-schema-graph\">{\"@context\":\"https:\/\/schema.org\",\"@graph\":[{\"@type\":\"WebPage\",\"@id\":\"https:\/\/lfelsalvador.org\/fr\/ressources-humaines\/recrutement\/contrat-local\/\",\"url\":\"https:\/\/lfelsalvador.org\/fr\/ressources-humaines\/recrutement\/contrat-local\/\",\"name\":\"Contrat Local | Liceo Frances de San Salvador\",\"isPartOf\":{\"@id\":\"https:\/\/lfelsalvador.org\/#website\"},\"datePublished\":\"2016-08-02T05:42:08+00:00\",\"dateModified\":\"2026-03-03T13:43:11+00:00\",\"breadcrumb\":{\"@id\":\"https:\/\/lfelsalvador.org\/fr\/ressources-humaines\/recrutement\/contrat-local\/#breadcrumb\"},\"inLanguage\":\"fr-FR\",\"potentialAction\":[{\"@type\":\"ReadAction\",\"target\":[\"https:\/\/lfelsalvador.org\/fr\/ressources-humaines\/recrutement\/contrat-local\/\"]}]},{\"@type\":\"BreadcrumbList\",\"@id\":\"https:\/\/lfelsalvador.org\/fr\/ressources-humaines\/recrutement\/contrat-local\/#breadcrumb\",\"itemListElement\":[{\"@type\":\"ListItem\",\"position\":1,\"name\":\"Portada\",\"item\":\"https:\/\/lfelsalvador.org\/fr\/\"},{\"@type\":\"ListItem\",\"position\":2,\"name\":\"Ressources humaines\",\"item\":\"https:\/\/lfelsalvador.org\/fr\/ressources-humaines\/\"},{\"@type\":\"ListItem\",\"position\":3,\"name\":\"Recrutement\",\"item\":\"https:\/\/lfelsalvador.org\/fr\/ressources-humaines\/recrutement\/\"},{\"@type\":\"ListItem\",\"position\":4,\"name\":\"Contrat Local\"}]},{\"@type\":\"WebSite\",\"@id\":\"https:\/\/lfelsalvador.org\/#website\",\"url\":\"https:\/\/lfelsalvador.org\/\",\"name\":\"Liceo Frances de San Salvador\",\"description\":\"\",\"potentialAction\":[{\"@type\":\"SearchAction\",\"target\":{\"@type\":\"EntryPoint\",\"urlTemplate\":\"https:\/\/lfelsalvador.org\/?s={search_term_string}\"},\"query-input\":{\"@type\":\"PropertyValueSpecification\",\"valueRequired\":true,\"valueName\":\"search_term_string\"}}],\"inLanguage\":\"fr-FR\"}]}<\/script>\n<!-- \/ Yoast SEO plugin. -->","yoast_head_json":{"title":"Contrat Local | Liceo Frances de San Salvador","robots":{"index":"index","follow":"follow","max-snippet":"max-snippet:-1","max-image-preview":"max-image-preview:large","max-video-preview":"max-video-preview:-1"},"canonical":"https:\/\/lfelsalvador.org\/fr\/ressources-humaines\/recrutement\/contrat-local\/","og_locale":"fr_FR","og_type":"article","og_title":"Contrat Local | Liceo Frances de San Salvador","og_description":"RECRUTEMENT POUR L&rsquo;ANN\u00c9E SCOLAIRE 2026 &#8211; 2027 CONTRAT LOCAL Postes premier degr\u00e9 : Postes vacants:- Postes susceptibles d\u2019\u00eatre vacants :- Postes pour le second degr\u00e9 :- Postes vacants : Temps plein 18h 15h de technologie 3h de math\u00e9matiques D\u00e9but septembre 2026 Postes susceptibles d\u2019\u00eatre vacants :- Merci d\u2019envoyer votre dossier de candidature (CV, lettre de [&hellip;]","og_url":"https:\/\/lfelsalvador.org\/fr\/ressources-humaines\/recrutement\/contrat-local\/","og_site_name":"Liceo Frances de San Salvador","article_publisher":"https:\/\/www.facebook.com\/lfelsalvador\/","article_modified_time":"2026-03-03T13:43:11+00:00","og_image":[{"url":"http:\/\/lfelsalvador.org\/wp-content\/uploads\/2016\/08\/Site-4.jpg","type":"","width":"","height":""}],"twitter_card":"summary_large_image","twitter_site":"@lfelsalvador1","twitter_misc":{"Dur\u00e9e de lecture estim\u00e9e":"1 minute"},"schema":{"@context":"https:\/\/schema.org","@graph":[{"@type":"WebPage","@id":"https:\/\/lfelsalvador.org\/fr\/ressources-humaines\/recrutement\/contrat-local\/","url":"https:\/\/lfelsalvador.org\/fr\/ressources-humaines\/recrutement\/contrat-local\/","name":"Contrat Local | Liceo Frances de San Salvador","isPartOf":{"@id":"https:\/\/lfelsalvador.org\/#website"},"datePublished":"2016-08-02T05:42:08+00:00","dateModified":"2026-03-03T13:43:11+00:00","breadcrumb":{"@id":"https:\/\/lfelsalvador.org\/fr\/ressources-humaines\/recrutement\/contrat-local\/#breadcrumb"},"inLanguage":"fr-FR","potentialAction":[{"@type":"ReadAction","target":["https:\/\/lfelsalvador.org\/fr\/ressources-humaines\/recrutement\/contrat-local\/"]}]},{"@type":"BreadcrumbList","@id":"https:\/\/lfelsalvador.org\/fr\/ressources-humaines\/recrutement\/contrat-local\/#breadcrumb","itemListElement":[{"@type":"ListItem","position":1,"name":"Portada","item":"https:\/\/lfelsalvador.org\/fr\/"},{"@type":"ListItem","position":2,"name":"Ressources humaines","item":"https:\/\/lfelsalvador.org\/fr\/ressources-humaines\/"},{"@type":"ListItem","position":3,"name":"Recrutement","item":"https:\/\/lfelsalvador.org\/fr\/ressources-humaines\/recrutement\/"},{"@type":"ListItem","position":4,"name":"Contrat Local"}]},{"@type":"WebSite","@id":"https:\/\/lfelsalvador.org\/#website","url":"https:\/\/lfelsalvador.org\/","name":"Liceo Frances de San Salvador","description":"","potentialAction":[{"@type":"SearchAction","target":{"@type":"EntryPoint","urlTemplate":"https:\/\/lfelsalvador.org\/?s={search_term_string}"},"query-input":{"@type":"PropertyValueSpecification","valueRequired":true,"valueName":"search_term_string"}}],"inLanguage":"fr-FR"}]}},"_links":{"self":[{"href":"https:\/\/lfelsalvador.org\/fr\/wp-json\/wp\/v2\/pages\/583","targetHints":{"allow":["GET"]}}],"collection":[{"href":"https:\/\/lfelsalvador.org\/fr\/wp-json\/wp\/v2\/pages"}],"about":[{"href":"https:\/\/lfelsalvador.org\/fr\/wp-json\/wp\/v2\/types\/page"}],"author":[{"embeddable":true,"href":"https:\/\/lfelsalvador.org\/fr\/wp-json\/wp\/v2\/users\/1"}],"replies":[{"embeddable":true,"href":"https:\/\/lfelsalvador.org\/fr\/wp-json\/wp\/v2\/comments?post=583"}],"version-history":[{"count":140,"href":"https:\/\/lfelsalvador.org\/fr\/wp-json\/wp\/v2\/pages\/583\/revisions"}],"predecessor-version":[{"id":11462,"href":"https:\/\/lfelsalvador.org\/fr\/wp-json\/wp\/v2\/pages\/583\/revisions\/11462"}],"up":[{"embeddable":true,"href":"https:\/\/lfelsalvador.org\/fr\/wp-json\/wp\/v2\/pages\/579"}],"wp:attachment":[{"href":"https:\/\/lfelsalvador.org\/fr\/wp-json\/wp\/v2\/media?parent=583"}],"curies":[{"name":"wp","href":"https:\/\/api.w.org\/{rel}","templated":true}]}}