{"id":579,"date":"2016-08-02T05:32:01","date_gmt":"2016-08-02T05:32:01","guid":{"rendered":"http:\/\/lfelsalvador.org\/fr\/?page_id=579"},"modified":"2026-03-03T13:36:25","modified_gmt":"2026-03-03T13:36:25","slug":"recrutement","status":"publish","type":"page","link":"https:\/\/lfelsalvador.org\/fr\/ressources-humaines\/recrutement\/","title":{"rendered":"Recrutement"},"content":{"rendered":"<div>\n<div>\n<div>\n<div>\u00a0<\/div>\n<\/div>\n<\/div>\n<div>\n<div>\n<hr \/><\/div>\n<\/div>\n<div>\n<div><strong style=\"color: #cc0808; font-family: -apple-system, BlinkMacSystemFont, 'Segoe UI', Roboto, Oxygen-Sans, Ubuntu, Cantarell, 'Helvetica Neue', sans-serif;\">RECRUTEMENT POUR L&rsquo;ANN\u00c9E SCOLAIRE 2026 &#8211; 2027<\/strong><\/div>\n<div>\u00a0<\/div>\n<div><strong>CONTRAT LOCAL<\/strong><\/div>\n<\/div>\n<\/div>\n<div>\n<div>\n<div>\n<p>\n\n\n<h2 class=\"wp-block-heading\">Postes premier degr\u00e9 :<\/h2>\n\n\n\n<p><\/p>\n\n\n\n<p><\/p>\n\n\n\n<h2 class=\"wp-block-heading\">Postes pour le second degr\u00e9 :-<\/h2>\n\n\n\n<ul class=\"wp-block-list\">\n<li>1 professeur de technologie\u00a0<strong>(une exp\u00e9rience dans l\u2019enseignement serait souhaitable)<\/strong><\/li>\n<\/ul>\n\n\n\n<p>Temps plein 18h<\/p>\n\n\n\n<p>15h de technologie<\/p>\n\n\n\n<p>3h de math\u00e9matiques<\/p>\n\n\n\n<p>D\u00e9but septembre 2026<\/p>\n\n\n\n<p><strong>Merci d\u2019envoyer votre dossier de candidature (CV, lettre de motivation et copie des dipl\u00f4mes) \u00e0 l\u2019adresse\u00a0<a href=\"mailto:recrutement@lfelsalvador.org\" target=\"_blank\" rel=\"noreferrer noopener\">recrutement@lfelsalvador.org<\/a><\/strong>\u00a0<\/p>\n\n\n\n<p><\/p>\n\n\n\n<h2 class=\"wp-block-heading\">Autres postes :-<\/h2>\n\n\n\n<p><\/p>\n\n\n\n<p><\/p>\n","protected":false},"excerpt":{"rendered":"<p>\u00a0 RECRUTEMENT POUR L&rsquo;ANN\u00c9E SCOLAIRE 2026 &#8211; 2027 \u00a0 CONTRAT LOCAL Postes premier degr\u00e9 : Postes pour le second degr\u00e9 :- Temps plein 18h 15h de technologie 3h de math\u00e9matiques D\u00e9but septembre 2026 Merci d\u2019envoyer votre dossier de candidature (CV, lettre de motivation et copie des dipl\u00f4mes) \u00e0 l\u2019adresse\u00a0recrutement@lfelsalvador.org\u00a0 Autres postes :-<\/p>\n","protected":false},"author":1,"featured_media":0,"parent":570,"menu_order":0,"comment_status":"closed","ping_status":"closed","template":"","meta":{"footnotes":""},"class_list":["post-579","page","type-page","status-publish","hentry"],"yoast_head":"<!-- This site is optimized with the Yoast SEO plugin v27.2 - https:\/\/yoast.com\/product\/yoast-seo-wordpress\/ -->\n<title>Recrutement | Liceo Frances de San Salvador<\/title>\n<meta name=\"robots\" content=\"index, follow, max-snippet:-1, max-image-preview:large, max-video-preview:-1\" \/>\n<link rel=\"canonical\" href=\"https:\/\/lfelsalvador.org\/fr\/ressources-humaines\/recrutement\/\" \/>\n<meta property=\"og:locale\" content=\"fr_FR\" \/>\n<meta property=\"og:type\" content=\"article\" \/>\n<meta property=\"og:title\" content=\"Recrutement | Liceo Frances de San Salvador\" \/>\n<meta property=\"og:description\" content=\"\u00a0 RECRUTEMENT POUR L&rsquo;ANN\u00c9E SCOLAIRE 2026 &#8211; 2027 \u00a0 CONTRAT LOCAL Postes premier degr\u00e9 : Postes pour le second degr\u00e9 :- Temps plein 18h 15h de technologie 3h de math\u00e9matiques D\u00e9but septembre 2026 Merci d\u2019envoyer votre dossier de candidature (CV, lettre de motivation et copie des dipl\u00f4mes) \u00e0 l\u2019adresse\u00a0recrutement@lfelsalvador.org\u00a0 Autres postes :-\" \/>\n<meta property=\"og:url\" content=\"https:\/\/lfelsalvador.org\/fr\/ressources-humaines\/recrutement\/\" \/>\n<meta property=\"og:site_name\" content=\"Liceo Frances de San Salvador\" \/>\n<meta property=\"article:publisher\" content=\"https:\/\/www.facebook.com\/lfelsalvador\/\" \/>\n<meta property=\"article:modified_time\" content=\"2026-03-03T13:36:25+00:00\" \/>\n<meta property=\"og:image\" content=\"http:\/\/lfelsalvador.org\/wp-content\/uploads\/2016\/08\/Site-4.jpg\" \/>\n<meta name=\"twitter:card\" content=\"summary_large_image\" \/>\n<meta name=\"twitter:site\" content=\"@lfelsalvador1\" \/>\n<meta name=\"twitter:label1\" content=\"Dur\u00e9e de lecture estim\u00e9e\" \/>\n\t<meta name=\"twitter:data1\" content=\"1 minute\" \/>\n<script type=\"application\/ld+json\" class=\"yoast-schema-graph\">{\"@context\":\"https:\/\/schema.org\",\"@graph\":[{\"@type\":\"WebPage\",\"@id\":\"https:\/\/lfelsalvador.org\/fr\/ressources-humaines\/recrutement\/\",\"url\":\"https:\/\/lfelsalvador.org\/fr\/ressources-humaines\/recrutement\/\",\"name\":\"Recrutement | Liceo Frances de San Salvador\",\"isPartOf\":{\"@id\":\"https:\/\/lfelsalvador.org\/#website\"},\"datePublished\":\"2016-08-02T05:32:01+00:00\",\"dateModified\":\"2026-03-03T13:36:25+00:00\",\"breadcrumb\":{\"@id\":\"https:\/\/lfelsalvador.org\/fr\/ressources-humaines\/recrutement\/#breadcrumb\"},\"inLanguage\":\"fr-FR\",\"potentialAction\":[{\"@type\":\"ReadAction\",\"target\":[\"https:\/\/lfelsalvador.org\/fr\/ressources-humaines\/recrutement\/\"]}]},{\"@type\":\"BreadcrumbList\",\"@id\":\"https:\/\/lfelsalvador.org\/fr\/ressources-humaines\/recrutement\/#breadcrumb\",\"itemListElement\":[{\"@type\":\"ListItem\",\"position\":1,\"name\":\"Portada\",\"item\":\"https:\/\/lfelsalvador.org\/fr\/\"},{\"@type\":\"ListItem\",\"position\":2,\"name\":\"Ressources humaines\",\"item\":\"https:\/\/lfelsalvador.org\/fr\/ressources-humaines\/\"},{\"@type\":\"ListItem\",\"position\":3,\"name\":\"Recrutement\"}]},{\"@type\":\"WebSite\",\"@id\":\"https:\/\/lfelsalvador.org\/#website\",\"url\":\"https:\/\/lfelsalvador.org\/\",\"name\":\"Liceo Frances de San Salvador\",\"description\":\"\",\"potentialAction\":[{\"@type\":\"SearchAction\",\"target\":{\"@type\":\"EntryPoint\",\"urlTemplate\":\"https:\/\/lfelsalvador.org\/?s={search_term_string}\"},\"query-input\":{\"@type\":\"PropertyValueSpecification\",\"valueRequired\":true,\"valueName\":\"search_term_string\"}}],\"inLanguage\":\"fr-FR\"}]}<\/script>\n<!-- \/ Yoast SEO plugin. -->","yoast_head_json":{"title":"Recrutement | Liceo Frances de San Salvador","robots":{"index":"index","follow":"follow","max-snippet":"max-snippet:-1","max-image-preview":"max-image-preview:large","max-video-preview":"max-video-preview:-1"},"canonical":"https:\/\/lfelsalvador.org\/fr\/ressources-humaines\/recrutement\/","og_locale":"fr_FR","og_type":"article","og_title":"Recrutement | Liceo Frances de San Salvador","og_description":"\u00a0 RECRUTEMENT POUR L&rsquo;ANN\u00c9E SCOLAIRE 2026 &#8211; 2027 \u00a0 CONTRAT LOCAL Postes premier degr\u00e9 : Postes pour le second degr\u00e9 :- Temps plein 18h 15h de technologie 3h de math\u00e9matiques D\u00e9but septembre 2026 Merci d\u2019envoyer votre dossier de candidature (CV, lettre de motivation et copie des dipl\u00f4mes) \u00e0 l\u2019adresse\u00a0recrutement@lfelsalvador.org\u00a0 Autres postes :-","og_url":"https:\/\/lfelsalvador.org\/fr\/ressources-humaines\/recrutement\/","og_site_name":"Liceo Frances de San Salvador","article_publisher":"https:\/\/www.facebook.com\/lfelsalvador\/","article_modified_time":"2026-03-03T13:36:25+00:00","og_image":[{"url":"http:\/\/lfelsalvador.org\/wp-content\/uploads\/2016\/08\/Site-4.jpg","type":"","width":"","height":""}],"twitter_card":"summary_large_image","twitter_site":"@lfelsalvador1","twitter_misc":{"Dur\u00e9e de lecture estim\u00e9e":"1 minute"},"schema":{"@context":"https:\/\/schema.org","@graph":[{"@type":"WebPage","@id":"https:\/\/lfelsalvador.org\/fr\/ressources-humaines\/recrutement\/","url":"https:\/\/lfelsalvador.org\/fr\/ressources-humaines\/recrutement\/","name":"Recrutement | Liceo Frances de San Salvador","isPartOf":{"@id":"https:\/\/lfelsalvador.org\/#website"},"datePublished":"2016-08-02T05:32:01+00:00","dateModified":"2026-03-03T13:36:25+00:00","breadcrumb":{"@id":"https:\/\/lfelsalvador.org\/fr\/ressources-humaines\/recrutement\/#breadcrumb"},"inLanguage":"fr-FR","potentialAction":[{"@type":"ReadAction","target":["https:\/\/lfelsalvador.org\/fr\/ressources-humaines\/recrutement\/"]}]},{"@type":"BreadcrumbList","@id":"https:\/\/lfelsalvador.org\/fr\/ressources-humaines\/recrutement\/#breadcrumb","itemListElement":[{"@type":"ListItem","position":1,"name":"Portada","item":"https:\/\/lfelsalvador.org\/fr\/"},{"@type":"ListItem","position":2,"name":"Ressources humaines","item":"https:\/\/lfelsalvador.org\/fr\/ressources-humaines\/"},{"@type":"ListItem","position":3,"name":"Recrutement"}]},{"@type":"WebSite","@id":"https:\/\/lfelsalvador.org\/#website","url":"https:\/\/lfelsalvador.org\/","name":"Liceo Frances de San Salvador","description":"","potentialAction":[{"@type":"SearchAction","target":{"@type":"EntryPoint","urlTemplate":"https:\/\/lfelsalvador.org\/?s={search_term_string}"},"query-input":{"@type":"PropertyValueSpecification","valueRequired":true,"valueName":"search_term_string"}}],"inLanguage":"fr-FR"}]}},"_links":{"self":[{"href":"https:\/\/lfelsalvador.org\/fr\/wp-json\/wp\/v2\/pages\/579","targetHints":{"allow":["GET"]}}],"collection":[{"href":"https:\/\/lfelsalvador.org\/fr\/wp-json\/wp\/v2\/pages"}],"about":[{"href":"https:\/\/lfelsalvador.org\/fr\/wp-json\/wp\/v2\/types\/page"}],"author":[{"embeddable":true,"href":"https:\/\/lfelsalvador.org\/fr\/wp-json\/wp\/v2\/users\/1"}],"replies":[{"embeddable":true,"href":"https:\/\/lfelsalvador.org\/fr\/wp-json\/wp\/v2\/comments?post=579"}],"version-history":[{"count":243,"href":"https:\/\/lfelsalvador.org\/fr\/wp-json\/wp\/v2\/pages\/579\/revisions"}],"predecessor-version":[{"id":11460,"href":"https:\/\/lfelsalvador.org\/fr\/wp-json\/wp\/v2\/pages\/579\/revisions\/11460"}],"up":[{"embeddable":true,"href":"https:\/\/lfelsalvador.org\/fr\/wp-json\/wp\/v2\/pages\/570"}],"wp:attachment":[{"href":"https:\/\/lfelsalvador.org\/fr\/wp-json\/wp\/v2\/media?parent=579"}],"curies":[{"name":"wp","href":"https:\/\/api.w.org\/{rel}","templated":true}]}}