{"id":572,"date":"2016-08-02T05:28:33","date_gmt":"2016-08-02T05:28:33","guid":{"rendered":"http:\/\/lfelsalvador.org\/fr\/?page_id=572"},"modified":"2020-09-23T18:17:08","modified_gmt":"2020-09-23T18:17:08","slug":"formation-continue","status":"publish","type":"page","link":"https:\/\/lfelsalvador.org\/fr\/ressources-humaines\/formation-continue\/","title":{"rendered":"Formation continue"},"content":{"rendered":"<p>&nbsp;<\/p>\n<p><img loading=\"lazy\" decoding=\"async\" class=\"alignnone wp-image-4629 size-full\" src=\"http:\/\/lfelsalvador.org\/wp-content\/uploads\/2016\/07\/DSC_04042.jpg\" alt=\"DSC_04042\" width=\"3600\" height=\"2281\" srcset=\"https:\/\/lfelsalvador.org\/wp-content\/uploads\/2016\/07\/DSC_04042.jpg 3600w, https:\/\/lfelsalvador.org\/wp-content\/uploads\/2016\/07\/DSC_04042-300x190.jpg 300w, https:\/\/lfelsalvador.org\/wp-content\/uploads\/2016\/07\/DSC_04042-768x487.jpg 768w, https:\/\/lfelsalvador.org\/wp-content\/uploads\/2016\/07\/DSC_04042-1024x649.jpg 1024w\" sizes=\"auto, (max-width: 3600px) 100vw, 3600px\" \/><\/p>\n<p>La formation continue est le secteur de la formation qui concerne tous ceux qui ont commenc\u00e9 leur vie professionnelle active et qui ont termin\u00e9 leur formation initiale (\u00e9tudes). Ce type de formation permet aux personnes de continuer \u00e0 se former pour am\u00e9liorer leurs comp\u00e9tences et \u00e0 mieux s&rsquo;adapter aux nouvelles technologies et aux pratiques et m\u00e9thodes appliqu\u00e9es dans le cadre de leurs fonctions. De plus, la formation continue peut faciliter la reconversion professionnelle.<\/p>\n<h2><a href=\"https:\/\/lfelsalvador.org\/wp-content\/uploads\/2016\/08\/PFCP-2020-2021-LFSS.pdf\" target=\"_blank\">PFCP ZONE AMLANORD 2020-2021<\/a><\/h2>\n<p class=\"accordion-head title-color gdl-title\">\n","protected":false},"excerpt":{"rendered":"<p>&nbsp; La formation continue est le secteur de la formation qui concerne tous ceux qui ont commenc\u00e9 leur vie professionnelle active et qui ont termin\u00e9 leur formation initiale (\u00e9tudes). Ce type de formation permet aux personnes de continuer \u00e0 se former pour am\u00e9liorer leurs comp\u00e9tences et \u00e0 mieux s&rsquo;adapter aux nouvelles technologies et aux pratiques [&hellip;]<\/p>\n","protected":false},"author":1,"featured_media":0,"parent":570,"menu_order":0,"comment_status":"closed","ping_status":"closed","template":"","meta":{"footnotes":""},"class_list":["post-572","page","type-page","status-publish","hentry"],"yoast_head":"<!-- This site is optimized with the Yoast SEO plugin v27.2 - https:\/\/yoast.com\/product\/yoast-seo-wordpress\/ -->\n<title>Formation continue | Liceo Frances de San Salvador<\/title>\n<meta name=\"robots\" content=\"index, follow, max-snippet:-1, max-image-preview:large, max-video-preview:-1\" \/>\n<link rel=\"canonical\" href=\"https:\/\/lfelsalvador.org\/fr\/ressources-humaines\/formation-continue\/\" \/>\n<meta property=\"og:locale\" content=\"fr_FR\" \/>\n<meta property=\"og:type\" content=\"article\" \/>\n<meta property=\"og:title\" content=\"Formation continue | Liceo Frances de San Salvador\" \/>\n<meta property=\"og:description\" content=\"&nbsp; La formation continue est le secteur de la formation qui concerne tous ceux qui ont commenc\u00e9 leur vie professionnelle active et qui ont termin\u00e9 leur formation initiale (\u00e9tudes). Ce type de formation permet aux personnes de continuer \u00e0 se former pour am\u00e9liorer leurs comp\u00e9tences et \u00e0 mieux s&rsquo;adapter aux nouvelles technologies et aux pratiques [&hellip;]\" \/>\n<meta property=\"og:url\" content=\"https:\/\/lfelsalvador.org\/fr\/ressources-humaines\/formation-continue\/\" \/>\n<meta property=\"og:site_name\" content=\"Liceo Frances de San Salvador\" \/>\n<meta property=\"article:publisher\" content=\"https:\/\/www.facebook.com\/lfelsalvador\/\" \/>\n<meta property=\"article:modified_time\" content=\"2020-09-23T18:17:08+00:00\" \/>\n<meta property=\"og:image\" content=\"http:\/\/lfelsalvador.org\/wp-content\/uploads\/2016\/07\/DSC_04042.jpg\" \/>\n<meta name=\"twitter:card\" content=\"summary_large_image\" \/>\n<meta name=\"twitter:site\" content=\"@lfelsalvador1\" \/>\n<script type=\"application\/ld+json\" class=\"yoast-schema-graph\">{\"@context\":\"https:\/\/schema.org\",\"@graph\":[{\"@type\":\"WebPage\",\"@id\":\"https:\/\/lfelsalvador.org\/fr\/ressources-humaines\/formation-continue\/\",\"url\":\"https:\/\/lfelsalvador.org\/fr\/ressources-humaines\/formation-continue\/\",\"name\":\"Formation continue | Liceo Frances de San Salvador\",\"isPartOf\":{\"@id\":\"https:\/\/lfelsalvador.org\/#website\"},\"primaryImageOfPage\":{\"@id\":\"https:\/\/lfelsalvador.org\/fr\/ressources-humaines\/formation-continue\/#primaryimage\"},\"image\":{\"@id\":\"https:\/\/lfelsalvador.org\/fr\/ressources-humaines\/formation-continue\/#primaryimage\"},\"thumbnailUrl\":\"http:\/\/lfelsalvador.org\/wp-content\/uploads\/2016\/07\/DSC_04042.jpg\",\"datePublished\":\"2016-08-02T05:28:33+00:00\",\"dateModified\":\"2020-09-23T18:17:08+00:00\",\"breadcrumb\":{\"@id\":\"https:\/\/lfelsalvador.org\/fr\/ressources-humaines\/formation-continue\/#breadcrumb\"},\"inLanguage\":\"fr-FR\",\"potentialAction\":[{\"@type\":\"ReadAction\",\"target\":[\"https:\/\/lfelsalvador.org\/fr\/ressources-humaines\/formation-continue\/\"]}]},{\"@type\":\"ImageObject\",\"inLanguage\":\"fr-FR\",\"@id\":\"https:\/\/lfelsalvador.org\/fr\/ressources-humaines\/formation-continue\/#primaryimage\",\"url\":\"http:\/\/lfelsalvador.org\/wp-content\/uploads\/2016\/07\/DSC_04042.jpg\",\"contentUrl\":\"http:\/\/lfelsalvador.org\/wp-content\/uploads\/2016\/07\/DSC_04042.jpg\"},{\"@type\":\"BreadcrumbList\",\"@id\":\"https:\/\/lfelsalvador.org\/fr\/ressources-humaines\/formation-continue\/#breadcrumb\",\"itemListElement\":[{\"@type\":\"ListItem\",\"position\":1,\"name\":\"Portada\",\"item\":\"https:\/\/lfelsalvador.org\/fr\/\"},{\"@type\":\"ListItem\",\"position\":2,\"name\":\"Ressources humaines\",\"item\":\"https:\/\/lfelsalvador.org\/fr\/ressources-humaines\/\"},{\"@type\":\"ListItem\",\"position\":3,\"name\":\"Formation continue\"}]},{\"@type\":\"WebSite\",\"@id\":\"https:\/\/lfelsalvador.org\/#website\",\"url\":\"https:\/\/lfelsalvador.org\/\",\"name\":\"Liceo Frances de San Salvador\",\"description\":\"\",\"potentialAction\":[{\"@type\":\"SearchAction\",\"target\":{\"@type\":\"EntryPoint\",\"urlTemplate\":\"https:\/\/lfelsalvador.org\/?s={search_term_string}\"},\"query-input\":{\"@type\":\"PropertyValueSpecification\",\"valueRequired\":true,\"valueName\":\"search_term_string\"}}],\"inLanguage\":\"fr-FR\"}]}<\/script>\n<!-- \/ Yoast SEO plugin. -->","yoast_head_json":{"title":"Formation continue | Liceo Frances de San Salvador","robots":{"index":"index","follow":"follow","max-snippet":"max-snippet:-1","max-image-preview":"max-image-preview:large","max-video-preview":"max-video-preview:-1"},"canonical":"https:\/\/lfelsalvador.org\/fr\/ressources-humaines\/formation-continue\/","og_locale":"fr_FR","og_type":"article","og_title":"Formation continue | Liceo Frances de San Salvador","og_description":"&nbsp; La formation continue est le secteur de la formation qui concerne tous ceux qui ont commenc\u00e9 leur vie professionnelle active et qui ont termin\u00e9 leur formation initiale (\u00e9tudes). Ce type de formation permet aux personnes de continuer \u00e0 se former pour am\u00e9liorer leurs comp\u00e9tences et \u00e0 mieux s&rsquo;adapter aux nouvelles technologies et aux pratiques [&hellip;]","og_url":"https:\/\/lfelsalvador.org\/fr\/ressources-humaines\/formation-continue\/","og_site_name":"Liceo Frances de San Salvador","article_publisher":"https:\/\/www.facebook.com\/lfelsalvador\/","article_modified_time":"2020-09-23T18:17:08+00:00","og_image":[{"url":"http:\/\/lfelsalvador.org\/wp-content\/uploads\/2016\/07\/DSC_04042.jpg","type":"","width":"","height":""}],"twitter_card":"summary_large_image","twitter_site":"@lfelsalvador1","schema":{"@context":"https:\/\/schema.org","@graph":[{"@type":"WebPage","@id":"https:\/\/lfelsalvador.org\/fr\/ressources-humaines\/formation-continue\/","url":"https:\/\/lfelsalvador.org\/fr\/ressources-humaines\/formation-continue\/","name":"Formation continue | Liceo Frances de San Salvador","isPartOf":{"@id":"https:\/\/lfelsalvador.org\/#website"},"primaryImageOfPage":{"@id":"https:\/\/lfelsalvador.org\/fr\/ressources-humaines\/formation-continue\/#primaryimage"},"image":{"@id":"https:\/\/lfelsalvador.org\/fr\/ressources-humaines\/formation-continue\/#primaryimage"},"thumbnailUrl":"http:\/\/lfelsalvador.org\/wp-content\/uploads\/2016\/07\/DSC_04042.jpg","datePublished":"2016-08-02T05:28:33+00:00","dateModified":"2020-09-23T18:17:08+00:00","breadcrumb":{"@id":"https:\/\/lfelsalvador.org\/fr\/ressources-humaines\/formation-continue\/#breadcrumb"},"inLanguage":"fr-FR","potentialAction":[{"@type":"ReadAction","target":["https:\/\/lfelsalvador.org\/fr\/ressources-humaines\/formation-continue\/"]}]},{"@type":"ImageObject","inLanguage":"fr-FR","@id":"https:\/\/lfelsalvador.org\/fr\/ressources-humaines\/formation-continue\/#primaryimage","url":"http:\/\/lfelsalvador.org\/wp-content\/uploads\/2016\/07\/DSC_04042.jpg","contentUrl":"http:\/\/lfelsalvador.org\/wp-content\/uploads\/2016\/07\/DSC_04042.jpg"},{"@type":"BreadcrumbList","@id":"https:\/\/lfelsalvador.org\/fr\/ressources-humaines\/formation-continue\/#breadcrumb","itemListElement":[{"@type":"ListItem","position":1,"name":"Portada","item":"https:\/\/lfelsalvador.org\/fr\/"},{"@type":"ListItem","position":2,"name":"Ressources humaines","item":"https:\/\/lfelsalvador.org\/fr\/ressources-humaines\/"},{"@type":"ListItem","position":3,"name":"Formation continue"}]},{"@type":"WebSite","@id":"https:\/\/lfelsalvador.org\/#website","url":"https:\/\/lfelsalvador.org\/","name":"Liceo Frances de San Salvador","description":"","potentialAction":[{"@type":"SearchAction","target":{"@type":"EntryPoint","urlTemplate":"https:\/\/lfelsalvador.org\/?s={search_term_string}"},"query-input":{"@type":"PropertyValueSpecification","valueRequired":true,"valueName":"search_term_string"}}],"inLanguage":"fr-FR"}]}},"_links":{"self":[{"href":"https:\/\/lfelsalvador.org\/fr\/wp-json\/wp\/v2\/pages\/572","targetHints":{"allow":["GET"]}}],"collection":[{"href":"https:\/\/lfelsalvador.org\/fr\/wp-json\/wp\/v2\/pages"}],"about":[{"href":"https:\/\/lfelsalvador.org\/fr\/wp-json\/wp\/v2\/types\/page"}],"author":[{"embeddable":true,"href":"https:\/\/lfelsalvador.org\/fr\/wp-json\/wp\/v2\/users\/1"}],"replies":[{"embeddable":true,"href":"https:\/\/lfelsalvador.org\/fr\/wp-json\/wp\/v2\/comments?post=572"}],"version-history":[{"count":9,"href":"https:\/\/lfelsalvador.org\/fr\/wp-json\/wp\/v2\/pages\/572\/revisions"}],"predecessor-version":[{"id":7008,"href":"https:\/\/lfelsalvador.org\/fr\/wp-json\/wp\/v2\/pages\/572\/revisions\/7008"}],"up":[{"embeddable":true,"href":"https:\/\/lfelsalvador.org\/fr\/wp-json\/wp\/v2\/pages\/570"}],"wp:attachment":[{"href":"https:\/\/lfelsalvador.org\/fr\/wp-json\/wp\/v2\/media?parent=572"}],"curies":[{"name":"wp","href":"https:\/\/api.w.org\/{rel}","templated":true}]}}