{"id":554,"date":"2016-08-02T04:45:34","date_gmt":"2016-08-02T04:45:34","guid":{"rendered":"http:\/\/lfelsalvador.org\/fr\/?page_id=554"},"modified":"2025-07-25T14:06:13","modified_gmt":"2025-07-25T14:06:13","slug":"reglement-interieur","status":"publish","type":"page","link":"https:\/\/lfelsalvador.org\/fr\/notre-lycee-2\/reglement-interieur\/","title":{"rendered":"R\u00e8glement int\u00e9rieur"},"content":{"rendered":"<p>R\u00e8glement int\u00e9rieur pour l&rsquo;ann\u00e9e scolaire 2025-2026 :<\/p>\n<p><strong>R\u00e8glement int\u00e9rieur:<\/strong><\/p>\n<ul>\n<li><a href=\"https:\/\/lfelsalvador.org\/wp-content\/uploads\/2025\/07\/RI-Maternelle-VF.pdf\" target=\"_blank\" rel=\"noopener\">Maternelle<\/a><\/li>\n<li><a href=\"https:\/\/lfelsalvador.org\/wp-content\/uploads\/2025\/07\/RI-ELEMENTAIRE-VF-WIP-2025.docx.pdf\">Primaire<\/a><\/li>\n<li><a href=\"https:\/\/lfelsalvador.org\/wp-content\/uploads\/2025\/07\/DOC-2-RI-Secondaire-Rentree-2025-DEF.pdf\" target=\"_blank\" rel=\"noopener\">Secondaire<\/a><\/li>\n<\/ul>\n<p><strong>Documents annexes au r\u00e8glement int\u00e9rieur :<\/strong><\/p>\n<p><a href=\"https:\/\/lfelsalvador.org\/wp-content\/uploads\/2022\/08\/Charte-du-De\u0301veloppement-Durable-R-2022.pdf\">Charte du d\u00e9veloppement durable<\/a><\/p>\n<p><span style=\"text-decoration: underline;\">Coll\u00e8ge et Lyc\u00e9e:<\/span><\/p>\n<ul>\n<li><a href=\"https:\/\/lfelsalvador.org\/wp-content\/uploads\/2022\/08\/Charte-informatique-2022-23.pdf\" target=\"_blank\" rel=\"noopener\">Charte informatique \u00e9l\u00e8ves<\/a><\/li>\n<\/ul>\n<p><strong>Charte de la vid\u00e9osurveillance et protocoles d&rsquo;intervention\u00a0:<\/strong><\/p>\n<ul>\n<li><a href=\"https:\/\/lfelsalvador.org\/wp-content\/uploads\/2016\/07\/Charte-videosurveillance.pdf\" target=\"_blank\" rel=\"noopener\">Charte vid\u00e9osurveillance<\/a><\/li>\n<li><a href=\"https:\/\/lfelsalvador.org\/wp-content\/uploads\/2022\/08\/PROTOCOLO-ALUMNOS-R-2022-version-de\u0301finitive.pdf\" target=\"_blank\" rel=\"noopener\">Protocole d&rsquo;intervention pour la r\u00e9solution de conflits &#8211; versi\u00f3n \u00e9l\u00e8ves<\/a><\/li>\n<li><a href=\"https:\/\/lfelsalvador.org\/wp-content\/uploads\/2022\/08\/PROTOCOLO-padres-de-familia-R-2022-version-de\u0301finitive.pdf\" target=\"_blank\" rel=\"noopener\">Protocole d&rsquo;intervention pour la r\u00e9solution de conflits &#8211; version parents<\/a><\/li>\n<li><a href=\"https:\/\/lfelsalvador.org\/wp-content\/uploads\/2022\/08\/PROTOCOLO-PROFESORES-Y-VIDA-ESC-R-2022-version-de\u0301finitive.pdf\" target=\"_blank\" rel=\"noopener\">Protocole d&rsquo;intervention pour la r\u00e9solution de conflits &#8211; personnel p\u00e9dagogique et vie scolaire<\/a><\/li>\n<li><a href=\"https:\/\/lfelsalvador.org\/wp-content\/uploads\/2022\/08\/PROTOCOLO-PERSONAL-NO-PEDAG-R-2022-version-de\u0301fintive.pdf\" target=\"_blank\" rel=\"noopener\">Protocole d&rsquo;intervention pour la r\u00e9solution de conflits &#8211; Autres personnels<\/a><\/li>\n<\/ul>\n\n\n<p><\/p>\n","protected":false},"excerpt":{"rendered":"<p>R\u00e8glement int\u00e9rieur pour l&rsquo;ann\u00e9e scolaire 2025-2026 : R\u00e8glement int\u00e9rieur: Maternelle Primaire Secondaire Documents annexes au r\u00e8glement int\u00e9rieur : Charte du d\u00e9veloppement durable Coll\u00e8ge et Lyc\u00e9e: Charte informatique \u00e9l\u00e8ves Charte de la vid\u00e9osurveillance et protocoles d&rsquo;intervention\u00a0: Charte vid\u00e9osurveillance Protocole d&rsquo;intervention pour la r\u00e9solution de conflits &#8211; versi\u00f3n \u00e9l\u00e8ves Protocole d&rsquo;intervention pour la r\u00e9solution de conflits &#8211; [&hellip;]<\/p>\n","protected":false},"author":1,"featured_media":0,"parent":3930,"menu_order":5,"comment_status":"closed","ping_status":"closed","template":"","meta":{"footnotes":""},"class_list":["post-554","page","type-page","status-publish","hentry"],"yoast_head":"<!-- This site is optimized with the Yoast SEO plugin v27.2 - https:\/\/yoast.com\/product\/yoast-seo-wordpress\/ -->\n<title>R\u00e8glement int\u00e9rieur | Liceo Frances de San Salvador<\/title>\n<meta name=\"robots\" content=\"index, follow, max-snippet:-1, max-image-preview:large, max-video-preview:-1\" \/>\n<link rel=\"canonical\" href=\"https:\/\/lfelsalvador.org\/fr\/notre-lycee-2\/reglement-interieur\/\" \/>\n<meta property=\"og:locale\" content=\"fr_FR\" \/>\n<meta property=\"og:type\" content=\"article\" \/>\n<meta property=\"og:title\" content=\"R\u00e8glement int\u00e9rieur | Liceo Frances de San Salvador\" \/>\n<meta property=\"og:description\" content=\"R\u00e8glement int\u00e9rieur pour l&rsquo;ann\u00e9e scolaire 2025-2026 : R\u00e8glement int\u00e9rieur: Maternelle Primaire Secondaire Documents annexes au r\u00e8glement int\u00e9rieur : Charte du d\u00e9veloppement durable Coll\u00e8ge et Lyc\u00e9e: Charte informatique \u00e9l\u00e8ves Charte de la vid\u00e9osurveillance et protocoles d&rsquo;intervention\u00a0: Charte vid\u00e9osurveillance Protocole d&rsquo;intervention pour la r\u00e9solution de conflits &#8211; versi\u00f3n \u00e9l\u00e8ves Protocole d&rsquo;intervention pour la r\u00e9solution de conflits &#8211; [&hellip;]\" \/>\n<meta property=\"og:url\" content=\"https:\/\/lfelsalvador.org\/fr\/notre-lycee-2\/reglement-interieur\/\" \/>\n<meta property=\"og:site_name\" content=\"Liceo Frances de San Salvador\" \/>\n<meta property=\"article:publisher\" content=\"https:\/\/www.facebook.com\/lfelsalvador\/\" \/>\n<meta property=\"article:modified_time\" content=\"2025-07-25T14:06:13+00:00\" \/>\n<meta property=\"og:image\" content=\"http:\/\/lfelsalvador.org\/wp-content\/uploads\/2016\/08\/Site-4.jpg\" \/>\n<meta name=\"twitter:card\" content=\"summary_large_image\" \/>\n<meta name=\"twitter:site\" content=\"@lfelsalvador1\" \/>\n<meta name=\"twitter:label1\" content=\"Dur\u00e9e de lecture estim\u00e9e\" \/>\n\t<meta name=\"twitter:data1\" content=\"1 minute\" \/>\n<script type=\"application\/ld+json\" class=\"yoast-schema-graph\">{\"@context\":\"https:\/\/schema.org\",\"@graph\":[{\"@type\":\"WebPage\",\"@id\":\"https:\/\/lfelsalvador.org\/fr\/notre-lycee-2\/reglement-interieur\/\",\"url\":\"https:\/\/lfelsalvador.org\/fr\/notre-lycee-2\/reglement-interieur\/\",\"name\":\"R\u00e8glement int\u00e9rieur | Liceo Frances de San Salvador\",\"isPartOf\":{\"@id\":\"https:\/\/lfelsalvador.org\/#website\"},\"datePublished\":\"2016-08-02T04:45:34+00:00\",\"dateModified\":\"2025-07-25T14:06:13+00:00\",\"breadcrumb\":{\"@id\":\"https:\/\/lfelsalvador.org\/fr\/notre-lycee-2\/reglement-interieur\/#breadcrumb\"},\"inLanguage\":\"fr-FR\",\"potentialAction\":[{\"@type\":\"ReadAction\",\"target\":[\"https:\/\/lfelsalvador.org\/fr\/notre-lycee-2\/reglement-interieur\/\"]}]},{\"@type\":\"BreadcrumbList\",\"@id\":\"https:\/\/lfelsalvador.org\/fr\/notre-lycee-2\/reglement-interieur\/#breadcrumb\",\"itemListElement\":[{\"@type\":\"ListItem\",\"position\":1,\"name\":\"Portada\",\"item\":\"https:\/\/lfelsalvador.org\/fr\/\"},{\"@type\":\"ListItem\",\"position\":2,\"name\":\"notre Lyc\u00e9e\",\"item\":\"https:\/\/lfelsalvador.org\/fr\/notre-lycee-2\/\"},{\"@type\":\"ListItem\",\"position\":3,\"name\":\"R\u00e8glement int\u00e9rieur\"}]},{\"@type\":\"WebSite\",\"@id\":\"https:\/\/lfelsalvador.org\/#website\",\"url\":\"https:\/\/lfelsalvador.org\/\",\"name\":\"Liceo Frances de San Salvador\",\"description\":\"\",\"potentialAction\":[{\"@type\":\"SearchAction\",\"target\":{\"@type\":\"EntryPoint\",\"urlTemplate\":\"https:\/\/lfelsalvador.org\/?s={search_term_string}\"},\"query-input\":{\"@type\":\"PropertyValueSpecification\",\"valueRequired\":true,\"valueName\":\"search_term_string\"}}],\"inLanguage\":\"fr-FR\"}]}<\/script>\n<!-- \/ Yoast SEO plugin. -->","yoast_head_json":{"title":"R\u00e8glement int\u00e9rieur | Liceo Frances de San Salvador","robots":{"index":"index","follow":"follow","max-snippet":"max-snippet:-1","max-image-preview":"max-image-preview:large","max-video-preview":"max-video-preview:-1"},"canonical":"https:\/\/lfelsalvador.org\/fr\/notre-lycee-2\/reglement-interieur\/","og_locale":"fr_FR","og_type":"article","og_title":"R\u00e8glement int\u00e9rieur | Liceo Frances de San Salvador","og_description":"R\u00e8glement int\u00e9rieur pour l&rsquo;ann\u00e9e scolaire 2025-2026 : R\u00e8glement int\u00e9rieur: Maternelle Primaire Secondaire Documents annexes au r\u00e8glement int\u00e9rieur : Charte du d\u00e9veloppement durable Coll\u00e8ge et Lyc\u00e9e: Charte informatique \u00e9l\u00e8ves Charte de la vid\u00e9osurveillance et protocoles d&rsquo;intervention\u00a0: Charte vid\u00e9osurveillance Protocole d&rsquo;intervention pour la r\u00e9solution de conflits &#8211; versi\u00f3n \u00e9l\u00e8ves Protocole d&rsquo;intervention pour la r\u00e9solution de conflits &#8211; [&hellip;]","og_url":"https:\/\/lfelsalvador.org\/fr\/notre-lycee-2\/reglement-interieur\/","og_site_name":"Liceo Frances de San Salvador","article_publisher":"https:\/\/www.facebook.com\/lfelsalvador\/","article_modified_time":"2025-07-25T14:06:13+00:00","og_image":[{"url":"http:\/\/lfelsalvador.org\/wp-content\/uploads\/2016\/08\/Site-4.jpg","type":"","width":"","height":""}],"twitter_card":"summary_large_image","twitter_site":"@lfelsalvador1","twitter_misc":{"Dur\u00e9e de lecture estim\u00e9e":"1 minute"},"schema":{"@context":"https:\/\/schema.org","@graph":[{"@type":"WebPage","@id":"https:\/\/lfelsalvador.org\/fr\/notre-lycee-2\/reglement-interieur\/","url":"https:\/\/lfelsalvador.org\/fr\/notre-lycee-2\/reglement-interieur\/","name":"R\u00e8glement int\u00e9rieur | Liceo Frances de San Salvador","isPartOf":{"@id":"https:\/\/lfelsalvador.org\/#website"},"datePublished":"2016-08-02T04:45:34+00:00","dateModified":"2025-07-25T14:06:13+00:00","breadcrumb":{"@id":"https:\/\/lfelsalvador.org\/fr\/notre-lycee-2\/reglement-interieur\/#breadcrumb"},"inLanguage":"fr-FR","potentialAction":[{"@type":"ReadAction","target":["https:\/\/lfelsalvador.org\/fr\/notre-lycee-2\/reglement-interieur\/"]}]},{"@type":"BreadcrumbList","@id":"https:\/\/lfelsalvador.org\/fr\/notre-lycee-2\/reglement-interieur\/#breadcrumb","itemListElement":[{"@type":"ListItem","position":1,"name":"Portada","item":"https:\/\/lfelsalvador.org\/fr\/"},{"@type":"ListItem","position":2,"name":"notre Lyc\u00e9e","item":"https:\/\/lfelsalvador.org\/fr\/notre-lycee-2\/"},{"@type":"ListItem","position":3,"name":"R\u00e8glement int\u00e9rieur"}]},{"@type":"WebSite","@id":"https:\/\/lfelsalvador.org\/#website","url":"https:\/\/lfelsalvador.org\/","name":"Liceo Frances de San Salvador","description":"","potentialAction":[{"@type":"SearchAction","target":{"@type":"EntryPoint","urlTemplate":"https:\/\/lfelsalvador.org\/?s={search_term_string}"},"query-input":{"@type":"PropertyValueSpecification","valueRequired":true,"valueName":"search_term_string"}}],"inLanguage":"fr-FR"}]}},"_links":{"self":[{"href":"https:\/\/lfelsalvador.org\/fr\/wp-json\/wp\/v2\/pages\/554","targetHints":{"allow":["GET"]}}],"collection":[{"href":"https:\/\/lfelsalvador.org\/fr\/wp-json\/wp\/v2\/pages"}],"about":[{"href":"https:\/\/lfelsalvador.org\/fr\/wp-json\/wp\/v2\/types\/page"}],"author":[{"embeddable":true,"href":"https:\/\/lfelsalvador.org\/fr\/wp-json\/wp\/v2\/users\/1"}],"replies":[{"embeddable":true,"href":"https:\/\/lfelsalvador.org\/fr\/wp-json\/wp\/v2\/comments?post=554"}],"version-history":[{"count":21,"href":"https:\/\/lfelsalvador.org\/fr\/wp-json\/wp\/v2\/pages\/554\/revisions"}],"predecessor-version":[{"id":10784,"href":"https:\/\/lfelsalvador.org\/fr\/wp-json\/wp\/v2\/pages\/554\/revisions\/10784"}],"up":[{"embeddable":true,"href":"https:\/\/lfelsalvador.org\/fr\/wp-json\/wp\/v2\/pages\/3930"}],"wp:attachment":[{"href":"https:\/\/lfelsalvador.org\/fr\/wp-json\/wp\/v2\/media?parent=554"}],"curies":[{"name":"wp","href":"https:\/\/api.w.org\/{rel}","templated":true}]}}