{"id":542,"date":"2016-08-02T04:23:49","date_gmt":"2016-08-02T04:23:49","guid":{"rendered":"http:\/\/lfelsalvador.org\/fr\/?page_id=542"},"modified":"2025-03-17T15:22:46","modified_gmt":"2025-03-17T15:22:46","slug":"projet-de-letablissement","status":"publish","type":"page","link":"https:\/\/lfelsalvador.org\/fr\/notre-lycee-2\/projet-de-letablissement\/","title":{"rendered":"Projet de l\u2019\u00e9tablissement"},"content":{"rendered":"<p>Le nouveau projet d&rsquo;\u00e9tablissement 2024-2027 a \u00e9t\u00e9 vot\u00e9 au Conseil d&rsquo;\u00c9tablissement du 22 f\u00e9vrier 2024. Ce projet sera notre feuille de route pour les prochaines ann\u00e9es scolaires.\u00a0Il est le fruit de tous les \u00e9changes, r\u00e9flexions et suggestions\u00a0r\u00e9alis\u00e9s avec les personnels, les parents\u00a0d\u2019\u00e9l\u00e8ves et les \u00e9l\u00e8ves repr\u00e9sentants \u00e9lus.<\/p>\n<p>Il est important que toute notre communaut\u00e9 prenne connaissance de ce projet afin que, tous ensemble, nous puissions atteindre nos objectifs.<\/p>\n<h3>Projet d&rsquo;\u00c9tablissement 2024-2027<\/h3>\n<p>\u00a0<\/p>\n\n\n<div class=\"wp-block-pdfjsblock-pdfjs-embed pdfjs-wrapper\"><\/div>\n\n\n\n<p>Ci-joint le <a href=\"https:\/\/lfelsalvador.org\/wp-content\/uploads\/2016\/07\/Projet-d\u00e9tablissement-2019-2021.pdf\">Projet d&rsquo;\u00e9tablissement 2019-2021<\/a><\/p>\n\n\n\n<p>Ci-joint le&nbsp;<a href=\"http:\/\/lfelsalvador.org\/wp-content\/uploads\/2016\/07\/Projet-dEtablissement-2015-18-RENTREE-2015.pdf\">Projet d&rsquo;\u00e9tablissement 2015-2018<\/a>&nbsp;et le&nbsp;<a href=\"http:\/\/lfelsalvador.org\/wp-content\/uploads\/2016\/07\/projet-e%CC%81cole-2015-2018.pdf\" target=\"_blank\" rel=\"noreferrer noopener\">Projet d\u2019Ecole 2015-2018<\/a>.<\/p>\n\n\n\n<p>Ci-joint le <a href=\"http:\/\/lfelsalvador.org\/wp-content\/uploads\/2016\/07\/Proyecto-de-Establecimiento-2011-2014.pdf\" target=\"_blank\" rel=\"noreferrer noopener\">Projet d\u2019Etablissement 2011-2014<\/a>&nbsp;et le <a href=\"http:\/\/lfelsalvador.org\/wp-content\/uploads\/2016\/07\/Proyecto-de-Escuela-2012-2015.pdf\" target=\"_blank\" rel=\"noreferrer noopener\">Projet d\u2019Ecole 2012-2015.<\/a><\/p>\n","protected":false},"excerpt":{"rendered":"<p>Le nouveau projet d&rsquo;\u00e9tablissement 2024-2027 a \u00e9t\u00e9 vot\u00e9 au Conseil d&rsquo;\u00c9tablissement du 22 f\u00e9vrier 2024. Ce projet sera notre feuille de route pour les prochaines ann\u00e9es scolaires.\u00a0Il est le fruit de tous les \u00e9changes, r\u00e9flexions et suggestions\u00a0r\u00e9alis\u00e9s avec les personnels, les parents\u00a0d\u2019\u00e9l\u00e8ves et les \u00e9l\u00e8ves repr\u00e9sentants \u00e9lus. Il est important que toute notre communaut\u00e9 prenne [&hellip;]<\/p>\n","protected":false},"author":1,"featured_media":0,"parent":3930,"menu_order":4,"comment_status":"closed","ping_status":"closed","template":"","meta":{"footnotes":""},"class_list":["post-542","page","type-page","status-publish","hentry"],"yoast_head":"<!-- This site is optimized with the Yoast SEO plugin v27.2 - https:\/\/yoast.com\/product\/yoast-seo-wordpress\/ -->\n<title>Projet de l\u2019\u00e9tablissement | Liceo Frances de San Salvador<\/title>\n<meta name=\"robots\" content=\"index, follow, max-snippet:-1, max-image-preview:large, max-video-preview:-1\" \/>\n<link rel=\"canonical\" href=\"https:\/\/lfelsalvador.org\/fr\/notre-lycee-2\/projet-de-letablissement\/\" \/>\n<meta property=\"og:locale\" content=\"fr_FR\" \/>\n<meta property=\"og:type\" content=\"article\" \/>\n<meta property=\"og:title\" content=\"Projet de l\u2019\u00e9tablissement | Liceo Frances de San Salvador\" \/>\n<meta property=\"og:description\" content=\"Le nouveau projet d&rsquo;\u00e9tablissement 2024-2027 a \u00e9t\u00e9 vot\u00e9 au Conseil d&rsquo;\u00c9tablissement du 22 f\u00e9vrier 2024. Ce projet sera notre feuille de route pour les prochaines ann\u00e9es scolaires.\u00a0Il est le fruit de tous les \u00e9changes, r\u00e9flexions et suggestions\u00a0r\u00e9alis\u00e9s avec les personnels, les parents\u00a0d\u2019\u00e9l\u00e8ves et les \u00e9l\u00e8ves repr\u00e9sentants \u00e9lus. Il est important que toute notre communaut\u00e9 prenne [&hellip;]\" \/>\n<meta property=\"og:url\" content=\"https:\/\/lfelsalvador.org\/fr\/notre-lycee-2\/projet-de-letablissement\/\" \/>\n<meta property=\"og:site_name\" content=\"Liceo Frances de San Salvador\" \/>\n<meta property=\"article:publisher\" content=\"https:\/\/www.facebook.com\/lfelsalvador\/\" \/>\n<meta property=\"article:modified_time\" content=\"2025-03-17T15:22:46+00:00\" \/>\n<meta property=\"og:image\" content=\"http:\/\/lfelsalvador.org\/wp-content\/uploads\/2016\/08\/Site-4.jpg\" \/>\n<meta name=\"twitter:card\" content=\"summary_large_image\" \/>\n<meta name=\"twitter:site\" content=\"@lfelsalvador1\" \/>\n<meta name=\"twitter:label1\" content=\"Dur\u00e9e de lecture estim\u00e9e\" \/>\n\t<meta name=\"twitter:data1\" content=\"1 minute\" \/>\n<script type=\"application\/ld+json\" class=\"yoast-schema-graph\">{\"@context\":\"https:\/\/schema.org\",\"@graph\":[{\"@type\":\"WebPage\",\"@id\":\"https:\/\/lfelsalvador.org\/fr\/notre-lycee-2\/projet-de-letablissement\/\",\"url\":\"https:\/\/lfelsalvador.org\/fr\/notre-lycee-2\/projet-de-letablissement\/\",\"name\":\"Projet de l\u2019\u00e9tablissement | Liceo Frances de San Salvador\",\"isPartOf\":{\"@id\":\"https:\/\/lfelsalvador.org\/#website\"},\"datePublished\":\"2016-08-02T04:23:49+00:00\",\"dateModified\":\"2025-03-17T15:22:46+00:00\",\"breadcrumb\":{\"@id\":\"https:\/\/lfelsalvador.org\/fr\/notre-lycee-2\/projet-de-letablissement\/#breadcrumb\"},\"inLanguage\":\"fr-FR\",\"potentialAction\":[{\"@type\":\"ReadAction\",\"target\":[\"https:\/\/lfelsalvador.org\/fr\/notre-lycee-2\/projet-de-letablissement\/\"]}]},{\"@type\":\"BreadcrumbList\",\"@id\":\"https:\/\/lfelsalvador.org\/fr\/notre-lycee-2\/projet-de-letablissement\/#breadcrumb\",\"itemListElement\":[{\"@type\":\"ListItem\",\"position\":1,\"name\":\"Portada\",\"item\":\"https:\/\/lfelsalvador.org\/fr\/\"},{\"@type\":\"ListItem\",\"position\":2,\"name\":\"notre Lyc\u00e9e\",\"item\":\"https:\/\/lfelsalvador.org\/fr\/notre-lycee-2\/\"},{\"@type\":\"ListItem\",\"position\":3,\"name\":\"Projet de l\u2019\u00e9tablissement\"}]},{\"@type\":\"WebSite\",\"@id\":\"https:\/\/lfelsalvador.org\/#website\",\"url\":\"https:\/\/lfelsalvador.org\/\",\"name\":\"Liceo Frances de San Salvador\",\"description\":\"\",\"potentialAction\":[{\"@type\":\"SearchAction\",\"target\":{\"@type\":\"EntryPoint\",\"urlTemplate\":\"https:\/\/lfelsalvador.org\/?s={search_term_string}\"},\"query-input\":{\"@type\":\"PropertyValueSpecification\",\"valueRequired\":true,\"valueName\":\"search_term_string\"}}],\"inLanguage\":\"fr-FR\"}]}<\/script>\n<!-- \/ Yoast SEO plugin. -->","yoast_head_json":{"title":"Projet de l\u2019\u00e9tablissement | Liceo Frances de San Salvador","robots":{"index":"index","follow":"follow","max-snippet":"max-snippet:-1","max-image-preview":"max-image-preview:large","max-video-preview":"max-video-preview:-1"},"canonical":"https:\/\/lfelsalvador.org\/fr\/notre-lycee-2\/projet-de-letablissement\/","og_locale":"fr_FR","og_type":"article","og_title":"Projet de l\u2019\u00e9tablissement | Liceo Frances de San Salvador","og_description":"Le nouveau projet d&rsquo;\u00e9tablissement 2024-2027 a \u00e9t\u00e9 vot\u00e9 au Conseil d&rsquo;\u00c9tablissement du 22 f\u00e9vrier 2024. Ce projet sera notre feuille de route pour les prochaines ann\u00e9es scolaires.\u00a0Il est le fruit de tous les \u00e9changes, r\u00e9flexions et suggestions\u00a0r\u00e9alis\u00e9s avec les personnels, les parents\u00a0d\u2019\u00e9l\u00e8ves et les \u00e9l\u00e8ves repr\u00e9sentants \u00e9lus. Il est important que toute notre communaut\u00e9 prenne [&hellip;]","og_url":"https:\/\/lfelsalvador.org\/fr\/notre-lycee-2\/projet-de-letablissement\/","og_site_name":"Liceo Frances de San Salvador","article_publisher":"https:\/\/www.facebook.com\/lfelsalvador\/","article_modified_time":"2025-03-17T15:22:46+00:00","og_image":[{"url":"http:\/\/lfelsalvador.org\/wp-content\/uploads\/2016\/08\/Site-4.jpg","type":"","width":"","height":""}],"twitter_card":"summary_large_image","twitter_site":"@lfelsalvador1","twitter_misc":{"Dur\u00e9e de lecture estim\u00e9e":"1 minute"},"schema":{"@context":"https:\/\/schema.org","@graph":[{"@type":"WebPage","@id":"https:\/\/lfelsalvador.org\/fr\/notre-lycee-2\/projet-de-letablissement\/","url":"https:\/\/lfelsalvador.org\/fr\/notre-lycee-2\/projet-de-letablissement\/","name":"Projet de l\u2019\u00e9tablissement | Liceo Frances de San Salvador","isPartOf":{"@id":"https:\/\/lfelsalvador.org\/#website"},"datePublished":"2016-08-02T04:23:49+00:00","dateModified":"2025-03-17T15:22:46+00:00","breadcrumb":{"@id":"https:\/\/lfelsalvador.org\/fr\/notre-lycee-2\/projet-de-letablissement\/#breadcrumb"},"inLanguage":"fr-FR","potentialAction":[{"@type":"ReadAction","target":["https:\/\/lfelsalvador.org\/fr\/notre-lycee-2\/projet-de-letablissement\/"]}]},{"@type":"BreadcrumbList","@id":"https:\/\/lfelsalvador.org\/fr\/notre-lycee-2\/projet-de-letablissement\/#breadcrumb","itemListElement":[{"@type":"ListItem","position":1,"name":"Portada","item":"https:\/\/lfelsalvador.org\/fr\/"},{"@type":"ListItem","position":2,"name":"notre Lyc\u00e9e","item":"https:\/\/lfelsalvador.org\/fr\/notre-lycee-2\/"},{"@type":"ListItem","position":3,"name":"Projet de l\u2019\u00e9tablissement"}]},{"@type":"WebSite","@id":"https:\/\/lfelsalvador.org\/#website","url":"https:\/\/lfelsalvador.org\/","name":"Liceo Frances de San Salvador","description":"","potentialAction":[{"@type":"SearchAction","target":{"@type":"EntryPoint","urlTemplate":"https:\/\/lfelsalvador.org\/?s={search_term_string}"},"query-input":{"@type":"PropertyValueSpecification","valueRequired":true,"valueName":"search_term_string"}}],"inLanguage":"fr-FR"}]}},"_links":{"self":[{"href":"https:\/\/lfelsalvador.org\/fr\/wp-json\/wp\/v2\/pages\/542","targetHints":{"allow":["GET"]}}],"collection":[{"href":"https:\/\/lfelsalvador.org\/fr\/wp-json\/wp\/v2\/pages"}],"about":[{"href":"https:\/\/lfelsalvador.org\/fr\/wp-json\/wp\/v2\/types\/page"}],"author":[{"embeddable":true,"href":"https:\/\/lfelsalvador.org\/fr\/wp-json\/wp\/v2\/users\/1"}],"replies":[{"embeddable":true,"href":"https:\/\/lfelsalvador.org\/fr\/wp-json\/wp\/v2\/comments?post=542"}],"version-history":[{"count":10,"href":"https:\/\/lfelsalvador.org\/fr\/wp-json\/wp\/v2\/pages\/542\/revisions"}],"predecessor-version":[{"id":10540,"href":"https:\/\/lfelsalvador.org\/fr\/wp-json\/wp\/v2\/pages\/542\/revisions\/10540"}],"up":[{"embeddable":true,"href":"https:\/\/lfelsalvador.org\/fr\/wp-json\/wp\/v2\/pages\/3930"}],"wp:attachment":[{"href":"https:\/\/lfelsalvador.org\/fr\/wp-json\/wp\/v2\/media?parent=542"}],"curies":[{"name":"wp","href":"https:\/\/api.w.org\/{rel}","templated":true}]}}