{"id":524,"date":"2016-08-02T03:28:36","date_gmt":"2016-08-02T03:28:36","guid":{"rendered":"http:\/\/lfelsalvador.org\/fr\/?page_id=524"},"modified":"2026-04-14T18:13:56","modified_gmt":"2026-04-14T18:13:56","slug":"gestion-partagee","status":"publish","type":"page","link":"https:\/\/lfelsalvador.org\/fr\/notre-lycee-2\/gestion-partagee\/","title":{"rendered":"Gestion Partag\u00e9e"},"content":{"rendered":"<p><strong>Le Lyc\u00e9e Fran\u00e7ais de San Salvador est un \u00e9tablissement conventionn\u00e9.<\/strong><\/p>\n<p>Les \u00e9tablissements conventionn\u00e9s sont g\u00e9r\u00e9s par des associations de droit priv\u00e9, fran\u00e7ais ou \u00e9tranger, et ont pass\u00e9 une convention administrative, financi\u00e8re et p\u00e9dagogique avec l\u2019AEFE. Cette convention porte notamment sur les conditions d\u2019affectation et de r\u00e9mun\u00e9ration d\u2019agents titulaires de l\u2019\u00c9ducation nationale et sur l\u2019attribution de subventions. Ces \u00e9tablissements entretiennent avec l\u2019AEFE un dialogue de gestion constant.<\/p>\n<p><strong>La Junta Directiva du Lyc\u00e9e:<\/strong><\/p>\n<p>L\u2019actuelle \u00ab Junta Directiva \u00bb du Lyc\u00e9e a \u00e9t\u00e9 \u00e9lue lors de l\u2019Assembl\u00e9e G\u00e9n\u00e9rale des parents d\u2019\u00e9l\u00e8ves du 26 mars 2025 pour l\u2019ann\u00e9e 2025-2026.<\/p>\n<p>Ses membres la composent comme suit:<\/p>\n<table width=\"100%\">\n<thead>\n<tr>\n<th bgcolor=\"#e5e5e5\" width=\"50%\">Posici\u00f3n<\/th>\n<th bgcolor=\"#e5e5e5\" width=\"50%\">Nombre<\/th>\n<\/tr>\n<\/thead>\n<tbody>\n<tr>\n<td>PR\u00c9SIDENT<\/td>\n<td>LUIS SANSIVIRINI AGUILAR<\/td>\n<\/tr>\n<tr>\n<td>VICE-PR\u00c9SIDENT<\/td>\n<td>LUISA MARGARITA RIVAS DE MIGUEL<\/td>\n<\/tr>\n<tr>\n<td>SECR\u00c9TAIRE<\/td>\n<td>FABIOLA ROMERO<\/td>\n<\/tr>\n<tr>\n<td>TR\u00c9SORIER<\/td>\n<td>WALDO JIM\u00c9NEZ RIVAS<\/td>\n<\/tr>\n<tr>\n<td>SYNDIC<\/td>\n<td>REBECA D\u00c1VILA<\/td>\n<\/tr>\n<tr>\n<td>VOCAL<\/td>\n<td>MARGARITA ARCE DE URDAMPILLETA<\/td>\n<\/tr>\n<tr>\n<td>VOCAL<\/td>\n<td>LORENZO BALADR\u00d3N ZEEH<\/td>\n<\/tr>\n<tr>\n<td>VOCAL<\/td>\n<td>SUSANA D\u00cdAZ DE ARCE<\/td>\n<\/tr>\n<tr>\n<td>VOCAL<\/td>\n<td>FERNANDO MEL\u00c9NDEZ ORELLANA<\/td>\n<\/tr>\n<\/tbody>\n<\/table>\n<p>Afin d&rsquo;optimiser l&rsquo;efficacit\u00e9 de nos activit\u00e9s, le comit\u00e9 de gestion a mis en place des comit\u00e9s de travail sp\u00e9cialis\u00e9s. Les membres de chaque comit\u00e9 sont pr\u00e9sent\u00e9s ci-dessous :<\/p>\n<p><strong>Comit\u00e9 de Gestion Financi\u00e8re et de Transparence<\/strong><\/p>\n<p><strong>Comit\u00e9 de Sant\u00e9, du Bien-\u00eatre social et de l&rsquo;Innovation<\/strong><\/p>\n<p><strong>Comit\u00e9 Juridique et de Communication<\/strong><\/p>\n<p><strong>Comit\u00e9\u00a0des Infrastructures<\/strong><\/p>\n<p><strong>D\u00e9l\u00e9gu\u00e9s aupr\u00e8s du Conseil d&rsquo;\u00c9tablissement et des Ressources Humaines pour les contrats locaux<\/strong><\/p>\n<p>Ci-joint, <a href=\"https:\/\/lfelsalvador.org\/2019\/02\/19\/atribuciones-la-junta-directiva-asociacion-liceo-frances-san-salvador\/\">les attributions de la Junta Directiva<\/a><\/p>\n<p>Ci-joint, <a href=\"https:\/\/drive.google.com\/file\/d\/17iJkmUeTNKb07Os3fXLUdgS0o5oJJuPJ\/view?usp=sharing\" target=\"_blank\" rel=\"noopener\">le bilan de travaux de l&rsquo;ann\u00e9e 2025-2026<\/a><\/p>\n<p>Ci-joint, <a href=\"https:\/\/drive.google.com\/file\/d\/1kKWYZRw2b9EDoNKzNAr04JxnSR9Xry4N\/view?usp=sharing\" target=\"_blank\" rel=\"noopener\">le bilan de travaux de l&rsquo;ann\u00e9e 2024-2025<\/a><\/p>\n<p>Ci-joint, <a href=\"https:\/\/drive.google.com\/file\/d\/1qHZA8BPftjBWwy1Ogoo1mqN6L99lCngP\/view?usp=sharing\" target=\"_blank\" rel=\"noopener\">le bilan de travaux de l&rsquo;ann\u00e9e 2023-2024<\/a><br \/>\nCI-joint, <a href=\"https:\/\/drive.google.com\/file\/d\/1HksO-6GSQae2qBpmj5ro2kVgNBZvK7me\/view?usp=sharing\" target=\"_blank\" rel=\"noopener\">le bilan de travaux de l&rsquo;ann\u00e9e 2022-2023<\/a><br \/>\nCi-joint, <a href=\"https:\/\/drive.google.com\/file\/d\/1MhUenVVM1dYNA8ZKoHO2wdHaeswk1OWa\/view?usp=sharing\" target=\"_blank\" rel=\"noopener\">le bilan de travaux de l&rsquo;ann\u00e9e 2021-2022<\/a><br \/>\nCi-joint, <a href=\"https:\/\/drive.google.com\/file\/d\/1zaxalSMWwN3pswnYBQ_2wTNCZpQsx4iE\/view\">le bilan de travaux de l&rsquo;ann\u00e9e 2020-2021<\/a><br \/>\nCi-joint, <a href=\"https:\/\/bit.ly\/3dQj4w8\">le bilan de travaux de l&rsquo;ann\u00e9e 2019-2020<\/a><br \/>\nCi-joint, <a href=\"https:\/\/drive.google.com\/file\/d\/1Nl8jUXCCmcsTktVEPv_Sr_MyQCjjgY-Y\/view\">le bilan de travaux de l&rsquo;ann\u00e9e 2018-2019<\/a><br \/>\nCi-joint,\u00a0<a href=\"https:\/\/drive.google.com\/file\/d\/18wCJ6aS-cQcOfpCPdQGGmlAsYco_BHey\/view\" target=\"_blank\" rel=\"noopener\">le bilan de travaux de l&rsquo;ann\u00e9e 2017-2018<\/a><br \/>\nCi-joint,\u00a0<a href=\"https:\/\/drive.google.com\/file\/d\/0B6XEfEFPj38XMnJNU2ZIQ1lkSkE\/view\" target=\"_blank\" rel=\"noopener\">le bilan de travaux de l&rsquo;ann\u00e9e 2016-2017<\/a><br \/>\nCi-joint, <a href=\"http:\/\/lfelsalvador.org\/wp-content\/uploads\/2016\/07\/memoria-de-labores-FINAL-2015-2016-web.pdf\" target=\"_blank\" rel=\"noopener\">le bilan de travaux de l\u2019ann\u00e9e 2015-2016<\/a><br \/>\nCi-joint, <a href=\"http:\/\/lfelsalvador.org\/wp-content\/uploads\/2016\/07\/Memoria-de-Labores-2014-2015.pdf\" target=\"_blank\" rel=\"noopener\">le bilan de travaux de l\u2019ann\u00e9e 2014-2015<\/a><br \/>\nCi-joint, <a href=\"http:\/\/lfelsalvador.org\/wp-content\/uploads\/2016\/07\/Memoria-de-labores-2013-2014.pdf\" target=\"_blank\" rel=\"noopener\">le bilan de travaux de l\u2019ann\u00e9e 2013-2014<\/a><\/p>\n","protected":false},"excerpt":{"rendered":"<p>Le Lyc\u00e9e Fran\u00e7ais de San Salvador est un \u00e9tablissement conventionn\u00e9. Les \u00e9tablissements conventionn\u00e9s sont g\u00e9r\u00e9s par des associations de droit priv\u00e9, fran\u00e7ais ou \u00e9tranger, et ont pass\u00e9 une convention administrative, financi\u00e8re et p\u00e9dagogique avec l\u2019AEFE. Cette convention porte notamment sur les conditions d\u2019affectation et de r\u00e9mun\u00e9ration d\u2019agents titulaires de l\u2019\u00c9ducation nationale et sur l\u2019attribution de [&hellip;]<\/p>\n","protected":false},"author":1,"featured_media":0,"parent":3930,"menu_order":2,"comment_status":"closed","ping_status":"closed","template":"","meta":{"footnotes":""},"class_list":["post-524","page","type-page","status-publish","hentry"],"yoast_head":"<!-- This site is optimized with the Yoast SEO plugin v27.2 - https:\/\/yoast.com\/product\/yoast-seo-wordpress\/ -->\n<title>Gestion Partag\u00e9e | Liceo Frances de San Salvador<\/title>\n<meta name=\"robots\" content=\"index, follow, max-snippet:-1, max-image-preview:large, max-video-preview:-1\" \/>\n<link rel=\"canonical\" href=\"https:\/\/lfelsalvador.org\/fr\/notre-lycee-2\/gestion-partagee\/\" \/>\n<meta property=\"og:locale\" content=\"fr_FR\" \/>\n<meta property=\"og:type\" content=\"article\" \/>\n<meta property=\"og:title\" content=\"Gestion Partag\u00e9e | Liceo Frances de San Salvador\" \/>\n<meta property=\"og:description\" content=\"Le Lyc\u00e9e Fran\u00e7ais de San Salvador est un \u00e9tablissement conventionn\u00e9. Les \u00e9tablissements conventionn\u00e9s sont g\u00e9r\u00e9s par des associations de droit priv\u00e9, fran\u00e7ais ou \u00e9tranger, et ont pass\u00e9 une convention administrative, financi\u00e8re et p\u00e9dagogique avec l\u2019AEFE. Cette convention porte notamment sur les conditions d\u2019affectation et de r\u00e9mun\u00e9ration d\u2019agents titulaires de l\u2019\u00c9ducation nationale et sur l\u2019attribution de [&hellip;]\" \/>\n<meta property=\"og:url\" content=\"https:\/\/lfelsalvador.org\/fr\/notre-lycee-2\/gestion-partagee\/\" \/>\n<meta property=\"og:site_name\" content=\"Liceo Frances de San Salvador\" \/>\n<meta property=\"article:publisher\" content=\"https:\/\/www.facebook.com\/lfelsalvador\/\" \/>\n<meta property=\"article:modified_time\" content=\"2026-04-14T18:13:56+00:00\" \/>\n<meta property=\"og:image\" content=\"http:\/\/lfelsalvador.org\/wp-content\/uploads\/2016\/08\/Site-4.jpg\" \/>\n<meta name=\"twitter:card\" content=\"summary_large_image\" \/>\n<meta name=\"twitter:site\" content=\"@lfelsalvador1\" \/>\n<meta name=\"twitter:label1\" content=\"Dur\u00e9e de lecture estim\u00e9e\" \/>\n\t<meta name=\"twitter:data1\" content=\"2 minutes\" \/>\n<script type=\"application\/ld+json\" class=\"yoast-schema-graph\">{\"@context\":\"https:\/\/schema.org\",\"@graph\":[{\"@type\":\"WebPage\",\"@id\":\"https:\/\/lfelsalvador.org\/fr\/notre-lycee-2\/gestion-partagee\/\",\"url\":\"https:\/\/lfelsalvador.org\/fr\/notre-lycee-2\/gestion-partagee\/\",\"name\":\"Gestion Partag\u00e9e | Liceo Frances de San Salvador\",\"isPartOf\":{\"@id\":\"https:\/\/lfelsalvador.org\/#website\"},\"datePublished\":\"2016-08-02T03:28:36+00:00\",\"dateModified\":\"2026-04-14T18:13:56+00:00\",\"breadcrumb\":{\"@id\":\"https:\/\/lfelsalvador.org\/fr\/notre-lycee-2\/gestion-partagee\/#breadcrumb\"},\"inLanguage\":\"fr-FR\",\"potentialAction\":[{\"@type\":\"ReadAction\",\"target\":[\"https:\/\/lfelsalvador.org\/fr\/notre-lycee-2\/gestion-partagee\/\"]}]},{\"@type\":\"BreadcrumbList\",\"@id\":\"https:\/\/lfelsalvador.org\/fr\/notre-lycee-2\/gestion-partagee\/#breadcrumb\",\"itemListElement\":[{\"@type\":\"ListItem\",\"position\":1,\"name\":\"Portada\",\"item\":\"https:\/\/lfelsalvador.org\/fr\/\"},{\"@type\":\"ListItem\",\"position\":2,\"name\":\"notre Lyc\u00e9e\",\"item\":\"https:\/\/lfelsalvador.org\/fr\/notre-lycee-2\/\"},{\"@type\":\"ListItem\",\"position\":3,\"name\":\"Gestion Partag\u00e9e\"}]},{\"@type\":\"WebSite\",\"@id\":\"https:\/\/lfelsalvador.org\/#website\",\"url\":\"https:\/\/lfelsalvador.org\/\",\"name\":\"Liceo Frances de San Salvador\",\"description\":\"\",\"potentialAction\":[{\"@type\":\"SearchAction\",\"target\":{\"@type\":\"EntryPoint\",\"urlTemplate\":\"https:\/\/lfelsalvador.org\/?s={search_term_string}\"},\"query-input\":{\"@type\":\"PropertyValueSpecification\",\"valueRequired\":true,\"valueName\":\"search_term_string\"}}],\"inLanguage\":\"fr-FR\"}]}<\/script>\n<!-- \/ Yoast SEO plugin. -->","yoast_head_json":{"title":"Gestion Partag\u00e9e | Liceo Frances de San Salvador","robots":{"index":"index","follow":"follow","max-snippet":"max-snippet:-1","max-image-preview":"max-image-preview:large","max-video-preview":"max-video-preview:-1"},"canonical":"https:\/\/lfelsalvador.org\/fr\/notre-lycee-2\/gestion-partagee\/","og_locale":"fr_FR","og_type":"article","og_title":"Gestion Partag\u00e9e | Liceo Frances de San Salvador","og_description":"Le Lyc\u00e9e Fran\u00e7ais de San Salvador est un \u00e9tablissement conventionn\u00e9. Les \u00e9tablissements conventionn\u00e9s sont g\u00e9r\u00e9s par des associations de droit priv\u00e9, fran\u00e7ais ou \u00e9tranger, et ont pass\u00e9 une convention administrative, financi\u00e8re et p\u00e9dagogique avec l\u2019AEFE. Cette convention porte notamment sur les conditions d\u2019affectation et de r\u00e9mun\u00e9ration d\u2019agents titulaires de l\u2019\u00c9ducation nationale et sur l\u2019attribution de [&hellip;]","og_url":"https:\/\/lfelsalvador.org\/fr\/notre-lycee-2\/gestion-partagee\/","og_site_name":"Liceo Frances de San Salvador","article_publisher":"https:\/\/www.facebook.com\/lfelsalvador\/","article_modified_time":"2026-04-14T18:13:56+00:00","og_image":[{"url":"http:\/\/lfelsalvador.org\/wp-content\/uploads\/2016\/08\/Site-4.jpg","type":"","width":"","height":""}],"twitter_card":"summary_large_image","twitter_site":"@lfelsalvador1","twitter_misc":{"Dur\u00e9e de lecture estim\u00e9e":"2 minutes"},"schema":{"@context":"https:\/\/schema.org","@graph":[{"@type":"WebPage","@id":"https:\/\/lfelsalvador.org\/fr\/notre-lycee-2\/gestion-partagee\/","url":"https:\/\/lfelsalvador.org\/fr\/notre-lycee-2\/gestion-partagee\/","name":"Gestion Partag\u00e9e | Liceo Frances de San Salvador","isPartOf":{"@id":"https:\/\/lfelsalvador.org\/#website"},"datePublished":"2016-08-02T03:28:36+00:00","dateModified":"2026-04-14T18:13:56+00:00","breadcrumb":{"@id":"https:\/\/lfelsalvador.org\/fr\/notre-lycee-2\/gestion-partagee\/#breadcrumb"},"inLanguage":"fr-FR","potentialAction":[{"@type":"ReadAction","target":["https:\/\/lfelsalvador.org\/fr\/notre-lycee-2\/gestion-partagee\/"]}]},{"@type":"BreadcrumbList","@id":"https:\/\/lfelsalvador.org\/fr\/notre-lycee-2\/gestion-partagee\/#breadcrumb","itemListElement":[{"@type":"ListItem","position":1,"name":"Portada","item":"https:\/\/lfelsalvador.org\/fr\/"},{"@type":"ListItem","position":2,"name":"notre Lyc\u00e9e","item":"https:\/\/lfelsalvador.org\/fr\/notre-lycee-2\/"},{"@type":"ListItem","position":3,"name":"Gestion Partag\u00e9e"}]},{"@type":"WebSite","@id":"https:\/\/lfelsalvador.org\/#website","url":"https:\/\/lfelsalvador.org\/","name":"Liceo Frances de San Salvador","description":"","potentialAction":[{"@type":"SearchAction","target":{"@type":"EntryPoint","urlTemplate":"https:\/\/lfelsalvador.org\/?s={search_term_string}"},"query-input":{"@type":"PropertyValueSpecification","valueRequired":true,"valueName":"search_term_string"}}],"inLanguage":"fr-FR"}]}},"_links":{"self":[{"href":"https:\/\/lfelsalvador.org\/fr\/wp-json\/wp\/v2\/pages\/524","targetHints":{"allow":["GET"]}}],"collection":[{"href":"https:\/\/lfelsalvador.org\/fr\/wp-json\/wp\/v2\/pages"}],"about":[{"href":"https:\/\/lfelsalvador.org\/fr\/wp-json\/wp\/v2\/types\/page"}],"author":[{"embeddable":true,"href":"https:\/\/lfelsalvador.org\/fr\/wp-json\/wp\/v2\/users\/1"}],"replies":[{"embeddable":true,"href":"https:\/\/lfelsalvador.org\/fr\/wp-json\/wp\/v2\/comments?post=524"}],"version-history":[{"count":32,"href":"https:\/\/lfelsalvador.org\/fr\/wp-json\/wp\/v2\/pages\/524\/revisions"}],"predecessor-version":[{"id":11475,"href":"https:\/\/lfelsalvador.org\/fr\/wp-json\/wp\/v2\/pages\/524\/revisions\/11475"}],"up":[{"embeddable":true,"href":"https:\/\/lfelsalvador.org\/fr\/wp-json\/wp\/v2\/pages\/3930"}],"wp:attachment":[{"href":"https:\/\/lfelsalvador.org\/fr\/wp-json\/wp\/v2\/media?parent=524"}],"curies":[{"name":"wp","href":"https:\/\/api.w.org\/{rel}","templated":true}]}}