{"id":517,"date":"2016-08-02T03:14:53","date_gmt":"2016-08-02T03:14:53","guid":{"rendered":"http:\/\/lfelsalvador.org\/fr\/?page_id=517"},"modified":"2024-01-18T14:50:31","modified_gmt":"2024-01-18T14:50:31","slug":"un-reseau-unique-dans-le-monde","status":"publish","type":"page","link":"https:\/\/lfelsalvador.org\/fr\/notre-lycee-2\/un-reseau-unique-dans-le-monde\/","title":{"rendered":"Un r\u00e9seau unique dans le monde"},"content":{"rendered":"<p>Le Lyc\u00e9e Fran\u00e7ais \u00ab\u00a0Antoine et Consuelo de Saint-Exup\u00e9ry\u00a0\u00bb \u00e0 San Salvador, EL SALVADOR, \u00a0est un \u00e9tablissement conventionn\u00e9 avec l\u2019AEFE.<\/p>\n<h2>\u00bfQu\u2019est-ce- que l\u2019AEFE?<\/h2>\n<p><img loading=\"lazy\" decoding=\"async\" class=\"alignleft wp-image-8969 size-medium\" src=\"https:\/\/lfelsalvador.org\/wp-content\/uploads\/2024\/01\/CMJN_LOGO_AEFE_SEUL_AEFE_SEUL_CMJN-300x273.png\" alt=\"\" width=\"300\" height=\"273\" srcset=\"https:\/\/lfelsalvador.org\/wp-content\/uploads\/2024\/01\/CMJN_LOGO_AEFE_SEUL_AEFE_SEUL_CMJN-300x273.png 300w, https:\/\/lfelsalvador.org\/wp-content\/uploads\/2024\/01\/CMJN_LOGO_AEFE_SEUL_AEFE_SEUL_CMJN-1024x933.png 1024w, https:\/\/lfelsalvador.org\/wp-content\/uploads\/2024\/01\/CMJN_LOGO_AEFE_SEUL_AEFE_SEUL_CMJN-768x700.png 768w, https:\/\/lfelsalvador.org\/wp-content\/uploads\/2024\/01\/CMJN_LOGO_AEFE_SEUL_AEFE_SEUL_CMJN.png 1363w\" sizes=\"auto, (max-width: 300px) 100vw, 300px\" \/>L\u2019Agence pour\u00a0 l\u2019Enseignement Fran\u00e7ais \u00e0 l\u2019Etranger\u00a0 (AEFE) cr\u00e9\u00e9e en 1990, est un \u00e9tablissement public national \u00e0 caract\u00e8re administratif. Plac\u00e9e sous la tutelle du minist\u00e8re de l&rsquo;Europe et des Affaires Etrang\u00e8res, elle est charg\u00e9e du suivi et de l\u2019animation du r\u00e9seau des \u00e9tablissements d\u2019enseignement fran\u00e7ais \u00e0 l\u2019\u00e9tranger. Ce r\u00e9seau, unique au monde par son ampleur et par les moyens que l\u2019Etat fran\u00e7ais y consacre, est pr\u00e9sent dans 139 pays et scolarise plus de 392 000 \u00e9l\u00e8ves de toutes nationalit\u00e9s.<\/p>\n<p>Le r\u00e9seau compte d\u00e9sormais 580 \u00e9tablissements homologu\u00e9s par le minist\u00e8re de l\u2019Education Nationale. Parmi ces \u00e9tablissements homologu\u00e9s, 68 sont g\u00e9r\u00e9s directement par l\u2019AEFE\u00a0 (EGD, Etablissements en Gestion Directe), 161 ont pass\u00e9 une convention avec l\u2019AEFE (\u00e9tablissements conventionn\u00e9s), c\u2019est le cas du Lyc\u00e9e Fran\u00e7ais de San Salvador, et 351 ont sign\u00e9 un accord de partenariat avec l\u2019Agence (\u00e9tablissements partenaires).<\/p>\n<p>Ce <a title=\"carte du monde etablissement aefe\" href=\"http:\/\/www.aefe.fr\/rechercher-une-ressource-documentaire\/carte-du-reseau-denseignement-francais-letranger-2014-2015\" target=\"_blank\" rel=\"noopener\">lien <\/a>vous permettra voir la carte du monde qui montre tous les \u00e9tablissements de l\u2019AEFE.<\/p>\n<p><a href=\"https:\/\/www.aefe.fr\/sites\/default\/files\/asset\/file\/2023-04-28-brochure-e-f-e-web.pdf\" target=\"_blank\" rel=\"noopener\">Brochure AEFE 2023<\/a><\/p>\n<p><iframe loading=\"lazy\" src=\"https:\/\/www.dailymotion.com\/embed\/video\/x57vj1n\" width=\"640\" height=\"360\" frameborder=\"0\" allowfullscreen=\"allowfullscreen\"><\/iframe><\/p>\n","protected":false},"excerpt":{"rendered":"<p>Le Lyc\u00e9e Fran\u00e7ais \u00ab\u00a0Antoine et Consuelo de Saint-Exup\u00e9ry\u00a0\u00bb \u00e0 San Salvador, EL SALVADOR, \u00a0est un \u00e9tablissement conventionn\u00e9 avec l\u2019AEFE. \u00bfQu\u2019est-ce- que l\u2019AEFE? L\u2019Agence pour\u00a0 l\u2019Enseignement Fran\u00e7ais \u00e0 l\u2019Etranger\u00a0 (AEFE) cr\u00e9\u00e9e en 1990, est un \u00e9tablissement public national \u00e0 caract\u00e8re administratif. Plac\u00e9e sous la tutelle du minist\u00e8re de l&rsquo;Europe et des Affaires Etrang\u00e8res, elle est charg\u00e9e [&hellip;]<\/p>\n","protected":false},"author":1,"featured_media":0,"parent":3930,"menu_order":1,"comment_status":"closed","ping_status":"closed","template":"","meta":{"footnotes":""},"class_list":["post-517","page","type-page","status-publish","hentry"],"yoast_head":"<!-- This site is optimized with the Yoast SEO plugin v27.2 - https:\/\/yoast.com\/product\/yoast-seo-wordpress\/ -->\n<title>Un r\u00e9seau unique dans le monde | Liceo Frances de San Salvador<\/title>\n<meta name=\"robots\" content=\"index, follow, max-snippet:-1, max-image-preview:large, max-video-preview:-1\" \/>\n<link rel=\"canonical\" href=\"https:\/\/lfelsalvador.org\/fr\/notre-lycee-2\/un-reseau-unique-dans-le-monde\/\" \/>\n<meta property=\"og:locale\" content=\"fr_FR\" \/>\n<meta property=\"og:type\" content=\"article\" \/>\n<meta property=\"og:title\" content=\"Un r\u00e9seau unique dans le monde | Liceo Frances de San Salvador\" \/>\n<meta property=\"og:description\" content=\"Le Lyc\u00e9e Fran\u00e7ais \u00ab\u00a0Antoine et Consuelo de Saint-Exup\u00e9ry\u00a0\u00bb \u00e0 San Salvador, EL SALVADOR, \u00a0est un \u00e9tablissement conventionn\u00e9 avec l\u2019AEFE. \u00bfQu\u2019est-ce- que l\u2019AEFE? L\u2019Agence pour\u00a0 l\u2019Enseignement Fran\u00e7ais \u00e0 l\u2019Etranger\u00a0 (AEFE) cr\u00e9\u00e9e en 1990, est un \u00e9tablissement public national \u00e0 caract\u00e8re administratif. Plac\u00e9e sous la tutelle du minist\u00e8re de l&rsquo;Europe et des Affaires Etrang\u00e8res, elle est charg\u00e9e [&hellip;]\" \/>\n<meta property=\"og:url\" content=\"https:\/\/lfelsalvador.org\/fr\/notre-lycee-2\/un-reseau-unique-dans-le-monde\/\" \/>\n<meta property=\"og:site_name\" content=\"Liceo Frances de San Salvador\" \/>\n<meta property=\"article:publisher\" content=\"https:\/\/www.facebook.com\/lfelsalvador\/\" \/>\n<meta property=\"article:modified_time\" content=\"2024-01-18T14:50:31+00:00\" \/>\n<meta property=\"og:image\" content=\"https:\/\/lfelsalvador.org\/wp-content\/uploads\/2024\/01\/CMJN_LOGO_AEFE_SEUL_AEFE_SEUL_CMJN-300x273.png\" \/>\n<meta name=\"twitter:card\" content=\"summary_large_image\" \/>\n<meta name=\"twitter:site\" content=\"@lfelsalvador1\" \/>\n<meta name=\"twitter:label1\" content=\"Dur\u00e9e de lecture estim\u00e9e\" \/>\n\t<meta name=\"twitter:data1\" content=\"2 minutes\" \/>\n<script type=\"application\/ld+json\" class=\"yoast-schema-graph\">{\"@context\":\"https:\/\/schema.org\",\"@graph\":[{\"@type\":\"WebPage\",\"@id\":\"https:\/\/lfelsalvador.org\/fr\/notre-lycee-2\/un-reseau-unique-dans-le-monde\/\",\"url\":\"https:\/\/lfelsalvador.org\/fr\/notre-lycee-2\/un-reseau-unique-dans-le-monde\/\",\"name\":\"Un r\u00e9seau unique dans le monde | Liceo Frances de San Salvador\",\"isPartOf\":{\"@id\":\"https:\/\/lfelsalvador.org\/#website\"},\"primaryImageOfPage\":{\"@id\":\"https:\/\/lfelsalvador.org\/fr\/notre-lycee-2\/un-reseau-unique-dans-le-monde\/#primaryimage\"},\"image\":{\"@id\":\"https:\/\/lfelsalvador.org\/fr\/notre-lycee-2\/un-reseau-unique-dans-le-monde\/#primaryimage\"},\"thumbnailUrl\":\"https:\/\/lfelsalvador.org\/wp-content\/uploads\/2024\/01\/CMJN_LOGO_AEFE_SEUL_AEFE_SEUL_CMJN-300x273.png\",\"datePublished\":\"2016-08-02T03:14:53+00:00\",\"dateModified\":\"2024-01-18T14:50:31+00:00\",\"breadcrumb\":{\"@id\":\"https:\/\/lfelsalvador.org\/fr\/notre-lycee-2\/un-reseau-unique-dans-le-monde\/#breadcrumb\"},\"inLanguage\":\"fr-FR\",\"potentialAction\":[{\"@type\":\"ReadAction\",\"target\":[\"https:\/\/lfelsalvador.org\/fr\/notre-lycee-2\/un-reseau-unique-dans-le-monde\/\"]}]},{\"@type\":\"ImageObject\",\"inLanguage\":\"fr-FR\",\"@id\":\"https:\/\/lfelsalvador.org\/fr\/notre-lycee-2\/un-reseau-unique-dans-le-monde\/#primaryimage\",\"url\":\"https:\/\/lfelsalvador.org\/wp-content\/uploads\/2024\/01\/CMJN_LOGO_AEFE_SEUL_AEFE_SEUL_CMJN-300x273.png\",\"contentUrl\":\"https:\/\/lfelsalvador.org\/wp-content\/uploads\/2024\/01\/CMJN_LOGO_AEFE_SEUL_AEFE_SEUL_CMJN-300x273.png\"},{\"@type\":\"BreadcrumbList\",\"@id\":\"https:\/\/lfelsalvador.org\/fr\/notre-lycee-2\/un-reseau-unique-dans-le-monde\/#breadcrumb\",\"itemListElement\":[{\"@type\":\"ListItem\",\"position\":1,\"name\":\"Portada\",\"item\":\"https:\/\/lfelsalvador.org\/fr\/\"},{\"@type\":\"ListItem\",\"position\":2,\"name\":\"notre Lyc\u00e9e\",\"item\":\"https:\/\/lfelsalvador.org\/fr\/notre-lycee-2\/\"},{\"@type\":\"ListItem\",\"position\":3,\"name\":\"Un r\u00e9seau unique dans le monde\"}]},{\"@type\":\"WebSite\",\"@id\":\"https:\/\/lfelsalvador.org\/#website\",\"url\":\"https:\/\/lfelsalvador.org\/\",\"name\":\"Liceo Frances de San Salvador\",\"description\":\"\",\"potentialAction\":[{\"@type\":\"SearchAction\",\"target\":{\"@type\":\"EntryPoint\",\"urlTemplate\":\"https:\/\/lfelsalvador.org\/?s={search_term_string}\"},\"query-input\":{\"@type\":\"PropertyValueSpecification\",\"valueRequired\":true,\"valueName\":\"search_term_string\"}}],\"inLanguage\":\"fr-FR\"}]}<\/script>\n<!-- \/ Yoast SEO plugin. -->","yoast_head_json":{"title":"Un r\u00e9seau unique dans le monde | Liceo Frances de San Salvador","robots":{"index":"index","follow":"follow","max-snippet":"max-snippet:-1","max-image-preview":"max-image-preview:large","max-video-preview":"max-video-preview:-1"},"canonical":"https:\/\/lfelsalvador.org\/fr\/notre-lycee-2\/un-reseau-unique-dans-le-monde\/","og_locale":"fr_FR","og_type":"article","og_title":"Un r\u00e9seau unique dans le monde | Liceo Frances de San Salvador","og_description":"Le Lyc\u00e9e Fran\u00e7ais \u00ab\u00a0Antoine et Consuelo de Saint-Exup\u00e9ry\u00a0\u00bb \u00e0 San Salvador, EL SALVADOR, \u00a0est un \u00e9tablissement conventionn\u00e9 avec l\u2019AEFE. \u00bfQu\u2019est-ce- que l\u2019AEFE? L\u2019Agence pour\u00a0 l\u2019Enseignement Fran\u00e7ais \u00e0 l\u2019Etranger\u00a0 (AEFE) cr\u00e9\u00e9e en 1990, est un \u00e9tablissement public national \u00e0 caract\u00e8re administratif. Plac\u00e9e sous la tutelle du minist\u00e8re de l&rsquo;Europe et des Affaires Etrang\u00e8res, elle est charg\u00e9e [&hellip;]","og_url":"https:\/\/lfelsalvador.org\/fr\/notre-lycee-2\/un-reseau-unique-dans-le-monde\/","og_site_name":"Liceo Frances de San Salvador","article_publisher":"https:\/\/www.facebook.com\/lfelsalvador\/","article_modified_time":"2024-01-18T14:50:31+00:00","og_image":[{"url":"https:\/\/lfelsalvador.org\/wp-content\/uploads\/2024\/01\/CMJN_LOGO_AEFE_SEUL_AEFE_SEUL_CMJN-300x273.png","type":"","width":"","height":""}],"twitter_card":"summary_large_image","twitter_site":"@lfelsalvador1","twitter_misc":{"Dur\u00e9e de lecture estim\u00e9e":"2 minutes"},"schema":{"@context":"https:\/\/schema.org","@graph":[{"@type":"WebPage","@id":"https:\/\/lfelsalvador.org\/fr\/notre-lycee-2\/un-reseau-unique-dans-le-monde\/","url":"https:\/\/lfelsalvador.org\/fr\/notre-lycee-2\/un-reseau-unique-dans-le-monde\/","name":"Un r\u00e9seau unique dans le monde | Liceo Frances de San Salvador","isPartOf":{"@id":"https:\/\/lfelsalvador.org\/#website"},"primaryImageOfPage":{"@id":"https:\/\/lfelsalvador.org\/fr\/notre-lycee-2\/un-reseau-unique-dans-le-monde\/#primaryimage"},"image":{"@id":"https:\/\/lfelsalvador.org\/fr\/notre-lycee-2\/un-reseau-unique-dans-le-monde\/#primaryimage"},"thumbnailUrl":"https:\/\/lfelsalvador.org\/wp-content\/uploads\/2024\/01\/CMJN_LOGO_AEFE_SEUL_AEFE_SEUL_CMJN-300x273.png","datePublished":"2016-08-02T03:14:53+00:00","dateModified":"2024-01-18T14:50:31+00:00","breadcrumb":{"@id":"https:\/\/lfelsalvador.org\/fr\/notre-lycee-2\/un-reseau-unique-dans-le-monde\/#breadcrumb"},"inLanguage":"fr-FR","potentialAction":[{"@type":"ReadAction","target":["https:\/\/lfelsalvador.org\/fr\/notre-lycee-2\/un-reseau-unique-dans-le-monde\/"]}]},{"@type":"ImageObject","inLanguage":"fr-FR","@id":"https:\/\/lfelsalvador.org\/fr\/notre-lycee-2\/un-reseau-unique-dans-le-monde\/#primaryimage","url":"https:\/\/lfelsalvador.org\/wp-content\/uploads\/2024\/01\/CMJN_LOGO_AEFE_SEUL_AEFE_SEUL_CMJN-300x273.png","contentUrl":"https:\/\/lfelsalvador.org\/wp-content\/uploads\/2024\/01\/CMJN_LOGO_AEFE_SEUL_AEFE_SEUL_CMJN-300x273.png"},{"@type":"BreadcrumbList","@id":"https:\/\/lfelsalvador.org\/fr\/notre-lycee-2\/un-reseau-unique-dans-le-monde\/#breadcrumb","itemListElement":[{"@type":"ListItem","position":1,"name":"Portada","item":"https:\/\/lfelsalvador.org\/fr\/"},{"@type":"ListItem","position":2,"name":"notre Lyc\u00e9e","item":"https:\/\/lfelsalvador.org\/fr\/notre-lycee-2\/"},{"@type":"ListItem","position":3,"name":"Un r\u00e9seau unique dans le monde"}]},{"@type":"WebSite","@id":"https:\/\/lfelsalvador.org\/#website","url":"https:\/\/lfelsalvador.org\/","name":"Liceo Frances de San Salvador","description":"","potentialAction":[{"@type":"SearchAction","target":{"@type":"EntryPoint","urlTemplate":"https:\/\/lfelsalvador.org\/?s={search_term_string}"},"query-input":{"@type":"PropertyValueSpecification","valueRequired":true,"valueName":"search_term_string"}}],"inLanguage":"fr-FR"}]}},"_links":{"self":[{"href":"https:\/\/lfelsalvador.org\/fr\/wp-json\/wp\/v2\/pages\/517","targetHints":{"allow":["GET"]}}],"collection":[{"href":"https:\/\/lfelsalvador.org\/fr\/wp-json\/wp\/v2\/pages"}],"about":[{"href":"https:\/\/lfelsalvador.org\/fr\/wp-json\/wp\/v2\/types\/page"}],"author":[{"embeddable":true,"href":"https:\/\/lfelsalvador.org\/fr\/wp-json\/wp\/v2\/users\/1"}],"replies":[{"embeddable":true,"href":"https:\/\/lfelsalvador.org\/fr\/wp-json\/wp\/v2\/comments?post=517"}],"version-history":[{"count":15,"href":"https:\/\/lfelsalvador.org\/fr\/wp-json\/wp\/v2\/pages\/517\/revisions"}],"predecessor-version":[{"id":8972,"href":"https:\/\/lfelsalvador.org\/fr\/wp-json\/wp\/v2\/pages\/517\/revisions\/8972"}],"up":[{"embeddable":true,"href":"https:\/\/lfelsalvador.org\/fr\/wp-json\/wp\/v2\/pages\/3930"}],"wp:attachment":[{"href":"https:\/\/lfelsalvador.org\/fr\/wp-json\/wp\/v2\/media?parent=517"}],"curies":[{"name":"wp","href":"https:\/\/api.w.org\/{rel}","templated":true}]}}