{"id":4184,"date":"2016-08-11T20:07:15","date_gmt":"2016-08-11T20:07:15","guid":{"rendered":"http:\/\/lfelsalvador.org\/fr\/?page_id=4184"},"modified":"2021-11-09T15:44:38","modified_gmt":"2021-11-09T15:44:38","slug":"lycee-francais-de-san-salvador","status":"publish","type":"page","link":"https:\/\/lfelsalvador.org\/fr\/notre-lycee-2\/lycee-francais-de-san-salvador\/","title":{"rendered":"Lyc\u00e9e Fran\u00e7ais de San Salvador"},"content":{"rendered":"<p><img loading=\"lazy\" decoding=\"async\" class=\"alignnone size-large wp-image-5098\" src=\"http:\/\/lfelsalvador.org\/wp-content\/uploads\/2017\/12\/LFELSALVADOR_0015-1024x576.jpg\" alt=\"LFELSALVADOR_0015\" width=\"800\" height=\"450\" srcset=\"https:\/\/lfelsalvador.org\/wp-content\/uploads\/2017\/12\/LFELSALVADOR_0015-1024x576.jpg 1024w, https:\/\/lfelsalvador.org\/wp-content\/uploads\/2017\/12\/LFELSALVADOR_0015-300x169.jpg 300w, https:\/\/lfelsalvador.org\/wp-content\/uploads\/2017\/12\/LFELSALVADOR_0015-768x432.jpg 768w\" sizes=\"auto, (max-width: 800px) 100vw, 800px\" \/><\/p>\n<p>Le Lyc\u00e9e Fran\u00e7ais de San Salvador \u201cAntoine et Consuelo de Saint-Exup\u00e9ry\u201d na\u00eet en 1971 d\u2019esprits visionnaires qui reconnaissent le besoin de contribuer au d\u00e9veloppement de la culture salvadorienne \u00e0 travers l\u2019\u00e9change intellectuelle avec la R\u00e9publique Fran\u00e7aise. De ce fait et avec l\u2019appui de l\u2019Alliance Fran\u00e7aise a \u00e9t\u00e9 cr\u00e9\u00e9 une association sans buts lucratifs qui a, comme mission principale, l\u2019\u00e9tablissement et l\u2019administration d\u2019une \u00e9cole d\u2019enseignement primaire et secondaire biculturelle et bilingue en espagnol et fran\u00e7ais.<\/p>\n<p>Depuis sa naissance, le Lyc\u00e9e Fran\u00e7ais de San Salvador a beaucoup grandi et scolarise d\u00e9sormais 1399 \u00e9l\u00e8ves de la petite section \u00e0 la Terminale. Le lyc\u00e9e suit tous les programmes de l\u2019\u00c9ducation Nationale fran\u00e7aise et pr\u00e9pare les \u00e9l\u00e8ves \u00e0 passer les examens nationaux : le brevet des coll\u00e8ges et le baccalaur\u00e9at. Le programme salvadorien est \u00e9galement respect\u00e9 et toutes les exigences de Minist\u00e8re de l\u2019Education Nationale salvadorien sont satisfaites dont la pr\u00e9paration des \u00e9l\u00e8ves en vue de l\u2019obtention du baccalaur\u00e9at salvadorien (l&rsquo;\u00e9preuve AVANZO) et l\u2019homologation des \u00e9tudes de certains \u00e9l\u00e8ves qui, pour diff\u00e9rentes raisons, quittent notre institution scolaire pour aller dans un \u00e9tablissement salvadorien ou autre.<\/p>\n","protected":false},"excerpt":{"rendered":"<p>Le Lyc\u00e9e Fran\u00e7ais de San Salvador \u201cAntoine et Consuelo de Saint-Exup\u00e9ry\u201d na\u00eet en 1971 d\u2019esprits visionnaires qui reconnaissent le besoin de contribuer au d\u00e9veloppement de la culture salvadorienne \u00e0 travers l\u2019\u00e9change intellectuelle avec la R\u00e9publique Fran\u00e7aise. De ce fait et avec l\u2019appui de l\u2019Alliance Fran\u00e7aise a \u00e9t\u00e9 cr\u00e9\u00e9 une association sans buts lucratifs qui a, [&hellip;]<\/p>\n","protected":false},"author":1,"featured_media":0,"parent":3930,"menu_order":-1,"comment_status":"closed","ping_status":"closed","template":"","meta":{"footnotes":""},"class_list":["post-4184","page","type-page","status-publish","hentry"],"yoast_head":"<!-- This site is optimized with the Yoast SEO plugin v27.2 - https:\/\/yoast.com\/product\/yoast-seo-wordpress\/ -->\n<title>Lyc\u00e9e Fran\u00e7ais de San Salvador | Liceo Frances de San Salvador<\/title>\n<meta name=\"robots\" content=\"index, follow, max-snippet:-1, max-image-preview:large, max-video-preview:-1\" \/>\n<link rel=\"canonical\" href=\"https:\/\/lfelsalvador.org\/fr\/notre-lycee-2\/lycee-francais-de-san-salvador\/\" \/>\n<meta property=\"og:locale\" content=\"fr_FR\" \/>\n<meta property=\"og:type\" content=\"article\" \/>\n<meta property=\"og:title\" content=\"Lyc\u00e9e Fran\u00e7ais de San Salvador | Liceo Frances de San Salvador\" \/>\n<meta property=\"og:description\" content=\"Le Lyc\u00e9e Fran\u00e7ais de San Salvador \u201cAntoine et Consuelo de Saint-Exup\u00e9ry\u201d na\u00eet en 1971 d\u2019esprits visionnaires qui reconnaissent le besoin de contribuer au d\u00e9veloppement de la culture salvadorienne \u00e0 travers l\u2019\u00e9change intellectuelle avec la R\u00e9publique Fran\u00e7aise. De ce fait et avec l\u2019appui de l\u2019Alliance Fran\u00e7aise a \u00e9t\u00e9 cr\u00e9\u00e9 une association sans buts lucratifs qui a, [&hellip;]\" \/>\n<meta property=\"og:url\" content=\"https:\/\/lfelsalvador.org\/fr\/notre-lycee-2\/lycee-francais-de-san-salvador\/\" \/>\n<meta property=\"og:site_name\" content=\"Liceo Frances de San Salvador\" \/>\n<meta property=\"article:publisher\" content=\"https:\/\/www.facebook.com\/lfelsalvador\/\" \/>\n<meta property=\"article:modified_time\" content=\"2021-11-09T15:44:38+00:00\" \/>\n<meta property=\"og:image\" content=\"http:\/\/lfelsalvador.org\/wp-content\/uploads\/2017\/12\/LFELSALVADOR_0015-1024x576.jpg\" \/>\n<meta name=\"twitter:card\" content=\"summary_large_image\" \/>\n<meta name=\"twitter:site\" content=\"@lfelsalvador1\" \/>\n<meta name=\"twitter:label1\" content=\"Dur\u00e9e de lecture estim\u00e9e\" \/>\n\t<meta name=\"twitter:data1\" content=\"1 minute\" \/>\n<script type=\"application\/ld+json\" class=\"yoast-schema-graph\">{\"@context\":\"https:\/\/schema.org\",\"@graph\":[{\"@type\":\"WebPage\",\"@id\":\"https:\/\/lfelsalvador.org\/fr\/notre-lycee-2\/lycee-francais-de-san-salvador\/\",\"url\":\"https:\/\/lfelsalvador.org\/fr\/notre-lycee-2\/lycee-francais-de-san-salvador\/\",\"name\":\"Lyc\u00e9e Fran\u00e7ais de San Salvador | Liceo Frances de San Salvador\",\"isPartOf\":{\"@id\":\"https:\/\/lfelsalvador.org\/#website\"},\"primaryImageOfPage\":{\"@id\":\"https:\/\/lfelsalvador.org\/fr\/notre-lycee-2\/lycee-francais-de-san-salvador\/#primaryimage\"},\"image\":{\"@id\":\"https:\/\/lfelsalvador.org\/fr\/notre-lycee-2\/lycee-francais-de-san-salvador\/#primaryimage\"},\"thumbnailUrl\":\"http:\/\/lfelsalvador.org\/wp-content\/uploads\/2017\/12\/LFELSALVADOR_0015-1024x576.jpg\",\"datePublished\":\"2016-08-11T20:07:15+00:00\",\"dateModified\":\"2021-11-09T15:44:38+00:00\",\"breadcrumb\":{\"@id\":\"https:\/\/lfelsalvador.org\/fr\/notre-lycee-2\/lycee-francais-de-san-salvador\/#breadcrumb\"},\"inLanguage\":\"fr-FR\",\"potentialAction\":[{\"@type\":\"ReadAction\",\"target\":[\"https:\/\/lfelsalvador.org\/fr\/notre-lycee-2\/lycee-francais-de-san-salvador\/\"]}]},{\"@type\":\"ImageObject\",\"inLanguage\":\"fr-FR\",\"@id\":\"https:\/\/lfelsalvador.org\/fr\/notre-lycee-2\/lycee-francais-de-san-salvador\/#primaryimage\",\"url\":\"http:\/\/lfelsalvador.org\/wp-content\/uploads\/2017\/12\/LFELSALVADOR_0015-1024x576.jpg\",\"contentUrl\":\"http:\/\/lfelsalvador.org\/wp-content\/uploads\/2017\/12\/LFELSALVADOR_0015-1024x576.jpg\"},{\"@type\":\"BreadcrumbList\",\"@id\":\"https:\/\/lfelsalvador.org\/fr\/notre-lycee-2\/lycee-francais-de-san-salvador\/#breadcrumb\",\"itemListElement\":[{\"@type\":\"ListItem\",\"position\":1,\"name\":\"Portada\",\"item\":\"https:\/\/lfelsalvador.org\/fr\/\"},{\"@type\":\"ListItem\",\"position\":2,\"name\":\"notre Lyc\u00e9e\",\"item\":\"https:\/\/lfelsalvador.org\/fr\/notre-lycee-2\/\"},{\"@type\":\"ListItem\",\"position\":3,\"name\":\"Lyc\u00e9e Fran\u00e7ais de San Salvador\"}]},{\"@type\":\"WebSite\",\"@id\":\"https:\/\/lfelsalvador.org\/#website\",\"url\":\"https:\/\/lfelsalvador.org\/\",\"name\":\"Liceo Frances de San Salvador\",\"description\":\"\",\"potentialAction\":[{\"@type\":\"SearchAction\",\"target\":{\"@type\":\"EntryPoint\",\"urlTemplate\":\"https:\/\/lfelsalvador.org\/?s={search_term_string}\"},\"query-input\":{\"@type\":\"PropertyValueSpecification\",\"valueRequired\":true,\"valueName\":\"search_term_string\"}}],\"inLanguage\":\"fr-FR\"}]}<\/script>\n<!-- \/ Yoast SEO plugin. -->","yoast_head_json":{"title":"Lyc\u00e9e Fran\u00e7ais de San Salvador | Liceo Frances de San Salvador","robots":{"index":"index","follow":"follow","max-snippet":"max-snippet:-1","max-image-preview":"max-image-preview:large","max-video-preview":"max-video-preview:-1"},"canonical":"https:\/\/lfelsalvador.org\/fr\/notre-lycee-2\/lycee-francais-de-san-salvador\/","og_locale":"fr_FR","og_type":"article","og_title":"Lyc\u00e9e Fran\u00e7ais de San Salvador | Liceo Frances de San Salvador","og_description":"Le Lyc\u00e9e Fran\u00e7ais de San Salvador \u201cAntoine et Consuelo de Saint-Exup\u00e9ry\u201d na\u00eet en 1971 d\u2019esprits visionnaires qui reconnaissent le besoin de contribuer au d\u00e9veloppement de la culture salvadorienne \u00e0 travers l\u2019\u00e9change intellectuelle avec la R\u00e9publique Fran\u00e7aise. De ce fait et avec l\u2019appui de l\u2019Alliance Fran\u00e7aise a \u00e9t\u00e9 cr\u00e9\u00e9 une association sans buts lucratifs qui a, [&hellip;]","og_url":"https:\/\/lfelsalvador.org\/fr\/notre-lycee-2\/lycee-francais-de-san-salvador\/","og_site_name":"Liceo Frances de San Salvador","article_publisher":"https:\/\/www.facebook.com\/lfelsalvador\/","article_modified_time":"2021-11-09T15:44:38+00:00","og_image":[{"url":"http:\/\/lfelsalvador.org\/wp-content\/uploads\/2017\/12\/LFELSALVADOR_0015-1024x576.jpg","type":"","width":"","height":""}],"twitter_card":"summary_large_image","twitter_site":"@lfelsalvador1","twitter_misc":{"Dur\u00e9e de lecture estim\u00e9e":"1 minute"},"schema":{"@context":"https:\/\/schema.org","@graph":[{"@type":"WebPage","@id":"https:\/\/lfelsalvador.org\/fr\/notre-lycee-2\/lycee-francais-de-san-salvador\/","url":"https:\/\/lfelsalvador.org\/fr\/notre-lycee-2\/lycee-francais-de-san-salvador\/","name":"Lyc\u00e9e Fran\u00e7ais de San Salvador | Liceo Frances de San Salvador","isPartOf":{"@id":"https:\/\/lfelsalvador.org\/#website"},"primaryImageOfPage":{"@id":"https:\/\/lfelsalvador.org\/fr\/notre-lycee-2\/lycee-francais-de-san-salvador\/#primaryimage"},"image":{"@id":"https:\/\/lfelsalvador.org\/fr\/notre-lycee-2\/lycee-francais-de-san-salvador\/#primaryimage"},"thumbnailUrl":"http:\/\/lfelsalvador.org\/wp-content\/uploads\/2017\/12\/LFELSALVADOR_0015-1024x576.jpg","datePublished":"2016-08-11T20:07:15+00:00","dateModified":"2021-11-09T15:44:38+00:00","breadcrumb":{"@id":"https:\/\/lfelsalvador.org\/fr\/notre-lycee-2\/lycee-francais-de-san-salvador\/#breadcrumb"},"inLanguage":"fr-FR","potentialAction":[{"@type":"ReadAction","target":["https:\/\/lfelsalvador.org\/fr\/notre-lycee-2\/lycee-francais-de-san-salvador\/"]}]},{"@type":"ImageObject","inLanguage":"fr-FR","@id":"https:\/\/lfelsalvador.org\/fr\/notre-lycee-2\/lycee-francais-de-san-salvador\/#primaryimage","url":"http:\/\/lfelsalvador.org\/wp-content\/uploads\/2017\/12\/LFELSALVADOR_0015-1024x576.jpg","contentUrl":"http:\/\/lfelsalvador.org\/wp-content\/uploads\/2017\/12\/LFELSALVADOR_0015-1024x576.jpg"},{"@type":"BreadcrumbList","@id":"https:\/\/lfelsalvador.org\/fr\/notre-lycee-2\/lycee-francais-de-san-salvador\/#breadcrumb","itemListElement":[{"@type":"ListItem","position":1,"name":"Portada","item":"https:\/\/lfelsalvador.org\/fr\/"},{"@type":"ListItem","position":2,"name":"notre Lyc\u00e9e","item":"https:\/\/lfelsalvador.org\/fr\/notre-lycee-2\/"},{"@type":"ListItem","position":3,"name":"Lyc\u00e9e Fran\u00e7ais de San Salvador"}]},{"@type":"WebSite","@id":"https:\/\/lfelsalvador.org\/#website","url":"https:\/\/lfelsalvador.org\/","name":"Liceo Frances de San Salvador","description":"","potentialAction":[{"@type":"SearchAction","target":{"@type":"EntryPoint","urlTemplate":"https:\/\/lfelsalvador.org\/?s={search_term_string}"},"query-input":{"@type":"PropertyValueSpecification","valueRequired":true,"valueName":"search_term_string"}}],"inLanguage":"fr-FR"}]}},"_links":{"self":[{"href":"https:\/\/lfelsalvador.org\/fr\/wp-json\/wp\/v2\/pages\/4184","targetHints":{"allow":["GET"]}}],"collection":[{"href":"https:\/\/lfelsalvador.org\/fr\/wp-json\/wp\/v2\/pages"}],"about":[{"href":"https:\/\/lfelsalvador.org\/fr\/wp-json\/wp\/v2\/types\/page"}],"author":[{"embeddable":true,"href":"https:\/\/lfelsalvador.org\/fr\/wp-json\/wp\/v2\/users\/1"}],"replies":[{"embeddable":true,"href":"https:\/\/lfelsalvador.org\/fr\/wp-json\/wp\/v2\/comments?post=4184"}],"version-history":[{"count":6,"href":"https:\/\/lfelsalvador.org\/fr\/wp-json\/wp\/v2\/pages\/4184\/revisions"}],"predecessor-version":[{"id":7817,"href":"https:\/\/lfelsalvador.org\/fr\/wp-json\/wp\/v2\/pages\/4184\/revisions\/7817"}],"up":[{"embeddable":true,"href":"https:\/\/lfelsalvador.org\/fr\/wp-json\/wp\/v2\/pages\/3930"}],"wp:attachment":[{"href":"https:\/\/lfelsalvador.org\/fr\/wp-json\/wp\/v2\/media?parent=4184"}],"curies":[{"name":"wp","href":"https:\/\/api.w.org\/{rel}","templated":true}]}}