{"id":4144,"date":"2016-08-11T13:29:58","date_gmt":"2016-08-11T13:29:58","guid":{"rendered":"http:\/\/lfelsalvador.org\/fr\/?page_id=4144"},"modified":"2016-08-29T15:45:29","modified_gmt":"2016-08-29T15:45:29","slug":"offre-pedagogique","status":"publish","type":"page","link":"https:\/\/lfelsalvador.org\/fr\/offre-pedagogique\/","title":{"rendered":"Offre P\u00e9dagogique"},"content":{"rendered":"<section class=\"stag-section stag-columns\"><div class=\"stag-column stag-one-half\"><\/p>\n<div align=\"center\">\n<h2>VISION<\/h2>\n<p>\u00ab\u00a0\u00catre une institution r\u00e9f\u00e9rente pour son excellence acad\u00e9mique et sa formation citoyenne, avec une gestion d\u00e9mocratique et partag\u00e9e entre les parents d\u2019\u00e9l\u00e8ves et l\u2019\u00c9tat fran\u00e7ais.\u00a0\u00bb<\/p>\n<p>&nbsp;<\/p>\n<\/div>\n<p><\/div> <div class=\"stag-column stag-one-half stag-column-last\"><\/p>\n<div align=\"center\">\n<h2>MISSION<\/h2>\n<p>\u00ab\u00a0Promouvoir l\u2019\u00e9ducation plurilingue et pluriculturelle qui donne acc\u00e8s \u00e0 l\u2019\u00e9ducation et \u00e0 la culture, bases du succ\u00e8s acad\u00e9mique, professionnel et personnel de nos \u00e9l\u00e8ves.\u00a0\u00bb<\/p>\n<p>&nbsp;<\/p>\n<\/div>\n<p><\/div><div class=\"clear\"><\/div><\/p>\n<p><div class=\"stag-column stag-one-half\"><\/p>\n<hr \/>\n<p><\/div> <div class=\"stag-column stag-one-half stag-column-last\"><\/p>\n<hr \/>\n<p><\/div><div class=\"clear\"><\/div><\/p>\n<p><div class=\"stag-column stag-one-half\"><\/p>\n<h2>VALEURS INSTITUTIONNELLES<\/h2>\n<ul>\n<li>Libert\u00e9, \u00e9galit\u00e9, fraternit\u00e9.<\/li>\n<li>La\u00efcit\u00e9.<\/li>\n<li>Solidarit\u00e9, respect, tol\u00e9rance.<\/li>\n<li>Justice, \u00e9quit\u00e9, honn\u00eatet\u00e9.<\/li>\n<li>Respect de l\u2019environnement.<\/li>\n<li>Ouverture d\u2019esprit et esprit critique.<\/li>\n<li>Conscience d\u2019\u00eatre citoyens du monde.<\/li>\n<li>Ouverture \u00e0 toutes les cultures.<\/li>\n<\/ul>\n<p><\/div><br \/>\n<div class=\"stag-column stag-one-half stag-column-last\"><\/p>\n<h2>PRINCIPES P\u00c9DAGOGIQUES<\/h2>\n<ul>\n<li>Formation \u00e0 l\u2019autonomie et l\u2019ind\u00e9pendance\u00a0: enseigner \u00e0 penser et apprendre par soi-m\u00eame, encourager l\u2019initiative des \u00e9l\u00e8ves.<\/li>\n<li>Education inclusive et ouverte \u00e0 la diversit\u00e9.<\/li>\n<li>Formation \u00e0 la r\u00e9flexion et au sens critique.<\/li>\n<li>Capacit\u00e9 \u00e0 r\u00e9fl\u00e9chir \u00e0 des situations complexes et abstraites.<\/li>\n<li>D\u00e9veloppement scientifique et d\u00e9marche d\u2019investigation.<\/li>\n<li>D\u00e9veloppement et ma\u00eetrise de quatre langues.<\/li>\n<li>D\u00e9veloppement de la pluridisciplinarit\u00e9 et du pluriculturel.<\/li>\n<li>Construction du projet personnel et professionnel de l\u2019\u00e9l\u00e8ve.<\/li>\n<li>Education \u00e0 la sant\u00e9, \u00e0 la vie affective et \u00e0 la citoyennet\u00e9.<\/li>\n<\/ul>\n<p><span style=\"line-height: 1.71429; font-size: 0.9rem;\">.<\/span><\/p>\n<p><\/div><div class=\"clear\"><\/div> <\/section>\n","protected":false},"excerpt":{"rendered":"","protected":false},"author":1,"featured_media":0,"parent":0,"menu_order":0,"comment_status":"closed","ping_status":"closed","template":"","meta":{"footnotes":""},"class_list":["post-4144","page","type-page","status-publish","hentry"],"yoast_head":"<!-- This site is optimized with the Yoast SEO plugin v27.2 - https:\/\/yoast.com\/product\/yoast-seo-wordpress\/ -->\n<title>Offre P\u00e9dagogique | Liceo Frances de San Salvador<\/title>\n<meta name=\"robots\" content=\"index, follow, max-snippet:-1, max-image-preview:large, max-video-preview:-1\" \/>\n<link rel=\"canonical\" href=\"https:\/\/lfelsalvador.org\/fr\/offre-pedagogique\/\" \/>\n<meta property=\"og:locale\" content=\"fr_FR\" \/>\n<meta property=\"og:type\" content=\"article\" \/>\n<meta property=\"og:title\" content=\"Offre P\u00e9dagogique | Liceo Frances de San Salvador\" \/>\n<meta property=\"og:url\" content=\"https:\/\/lfelsalvador.org\/fr\/offre-pedagogique\/\" \/>\n<meta property=\"og:site_name\" content=\"Liceo Frances de San Salvador\" \/>\n<meta property=\"article:publisher\" content=\"https:\/\/www.facebook.com\/lfelsalvador\/\" \/>\n<meta property=\"article:modified_time\" content=\"2016-08-29T15:45:29+00:00\" \/>\n<meta property=\"og:image\" content=\"http:\/\/lfelsalvador.org\/wp-content\/uploads\/2016\/08\/Site-4.jpg\" \/>\n<meta name=\"twitter:card\" content=\"summary_large_image\" \/>\n<meta name=\"twitter:site\" content=\"@lfelsalvador1\" \/>\n<meta name=\"twitter:label1\" content=\"Dur\u00e9e de lecture estim\u00e9e\" \/>\n\t<meta name=\"twitter:data1\" content=\"1 minute\" \/>\n<script type=\"application\/ld+json\" class=\"yoast-schema-graph\">{\"@context\":\"https:\/\/schema.org\",\"@graph\":[{\"@type\":\"WebPage\",\"@id\":\"https:\/\/lfelsalvador.org\/fr\/offre-pedagogique\/\",\"url\":\"https:\/\/lfelsalvador.org\/fr\/offre-pedagogique\/\",\"name\":\"Offre P\u00e9dagogique | Liceo Frances de San Salvador\",\"isPartOf\":{\"@id\":\"https:\/\/lfelsalvador.org\/#website\"},\"datePublished\":\"2016-08-11T13:29:58+00:00\",\"dateModified\":\"2016-08-29T15:45:29+00:00\",\"breadcrumb\":{\"@id\":\"https:\/\/lfelsalvador.org\/fr\/offre-pedagogique\/#breadcrumb\"},\"inLanguage\":\"fr-FR\",\"potentialAction\":[{\"@type\":\"ReadAction\",\"target\":[\"https:\/\/lfelsalvador.org\/fr\/offre-pedagogique\/\"]}]},{\"@type\":\"BreadcrumbList\",\"@id\":\"https:\/\/lfelsalvador.org\/fr\/offre-pedagogique\/#breadcrumb\",\"itemListElement\":[{\"@type\":\"ListItem\",\"position\":1,\"name\":\"Portada\",\"item\":\"https:\/\/lfelsalvador.org\/fr\/\"},{\"@type\":\"ListItem\",\"position\":2,\"name\":\"Offre P\u00e9dagogique\"}]},{\"@type\":\"WebSite\",\"@id\":\"https:\/\/lfelsalvador.org\/#website\",\"url\":\"https:\/\/lfelsalvador.org\/\",\"name\":\"Liceo Frances de San Salvador\",\"description\":\"\",\"potentialAction\":[{\"@type\":\"SearchAction\",\"target\":{\"@type\":\"EntryPoint\",\"urlTemplate\":\"https:\/\/lfelsalvador.org\/?s={search_term_string}\"},\"query-input\":{\"@type\":\"PropertyValueSpecification\",\"valueRequired\":true,\"valueName\":\"search_term_string\"}}],\"inLanguage\":\"fr-FR\"}]}<\/script>\n<!-- \/ Yoast SEO plugin. -->","yoast_head_json":{"title":"Offre P\u00e9dagogique | Liceo Frances de San Salvador","robots":{"index":"index","follow":"follow","max-snippet":"max-snippet:-1","max-image-preview":"max-image-preview:large","max-video-preview":"max-video-preview:-1"},"canonical":"https:\/\/lfelsalvador.org\/fr\/offre-pedagogique\/","og_locale":"fr_FR","og_type":"article","og_title":"Offre P\u00e9dagogique | Liceo Frances de San Salvador","og_url":"https:\/\/lfelsalvador.org\/fr\/offre-pedagogique\/","og_site_name":"Liceo Frances de San Salvador","article_publisher":"https:\/\/www.facebook.com\/lfelsalvador\/","article_modified_time":"2016-08-29T15:45:29+00:00","og_image":[{"url":"http:\/\/lfelsalvador.org\/wp-content\/uploads\/2016\/08\/Site-4.jpg","type":"","width":"","height":""}],"twitter_card":"summary_large_image","twitter_site":"@lfelsalvador1","twitter_misc":{"Dur\u00e9e de lecture estim\u00e9e":"1 minute"},"schema":{"@context":"https:\/\/schema.org","@graph":[{"@type":"WebPage","@id":"https:\/\/lfelsalvador.org\/fr\/offre-pedagogique\/","url":"https:\/\/lfelsalvador.org\/fr\/offre-pedagogique\/","name":"Offre P\u00e9dagogique | Liceo Frances de San Salvador","isPartOf":{"@id":"https:\/\/lfelsalvador.org\/#website"},"datePublished":"2016-08-11T13:29:58+00:00","dateModified":"2016-08-29T15:45:29+00:00","breadcrumb":{"@id":"https:\/\/lfelsalvador.org\/fr\/offre-pedagogique\/#breadcrumb"},"inLanguage":"fr-FR","potentialAction":[{"@type":"ReadAction","target":["https:\/\/lfelsalvador.org\/fr\/offre-pedagogique\/"]}]},{"@type":"BreadcrumbList","@id":"https:\/\/lfelsalvador.org\/fr\/offre-pedagogique\/#breadcrumb","itemListElement":[{"@type":"ListItem","position":1,"name":"Portada","item":"https:\/\/lfelsalvador.org\/fr\/"},{"@type":"ListItem","position":2,"name":"Offre P\u00e9dagogique"}]},{"@type":"WebSite","@id":"https:\/\/lfelsalvador.org\/#website","url":"https:\/\/lfelsalvador.org\/","name":"Liceo Frances de San Salvador","description":"","potentialAction":[{"@type":"SearchAction","target":{"@type":"EntryPoint","urlTemplate":"https:\/\/lfelsalvador.org\/?s={search_term_string}"},"query-input":{"@type":"PropertyValueSpecification","valueRequired":true,"valueName":"search_term_string"}}],"inLanguage":"fr-FR"}]}},"_links":{"self":[{"href":"https:\/\/lfelsalvador.org\/fr\/wp-json\/wp\/v2\/pages\/4144","targetHints":{"allow":["GET"]}}],"collection":[{"href":"https:\/\/lfelsalvador.org\/fr\/wp-json\/wp\/v2\/pages"}],"about":[{"href":"https:\/\/lfelsalvador.org\/fr\/wp-json\/wp\/v2\/types\/page"}],"author":[{"embeddable":true,"href":"https:\/\/lfelsalvador.org\/fr\/wp-json\/wp\/v2\/users\/1"}],"replies":[{"embeddable":true,"href":"https:\/\/lfelsalvador.org\/fr\/wp-json\/wp\/v2\/comments?post=4144"}],"version-history":[{"count":14,"href":"https:\/\/lfelsalvador.org\/fr\/wp-json\/wp\/v2\/pages\/4144\/revisions"}],"predecessor-version":[{"id":4317,"href":"https:\/\/lfelsalvador.org\/fr\/wp-json\/wp\/v2\/pages\/4144\/revisions\/4317"}],"wp:attachment":[{"href":"https:\/\/lfelsalvador.org\/fr\/wp-json\/wp\/v2\/media?parent=4144"}],"curies":[{"name":"wp","href":"https:\/\/api.w.org\/{rel}","templated":true}]}}