{"id":3927,"date":"2016-08-10T05:34:05","date_gmt":"2016-08-10T05:34:05","guid":{"rendered":"http:\/\/lfelsalvador.org\/fr\/?page_id=3927"},"modified":"2018-09-07T13:17:28","modified_gmt":"2018-09-07T13:17:28","slug":"continuidad-escuelacolegio","status":"publish","type":"page","link":"https:\/\/lfelsalvador.org\/fr\/pedagogie\/secondaire\/continuidad-escuelacolegio\/","title":{"rendered":"Continuit\u00e9 \u00e9cole\/coll\u00e8ge"},"content":{"rendered":"<p><strong>Entre l\u2019\u00e9cole primaire et le coll\u00e8ge il y a une r\u00e9elle continuit\u00e9 depuis l\u2019adoption <\/strong>de la loi d\u2019orientation et de programme pour l\u2019avenir de l\u2019\u00c9cole du 23 avril 2005. En effet\u00a0 ce texte indique que les \u00e9l\u00e8ves doivent avoir maitriser le <strong>socle commun de connaissances et de comp\u00e9tences<\/strong> \u00e0 l\u2019issue de la scolarit\u00e9 obligatoire pour poursuivre leur formation, construire leur avenir professionnel et r\u00e9ussir leur vie en soci\u00e9t\u00e9. Cette formation s\u2019\u00e9tend de l\u2019\u00e9cole \u00e9l\u00e9mentaire \u00e0 la fin du coll\u00e8ge.<\/p>\n<p>Vous pouvez lire plus d\u2019informations sur le socle commun en suivant ce <a title=\"Socle Commun\" href=\"http:\/\/lfelsalvador.org\/wp-content\/uploads\/2016\/07\/socle-commun-decret_162000.pdf\" target=\"_blank\">lien<\/a>.<\/p>\n<p>Voici plus d\u2019informations sur le <a title=\"Livret personnel de comp\u00e9tences\" href=\"http:\/\/eduscol.education.fr\/cid49889\/livret-personnel-de-competences.html\" target=\"_blank\">livret personnel de comp\u00e9tences<\/a>.<\/p>\n<p>Au Lyc\u00e9e Francais de San Salvador, de nombreuses actions sont men\u00e9es pour faciliter la continuit\u00e9 entre \u00e9cole et coll\u00e8ge. Tous les ans, les \u00e9l\u00e8ves de CM2 assistent \u00e0 une matin\u00e9e de cours au coll\u00e8ge pendant que des camarades de 6\u00b0 allaient parler de leur exp\u00e9rience de jeunes coll\u00e9giens aux \u00e9l\u00e8ves de CM2.<\/p>\n","protected":false},"excerpt":{"rendered":"<p>Entre l\u2019\u00e9cole primaire et le coll\u00e8ge il y a une r\u00e9elle continuit\u00e9 depuis l\u2019adoption de la loi d\u2019orientation et de programme pour l\u2019avenir de l\u2019\u00c9cole du 23 avril 2005. En effet\u00a0 ce texte indique que les \u00e9l\u00e8ves doivent avoir maitriser le socle commun de connaissances et de comp\u00e9tences \u00e0 l\u2019issue de la scolarit\u00e9 obligatoire pour [&hellip;]<\/p>\n","protected":false},"author":1,"featured_media":0,"parent":3925,"menu_order":0,"comment_status":"closed","ping_status":"closed","template":"","meta":{"footnotes":""},"class_list":["post-3927","page","type-page","status-publish","hentry"],"yoast_head":"<!-- This site is optimized with the Yoast SEO plugin v27.2 - https:\/\/yoast.com\/product\/yoast-seo-wordpress\/ -->\n<title>Continuit\u00e9 \u00e9cole\/coll\u00e8ge | Liceo Frances de San Salvador<\/title>\n<meta name=\"robots\" content=\"index, follow, max-snippet:-1, max-image-preview:large, max-video-preview:-1\" \/>\n<link rel=\"canonical\" href=\"https:\/\/lfelsalvador.org\/fr\/pedagogie\/secondaire\/continuidad-escuelacolegio\/\" \/>\n<meta property=\"og:locale\" content=\"fr_FR\" \/>\n<meta property=\"og:type\" content=\"article\" \/>\n<meta property=\"og:title\" content=\"Continuit\u00e9 \u00e9cole\/coll\u00e8ge | Liceo Frances de San Salvador\" \/>\n<meta property=\"og:description\" content=\"Entre l\u2019\u00e9cole primaire et le coll\u00e8ge il y a une r\u00e9elle continuit\u00e9 depuis l\u2019adoption de la loi d\u2019orientation et de programme pour l\u2019avenir de l\u2019\u00c9cole du 23 avril 2005. En effet\u00a0 ce texte indique que les \u00e9l\u00e8ves doivent avoir maitriser le socle commun de connaissances et de comp\u00e9tences \u00e0 l\u2019issue de la scolarit\u00e9 obligatoire pour [&hellip;]\" \/>\n<meta property=\"og:url\" content=\"https:\/\/lfelsalvador.org\/fr\/pedagogie\/secondaire\/continuidad-escuelacolegio\/\" \/>\n<meta property=\"og:site_name\" content=\"Liceo Frances de San Salvador\" \/>\n<meta property=\"article:publisher\" content=\"https:\/\/www.facebook.com\/lfelsalvador\/\" \/>\n<meta property=\"article:modified_time\" content=\"2018-09-07T13:17:28+00:00\" \/>\n<meta property=\"og:image\" content=\"http:\/\/lfelsalvador.org\/wp-content\/uploads\/2016\/08\/Site-4.jpg\" \/>\n<meta name=\"twitter:card\" content=\"summary_large_image\" \/>\n<meta name=\"twitter:site\" content=\"@lfelsalvador1\" \/>\n<meta name=\"twitter:label1\" content=\"Dur\u00e9e de lecture estim\u00e9e\" \/>\n\t<meta name=\"twitter:data1\" content=\"1 minute\" \/>\n<script type=\"application\/ld+json\" class=\"yoast-schema-graph\">{\"@context\":\"https:\/\/schema.org\",\"@graph\":[{\"@type\":\"WebPage\",\"@id\":\"https:\/\/lfelsalvador.org\/fr\/pedagogie\/secondaire\/continuidad-escuelacolegio\/\",\"url\":\"https:\/\/lfelsalvador.org\/fr\/pedagogie\/secondaire\/continuidad-escuelacolegio\/\",\"name\":\"Continuit\u00e9 \u00e9cole\/coll\u00e8ge | Liceo Frances de San Salvador\",\"isPartOf\":{\"@id\":\"https:\/\/lfelsalvador.org\/#website\"},\"datePublished\":\"2016-08-10T05:34:05+00:00\",\"dateModified\":\"2018-09-07T13:17:28+00:00\",\"breadcrumb\":{\"@id\":\"https:\/\/lfelsalvador.org\/fr\/pedagogie\/secondaire\/continuidad-escuelacolegio\/#breadcrumb\"},\"inLanguage\":\"fr-FR\",\"potentialAction\":[{\"@type\":\"ReadAction\",\"target\":[\"https:\/\/lfelsalvador.org\/fr\/pedagogie\/secondaire\/continuidad-escuelacolegio\/\"]}]},{\"@type\":\"BreadcrumbList\",\"@id\":\"https:\/\/lfelsalvador.org\/fr\/pedagogie\/secondaire\/continuidad-escuelacolegio\/#breadcrumb\",\"itemListElement\":[{\"@type\":\"ListItem\",\"position\":1,\"name\":\"Portada\",\"item\":\"https:\/\/lfelsalvador.org\/fr\/\"},{\"@type\":\"ListItem\",\"position\":2,\"name\":\"P\u00e9dagogie\",\"item\":\"https:\/\/lfelsalvador.org\/fr\/pedagogie\/\"},{\"@type\":\"ListItem\",\"position\":3,\"name\":\"Coll\u00e8ge\",\"item\":\"https:\/\/lfelsalvador.org\/fr\/pedagogie\/secondaire\/\"},{\"@type\":\"ListItem\",\"position\":4,\"name\":\"Continuit\u00e9 \u00e9cole\/coll\u00e8ge\"}]},{\"@type\":\"WebSite\",\"@id\":\"https:\/\/lfelsalvador.org\/#website\",\"url\":\"https:\/\/lfelsalvador.org\/\",\"name\":\"Liceo Frances de San Salvador\",\"description\":\"\",\"potentialAction\":[{\"@type\":\"SearchAction\",\"target\":{\"@type\":\"EntryPoint\",\"urlTemplate\":\"https:\/\/lfelsalvador.org\/?s={search_term_string}\"},\"query-input\":{\"@type\":\"PropertyValueSpecification\",\"valueRequired\":true,\"valueName\":\"search_term_string\"}}],\"inLanguage\":\"fr-FR\"}]}<\/script>\n<!-- \/ Yoast SEO plugin. -->","yoast_head_json":{"title":"Continuit\u00e9 \u00e9cole\/coll\u00e8ge | Liceo Frances de San Salvador","robots":{"index":"index","follow":"follow","max-snippet":"max-snippet:-1","max-image-preview":"max-image-preview:large","max-video-preview":"max-video-preview:-1"},"canonical":"https:\/\/lfelsalvador.org\/fr\/pedagogie\/secondaire\/continuidad-escuelacolegio\/","og_locale":"fr_FR","og_type":"article","og_title":"Continuit\u00e9 \u00e9cole\/coll\u00e8ge | Liceo Frances de San Salvador","og_description":"Entre l\u2019\u00e9cole primaire et le coll\u00e8ge il y a une r\u00e9elle continuit\u00e9 depuis l\u2019adoption de la loi d\u2019orientation et de programme pour l\u2019avenir de l\u2019\u00c9cole du 23 avril 2005. En effet\u00a0 ce texte indique que les \u00e9l\u00e8ves doivent avoir maitriser le socle commun de connaissances et de comp\u00e9tences \u00e0 l\u2019issue de la scolarit\u00e9 obligatoire pour [&hellip;]","og_url":"https:\/\/lfelsalvador.org\/fr\/pedagogie\/secondaire\/continuidad-escuelacolegio\/","og_site_name":"Liceo Frances de San Salvador","article_publisher":"https:\/\/www.facebook.com\/lfelsalvador\/","article_modified_time":"2018-09-07T13:17:28+00:00","og_image":[{"url":"http:\/\/lfelsalvador.org\/wp-content\/uploads\/2016\/08\/Site-4.jpg","type":"","width":"","height":""}],"twitter_card":"summary_large_image","twitter_site":"@lfelsalvador1","twitter_misc":{"Dur\u00e9e de lecture estim\u00e9e":"1 minute"},"schema":{"@context":"https:\/\/schema.org","@graph":[{"@type":"WebPage","@id":"https:\/\/lfelsalvador.org\/fr\/pedagogie\/secondaire\/continuidad-escuelacolegio\/","url":"https:\/\/lfelsalvador.org\/fr\/pedagogie\/secondaire\/continuidad-escuelacolegio\/","name":"Continuit\u00e9 \u00e9cole\/coll\u00e8ge | Liceo Frances de San Salvador","isPartOf":{"@id":"https:\/\/lfelsalvador.org\/#website"},"datePublished":"2016-08-10T05:34:05+00:00","dateModified":"2018-09-07T13:17:28+00:00","breadcrumb":{"@id":"https:\/\/lfelsalvador.org\/fr\/pedagogie\/secondaire\/continuidad-escuelacolegio\/#breadcrumb"},"inLanguage":"fr-FR","potentialAction":[{"@type":"ReadAction","target":["https:\/\/lfelsalvador.org\/fr\/pedagogie\/secondaire\/continuidad-escuelacolegio\/"]}]},{"@type":"BreadcrumbList","@id":"https:\/\/lfelsalvador.org\/fr\/pedagogie\/secondaire\/continuidad-escuelacolegio\/#breadcrumb","itemListElement":[{"@type":"ListItem","position":1,"name":"Portada","item":"https:\/\/lfelsalvador.org\/fr\/"},{"@type":"ListItem","position":2,"name":"P\u00e9dagogie","item":"https:\/\/lfelsalvador.org\/fr\/pedagogie\/"},{"@type":"ListItem","position":3,"name":"Coll\u00e8ge","item":"https:\/\/lfelsalvador.org\/fr\/pedagogie\/secondaire\/"},{"@type":"ListItem","position":4,"name":"Continuit\u00e9 \u00e9cole\/coll\u00e8ge"}]},{"@type":"WebSite","@id":"https:\/\/lfelsalvador.org\/#website","url":"https:\/\/lfelsalvador.org\/","name":"Liceo Frances de San Salvador","description":"","potentialAction":[{"@type":"SearchAction","target":{"@type":"EntryPoint","urlTemplate":"https:\/\/lfelsalvador.org\/?s={search_term_string}"},"query-input":{"@type":"PropertyValueSpecification","valueRequired":true,"valueName":"search_term_string"}}],"inLanguage":"fr-FR"}]}},"_links":{"self":[{"href":"https:\/\/lfelsalvador.org\/fr\/wp-json\/wp\/v2\/pages\/3927","targetHints":{"allow":["GET"]}}],"collection":[{"href":"https:\/\/lfelsalvador.org\/fr\/wp-json\/wp\/v2\/pages"}],"about":[{"href":"https:\/\/lfelsalvador.org\/fr\/wp-json\/wp\/v2\/types\/page"}],"author":[{"embeddable":true,"href":"https:\/\/lfelsalvador.org\/fr\/wp-json\/wp\/v2\/users\/1"}],"replies":[{"embeddable":true,"href":"https:\/\/lfelsalvador.org\/fr\/wp-json\/wp\/v2\/comments?post=3927"}],"version-history":[{"count":7,"href":"https:\/\/lfelsalvador.org\/fr\/wp-json\/wp\/v2\/pages\/3927\/revisions"}],"predecessor-version":[{"id":5711,"href":"https:\/\/lfelsalvador.org\/fr\/wp-json\/wp\/v2\/pages\/3927\/revisions\/5711"}],"up":[{"embeddable":true,"href":"https:\/\/lfelsalvador.org\/fr\/wp-json\/wp\/v2\/pages\/3925"}],"wp:attachment":[{"href":"https:\/\/lfelsalvador.org\/fr\/wp-json\/wp\/v2\/media?parent=3927"}],"curies":[{"name":"wp","href":"https:\/\/api.w.org\/{rel}","templated":true}]}}