{"id":3925,"date":"2016-08-10T05:32:57","date_gmt":"2016-08-10T05:32:57","guid":{"rendered":"http:\/\/lfelsalvador.org\/fr\/?page_id=3925"},"modified":"2025-09-30T16:20:24","modified_gmt":"2025-09-30T16:20:24","slug":"secondaire","status":"publish","type":"page","link":"https:\/\/lfelsalvador.org\/fr\/pedagogie\/secondaire\/","title":{"rendered":"Coll\u00e8ge"},"content":{"rendered":"<p><strong>Le coll\u00e8ge accueille tous les \u00e9l\u00e8ves<\/strong> \u00e0 la fin de l\u2019\u00e9cole primaire. Il permet de scolariser tous les \u00e9l\u00e8ves dans un cadre unique. La scolarit\u00e9 au coll\u00e8ge comporte quatre ann\u00e9es : la sixi\u00e8me, la cinqui\u00e8me, la quatri\u00e8me et la troisi\u00e8me. Elles\u00a0sont organis\u00e9es en trois cycles.<\/p>\n<h2>Sixi\u00e8me: le cycle d\u2019adaptation<\/h2>\n<p>L\u2019objectif est de consolider les acquis de l\u2019\u00e9cole primaire et d<strong>\u2018initier les \u00e9l\u00e8ves aux m\u00e9thodes de travail du coll\u00e8ge<\/strong>. Une attention particuli\u00e8re est port\u00e9e \u00e0 l\u2019accueil des \u00e9l\u00e8ves et \u00e0 leur adaptation \u00e0 l\u2019enseignement secondaire. Ils b\u00e9n\u00e9ficient pour cela d\u2019un accompagnement personnalis\u00e9 en math\u00e9matiques et en fran\u00e7ais.<\/p>\n<h2>Cinqui\u00e8me\u00a0et\u00a0quatri\u00e8me: le cycle central<\/h2>\n<p>L\u2019objectif est de permettre aux \u00e9l\u00e8ves d\u2019<strong>approfondir \u201cleurs savoirs et savoir-faire\u201d<\/strong>. Ce cycle est caract\u00e9ris\u00e9 par la coh\u00e9rence des enseignements sur les deux ann\u00e9es et l\u2019<strong>enrichissement progressif du parcours par des options facultatives<\/strong>. Une attention particuli\u00e8re est port\u00e9e au cours de ce cycle aux difficult\u00e9s scolaires et \u00e0 l\u2018\u00e9laboration du projet d\u2019orientation des \u00e9l\u00e8ves, dans le cadre du parcours de d\u00e9couverte des m\u00e9tiers et des formations.<\/p>\n<p><strong>En\u00a0cinqui\u00e8me, l\u2019enseignement de physique-chimie d\u00e9bute.<\/strong><\/p>\n<h2>Troisi\u00e8me: le cycle d\u2019orientation<\/h2>\n<p>Il permet de compl\u00e9ter les acquisitions du coll\u00e8ge et de pr\u00e9parer aux formations g\u00e9n\u00e9rales, technologiques et professionnelles.<\/p>\n<p>En troisi\u00e8me,\u00a0les \u00e9l\u00e8ves <strong>poursuivent l\u2019apprentissage des langues vivantes<\/strong> \u00e9tudi\u00e9es en classe de quatri\u00e8me.<\/p>\n<p>\u00c0\u00a0la fin de l\u2019ann\u00e9e de troisi\u00e8me, les \u00e9l\u00e8ves <strong>pr\u00e9sentent le dipl\u00f4me national du brevet<\/strong> et peuvent s\u2019orienter vers:<\/p>\n<ul>\n<li>une classe de seconde g\u00e9n\u00e9rale au lyc\u00e9e<\/li>\n<li>une classe de seconde professionnelle\u00a0ou\u00a0une premi\u00e8re ann\u00e9e de pr\u00e9paration au certificat d\u2019aptitude professionnelle (C.A.P.) en lyc\u00e9e professionnel, pour les \u00e9l\u00e8ves fran\u00e7ais dont les parents ont choisi de rentrer en France.<\/li>\n<\/ul>\n","protected":false},"excerpt":{"rendered":"<p>Le coll\u00e8ge accueille tous les \u00e9l\u00e8ves \u00e0 la fin de l\u2019\u00e9cole primaire. Il permet de scolariser tous les \u00e9l\u00e8ves dans un cadre unique. La scolarit\u00e9 au coll\u00e8ge comporte quatre ann\u00e9es : la sixi\u00e8me, la cinqui\u00e8me, la quatri\u00e8me et la troisi\u00e8me. Elles\u00a0sont organis\u00e9es en trois cycles. Sixi\u00e8me: le cycle d\u2019adaptation L\u2019objectif est de consolider les acquis [&hellip;]<\/p>\n","protected":false},"author":1,"featured_media":0,"parent":3902,"menu_order":2,"comment_status":"closed","ping_status":"closed","template":"","meta":{"footnotes":""},"class_list":["post-3925","page","type-page","status-publish","hentry"],"yoast_head":"<!-- This site is optimized with the Yoast SEO plugin v27.2 - https:\/\/yoast.com\/product\/yoast-seo-wordpress\/ -->\n<title>Coll\u00e8ge | Liceo Frances de San Salvador<\/title>\n<meta name=\"robots\" content=\"index, follow, max-snippet:-1, max-image-preview:large, max-video-preview:-1\" \/>\n<link rel=\"canonical\" href=\"https:\/\/lfelsalvador.org\/fr\/pedagogie\/secondaire\/\" \/>\n<meta property=\"og:locale\" content=\"fr_FR\" \/>\n<meta property=\"og:type\" content=\"article\" \/>\n<meta property=\"og:title\" content=\"Coll\u00e8ge | Liceo Frances de San Salvador\" \/>\n<meta property=\"og:description\" content=\"Le coll\u00e8ge accueille tous les \u00e9l\u00e8ves \u00e0 la fin de l\u2019\u00e9cole primaire. Il permet de scolariser tous les \u00e9l\u00e8ves dans un cadre unique. La scolarit\u00e9 au coll\u00e8ge comporte quatre ann\u00e9es : la sixi\u00e8me, la cinqui\u00e8me, la quatri\u00e8me et la troisi\u00e8me. Elles\u00a0sont organis\u00e9es en trois cycles. Sixi\u00e8me: le cycle d\u2019adaptation L\u2019objectif est de consolider les acquis [&hellip;]\" \/>\n<meta property=\"og:url\" content=\"https:\/\/lfelsalvador.org\/fr\/pedagogie\/secondaire\/\" \/>\n<meta property=\"og:site_name\" content=\"Liceo Frances de San Salvador\" \/>\n<meta property=\"article:publisher\" content=\"https:\/\/www.facebook.com\/lfelsalvador\/\" \/>\n<meta property=\"article:modified_time\" content=\"2025-09-30T16:20:24+00:00\" \/>\n<meta property=\"og:image\" content=\"http:\/\/lfelsalvador.org\/wp-content\/uploads\/2016\/08\/Site-4.jpg\" \/>\n<meta name=\"twitter:card\" content=\"summary_large_image\" \/>\n<meta name=\"twitter:site\" content=\"@lfelsalvador1\" \/>\n<meta name=\"twitter:label1\" content=\"Dur\u00e9e de lecture estim\u00e9e\" \/>\n\t<meta name=\"twitter:data1\" content=\"2 minutes\" \/>\n<script type=\"application\/ld+json\" class=\"yoast-schema-graph\">{\"@context\":\"https:\/\/schema.org\",\"@graph\":[{\"@type\":\"WebPage\",\"@id\":\"https:\/\/lfelsalvador.org\/fr\/pedagogie\/secondaire\/\",\"url\":\"https:\/\/lfelsalvador.org\/fr\/pedagogie\/secondaire\/\",\"name\":\"Coll\u00e8ge | Liceo Frances de San Salvador\",\"isPartOf\":{\"@id\":\"https:\/\/lfelsalvador.org\/#website\"},\"datePublished\":\"2016-08-10T05:32:57+00:00\",\"dateModified\":\"2025-09-30T16:20:24+00:00\",\"breadcrumb\":{\"@id\":\"https:\/\/lfelsalvador.org\/fr\/pedagogie\/secondaire\/#breadcrumb\"},\"inLanguage\":\"fr-FR\",\"potentialAction\":[{\"@type\":\"ReadAction\",\"target\":[\"https:\/\/lfelsalvador.org\/fr\/pedagogie\/secondaire\/\"]}]},{\"@type\":\"BreadcrumbList\",\"@id\":\"https:\/\/lfelsalvador.org\/fr\/pedagogie\/secondaire\/#breadcrumb\",\"itemListElement\":[{\"@type\":\"ListItem\",\"position\":1,\"name\":\"Portada\",\"item\":\"https:\/\/lfelsalvador.org\/fr\/\"},{\"@type\":\"ListItem\",\"position\":2,\"name\":\"P\u00e9dagogie\",\"item\":\"https:\/\/lfelsalvador.org\/fr\/pedagogie\/\"},{\"@type\":\"ListItem\",\"position\":3,\"name\":\"Coll\u00e8ge\"}]},{\"@type\":\"WebSite\",\"@id\":\"https:\/\/lfelsalvador.org\/#website\",\"url\":\"https:\/\/lfelsalvador.org\/\",\"name\":\"Liceo Frances de San Salvador\",\"description\":\"\",\"potentialAction\":[{\"@type\":\"SearchAction\",\"target\":{\"@type\":\"EntryPoint\",\"urlTemplate\":\"https:\/\/lfelsalvador.org\/?s={search_term_string}\"},\"query-input\":{\"@type\":\"PropertyValueSpecification\",\"valueRequired\":true,\"valueName\":\"search_term_string\"}}],\"inLanguage\":\"fr-FR\"}]}<\/script>\n<!-- \/ Yoast SEO plugin. -->","yoast_head_json":{"title":"Coll\u00e8ge | Liceo Frances de San Salvador","robots":{"index":"index","follow":"follow","max-snippet":"max-snippet:-1","max-image-preview":"max-image-preview:large","max-video-preview":"max-video-preview:-1"},"canonical":"https:\/\/lfelsalvador.org\/fr\/pedagogie\/secondaire\/","og_locale":"fr_FR","og_type":"article","og_title":"Coll\u00e8ge | Liceo Frances de San Salvador","og_description":"Le coll\u00e8ge accueille tous les \u00e9l\u00e8ves \u00e0 la fin de l\u2019\u00e9cole primaire. Il permet de scolariser tous les \u00e9l\u00e8ves dans un cadre unique. La scolarit\u00e9 au coll\u00e8ge comporte quatre ann\u00e9es : la sixi\u00e8me, la cinqui\u00e8me, la quatri\u00e8me et la troisi\u00e8me. Elles\u00a0sont organis\u00e9es en trois cycles. Sixi\u00e8me: le cycle d\u2019adaptation L\u2019objectif est de consolider les acquis [&hellip;]","og_url":"https:\/\/lfelsalvador.org\/fr\/pedagogie\/secondaire\/","og_site_name":"Liceo Frances de San Salvador","article_publisher":"https:\/\/www.facebook.com\/lfelsalvador\/","article_modified_time":"2025-09-30T16:20:24+00:00","og_image":[{"url":"http:\/\/lfelsalvador.org\/wp-content\/uploads\/2016\/08\/Site-4.jpg","type":"","width":"","height":""}],"twitter_card":"summary_large_image","twitter_site":"@lfelsalvador1","twitter_misc":{"Dur\u00e9e de lecture estim\u00e9e":"2 minutes"},"schema":{"@context":"https:\/\/schema.org","@graph":[{"@type":"WebPage","@id":"https:\/\/lfelsalvador.org\/fr\/pedagogie\/secondaire\/","url":"https:\/\/lfelsalvador.org\/fr\/pedagogie\/secondaire\/","name":"Coll\u00e8ge | Liceo Frances de San Salvador","isPartOf":{"@id":"https:\/\/lfelsalvador.org\/#website"},"datePublished":"2016-08-10T05:32:57+00:00","dateModified":"2025-09-30T16:20:24+00:00","breadcrumb":{"@id":"https:\/\/lfelsalvador.org\/fr\/pedagogie\/secondaire\/#breadcrumb"},"inLanguage":"fr-FR","potentialAction":[{"@type":"ReadAction","target":["https:\/\/lfelsalvador.org\/fr\/pedagogie\/secondaire\/"]}]},{"@type":"BreadcrumbList","@id":"https:\/\/lfelsalvador.org\/fr\/pedagogie\/secondaire\/#breadcrumb","itemListElement":[{"@type":"ListItem","position":1,"name":"Portada","item":"https:\/\/lfelsalvador.org\/fr\/"},{"@type":"ListItem","position":2,"name":"P\u00e9dagogie","item":"https:\/\/lfelsalvador.org\/fr\/pedagogie\/"},{"@type":"ListItem","position":3,"name":"Coll\u00e8ge"}]},{"@type":"WebSite","@id":"https:\/\/lfelsalvador.org\/#website","url":"https:\/\/lfelsalvador.org\/","name":"Liceo Frances de San Salvador","description":"","potentialAction":[{"@type":"SearchAction","target":{"@type":"EntryPoint","urlTemplate":"https:\/\/lfelsalvador.org\/?s={search_term_string}"},"query-input":{"@type":"PropertyValueSpecification","valueRequired":true,"valueName":"search_term_string"}}],"inLanguage":"fr-FR"}]}},"_links":{"self":[{"href":"https:\/\/lfelsalvador.org\/fr\/wp-json\/wp\/v2\/pages\/3925","targetHints":{"allow":["GET"]}}],"collection":[{"href":"https:\/\/lfelsalvador.org\/fr\/wp-json\/wp\/v2\/pages"}],"about":[{"href":"https:\/\/lfelsalvador.org\/fr\/wp-json\/wp\/v2\/types\/page"}],"author":[{"embeddable":true,"href":"https:\/\/lfelsalvador.org\/fr\/wp-json\/wp\/v2\/users\/1"}],"replies":[{"embeddable":true,"href":"https:\/\/lfelsalvador.org\/fr\/wp-json\/wp\/v2\/comments?post=3925"}],"version-history":[{"count":18,"href":"https:\/\/lfelsalvador.org\/fr\/wp-json\/wp\/v2\/pages\/3925\/revisions"}],"predecessor-version":[{"id":10906,"href":"https:\/\/lfelsalvador.org\/fr\/wp-json\/wp\/v2\/pages\/3925\/revisions\/10906"}],"up":[{"embeddable":true,"href":"https:\/\/lfelsalvador.org\/fr\/wp-json\/wp\/v2\/pages\/3902"}],"wp:attachment":[{"href":"https:\/\/lfelsalvador.org\/fr\/wp-json\/wp\/v2\/media?parent=3925"}],"curies":[{"name":"wp","href":"https:\/\/api.w.org\/{rel}","templated":true}]}}