{"id":3923,"date":"2016-08-10T05:24:00","date_gmt":"2016-08-10T05:24:00","guid":{"rendered":"http:\/\/lfelsalvador.org\/fr\/?page_id=3923"},"modified":"2018-09-07T13:33:32","modified_gmt":"2018-09-07T13:33:32","slug":"programmes","status":"publish","type":"page","link":"https:\/\/lfelsalvador.org\/fr\/pedagogie\/programmes\/","title":{"rendered":"Programmes"},"content":{"rendered":"<p>Le Minist\u00e8re de l\u2019Education National, de l\u2019Enseignement Sup\u00e9rieur et de la Recherche met \u00e0 disposition le:<\/p>\n<ul>\n<li><a href=\"http:\/\/www.education.gouv.fr\/cid38\/horaires-et-programmes.html\" target=\"_blank\">Programme de l\u2019Ecole El\u00e9mentaire<\/a><\/li>\n<li><a href=\"http:\/\/www.education.gouv.fr\/cid81\/les-programmes.html\" target=\"_blank\">Programme du coll\u00e8ge<\/a><\/li>\n<li><a href=\"http:\/\/eduscol.education.fr\/pid26017\/programmes-du-lycee.html\" target=\"_blank\">Programme du Lyc\u00e9e<\/a><\/li>\n<\/ul>\n<p>Concernant le programme salvadorien:<\/p>\n<p>Lorsque l\u2019on cite le \u201cprogramme salvadorien\u201d, on fait r\u00e9f\u00e9rence non pas \u00e0 tout le programme scolaire propos\u00e9 par le Minist\u00e8re de l\u2019\u00c9ducation Nationale salvadorien mais uniquement des mati\u00e8res qui sont enseign\u00e9es en espagnol\u00a0: Langage et \u00c9tudes Sociales. Les autres mati\u00e8res (SVT, math\u00e9matiques, Physique et Arts Plastiques) sont enseign\u00e9es en fran\u00e7ais.<\/p>\n<p>Le Lyc\u00e9e Fran\u00e7ais, respecte et suit le cursus scolaire national afin de pouvoir pr\u00e9parer les \u00e9l\u00e8ves en vue de l\u2019obtention du baccalaur\u00e9at salvadorien (la PAES) et \u00e0 homologuer les \u00e9tudes de certains \u00e9l\u00e8ves qui, pour diff\u00e9rentes raisons, quittent notre institution scolaire pour aller dans un \u00e9tablissement salvadorien ou autre.<\/p>\n<p>Le d\u00e9veloppement du programme salvadorien se fait dans le cadre des approches scolaires propos\u00e9es par le Minist\u00e8re de l\u2019Education Nationale salvadorien et en harmonie avec les approches du syst\u00e8me fran\u00e7ais:<\/p>\n<ul>\n<li><em>Le programme scolaire en g\u00e9n\u00e9ral repose sur une approche constructiviste et par comp\u00e9tences.<\/em><\/li>\n<li><em>Langage ou espagnol<\/em>: approche communicative (donne priorit\u00e9 \u00e0 l\u2019utilisation de la langue plut\u00f4t qu\u2019\u00e0 l\u2019accumulation de savoirs).<\/li>\n<li><em>\u00c9tudes Sociales<\/em>: approche socio-critique (analyse de l\u2019environnement, recherche sur la r\u00e9alit\u00e9 sociale et participation critique et r\u00e9flexive).<\/li>\n<li><em>Dans les deux mati\u00e8res<\/em>: structure en spirale\u00a0: les m\u00eames contenus g\u00e9n\u00e9raux et comp\u00e9tences sont enseign\u00e9es en augmentant progressivement l\u2019approfondissement et la complexit\u00e9.<\/li>\n<li><em>Dans les deux mati\u00e8res<\/em> : construction de connaissances \u00e0 l\u2019oppos\u00e9 de l\u2019accumulation de ces derni\u00e8res, d\u00e9veloppement de savoir-faire \u00e0 l\u2019oppos\u00e9 de la ma\u00eetrise de contenus.<\/li>\n<\/ul>\n<p>&nbsp;<\/p>\n<p>Le programme salvadorien est suivi depuis la Petite Section jusqu\u2019\u00e0 la 1<sup>\u00e8re<\/sup>. \u00c0 la fin, les \u00e9l\u00e8ves passent la PAES en vue de l\u2019obtention du dipl\u00f4me de bachelier du Salvador.<\/p>\n","protected":false},"excerpt":{"rendered":"<p>Le Minist\u00e8re de l\u2019Education National, de l\u2019Enseignement Sup\u00e9rieur et de la Recherche met \u00e0 disposition le: Programme de l\u2019Ecole El\u00e9mentaire Programme du coll\u00e8ge Programme du Lyc\u00e9e Concernant le programme salvadorien: Lorsque l\u2019on cite le \u201cprogramme salvadorien\u201d, on fait r\u00e9f\u00e9rence non pas \u00e0 tout le programme scolaire propos\u00e9 par le Minist\u00e8re de l\u2019\u00c9ducation Nationale salvadorien mais [&hellip;]<\/p>\n","protected":false},"author":1,"featured_media":0,"parent":3902,"menu_order":4,"comment_status":"closed","ping_status":"closed","template":"","meta":{"footnotes":""},"class_list":["post-3923","page","type-page","status-publish","hentry"],"yoast_head":"<!-- This site is optimized with the Yoast SEO plugin v27.2 - https:\/\/yoast.com\/product\/yoast-seo-wordpress\/ -->\n<title>Programmes | Liceo Frances de San Salvador<\/title>\n<meta name=\"robots\" content=\"index, follow, max-snippet:-1, max-image-preview:large, max-video-preview:-1\" \/>\n<link rel=\"canonical\" href=\"https:\/\/lfelsalvador.org\/fr\/pedagogie\/programmes\/\" \/>\n<meta property=\"og:locale\" content=\"fr_FR\" \/>\n<meta property=\"og:type\" content=\"article\" \/>\n<meta property=\"og:title\" content=\"Programmes | Liceo Frances de San Salvador\" \/>\n<meta property=\"og:description\" content=\"Le Minist\u00e8re de l\u2019Education National, de l\u2019Enseignement Sup\u00e9rieur et de la Recherche met \u00e0 disposition le: Programme de l\u2019Ecole El\u00e9mentaire Programme du coll\u00e8ge Programme du Lyc\u00e9e Concernant le programme salvadorien: Lorsque l\u2019on cite le \u201cprogramme salvadorien\u201d, on fait r\u00e9f\u00e9rence non pas \u00e0 tout le programme scolaire propos\u00e9 par le Minist\u00e8re de l\u2019\u00c9ducation Nationale salvadorien mais [&hellip;]\" \/>\n<meta property=\"og:url\" content=\"https:\/\/lfelsalvador.org\/fr\/pedagogie\/programmes\/\" \/>\n<meta property=\"og:site_name\" content=\"Liceo Frances de San Salvador\" \/>\n<meta property=\"article:publisher\" content=\"https:\/\/www.facebook.com\/lfelsalvador\/\" \/>\n<meta property=\"article:modified_time\" content=\"2018-09-07T13:33:32+00:00\" \/>\n<meta property=\"og:image\" content=\"http:\/\/lfelsalvador.org\/wp-content\/uploads\/2016\/08\/Site-4.jpg\" \/>\n<meta name=\"twitter:card\" content=\"summary_large_image\" \/>\n<meta name=\"twitter:site\" content=\"@lfelsalvador1\" \/>\n<meta name=\"twitter:label1\" content=\"Dur\u00e9e de lecture estim\u00e9e\" \/>\n\t<meta name=\"twitter:data1\" content=\"2 minutes\" \/>\n<script type=\"application\/ld+json\" class=\"yoast-schema-graph\">{\"@context\":\"https:\/\/schema.org\",\"@graph\":[{\"@type\":\"WebPage\",\"@id\":\"https:\/\/lfelsalvador.org\/fr\/pedagogie\/programmes\/\",\"url\":\"https:\/\/lfelsalvador.org\/fr\/pedagogie\/programmes\/\",\"name\":\"Programmes | Liceo Frances de San Salvador\",\"isPartOf\":{\"@id\":\"https:\/\/lfelsalvador.org\/#website\"},\"datePublished\":\"2016-08-10T05:24:00+00:00\",\"dateModified\":\"2018-09-07T13:33:32+00:00\",\"breadcrumb\":{\"@id\":\"https:\/\/lfelsalvador.org\/fr\/pedagogie\/programmes\/#breadcrumb\"},\"inLanguage\":\"fr-FR\",\"potentialAction\":[{\"@type\":\"ReadAction\",\"target\":[\"https:\/\/lfelsalvador.org\/fr\/pedagogie\/programmes\/\"]}]},{\"@type\":\"BreadcrumbList\",\"@id\":\"https:\/\/lfelsalvador.org\/fr\/pedagogie\/programmes\/#breadcrumb\",\"itemListElement\":[{\"@type\":\"ListItem\",\"position\":1,\"name\":\"Portada\",\"item\":\"https:\/\/lfelsalvador.org\/fr\/\"},{\"@type\":\"ListItem\",\"position\":2,\"name\":\"P\u00e9dagogie\",\"item\":\"https:\/\/lfelsalvador.org\/fr\/pedagogie\/\"},{\"@type\":\"ListItem\",\"position\":3,\"name\":\"Programmes\"}]},{\"@type\":\"WebSite\",\"@id\":\"https:\/\/lfelsalvador.org\/#website\",\"url\":\"https:\/\/lfelsalvador.org\/\",\"name\":\"Liceo Frances de San Salvador\",\"description\":\"\",\"potentialAction\":[{\"@type\":\"SearchAction\",\"target\":{\"@type\":\"EntryPoint\",\"urlTemplate\":\"https:\/\/lfelsalvador.org\/?s={search_term_string}\"},\"query-input\":{\"@type\":\"PropertyValueSpecification\",\"valueRequired\":true,\"valueName\":\"search_term_string\"}}],\"inLanguage\":\"fr-FR\"}]}<\/script>\n<!-- \/ Yoast SEO plugin. -->","yoast_head_json":{"title":"Programmes | Liceo Frances de San Salvador","robots":{"index":"index","follow":"follow","max-snippet":"max-snippet:-1","max-image-preview":"max-image-preview:large","max-video-preview":"max-video-preview:-1"},"canonical":"https:\/\/lfelsalvador.org\/fr\/pedagogie\/programmes\/","og_locale":"fr_FR","og_type":"article","og_title":"Programmes | Liceo Frances de San Salvador","og_description":"Le Minist\u00e8re de l\u2019Education National, de l\u2019Enseignement Sup\u00e9rieur et de la Recherche met \u00e0 disposition le: Programme de l\u2019Ecole El\u00e9mentaire Programme du coll\u00e8ge Programme du Lyc\u00e9e Concernant le programme salvadorien: Lorsque l\u2019on cite le \u201cprogramme salvadorien\u201d, on fait r\u00e9f\u00e9rence non pas \u00e0 tout le programme scolaire propos\u00e9 par le Minist\u00e8re de l\u2019\u00c9ducation Nationale salvadorien mais [&hellip;]","og_url":"https:\/\/lfelsalvador.org\/fr\/pedagogie\/programmes\/","og_site_name":"Liceo Frances de San Salvador","article_publisher":"https:\/\/www.facebook.com\/lfelsalvador\/","article_modified_time":"2018-09-07T13:33:32+00:00","og_image":[{"url":"http:\/\/lfelsalvador.org\/wp-content\/uploads\/2016\/08\/Site-4.jpg","type":"","width":"","height":""}],"twitter_card":"summary_large_image","twitter_site":"@lfelsalvador1","twitter_misc":{"Dur\u00e9e de lecture estim\u00e9e":"2 minutes"},"schema":{"@context":"https:\/\/schema.org","@graph":[{"@type":"WebPage","@id":"https:\/\/lfelsalvador.org\/fr\/pedagogie\/programmes\/","url":"https:\/\/lfelsalvador.org\/fr\/pedagogie\/programmes\/","name":"Programmes | Liceo Frances de San Salvador","isPartOf":{"@id":"https:\/\/lfelsalvador.org\/#website"},"datePublished":"2016-08-10T05:24:00+00:00","dateModified":"2018-09-07T13:33:32+00:00","breadcrumb":{"@id":"https:\/\/lfelsalvador.org\/fr\/pedagogie\/programmes\/#breadcrumb"},"inLanguage":"fr-FR","potentialAction":[{"@type":"ReadAction","target":["https:\/\/lfelsalvador.org\/fr\/pedagogie\/programmes\/"]}]},{"@type":"BreadcrumbList","@id":"https:\/\/lfelsalvador.org\/fr\/pedagogie\/programmes\/#breadcrumb","itemListElement":[{"@type":"ListItem","position":1,"name":"Portada","item":"https:\/\/lfelsalvador.org\/fr\/"},{"@type":"ListItem","position":2,"name":"P\u00e9dagogie","item":"https:\/\/lfelsalvador.org\/fr\/pedagogie\/"},{"@type":"ListItem","position":3,"name":"Programmes"}]},{"@type":"WebSite","@id":"https:\/\/lfelsalvador.org\/#website","url":"https:\/\/lfelsalvador.org\/","name":"Liceo Frances de San Salvador","description":"","potentialAction":[{"@type":"SearchAction","target":{"@type":"EntryPoint","urlTemplate":"https:\/\/lfelsalvador.org\/?s={search_term_string}"},"query-input":{"@type":"PropertyValueSpecification","valueRequired":true,"valueName":"search_term_string"}}],"inLanguage":"fr-FR"}]}},"_links":{"self":[{"href":"https:\/\/lfelsalvador.org\/fr\/wp-json\/wp\/v2\/pages\/3923","targetHints":{"allow":["GET"]}}],"collection":[{"href":"https:\/\/lfelsalvador.org\/fr\/wp-json\/wp\/v2\/pages"}],"about":[{"href":"https:\/\/lfelsalvador.org\/fr\/wp-json\/wp\/v2\/types\/page"}],"author":[{"embeddable":true,"href":"https:\/\/lfelsalvador.org\/fr\/wp-json\/wp\/v2\/users\/1"}],"replies":[{"embeddable":true,"href":"https:\/\/lfelsalvador.org\/fr\/wp-json\/wp\/v2\/comments?post=3923"}],"version-history":[{"count":7,"href":"https:\/\/lfelsalvador.org\/fr\/wp-json\/wp\/v2\/pages\/3923\/revisions"}],"predecessor-version":[{"id":5712,"href":"https:\/\/lfelsalvador.org\/fr\/wp-json\/wp\/v2\/pages\/3923\/revisions\/5712"}],"up":[{"embeddable":true,"href":"https:\/\/lfelsalvador.org\/fr\/wp-json\/wp\/v2\/pages\/3902"}],"wp:attachment":[{"href":"https:\/\/lfelsalvador.org\/fr\/wp-json\/wp\/v2\/media?parent=3923"}],"curies":[{"name":"wp","href":"https:\/\/api.w.org\/{rel}","templated":true}]}}