{"id":3910,"date":"2016-08-10T05:13:19","date_gmt":"2016-08-10T05:13:19","guid":{"rendered":"http:\/\/lfelsalvador.org\/fr\/?page_id=3910"},"modified":"2018-09-06T21:49:50","modified_gmt":"2018-09-06T21:49:50","slug":"cycles-denseignement","status":"publish","type":"page","link":"https:\/\/lfelsalvador.org\/fr\/pedagogie\/lecole-elementaire\/cycles-denseignement\/","title":{"rendered":"Les cycles d\u2019enseignement"},"content":{"rendered":"<p>Les cinq ann\u00e9es scolaires sont actuellement r\u00e9parties en deux cycles:<\/p>\n<ul>\n<li>le cycle des apprentissages fondamentaux (ou cycle 2, cours pr\u00e9paratoire et cours \u00e9l\u00e9mentaire 1 et cours \u00e9l\u00e9mentaire 2)<\/li>\n<li>le cycle des approfondissements (ou cycle 3, cours moyen 1, cours moyen 2 et 6\u00e8me)<\/li>\n<\/ul>\n<p>L\u2019organisation par cycles d\u2019enseignement permet de prendre en compte la progressivit\u00e9 des apprentissages et les besoins des \u00e9l\u00e8ves pour les accompagner dans l\u2019acquisition des comp\u00e9tences. Il s\u2019agit d\u2019amener tous les \u00e9l\u00e8ves, \u00e0 la fin du CE1, \u00e0 la ma\u00eetrise des comp\u00e9tences de base en fran\u00e7ais et en math\u00e9matiques, et, en fin d\u2019\u00e9cole \u00e9l\u00e9mentaire, \u00e0 la ma\u00eetrise des instruments fondamentaux de la connaissance indispensables \u00e0 la poursuite de la scolarit\u00e9 au coll\u00e8ge dans des conditions favorables \u00e0 la r\u00e9ussite de chacun.<\/p>\n<p><strong>N.B\u00a0: L\u2019organisation des cycles va \u00eatre progressivement modifi\u00e9e.<\/strong><\/p>\n<p>Le nombre et la dur\u00e9e des cycles tout au long de la scolarit\u00e9 obligatoire ont \u00e9t\u00e9 red\u00e9finis. <strong>L\u2019\u00e9cole maternelle constitue, depuis la rentr\u00e9e 2014, un cycle \u00e0 part enti\u00e8re. Le cycle associant les deux derni\u00e8res classes de l\u2019\u00e9cole \u00e9l\u00e9mentaire et la classe de sixi\u00e8me<\/strong> doit favoriser une meilleure continuit\u00e9 p\u00e9dagogique entre l\u2019\u00e9cole et le coll\u00e8ge.<\/p>\n<p>L\u2019\u00e9cole \u00e9l\u00e9mentaire au Lyc\u00e9e fran\u00e7ais de San Salvador:<\/p>\n<table width=\"100%\">\n<tbody>\n<tr>\n<td style=\"text-align: center;\"><span style=\"color: #002981;\">5 classes de CP<\/span><\/td>\n<td style=\"text-align: center;\"><span style=\"color: #002981;\">4 classes de CE1<\/span><\/td>\n<td style=\"text-align: center;\"><span style=\"color: #002981;\">4 classes de CE2<\/span><\/td>\n<td style=\"text-align: center;\"><span style=\"color: #002981;\">4 classes de CM1<\/span><\/td>\n<td style=\"text-align: center;\"><span style=\"color: #002981;\">4 classes de CM2<\/span><\/td>\n<\/tr>\n<\/tbody>\n<\/table>\n<p>A partir du CP, les \u00e9l\u00e8ves sont pleinement entr\u00e9s dans le fran\u00e7ais et tous les apprentissages se font en suivant le programme de l\u2019\u00e9ducation nationale fran\u00e7aise. En parall\u00e8le, les \u00e9l\u00e8ves b\u00e9n\u00e9ficient de classes en espagnol \u00e0 raison de 3h40 par semaine.<\/p>\n<p style=\"color: #002981;\">Enfin, l\u2019apprentissage d\u2019une troisi\u00e8me langue, l\u2019anglais, d\u00e9bute \u00e0 partir du CE2.<\/p>\n<h2>L\u2019\u00e9cole \u00e9l\u00e9mentaire offre de nombreux espaces adapt\u00e9s aux \u00e9l\u00e8ves:<\/h2>\n<ul>\n<li>une BCD (Biblioth\u00e8que Centre de Documentation)<\/li>\n<li>une salle de sciences<\/li>\n<li>une salle informatique<\/li>\n<li>une salle video<\/li>\n<li>un salle d\u2019arts plastiques<\/li>\n<li>des salles de classe parfaitement \u00e9quip\u00e9es<\/li>\n<li>plusieurs video projecteurs interactifs<\/li>\n<li>une piscine<\/li>\n<\/ul>\n","protected":false},"excerpt":{"rendered":"<p>Les cinq ann\u00e9es scolaires sont actuellement r\u00e9parties en deux cycles: le cycle des apprentissages fondamentaux (ou cycle 2, cours pr\u00e9paratoire et cours \u00e9l\u00e9mentaire 1 et cours \u00e9l\u00e9mentaire 2) le cycle des approfondissements (ou cycle 3, cours moyen 1, cours moyen 2 et 6\u00e8me) L\u2019organisation par cycles d\u2019enseignement permet de prendre en compte la progressivit\u00e9 des [&hellip;]<\/p>\n","protected":false},"author":1,"featured_media":0,"parent":3908,"menu_order":0,"comment_status":"closed","ping_status":"closed","template":"","meta":{"footnotes":""},"class_list":["post-3910","page","type-page","status-publish","hentry"],"yoast_head":"<!-- This site is optimized with the Yoast SEO plugin v27.2 - https:\/\/yoast.com\/product\/yoast-seo-wordpress\/ -->\n<title>Les cycles d\u2019enseignement | Liceo Frances de San Salvador<\/title>\n<meta name=\"robots\" content=\"index, follow, max-snippet:-1, max-image-preview:large, max-video-preview:-1\" \/>\n<link rel=\"canonical\" href=\"https:\/\/lfelsalvador.org\/fr\/pedagogie\/lecole-elementaire\/cycles-denseignement\/\" \/>\n<meta property=\"og:locale\" content=\"fr_FR\" \/>\n<meta property=\"og:type\" content=\"article\" \/>\n<meta property=\"og:title\" content=\"Les cycles d\u2019enseignement | Liceo Frances de San Salvador\" \/>\n<meta property=\"og:description\" content=\"Les cinq ann\u00e9es scolaires sont actuellement r\u00e9parties en deux cycles: le cycle des apprentissages fondamentaux (ou cycle 2, cours pr\u00e9paratoire et cours \u00e9l\u00e9mentaire 1 et cours \u00e9l\u00e9mentaire 2) le cycle des approfondissements (ou cycle 3, cours moyen 1, cours moyen 2 et 6\u00e8me) L\u2019organisation par cycles d\u2019enseignement permet de prendre en compte la progressivit\u00e9 des [&hellip;]\" \/>\n<meta property=\"og:url\" content=\"https:\/\/lfelsalvador.org\/fr\/pedagogie\/lecole-elementaire\/cycles-denseignement\/\" \/>\n<meta property=\"og:site_name\" content=\"Liceo Frances de San Salvador\" \/>\n<meta property=\"article:publisher\" content=\"https:\/\/www.facebook.com\/lfelsalvador\/\" \/>\n<meta property=\"article:modified_time\" content=\"2018-09-06T21:49:50+00:00\" \/>\n<meta property=\"og:image\" content=\"http:\/\/lfelsalvador.org\/wp-content\/uploads\/2016\/08\/Site-4.jpg\" \/>\n<meta name=\"twitter:card\" content=\"summary_large_image\" \/>\n<meta name=\"twitter:site\" content=\"@lfelsalvador1\" \/>\n<meta name=\"twitter:label1\" content=\"Dur\u00e9e de lecture estim\u00e9e\" \/>\n\t<meta name=\"twitter:data1\" content=\"2 minutes\" \/>\n<script type=\"application\/ld+json\" class=\"yoast-schema-graph\">{\"@context\":\"https:\/\/schema.org\",\"@graph\":[{\"@type\":\"WebPage\",\"@id\":\"https:\/\/lfelsalvador.org\/fr\/pedagogie\/lecole-elementaire\/cycles-denseignement\/\",\"url\":\"https:\/\/lfelsalvador.org\/fr\/pedagogie\/lecole-elementaire\/cycles-denseignement\/\",\"name\":\"Les cycles d\u2019enseignement | Liceo Frances de San Salvador\",\"isPartOf\":{\"@id\":\"https:\/\/lfelsalvador.org\/#website\"},\"datePublished\":\"2016-08-10T05:13:19+00:00\",\"dateModified\":\"2018-09-06T21:49:50+00:00\",\"breadcrumb\":{\"@id\":\"https:\/\/lfelsalvador.org\/fr\/pedagogie\/lecole-elementaire\/cycles-denseignement\/#breadcrumb\"},\"inLanguage\":\"fr-FR\",\"potentialAction\":[{\"@type\":\"ReadAction\",\"target\":[\"https:\/\/lfelsalvador.org\/fr\/pedagogie\/lecole-elementaire\/cycles-denseignement\/\"]}]},{\"@type\":\"BreadcrumbList\",\"@id\":\"https:\/\/lfelsalvador.org\/fr\/pedagogie\/lecole-elementaire\/cycles-denseignement\/#breadcrumb\",\"itemListElement\":[{\"@type\":\"ListItem\",\"position\":1,\"name\":\"Portada\",\"item\":\"https:\/\/lfelsalvador.org\/fr\/\"},{\"@type\":\"ListItem\",\"position\":2,\"name\":\"P\u00e9dagogie\",\"item\":\"https:\/\/lfelsalvador.org\/fr\/pedagogie\/\"},{\"@type\":\"ListItem\",\"position\":3,\"name\":\"L\u2019\u00e9cole \u00e9l\u00e9mentaire\",\"item\":\"https:\/\/lfelsalvador.org\/fr\/pedagogie\/lecole-elementaire\/\"},{\"@type\":\"ListItem\",\"position\":4,\"name\":\"Les cycles d\u2019enseignement\"}]},{\"@type\":\"WebSite\",\"@id\":\"https:\/\/lfelsalvador.org\/#website\",\"url\":\"https:\/\/lfelsalvador.org\/\",\"name\":\"Liceo Frances de San Salvador\",\"description\":\"\",\"potentialAction\":[{\"@type\":\"SearchAction\",\"target\":{\"@type\":\"EntryPoint\",\"urlTemplate\":\"https:\/\/lfelsalvador.org\/?s={search_term_string}\"},\"query-input\":{\"@type\":\"PropertyValueSpecification\",\"valueRequired\":true,\"valueName\":\"search_term_string\"}}],\"inLanguage\":\"fr-FR\"}]}<\/script>\n<!-- \/ Yoast SEO plugin. -->","yoast_head_json":{"title":"Les cycles d\u2019enseignement | Liceo Frances de San Salvador","robots":{"index":"index","follow":"follow","max-snippet":"max-snippet:-1","max-image-preview":"max-image-preview:large","max-video-preview":"max-video-preview:-1"},"canonical":"https:\/\/lfelsalvador.org\/fr\/pedagogie\/lecole-elementaire\/cycles-denseignement\/","og_locale":"fr_FR","og_type":"article","og_title":"Les cycles d\u2019enseignement | Liceo Frances de San Salvador","og_description":"Les cinq ann\u00e9es scolaires sont actuellement r\u00e9parties en deux cycles: le cycle des apprentissages fondamentaux (ou cycle 2, cours pr\u00e9paratoire et cours \u00e9l\u00e9mentaire 1 et cours \u00e9l\u00e9mentaire 2) le cycle des approfondissements (ou cycle 3, cours moyen 1, cours moyen 2 et 6\u00e8me) L\u2019organisation par cycles d\u2019enseignement permet de prendre en compte la progressivit\u00e9 des [&hellip;]","og_url":"https:\/\/lfelsalvador.org\/fr\/pedagogie\/lecole-elementaire\/cycles-denseignement\/","og_site_name":"Liceo Frances de San Salvador","article_publisher":"https:\/\/www.facebook.com\/lfelsalvador\/","article_modified_time":"2018-09-06T21:49:50+00:00","og_image":[{"url":"http:\/\/lfelsalvador.org\/wp-content\/uploads\/2016\/08\/Site-4.jpg","type":"","width":"","height":""}],"twitter_card":"summary_large_image","twitter_site":"@lfelsalvador1","twitter_misc":{"Dur\u00e9e de lecture estim\u00e9e":"2 minutes"},"schema":{"@context":"https:\/\/schema.org","@graph":[{"@type":"WebPage","@id":"https:\/\/lfelsalvador.org\/fr\/pedagogie\/lecole-elementaire\/cycles-denseignement\/","url":"https:\/\/lfelsalvador.org\/fr\/pedagogie\/lecole-elementaire\/cycles-denseignement\/","name":"Les cycles d\u2019enseignement | Liceo Frances de San Salvador","isPartOf":{"@id":"https:\/\/lfelsalvador.org\/#website"},"datePublished":"2016-08-10T05:13:19+00:00","dateModified":"2018-09-06T21:49:50+00:00","breadcrumb":{"@id":"https:\/\/lfelsalvador.org\/fr\/pedagogie\/lecole-elementaire\/cycles-denseignement\/#breadcrumb"},"inLanguage":"fr-FR","potentialAction":[{"@type":"ReadAction","target":["https:\/\/lfelsalvador.org\/fr\/pedagogie\/lecole-elementaire\/cycles-denseignement\/"]}]},{"@type":"BreadcrumbList","@id":"https:\/\/lfelsalvador.org\/fr\/pedagogie\/lecole-elementaire\/cycles-denseignement\/#breadcrumb","itemListElement":[{"@type":"ListItem","position":1,"name":"Portada","item":"https:\/\/lfelsalvador.org\/fr\/"},{"@type":"ListItem","position":2,"name":"P\u00e9dagogie","item":"https:\/\/lfelsalvador.org\/fr\/pedagogie\/"},{"@type":"ListItem","position":3,"name":"L\u2019\u00e9cole \u00e9l\u00e9mentaire","item":"https:\/\/lfelsalvador.org\/fr\/pedagogie\/lecole-elementaire\/"},{"@type":"ListItem","position":4,"name":"Les cycles d\u2019enseignement"}]},{"@type":"WebSite","@id":"https:\/\/lfelsalvador.org\/#website","url":"https:\/\/lfelsalvador.org\/","name":"Liceo Frances de San Salvador","description":"","potentialAction":[{"@type":"SearchAction","target":{"@type":"EntryPoint","urlTemplate":"https:\/\/lfelsalvador.org\/?s={search_term_string}"},"query-input":{"@type":"PropertyValueSpecification","valueRequired":true,"valueName":"search_term_string"}}],"inLanguage":"fr-FR"}]}},"_links":{"self":[{"href":"https:\/\/lfelsalvador.org\/fr\/wp-json\/wp\/v2\/pages\/3910","targetHints":{"allow":["GET"]}}],"collection":[{"href":"https:\/\/lfelsalvador.org\/fr\/wp-json\/wp\/v2\/pages"}],"about":[{"href":"https:\/\/lfelsalvador.org\/fr\/wp-json\/wp\/v2\/types\/page"}],"author":[{"embeddable":true,"href":"https:\/\/lfelsalvador.org\/fr\/wp-json\/wp\/v2\/users\/1"}],"replies":[{"embeddable":true,"href":"https:\/\/lfelsalvador.org\/fr\/wp-json\/wp\/v2\/comments?post=3910"}],"version-history":[{"count":10,"href":"https:\/\/lfelsalvador.org\/fr\/wp-json\/wp\/v2\/pages\/3910\/revisions"}],"predecessor-version":[{"id":5700,"href":"https:\/\/lfelsalvador.org\/fr\/wp-json\/wp\/v2\/pages\/3910\/revisions\/5700"}],"up":[{"embeddable":true,"href":"https:\/\/lfelsalvador.org\/fr\/wp-json\/wp\/v2\/pages\/3908"}],"wp:attachment":[{"href":"https:\/\/lfelsalvador.org\/fr\/wp-json\/wp\/v2\/media?parent=3910"}],"curies":[{"name":"wp","href":"https:\/\/api.w.org\/{rel}","templated":true}]}}