{"id":3906,"date":"2016-08-10T05:06:05","date_gmt":"2016-08-10T05:06:05","guid":{"rendered":"http:\/\/lfelsalvador.org\/fr\/?page_id=3906"},"modified":"2025-12-11T17:51:03","modified_gmt":"2025-12-11T17:51:03","slug":"bibliotheques-centres-de-documentation","status":"publish","type":"page","link":"https:\/\/lfelsalvador.org\/fr\/pedagogie\/bibliotheques-centres-de-documentation\/","title":{"rendered":"Biblioth\u00e8ques-centres de documentation"},"content":{"rendered":"<p>Le Lyc\u00e9e Fran\u00e7ais de San Salvador compte trois biblioth\u00e8ques-centres de documentation :<\/p>\n<ul>\n<li>la Marmoth\u00e8que \u00e0 l\u2019\u00e9cole maternelle<\/li>\n<li>la Biblioth\u00e8que Centre de Documentation (BCD) \u00e0 l\u2019\u00e9cole \u00e9l\u00e9mentaire<\/li>\n<li>le Centre de Connaissances et de Culture (CCC) au coll\u00e8ge et au\u00a0lyc\u00e9e.<\/li>\n<\/ul>\n<p>En effet, la lecture, mais \u00e9galement l\u2019acc\u00e8s aux connaissances, aux informations et \u00e0 la culture,\u00a0constituent des \u00e9l\u00e9ments fondamentaux de l\u2019enseignement fran\u00e7ais.<\/p>\n<h2>La Marmoth\u00e8que<\/h2>\n<p><i><span style=\"font-weight: 400;\"><img loading=\"lazy\" decoding=\"async\" class=\"alignleft size-medium wp-image-10879\" src=\"https:\/\/lfelsalvador.org\/wp-content\/uploads\/2025\/09\/avatar-ivette-300x300.png\" alt=\"\" width=\"300\" height=\"300\" srcset=\"https:\/\/lfelsalvador.org\/wp-content\/uploads\/2025\/09\/avatar-ivette-300x300.png 300w, https:\/\/lfelsalvador.org\/wp-content\/uploads\/2025\/09\/avatar-ivette-150x150.png 150w, https:\/\/lfelsalvador.org\/wp-content\/uploads\/2025\/09\/avatar-ivette-768x768.png 768w, https:\/\/lfelsalvador.org\/wp-content\/uploads\/2025\/09\/avatar-ivette.png 1024w\" sizes=\"auto, (max-width: 300px) 100vw, 300px\" \/><\/span><\/i><span style=\"font-weight: 400;\">La Marmoth\u00e8que est la premi\u00e8re biblioth\u00e8que \u00e0 laquelle les plus jeunes \u00e9l\u00e8ves du Lyc\u00e9e ont la possibilit\u00e9 d&rsquo;acc\u00e9der. C&rsquo;est un espace color\u00e9, moderne et lumineux, entour\u00e9 de 6000 exemplaires int\u00e9ressants, comprenant des livres et des magazines en fran\u00e7ais et en espagnol.<\/span><span style=\"font-weight: 400;\"><br \/>\n<\/span><span style=\"font-weight: 400;\">Les enfants viennent une fois par semaine pour profiter de lectures anim\u00e9es, pour d\u00e9couvrir des livres de mani\u00e8re autonome, pour mener des activit\u00e9s de compr\u00e9hension de lecture et de production orale cr\u00e9ative avec Ivette Flores, enseignante en maternelle depuis une vingtaine d&rsquo;ann\u00e9es et maintenant responsable de cet espace.<br \/>\n<\/span><span style=\"font-weight: 400;\">Les installations, d&rsquo;une superficie de 214 m\u00b2, disposent \u00e9galement d&rsquo;une Salle de Jeux et d&rsquo;une Salle Vid\u00e9o.<br \/>\n<\/span><span style=\"font-weight: 400;\">Les \u00e9l\u00e8ves de la maternelle ont la possibilit\u00e9 d&#8217;emprunter des livres ou des magazines en semaine, entre 7h30 et 12h20 \u00e0 l&rsquo;heure assign\u00e9e \u00e0 leur groupe de classe.<\/span><\/p>\n<p><span style=\"font-weight: 400;\">Soyez les Bienvenus \u00e0 la Marmoth\u00e8que, le lieu o\u00f9 l&rsquo;int\u00e9r\u00eat pour la lecture est stimul\u00e9 par des activit\u00e9s ludiques, \u00e9ducatives et culturelles !<\/span><\/p>\n<p><span style=\"font-weight: 400;\">_______________________________________________<\/span><\/p>\n<p><b>MAIL\u00a0:<\/b> <span style=\"font-weight: 400;\">marmotheque@lfelsalvador.org<\/span><\/p>\n<p><b>LIEN\u00a0ESIDOC :<\/b> <a href=\"https:\/\/4149997s.esidoc.fr\/\"><span style=\"font-weight: 400;\">https:\/\/4149997s.esidoc.fr\/<\/span><\/a><\/p>\n<p><b>TELEPHONE :<\/b> <span style=\"font-weight: 400;\">2249-3327<\/span><\/p>\n<hr class=\"stag-divider stag-divider--plain\" \/>\n<h2>La BCD<\/h2>\n<p><img loading=\"lazy\" decoding=\"async\" class=\"alignleft size-medium wp-image-11242\" src=\"https:\/\/lfelsalvador.org\/wp-content\/uploads\/2025\/12\/IMG_20251205_222324-300x300.jpg\" alt=\"\" width=\"300\" height=\"300\" srcset=\"https:\/\/lfelsalvador.org\/wp-content\/uploads\/2025\/12\/IMG_20251205_222324-300x300.jpg 300w, https:\/\/lfelsalvador.org\/wp-content\/uploads\/2025\/12\/IMG_20251205_222324-150x150.jpg 150w, https:\/\/lfelsalvador.org\/wp-content\/uploads\/2025\/12\/IMG_20251205_222324-768x768.jpg 768w, https:\/\/lfelsalvador.org\/wp-content\/uploads\/2025\/12\/IMG_20251205_222324.jpg 1024w\" sizes=\"auto, (max-width: 300px) 100vw, 300px\" \/>La BCD (Biblioth\u00e8que Centre de Documentation) est la biblioth\u00e8que destin\u00e9e aux \u00e9l\u00e8ves du <strong>primaire<\/strong> (CP \u00e0 CM2). Chaque classe s&rsquo;y rend une fois par semaine ou tous les quinze jours pour des activit\u00e9s de lecture ou de recherche li\u00e9es au travail en classe. Elle est \u00e9galement ouverte pendant les r\u00e9cr\u00e9ations et \u00e0 midi pour des visites libres.<br \/>\nLes \u00e9l\u00e8ves peuvent emprunter des livres, des magazines et des livres audio en fran\u00e7ais, en espagnol et en anglais.<\/p>\n<p>Son objectif principal est de promouvoir le go\u00fbt de la lecture et de la langue fran\u00e7aise \u00e0 travers des activit\u00e9s ludiques, des lectures anim\u00e9es et des exercices de compr\u00e9hension et d&rsquo;expression orale, dirig\u00e9s par <strong>Ena Rodr\u00edguez<\/strong>, enseignante documentaliste avec plus de 20 ans d&rsquo;exp\u00e9rience.<\/p>\n<p>La BCD dispose d&rsquo;\u00e9quipements informatiques pour effectuer des recherches dans le respect des sources fiables et des droits d&rsquo;auteur. C&rsquo;est un espace accueillant et dynamique, adapt\u00e9 aux besoins de chaque niveau.<\/p>\n<p>Elle participe \u00e9galement \u00e0 divers projets institutionnels tels que Lire en pyjama, \u00ab La Noche del Terror \u00bb (La nuit de l&rsquo;horreur), \u00ab <strong>La Hora del Cuento<\/strong> \u00bb (L&rsquo;heure du conte), \u00ab <strong>Les Petits Champions de la Lecture<\/strong> \u00bb, et bient\u00f4t \u00e0 la renaissance du <strong>journal scolaire.<\/strong><\/p>\n<p>Nous vous attendons !<\/p>\n<p><span style=\"font-weight: 400;\"><b>LIEN\u00a0ESIDOC :<\/b> <a href=\"https:\/\/4149999u.esidoc.fr\" target=\"_blank\" rel=\"noopener\">https\/\/4149999U.esidoc.fr<\/a><\/span><\/p>\n<p><span style=\"font-weight: 400;\"><b>TELEPHONE :<\/b> 2249-3337<\/span><\/p>\n<hr class=\"stag-divider stag-divider--plain\" \/>\n<h2>Le CCC<\/h2>\n<p><span style=\"font-weight: 400;\">Le Centre de Connaissances et de Culture (CCC) est la biblioth\u00e8que du secondaire.\u00a0<\/span><span style=\"font-weight: 400;\">Avec ces 250 m2, c\u2019est la plus grande biblioth\u00e8que du Lyc\u00e9e Fran\u00e7ais.\u00a0<\/span><span style=\"font-weight: 400;\">Situ\u00e9 au 1<\/span><span style=\"font-weight: 400;\">er<\/span><span style=\"font-weight: 400;\"> \u00e9tage du b\u00e2timent secondaire, \u00e0 c\u00f4t\u00e9 de la salle des professeurs et au dessus de la permanence, le CCC s\u2019adresse aux \u00e9l\u00e8ves de la 6\u00e8me \u00e0 la Terminale et accueille aux r\u00e9cr\u00e9ations les \u00e9l\u00e8ves de CM2. Sa fonction est de mettre \u00e0 disposition des ressources documentaires dans diff\u00e9rents espaces pour les \u00e9l\u00e8ves et le personnel du Lyc\u00e9e Fran\u00e7ais de San Salvador.\u00a0<\/span><\/p>\n<p><span style=\"font-weight: 400;\">Le CCC s\u2019organise en diff\u00e9rents espaces :<\/span><\/p>\n<ul>\n<li style=\"list-style-type: none;\">\n<ul>\n<li style=\"font-weight: 400;\"><b>un espace p\u00e9dagogique de formation<\/b><span style=\"font-weight: 400;\">\u00a0\u00e0 l&rsquo;\u00c9ducation aux M\u00e9dias et \u00e0 l&rsquo;information (EMI) avec 25 places assises et un VPI.<\/span><\/li>\n<li style=\"font-weight: 400;\"><b><b>un espace Lecture\u00a0:<\/b><span style=\"font-weight: 400;\"> &#8211; Abonnements Presse et magazines &#8211; Fictions et documentaires &#8211; BD et Mangas<\/span><\/b><\/li>\n<li style=\"font-weight: 400;\"><b>un espace de travail\u00a0:<\/b><span style=\"font-weight: 400;\"> avec 10 postes informatiques et 10 ordinateurs portables connect\u00e9s au r\u00e9seau p\u00e9dagogique avec acc\u00e8s \u00e0\u00a0l\u2019ENT, le catalogue Esidoc et Pronote.<\/span><\/li>\n<li style=\"font-weight: 400;\"><b>un espace Orientation\u00a0:<\/b><span style=\"font-weight: 400;\"> compos\u00e9 du Kiosque ONISEP pour la documentation papier et d\u2019un ordinateur d\u00e9di\u00e9 \u00e0 la consultation de ressources en ligne sur l\u2019orientation.<\/span><\/li>\n<li style=\"font-weight: 400;\"><b><b>un espace d&rsquo;exposition et de culture <\/b><span style=\"font-weight: 400;\">permettant d\u2019\u00e9veiller la curiosit\u00e9 des \u00e9l\u00e8ves et donnant acc\u00e8s \u00e0 des jeux p\u00e9dagogiques.<\/span><\/b><\/li>\n<\/ul>\n<\/li>\n<\/ul>\n<p><span style=\"font-weight: 400;\">Le CCC propose une documentation \u00e0 destination des \u00e9l\u00e8ves et des enseignants. Le fonds documentaire riche de plus de 16 000 documents est multim\u00e9dia et multi-supports. Il est compos\u00e9 de livres, p\u00e9riodiques, disques compacts, DVD, c\u00e9d\u00e9roms, de manuels scolaires, de s\u00e9ries de lecture et d\u2019expositions. La plupart des documents sont en libre acc\u00e8s et sont class\u00e9s selon la Classification D\u00e9cimale de Dewey (CDD). Le fonds documentaire est consultable en ligne \u00e0 partir du portail <\/span><a href=\"https:\/\/4140001b.esidoc.fr\/\"><span style=\"font-weight: 400;\">Esidoc<\/span><\/a><span style=\"font-weight: 400;\">.<\/span><\/p>\n<p><span style=\"font-weight: 400;\">Les professeurs-documentalistes du CCC proposent aide et conseil en mati\u00e8re de recherche documentaire. Ils ont un r\u00f4le d\u2019expertise et de conseil quant aux documents et aux ressources qu\u2019ils mettent \u00e0 disposition des usagers et \u00e9galement, une mission d\u2019animation autour des collections de la biblioth\u00e8que. Pour cela, ils font des projets p\u00e9dagogiques avec d\u2019autres professeurs, ils organisent des actions culturelles comme les 3 prix Bandes Dessin\u00e9es du CCC ou encore le festival <\/span><i><span style=\"font-weight: 400;\">Cin\u00e9 Lyc\u00e9e<\/span><\/i><span style=\"font-weight: 400;\"> et enfin, ils animent des clubs culturels sur le temps libre des \u00e9l\u00e8ves (Club lecture, Club manga etc\u2026)<\/span><\/p>\n<p><span style=\"font-weight: 400;\"><img loading=\"lazy\" decoding=\"async\" class=\"alignleft wp-image-6984 size-thumbnail\" src=\"https:\/\/lfelsalvador.org\/wp-content\/uploads\/2016\/08\/unnamed-2-150x150.png\" alt=\"unnamed-2\" width=\"150\" height=\"150\" srcset=\"https:\/\/lfelsalvador.org\/wp-content\/uploads\/2016\/08\/unnamed-2-150x150.png 150w, https:\/\/lfelsalvador.org\/wp-content\/uploads\/2016\/08\/unnamed-2-300x300.png 300w, https:\/\/lfelsalvador.org\/wp-content\/uploads\/2016\/08\/unnamed-2.png 398w\" sizes=\"auto, (max-width: 150px) 100vw, 150px\" \/><\/span><\/p>\n<p><img loading=\"lazy\" decoding=\"async\" class=\"wp-image-6983 size-thumbnail alignleft\" src=\"https:\/\/lfelsalvador.org\/wp-content\/uploads\/2016\/08\/unnamed-3-150x150.png\" alt=\"unnamed-3\" width=\"150\" height=\"150\" srcset=\"https:\/\/lfelsalvador.org\/wp-content\/uploads\/2016\/08\/unnamed-3-150x150.png 150w, https:\/\/lfelsalvador.org\/wp-content\/uploads\/2016\/08\/unnamed-3-300x300.png 300w, https:\/\/lfelsalvador.org\/wp-content\/uploads\/2016\/08\/unnamed-3.png 398w\" sizes=\"auto, (max-width: 150px) 100vw, 150px\" \/><\/p>\n<p><span style=\"font-weight: 400;\">Mme Julie Blancard, est responsable du Centre de Connaissances et de Culture du Lyc\u00e9e Fran\u00e7ais de San Salvador depuis la rentr\u00e9e 2019. Professeure certifi\u00e9e en documentation, elle exerce ses missions depuis 19 ans. Elle est sp\u00e9cialis\u00e9e en \u00c9ducation artistique et culturelle (EAC) et en \u00c9ducation aux M\u00e9dias et \u00e0 l&rsquo;Information (EMI).<br \/>\n<\/span>Elle travaille en \u00e9quipe avec M. Herberth Hidalgo, qui est\u00a0 documentaliste au Centre de Connaissance et de Culture du Lyc\u00e9e Fran\u00e7ais San Salvador depuis l\u2019ann\u00e9e 2001.<\/p>\n<p><b>MAIL\u00a0:<\/b> ccc@lfelsalvador.org<\/p>\n<p><span style=\"font-weight: 400;\"><b>LIEN\u00a0ESIDOC :<\/b><\/span><span style=\"font-weight: 400;\">\u00a0<\/span><a href=\"https:\/\/4140001b.esidoc.fr\/\"><span style=\"font-weight: 400;\">https:\/\/4140001b.esidoc.fr\/<\/span><\/a><\/p>\n<p><b>TELEPHONE :\u00a0<\/b>2249-3316<\/p>\n<p><b>\u00a0<\/b><\/p>\n","protected":false},"excerpt":{"rendered":"<p>Le Lyc\u00e9e Fran\u00e7ais de San Salvador compte trois biblioth\u00e8ques-centres de documentation : la Marmoth\u00e8que \u00e0 l\u2019\u00e9cole maternelle la Biblioth\u00e8que Centre de Documentation (BCD) \u00e0 l\u2019\u00e9cole \u00e9l\u00e9mentaire le Centre de Connaissances et de Culture (CCC) au coll\u00e8ge et au\u00a0lyc\u00e9e. En effet, la lecture, mais \u00e9galement l\u2019acc\u00e8s aux connaissances, aux informations et \u00e0 la culture,\u00a0constituent des \u00e9l\u00e9ments [&hellip;]<\/p>\n","protected":false},"author":1,"featured_media":0,"parent":3902,"menu_order":5,"comment_status":"closed","ping_status":"closed","template":"","meta":{"footnotes":""},"class_list":["post-3906","page","type-page","status-publish","hentry"],"yoast_head":"<!-- This site is optimized with the Yoast SEO plugin v27.2 - https:\/\/yoast.com\/product\/yoast-seo-wordpress\/ -->\n<title>Biblioth\u00e8ques-centres de documentation | Liceo Frances de San Salvador<\/title>\n<meta name=\"robots\" content=\"index, follow, max-snippet:-1, max-image-preview:large, max-video-preview:-1\" \/>\n<link rel=\"canonical\" href=\"https:\/\/lfelsalvador.org\/fr\/pedagogie\/bibliotheques-centres-de-documentation\/\" \/>\n<meta property=\"og:locale\" content=\"fr_FR\" \/>\n<meta property=\"og:type\" content=\"article\" \/>\n<meta property=\"og:title\" content=\"Biblioth\u00e8ques-centres de documentation | Liceo Frances de San Salvador\" \/>\n<meta property=\"og:description\" content=\"Le Lyc\u00e9e Fran\u00e7ais de San Salvador compte trois biblioth\u00e8ques-centres de documentation : la Marmoth\u00e8que \u00e0 l\u2019\u00e9cole maternelle la Biblioth\u00e8que Centre de Documentation (BCD) \u00e0 l\u2019\u00e9cole \u00e9l\u00e9mentaire le Centre de Connaissances et de Culture (CCC) au coll\u00e8ge et au\u00a0lyc\u00e9e. En effet, la lecture, mais \u00e9galement l\u2019acc\u00e8s aux connaissances, aux informations et \u00e0 la culture,\u00a0constituent des \u00e9l\u00e9ments [&hellip;]\" \/>\n<meta property=\"og:url\" content=\"https:\/\/lfelsalvador.org\/fr\/pedagogie\/bibliotheques-centres-de-documentation\/\" \/>\n<meta property=\"og:site_name\" content=\"Liceo Frances de San Salvador\" \/>\n<meta property=\"article:publisher\" content=\"https:\/\/www.facebook.com\/lfelsalvador\/\" \/>\n<meta property=\"article:modified_time\" content=\"2025-12-11T17:51:03+00:00\" \/>\n<meta property=\"og:image\" content=\"https:\/\/lfelsalvador.org\/wp-content\/uploads\/2025\/09\/avatar-ivette.png\" \/>\n\t<meta property=\"og:image:width\" content=\"1024\" \/>\n\t<meta property=\"og:image:height\" content=\"1024\" \/>\n\t<meta property=\"og:image:type\" content=\"image\/png\" \/>\n<meta name=\"twitter:card\" content=\"summary_large_image\" \/>\n<meta name=\"twitter:site\" content=\"@lfelsalvador1\" \/>\n<meta name=\"twitter:label1\" content=\"Dur\u00e9e de lecture estim\u00e9e\" \/>\n\t<meta name=\"twitter:data1\" content=\"5 minutes\" \/>\n<script type=\"application\/ld+json\" class=\"yoast-schema-graph\">{\"@context\":\"https:\/\/schema.org\",\"@graph\":[{\"@type\":\"WebPage\",\"@id\":\"https:\/\/lfelsalvador.org\/fr\/pedagogie\/bibliotheques-centres-de-documentation\/\",\"url\":\"https:\/\/lfelsalvador.org\/fr\/pedagogie\/bibliotheques-centres-de-documentation\/\",\"name\":\"Biblioth\u00e8ques-centres de documentation | Liceo Frances de San Salvador\",\"isPartOf\":{\"@id\":\"https:\/\/lfelsalvador.org\/#website\"},\"primaryImageOfPage\":{\"@id\":\"https:\/\/lfelsalvador.org\/fr\/pedagogie\/bibliotheques-centres-de-documentation\/#primaryimage\"},\"image\":{\"@id\":\"https:\/\/lfelsalvador.org\/fr\/pedagogie\/bibliotheques-centres-de-documentation\/#primaryimage\"},\"thumbnailUrl\":\"https:\/\/lfelsalvador.org\/wp-content\/uploads\/2025\/09\/avatar-ivette-300x300.png\",\"datePublished\":\"2016-08-10T05:06:05+00:00\",\"dateModified\":\"2025-12-11T17:51:03+00:00\",\"breadcrumb\":{\"@id\":\"https:\/\/lfelsalvador.org\/fr\/pedagogie\/bibliotheques-centres-de-documentation\/#breadcrumb\"},\"inLanguage\":\"fr-FR\",\"potentialAction\":[{\"@type\":\"ReadAction\",\"target\":[\"https:\/\/lfelsalvador.org\/fr\/pedagogie\/bibliotheques-centres-de-documentation\/\"]}]},{\"@type\":\"ImageObject\",\"inLanguage\":\"fr-FR\",\"@id\":\"https:\/\/lfelsalvador.org\/fr\/pedagogie\/bibliotheques-centres-de-documentation\/#primaryimage\",\"url\":\"https:\/\/lfelsalvador.org\/wp-content\/uploads\/2025\/09\/avatar-ivette-300x300.png\",\"contentUrl\":\"https:\/\/lfelsalvador.org\/wp-content\/uploads\/2025\/09\/avatar-ivette-300x300.png\"},{\"@type\":\"BreadcrumbList\",\"@id\":\"https:\/\/lfelsalvador.org\/fr\/pedagogie\/bibliotheques-centres-de-documentation\/#breadcrumb\",\"itemListElement\":[{\"@type\":\"ListItem\",\"position\":1,\"name\":\"Portada\",\"item\":\"https:\/\/lfelsalvador.org\/fr\/\"},{\"@type\":\"ListItem\",\"position\":2,\"name\":\"P\u00e9dagogie\",\"item\":\"https:\/\/lfelsalvador.org\/fr\/pedagogie\/\"},{\"@type\":\"ListItem\",\"position\":3,\"name\":\"Biblioth\u00e8ques-centres de documentation\"}]},{\"@type\":\"WebSite\",\"@id\":\"https:\/\/lfelsalvador.org\/#website\",\"url\":\"https:\/\/lfelsalvador.org\/\",\"name\":\"Liceo Frances de San Salvador\",\"description\":\"\",\"potentialAction\":[{\"@type\":\"SearchAction\",\"target\":{\"@type\":\"EntryPoint\",\"urlTemplate\":\"https:\/\/lfelsalvador.org\/?s={search_term_string}\"},\"query-input\":{\"@type\":\"PropertyValueSpecification\",\"valueRequired\":true,\"valueName\":\"search_term_string\"}}],\"inLanguage\":\"fr-FR\"}]}<\/script>\n<!-- \/ Yoast SEO plugin. -->","yoast_head_json":{"title":"Biblioth\u00e8ques-centres de documentation | Liceo Frances de San Salvador","robots":{"index":"index","follow":"follow","max-snippet":"max-snippet:-1","max-image-preview":"max-image-preview:large","max-video-preview":"max-video-preview:-1"},"canonical":"https:\/\/lfelsalvador.org\/fr\/pedagogie\/bibliotheques-centres-de-documentation\/","og_locale":"fr_FR","og_type":"article","og_title":"Biblioth\u00e8ques-centres de documentation | Liceo Frances de San Salvador","og_description":"Le Lyc\u00e9e Fran\u00e7ais de San Salvador compte trois biblioth\u00e8ques-centres de documentation : la Marmoth\u00e8que \u00e0 l\u2019\u00e9cole maternelle la Biblioth\u00e8que Centre de Documentation (BCD) \u00e0 l\u2019\u00e9cole \u00e9l\u00e9mentaire le Centre de Connaissances et de Culture (CCC) au coll\u00e8ge et au\u00a0lyc\u00e9e. En effet, la lecture, mais \u00e9galement l\u2019acc\u00e8s aux connaissances, aux informations et \u00e0 la culture,\u00a0constituent des \u00e9l\u00e9ments [&hellip;]","og_url":"https:\/\/lfelsalvador.org\/fr\/pedagogie\/bibliotheques-centres-de-documentation\/","og_site_name":"Liceo Frances de San Salvador","article_publisher":"https:\/\/www.facebook.com\/lfelsalvador\/","article_modified_time":"2025-12-11T17:51:03+00:00","og_image":[{"width":1024,"height":1024,"url":"https:\/\/lfelsalvador.org\/wp-content\/uploads\/2025\/09\/avatar-ivette.png","type":"image\/png"}],"twitter_card":"summary_large_image","twitter_site":"@lfelsalvador1","twitter_misc":{"Dur\u00e9e de lecture estim\u00e9e":"5 minutes"},"schema":{"@context":"https:\/\/schema.org","@graph":[{"@type":"WebPage","@id":"https:\/\/lfelsalvador.org\/fr\/pedagogie\/bibliotheques-centres-de-documentation\/","url":"https:\/\/lfelsalvador.org\/fr\/pedagogie\/bibliotheques-centres-de-documentation\/","name":"Biblioth\u00e8ques-centres de documentation | Liceo Frances de San Salvador","isPartOf":{"@id":"https:\/\/lfelsalvador.org\/#website"},"primaryImageOfPage":{"@id":"https:\/\/lfelsalvador.org\/fr\/pedagogie\/bibliotheques-centres-de-documentation\/#primaryimage"},"image":{"@id":"https:\/\/lfelsalvador.org\/fr\/pedagogie\/bibliotheques-centres-de-documentation\/#primaryimage"},"thumbnailUrl":"https:\/\/lfelsalvador.org\/wp-content\/uploads\/2025\/09\/avatar-ivette-300x300.png","datePublished":"2016-08-10T05:06:05+00:00","dateModified":"2025-12-11T17:51:03+00:00","breadcrumb":{"@id":"https:\/\/lfelsalvador.org\/fr\/pedagogie\/bibliotheques-centres-de-documentation\/#breadcrumb"},"inLanguage":"fr-FR","potentialAction":[{"@type":"ReadAction","target":["https:\/\/lfelsalvador.org\/fr\/pedagogie\/bibliotheques-centres-de-documentation\/"]}]},{"@type":"ImageObject","inLanguage":"fr-FR","@id":"https:\/\/lfelsalvador.org\/fr\/pedagogie\/bibliotheques-centres-de-documentation\/#primaryimage","url":"https:\/\/lfelsalvador.org\/wp-content\/uploads\/2025\/09\/avatar-ivette-300x300.png","contentUrl":"https:\/\/lfelsalvador.org\/wp-content\/uploads\/2025\/09\/avatar-ivette-300x300.png"},{"@type":"BreadcrumbList","@id":"https:\/\/lfelsalvador.org\/fr\/pedagogie\/bibliotheques-centres-de-documentation\/#breadcrumb","itemListElement":[{"@type":"ListItem","position":1,"name":"Portada","item":"https:\/\/lfelsalvador.org\/fr\/"},{"@type":"ListItem","position":2,"name":"P\u00e9dagogie","item":"https:\/\/lfelsalvador.org\/fr\/pedagogie\/"},{"@type":"ListItem","position":3,"name":"Biblioth\u00e8ques-centres de documentation"}]},{"@type":"WebSite","@id":"https:\/\/lfelsalvador.org\/#website","url":"https:\/\/lfelsalvador.org\/","name":"Liceo Frances de San Salvador","description":"","potentialAction":[{"@type":"SearchAction","target":{"@type":"EntryPoint","urlTemplate":"https:\/\/lfelsalvador.org\/?s={search_term_string}"},"query-input":{"@type":"PropertyValueSpecification","valueRequired":true,"valueName":"search_term_string"}}],"inLanguage":"fr-FR"}]}},"_links":{"self":[{"href":"https:\/\/lfelsalvador.org\/fr\/wp-json\/wp\/v2\/pages\/3906","targetHints":{"allow":["GET"]}}],"collection":[{"href":"https:\/\/lfelsalvador.org\/fr\/wp-json\/wp\/v2\/pages"}],"about":[{"href":"https:\/\/lfelsalvador.org\/fr\/wp-json\/wp\/v2\/types\/page"}],"author":[{"embeddable":true,"href":"https:\/\/lfelsalvador.org\/fr\/wp-json\/wp\/v2\/users\/1"}],"replies":[{"embeddable":true,"href":"https:\/\/lfelsalvador.org\/fr\/wp-json\/wp\/v2\/comments?post=3906"}],"version-history":[{"count":13,"href":"https:\/\/lfelsalvador.org\/fr\/wp-json\/wp\/v2\/pages\/3906\/revisions"}],"predecessor-version":[{"id":11246,"href":"https:\/\/lfelsalvador.org\/fr\/wp-json\/wp\/v2\/pages\/3906\/revisions\/11246"}],"up":[{"embeddable":true,"href":"https:\/\/lfelsalvador.org\/fr\/wp-json\/wp\/v2\/pages\/3902"}],"wp:attachment":[{"href":"https:\/\/lfelsalvador.org\/fr\/wp-json\/wp\/v2\/media?parent=3906"}],"curies":[{"name":"wp","href":"https:\/\/api.w.org\/{rel}","templated":true}]}}