{"id":3904,"date":"2016-08-10T05:02:48","date_gmt":"2016-08-10T05:02:48","guid":{"rendered":"http:\/\/lfelsalvador.org\/fr\/?page_id=3904"},"modified":"2025-09-30T20:28:19","modified_gmt":"2025-09-30T20:28:19","slug":"lycee","status":"publish","type":"page","link":"https:\/\/lfelsalvador.org\/fr\/pedagogie\/lycee\/","title":{"rendered":"Lyc\u00e9e"},"content":{"rendered":"<p style=\"text-align: justify;\"><strong>LA REFORME DU LYC\u00c9E<\/strong><\/p>\n<p style=\"text-align: justify;\">La r\u00e9forme du Lyc\u00e9e et du baccalaur\u00e9at introduit des changements importants dans les \u00e9tablissements scolaires fran\u00e7ais en France et \u00e0 l\u2019\u00e9tranger, \u00e0 partir de la rentr\u00e9e 2019 pour les classes de 2<sup>nde<\/sup> et 1<sup>\u00e8re<\/sup>, et \u00e0 partir de la rentr\u00e9e 2020 pour les classes de Terminale. Cette r\u00e9forme voit la fin des s\u00e9ries L, ES, et S du baccalaur\u00e9at g\u00e9n\u00e9ral.<\/p>\n<p style=\"text-align: justify;\"><strong>LA CLASSE DE SECONDE<\/strong><\/p>\n<p style=\"text-align: justify;\">A partir de septembre 2019, les SES et les sciences num\u00e9riques et technologiques deviennent obligatoires pour tous les \u00e9l\u00e8ves.<\/p>\n<p style=\"text-align: justify;\">Une troisi\u00e8me langue vivante est propos\u00e9e en <u>enseignement facultatif<\/u>\u00a0: le portugais.<\/p>\n<p style=\"text-align: justify;\">Chaque \u00e9l\u00e8ve de seconde peut b\u00e9n\u00e9ficier de deux heures d\u2019Accompagnement Personnalis\u00e9, en groupe \u00e0 effectif r\u00e9duit.<\/p>\n<p style=\"text-align: justify;\">En fin de seconde, les \u00e9l\u00e8ves choisissent trois enseignements de sp\u00e9cialit\u00e9 qui vont leur permettre d\u2019acqu\u00e9rir progressivement des savoirs et des comp\u00e9tences pour r\u00e9ussir l\u2019examen du baccalaur\u00e9at et les pr\u00e9parer \u00e0 la poursuite d\u2019\u00e9tudes sup\u00e9rieures.<\/p>\n<p style=\"text-align: justify;\"><strong>LA 1ERE ET LA TERMINALE<\/strong><\/p>\n<p style=\"text-align: justify;\">Des enseignements communs sont obligatoires pour tous les \u00e9l\u00e8ves en 1\u00e8re et Terminale.<\/p>\n<p style=\"text-align: justify;\">L&rsquo;\u00e9l\u00e8ve choisit 3 enseignements de sp\u00e9cialit\u00e9 en classe de 1<sup>\u00e8re<\/sup> dont seulement 2 seront gard\u00e9s en Terminale.<\/p>\n<p style=\"text-align: justify;\">Les \u00e9l\u00e8ves peuvent choisir 1 enseignement facultatif en 1<sup>\u00e8re<\/sup>, qu&rsquo;ils peuvent continuer en Terminale en plus d&rsquo;une autre option.<\/p>\n<p style=\"text-align: justify;\">Les \u00e9l\u00e8ves auront ainsi une plus grande flexibilit\u00e9 dans les combinaisons des disciplines souhait\u00e9es.<\/p>\n<p style=\"text-align: justify;\"><strong>Tronc commun<\/strong><\/p>\n<ul style=\"text-align: justify;\">\n<li>Fran\u00e7ais (uniquement en 1\u00e8re)<\/li>\n<li>Histoire-g\u00e9ographie &#8211; Enseignement moral et civique<\/li>\n<li>Enseignement scientifique<\/li>\n<li>Langue vivante 1: Espagnol<\/li>\n<li>Langue vivante 2: Anglais<\/li>\n<li>\u00c9ducation Physique et Sportive<\/li>\n<li>Philosophie (uniquement en Terminale)<\/li>\n<\/ul>\n<p style=\"text-align: justify;\"><strong>Les enseignements de sp\u00e9cialit\u00e9 en 1<sup>\u00e8re<\/sup> et Terminale<\/strong><\/p>\n<p style=\"text-align: justify;\">En premi\u00e8re, les \u00e9l\u00e8ves choisiront trois enseignements de sp\u00e9cialit\u00e9 parmi la liste que propose le Lyc\u00e9e Fran\u00e7ais de San Salvador. Ils garderont deux enseignements de sp\u00e9cialit\u00e9 sur les trois en classe de terminale.<\/p>\n<p style=\"text-align: justify;\">D\u00e9couvrez-les ci-dessous:<\/p>\n<ul style=\"text-align: justify;\">\n<li><a href=\"https:\/\/drive.google.com\/file\/d\/17CtIHCdOu8rUPG_jyHLraO8QpU0OvL8A\/view\">Histoire-G\u00e9ographie, G\u00e9opolitique et Sciences Politiques<\/a><\/li>\n<li><a href=\"https:\/\/docs.google.com\/presentation\/d\/1BjkL8r3cp7VGvXQSpHPDuk4C_12-oQir8eYPcVPl4iw\/edit#slide=id.p1\">Humanit\u00e9s, Litt\u00e9rature et Philosophie<\/a><\/li>\n<li><a href=\"https:\/\/prezi.com\/p\/riwrxmxfk-mo\/presentation-specialites-1ere\/\">Math\u00e9matiques<\/a><\/li>\n<li><a href=\"https:\/\/docs.google.com\/presentation\/d\/1qQDVnwL7G_1vxBtIsZzqeN078JxGb-KjWHFgYsSeE84\/edit#slide=id.p1\">Sciences \u00c9conomiques et Sociales<\/a><\/li>\n<li><a href=\"https:\/\/prezi.com\/view\/vD374lH5XG5yft12I3we\/\">Sciences Physiques et Chimie<\/a><\/li>\n<li><a href=\"https:\/\/drive.google.com\/a\/lfelsalvador.org\/file\/d\/1JcdNysiXMCjFV83ubX-0QOum4a5C9lWx\/view?usp=drive_open\">Sciences de la Vie et de la Terre<\/a><\/li>\n<li><a href=\"https:\/\/prezi.com\/p\/e1fnbay4a_ih\/materia-de-especialidad\/\">Langues Litt\u00e9rature et Culture \u00c9trang\u00e8re Anglais<\/a><\/li>\n<li><a href=\"https:\/\/prezi.com\/p\/e1fnbay4a_ih\/materia-de-especialidad\/\">Langues Litt\u00e9rature et Culture \u00c9trang\u00e8re Espagnol<\/a><\/li>\n<\/ul>\n<p style=\"text-align: justify;\"><strong>Les enseignements facultatifs en 1<sup>\u00e8re<\/sup> et Terminale<\/strong><\/p>\n<ul style=\"text-align: justify;\">\n<li>LV3\u00a0: Portugais<\/li>\n<\/ul>\n<p style=\"text-align: justify;\"><strong>L\u2019\u00c9VALUATION DE L\u2019EXAMEN DU BACCALAUR\u00c9AT<\/strong><\/p>\n<p style=\"text-align: justify;\"><strong>Le baccalaur\u00e9at simplifi\u00e9<\/strong><\/p>\n<p style=\"text-align: justify;\">Le baccalaur\u00e9at sera \u00e9galement simplifi\u00e9 avec<\/p>\n<ul style=\"text-align: justify;\">\n<li>d\u2019une part\u00a0<strong>un contr\u00f4le continu comptant pour 40 % de la note finale<\/strong>\u00a0prenant en compte les r\u00e9sultats du cycle terminal et des trois \u00e9preuves communes (E3C),<\/li>\n<li>d\u2019autre part\u00a0<strong>six \u00e9preuves ponctuelles comptant pour 60 % de la note finale<\/strong>.<\/li>\n<\/ul>\n<p style=\"text-align: justify;\">Les \u00e9valuations, mieux \u00e9tal\u00e9es dans le temps, pourront ainsi \u00eatre abord\u00e9es sereinement de la premi\u00e8re \u00e0 la terminale.<\/p>\n<p style=\"text-align: justify;\"><strong>CONTR\u00d4LE CONTINU : 40 %<\/strong><\/p>\n<p style=\"text-align: justify;\">Le contr\u00f4le continu sur la 1\u00e8re et Terminale compte pour 40%\u00a0 avec :<\/p>\n<ul style=\"text-align: justify;\">\n<li>10 % pour les notes du bulletin de 1\u00e8re et Terminale<\/li>\n<li>30 % sur des \u00e9preuves communes appel\u00e9es E3C (sujets communs dans une banque nationale).<\/li>\n<\/ul>\n<p style=\"text-align: justify;\">Chaque \u00e9tablissement d\u00e9cide de la date de ces \u00e9preuves. 2 s\u00e9ries d&rsquo;\u00e9preuves en 1\u00e8re et 1 s\u00e9rie d&rsquo;\u00e9preuve en Terminale<\/p>\n<p style=\"text-align: justify;\"><strong>\u00c9PREUVES FINALES : 60 %<\/strong><\/p>\n<p style=\"text-align: justify;\">Au total, les \u00e9l\u00e8ves passeront 5 \u00e9preuves :<\/p>\n<ol style=\"text-align: justify;\">\n<li>Fran\u00e7ais en fin de 1\u00e8re (oral + \u00e9crit)<\/li>\n<li>Discipline de sp\u00e9cialit\u00e9 1 en Terminale<\/li>\n<li>Discipline de sp\u00e9cialit\u00e9 2 en Terminale<\/li>\n<li>Philosophie en fin de Terminale<\/li>\n<li>Grand oral de 20 min en fin de Terminale qui portera sur un projet travaill\u00e9 en 1\u00e8re et Terminale et qui se d\u00e9roulera en 2 parties :<\/li>\n<\/ol>\n<p style=\"text-align: justify;\">&#8211; Pr\u00e9sentation du projet, adoss\u00e9e \u00e0 1 ou 2 disciplines de sp\u00e9cialit\u00e9 choisies par l&rsquo;\u00e9l\u00e8ve<\/p>\n<p style=\"text-align: justify;\">&#8211; Echange autour du projet<\/p>\n<p style=\"text-align: justify;\">Les comp\u00e9tences suivantes seront \u00e9valu\u00e9es par un jury : s&rsquo;exprimer dans un fran\u00e7ais correct et mobiliser les connaissances acquises, notamment scientifiques et historiques.<\/p>\n<p style=\"text-align: justify;\"><strong>Informations suppl\u00e9mentaires<\/strong><\/p>\n<p style=\"text-align: justify;\">Le Lyc\u00e9e met \u00e0 disposition des familles divers supports de communication, avec plus d\u2019information, en suivant les liens\u00a0:<\/p>\n<ul style=\"text-align: justify;\">\n<li>Informations g\u00e9n\u00e9rales\u00a0<a href=\"https:\/\/www.lyceefrancais.at\/fileadmin\/contenu\/documents\/administratif\/Refome_BAC_2021\/bac_reforme_LFV.pdf\"><strong>ici<\/strong><\/a>.<\/li>\n<\/ul>\n<ul style=\"text-align: justify;\">\n<li>Un outil pour choisir ses enseignements de sp\u00e9cialit\u00e9\u00a0<a href=\"http:\/\/www.horizons2021.fr\/\"><strong>ici<\/strong><\/a>.<\/li>\n<\/ul>\n<ul style=\"text-align: justify;\">\n<li>Questions fr\u00e9quentes <a href=\"https:\/\/cache.media.eduscol.education.fr\/file\/Bac2021\/41\/6\/Questions-reponses_bac_2021_1164416.pdf\">ici<\/a>.<\/li>\n<\/ul>\n<h2 class=\"gdl-page-title gdl-title title-color\" style=\"text-align: justify;\">R\u00e9sultats au baccalaur\u00e9at fran\u00e7ais<\/h2>\n<p><strong>Baccalaur\u00e9at g\u00e9n\u00e9ral \u2013 Session 2025 :<\/strong><\/p>\n<ul style=\"font-weight: 400;\">\n<li>7 mentions Tr\u00e8s bien dont 1 avec les f\u00e9licitations du jury : 8,8 % de mentions TB<\/li>\n<li>23 mentions Bien (28,8 %)<\/li>\n<li>34 mentions Assez Bien (42,5 %)<\/li>\n<\/ul>\n","protected":false},"excerpt":{"rendered":"<p>LA REFORME DU LYC\u00c9E La r\u00e9forme du Lyc\u00e9e et du baccalaur\u00e9at introduit des changements importants dans les \u00e9tablissements scolaires fran\u00e7ais en France et \u00e0 l\u2019\u00e9tranger, \u00e0 partir de la rentr\u00e9e 2019 pour les classes de 2nde et 1\u00e8re, et \u00e0 partir de la rentr\u00e9e 2020 pour les classes de Terminale. Cette r\u00e9forme voit la fin [&hellip;]<\/p>\n","protected":false},"author":1,"featured_media":0,"parent":3902,"menu_order":3,"comment_status":"closed","ping_status":"closed","template":"","meta":{"footnotes":""},"class_list":["post-3904","page","type-page","status-publish","hentry"],"yoast_head":"<!-- This site is optimized with the Yoast SEO plugin v27.2 - https:\/\/yoast.com\/product\/yoast-seo-wordpress\/ -->\n<title>Lyc\u00e9e | Liceo Frances de San Salvador<\/title>\n<meta name=\"robots\" content=\"index, follow, max-snippet:-1, max-image-preview:large, max-video-preview:-1\" \/>\n<link rel=\"canonical\" href=\"https:\/\/lfelsalvador.org\/fr\/pedagogie\/lycee\/\" \/>\n<meta property=\"og:locale\" content=\"fr_FR\" \/>\n<meta property=\"og:type\" content=\"article\" \/>\n<meta property=\"og:title\" content=\"Lyc\u00e9e | Liceo Frances de San Salvador\" \/>\n<meta property=\"og:description\" content=\"LA REFORME DU LYC\u00c9E La r\u00e9forme du Lyc\u00e9e et du baccalaur\u00e9at introduit des changements importants dans les \u00e9tablissements scolaires fran\u00e7ais en France et \u00e0 l\u2019\u00e9tranger, \u00e0 partir de la rentr\u00e9e 2019 pour les classes de 2nde et 1\u00e8re, et \u00e0 partir de la rentr\u00e9e 2020 pour les classes de Terminale. Cette r\u00e9forme voit la fin [&hellip;]\" \/>\n<meta property=\"og:url\" content=\"https:\/\/lfelsalvador.org\/fr\/pedagogie\/lycee\/\" \/>\n<meta property=\"og:site_name\" content=\"Liceo Frances de San Salvador\" \/>\n<meta property=\"article:publisher\" content=\"https:\/\/www.facebook.com\/lfelsalvador\/\" \/>\n<meta property=\"article:modified_time\" content=\"2025-09-30T20:28:19+00:00\" \/>\n<meta property=\"og:image\" content=\"http:\/\/lfelsalvador.org\/wp-content\/uploads\/2016\/08\/Site-4.jpg\" \/>\n<meta name=\"twitter:card\" content=\"summary_large_image\" \/>\n<meta name=\"twitter:site\" content=\"@lfelsalvador1\" \/>\n<meta name=\"twitter:label1\" content=\"Dur\u00e9e de lecture estim\u00e9e\" \/>\n\t<meta name=\"twitter:data1\" content=\"3 minutes\" \/>\n<script type=\"application\/ld+json\" class=\"yoast-schema-graph\">{\"@context\":\"https:\/\/schema.org\",\"@graph\":[{\"@type\":\"WebPage\",\"@id\":\"https:\/\/lfelsalvador.org\/fr\/pedagogie\/lycee\/\",\"url\":\"https:\/\/lfelsalvador.org\/fr\/pedagogie\/lycee\/\",\"name\":\"Lyc\u00e9e | Liceo Frances de San Salvador\",\"isPartOf\":{\"@id\":\"https:\/\/lfelsalvador.org\/#website\"},\"datePublished\":\"2016-08-10T05:02:48+00:00\",\"dateModified\":\"2025-09-30T20:28:19+00:00\",\"breadcrumb\":{\"@id\":\"https:\/\/lfelsalvador.org\/fr\/pedagogie\/lycee\/#breadcrumb\"},\"inLanguage\":\"fr-FR\",\"potentialAction\":[{\"@type\":\"ReadAction\",\"target\":[\"https:\/\/lfelsalvador.org\/fr\/pedagogie\/lycee\/\"]}]},{\"@type\":\"BreadcrumbList\",\"@id\":\"https:\/\/lfelsalvador.org\/fr\/pedagogie\/lycee\/#breadcrumb\",\"itemListElement\":[{\"@type\":\"ListItem\",\"position\":1,\"name\":\"Portada\",\"item\":\"https:\/\/lfelsalvador.org\/fr\/\"},{\"@type\":\"ListItem\",\"position\":2,\"name\":\"P\u00e9dagogie\",\"item\":\"https:\/\/lfelsalvador.org\/fr\/pedagogie\/\"},{\"@type\":\"ListItem\",\"position\":3,\"name\":\"Lyc\u00e9e\"}]},{\"@type\":\"WebSite\",\"@id\":\"https:\/\/lfelsalvador.org\/#website\",\"url\":\"https:\/\/lfelsalvador.org\/\",\"name\":\"Liceo Frances de San Salvador\",\"description\":\"\",\"potentialAction\":[{\"@type\":\"SearchAction\",\"target\":{\"@type\":\"EntryPoint\",\"urlTemplate\":\"https:\/\/lfelsalvador.org\/?s={search_term_string}\"},\"query-input\":{\"@type\":\"PropertyValueSpecification\",\"valueRequired\":true,\"valueName\":\"search_term_string\"}}],\"inLanguage\":\"fr-FR\"}]}<\/script>\n<!-- \/ Yoast SEO plugin. -->","yoast_head_json":{"title":"Lyc\u00e9e | Liceo Frances de San Salvador","robots":{"index":"index","follow":"follow","max-snippet":"max-snippet:-1","max-image-preview":"max-image-preview:large","max-video-preview":"max-video-preview:-1"},"canonical":"https:\/\/lfelsalvador.org\/fr\/pedagogie\/lycee\/","og_locale":"fr_FR","og_type":"article","og_title":"Lyc\u00e9e | Liceo Frances de San Salvador","og_description":"LA REFORME DU LYC\u00c9E La r\u00e9forme du Lyc\u00e9e et du baccalaur\u00e9at introduit des changements importants dans les \u00e9tablissements scolaires fran\u00e7ais en France et \u00e0 l\u2019\u00e9tranger, \u00e0 partir de la rentr\u00e9e 2019 pour les classes de 2nde et 1\u00e8re, et \u00e0 partir de la rentr\u00e9e 2020 pour les classes de Terminale. Cette r\u00e9forme voit la fin [&hellip;]","og_url":"https:\/\/lfelsalvador.org\/fr\/pedagogie\/lycee\/","og_site_name":"Liceo Frances de San Salvador","article_publisher":"https:\/\/www.facebook.com\/lfelsalvador\/","article_modified_time":"2025-09-30T20:28:19+00:00","og_image":[{"url":"http:\/\/lfelsalvador.org\/wp-content\/uploads\/2016\/08\/Site-4.jpg","type":"","width":"","height":""}],"twitter_card":"summary_large_image","twitter_site":"@lfelsalvador1","twitter_misc":{"Dur\u00e9e de lecture estim\u00e9e":"3 minutes"},"schema":{"@context":"https:\/\/schema.org","@graph":[{"@type":"WebPage","@id":"https:\/\/lfelsalvador.org\/fr\/pedagogie\/lycee\/","url":"https:\/\/lfelsalvador.org\/fr\/pedagogie\/lycee\/","name":"Lyc\u00e9e | Liceo Frances de San Salvador","isPartOf":{"@id":"https:\/\/lfelsalvador.org\/#website"},"datePublished":"2016-08-10T05:02:48+00:00","dateModified":"2025-09-30T20:28:19+00:00","breadcrumb":{"@id":"https:\/\/lfelsalvador.org\/fr\/pedagogie\/lycee\/#breadcrumb"},"inLanguage":"fr-FR","potentialAction":[{"@type":"ReadAction","target":["https:\/\/lfelsalvador.org\/fr\/pedagogie\/lycee\/"]}]},{"@type":"BreadcrumbList","@id":"https:\/\/lfelsalvador.org\/fr\/pedagogie\/lycee\/#breadcrumb","itemListElement":[{"@type":"ListItem","position":1,"name":"Portada","item":"https:\/\/lfelsalvador.org\/fr\/"},{"@type":"ListItem","position":2,"name":"P\u00e9dagogie","item":"https:\/\/lfelsalvador.org\/fr\/pedagogie\/"},{"@type":"ListItem","position":3,"name":"Lyc\u00e9e"}]},{"@type":"WebSite","@id":"https:\/\/lfelsalvador.org\/#website","url":"https:\/\/lfelsalvador.org\/","name":"Liceo Frances de San Salvador","description":"","potentialAction":[{"@type":"SearchAction","target":{"@type":"EntryPoint","urlTemplate":"https:\/\/lfelsalvador.org\/?s={search_term_string}"},"query-input":{"@type":"PropertyValueSpecification","valueRequired":true,"valueName":"search_term_string"}}],"inLanguage":"fr-FR"}]}},"_links":{"self":[{"href":"https:\/\/lfelsalvador.org\/fr\/wp-json\/wp\/v2\/pages\/3904","targetHints":{"allow":["GET"]}}],"collection":[{"href":"https:\/\/lfelsalvador.org\/fr\/wp-json\/wp\/v2\/pages"}],"about":[{"href":"https:\/\/lfelsalvador.org\/fr\/wp-json\/wp\/v2\/types\/page"}],"author":[{"embeddable":true,"href":"https:\/\/lfelsalvador.org\/fr\/wp-json\/wp\/v2\/users\/1"}],"replies":[{"embeddable":true,"href":"https:\/\/lfelsalvador.org\/fr\/wp-json\/wp\/v2\/comments?post=3904"}],"version-history":[{"count":24,"href":"https:\/\/lfelsalvador.org\/fr\/wp-json\/wp\/v2\/pages\/3904\/revisions"}],"predecessor-version":[{"id":10911,"href":"https:\/\/lfelsalvador.org\/fr\/wp-json\/wp\/v2\/pages\/3904\/revisions\/10911"}],"up":[{"embeddable":true,"href":"https:\/\/lfelsalvador.org\/fr\/wp-json\/wp\/v2\/pages\/3902"}],"wp:attachment":[{"href":"https:\/\/lfelsalvador.org\/fr\/wp-json\/wp\/v2\/media?parent=3904"}],"curies":[{"name":"wp","href":"https:\/\/api.w.org\/{rel}","templated":true}]}}