{"id":11195,"date":"2025-11-25T20:08:45","date_gmt":"2025-11-25T20:08:45","guid":{"rendered":"https:\/\/lfelsalvador.org\/?page_id=11195"},"modified":"2025-12-03T19:16:05","modified_gmt":"2025-12-03T19:16:05","slug":"section-internationale-americaine","status":"publish","type":"page","link":"https:\/\/lfelsalvador.org\/fr\/section-internationale-americaine\/","title":{"rendered":"Section Internationale Am\u00e9ricaine"},"content":{"rendered":"\n<p>Le Lyc\u00e9e Fran\u00e7ais de San Salvador Antoine et Consuelo de Saint Exup\u00e9ry ouvre \u00e0 partir de l&rsquo;ann\u00e9e scolaire 2025 la Section Internationale Am\u00e9ricaine.<br>Cette section propose une formation rigoureuse et enrichissante, con\u00e7ue pour des \u00e9l\u00e8ves motiv\u00e9s, passionn\u00e9s par les langues et la culture internationale.<\/p>\n\n\n<div class=\"wp-block-image\">\n<figure class=\"alignright size-large is-resized\"><img loading=\"lazy\" decoding=\"async\" width=\"1024\" height=\"647\" src=\"https:\/\/lfelsalvador.org\/wp-content\/uploads\/2025\/11\/10D5E433-7406-4C83-BEEA-6C4B5D8B4E96_1_201_a-1024x647.jpeg\" alt=\"\" class=\"wp-image-11204\" style=\"width:478px;height:auto\" srcset=\"https:\/\/lfelsalvador.org\/wp-content\/uploads\/2025\/11\/10D5E433-7406-4C83-BEEA-6C4B5D8B4E96_1_201_a-1024x647.jpeg 1024w, https:\/\/lfelsalvador.org\/wp-content\/uploads\/2025\/11\/10D5E433-7406-4C83-BEEA-6C4B5D8B4E96_1_201_a-300x189.jpeg 300w, https:\/\/lfelsalvador.org\/wp-content\/uploads\/2025\/11\/10D5E433-7406-4C83-BEEA-6C4B5D8B4E96_1_201_a-768x485.jpeg 768w, https:\/\/lfelsalvador.org\/wp-content\/uploads\/2025\/11\/10D5E433-7406-4C83-BEEA-6C4B5D8B4E96_1_201_a-1536x970.jpeg 1536w, https:\/\/lfelsalvador.org\/wp-content\/uploads\/2025\/11\/10D5E433-7406-4C83-BEEA-6C4B5D8B4E96_1_201_a-2048x1294.jpeg 2048w\" sizes=\"auto, (max-width: 1024px) 100vw, 1024px\" \/><\/figure>\n<\/div>\n\n\n<p>La Section internationale am\u00e9ricaine propose :<\/p>\n\n\n\n<h2 class=\"wp-block-heading\">Langue et litt\u00e9rature am\u00e9ricaines<\/h2>\n\n\n\n<p><br>4 heures par semaine, dispens\u00e9es par un enseignant am\u00e9ricain natif, sp\u00e9cialiste de la culture, de l&rsquo;analyse litt\u00e9raire et de l&rsquo;expression \u00e9crite et orale.<\/p>\n\n\n\n<h2 class=\"wp-block-heading\">Histoire-g\u00e9ographie en anglais<\/h2>\n\n\n\n<p><br>Une partie du programme officiel est dispens\u00e9e en anglais, ce qui permet un apprentissage interdisciplinaire et contextualis\u00e9.<\/p>\n\n\n\n<h2 class=\"wp-block-heading\"><br>Accompagnement personnalis\u00e9<\/h2>\n\n\n\n<p><br>Afin de favoriser la r\u00e9ussite scolaire et humaine de chaque \u00e9l\u00e8ve, la section comprend :<\/p>\n\n\n\n<ul class=\"wp-block-list\">\n<li>Un suivi individualis\u00e9 des progr\u00e8s de l&rsquo;\u00e9l\u00e8ve.<\/li>\n\n\n\n<li>Un programme d&rsquo;accompagnement entre les familles et les \u00e9l\u00e8ves afin de favoriser l&rsquo;int\u00e9gration et le bien-\u00eatre au sein de la communaut\u00e9 scolaire.<\/li>\n<\/ul>\n\n\n\n<h2 class=\"wp-block-heading\">Pourquoi choisir la Section internationale am\u00e9ricaine ?<\/h2>\n\n\n\n<p><br>Cette section est id\u00e9alepour les familles qui souhaitent offrir \u00e0 leurs enfants une formation acad\u00e9mique solide et une v\u00e9ritable ouverture culturelle. Parmi ses avantages, on peut citer :<br><\/p>\n\n\n\n<ul class=\"wp-block-list\">\n<li>Une excellente pr\u00e9paration linguistique pour des \u00e9tudes sup\u00e9rieures \u00e0 l&rsquo;\u00e9tranger.<\/li>\n\n\n\n<li>Une exposition culturelle enrichissante gr\u00e2ce \u00e0 un environnement \u00e9ducatif bilingue et multiculturel.<\/li>\n\n\n\n<li>Un avantage d\u00e9cisif pour les candidatures \u00e0 des universit\u00e9s prestigieuses \u00e0 travers le monde.<\/li>\n<\/ul>\n\n\n\n<h2 class=\"wp-block-heading\">Un programme avec une vision globale<\/h2>\n\n\n<div class=\"wp-block-image\">\n<figure class=\"alignleft size-large is-resized\"><img loading=\"lazy\" decoding=\"async\" width=\"1024\" height=\"766\" src=\"https:\/\/lfelsalvador.org\/wp-content\/uploads\/2025\/11\/logo-EA-01-Florence-Lemus-1024x766.png\" alt=\"\" class=\"wp-image-11200\" style=\"width:306px;height:auto\" srcset=\"https:\/\/lfelsalvador.org\/wp-content\/uploads\/2025\/11\/logo-EA-01-Florence-Lemus-1024x766.png 1024w, https:\/\/lfelsalvador.org\/wp-content\/uploads\/2025\/11\/logo-EA-01-Florence-Lemus-300x224.png 300w, https:\/\/lfelsalvador.org\/wp-content\/uploads\/2025\/11\/logo-EA-01-Florence-Lemus-768x575.png 768w, https:\/\/lfelsalvador.org\/wp-content\/uploads\/2025\/11\/logo-EA-01-Florence-Lemus.png 1275w\" sizes=\"auto, (max-width: 1024px) 100vw, 1024px\" \/><\/figure>\n<\/div>\n\n\n<p>La Section internationale am\u00e9ricaine a conclu un accord de collaboration exclusif avec <strong>l&rsquo;\u00c9cole am\u00e9ricaine du Salvador<\/strong>, qui permettra :<\/p>\n\n\n\n<ul class=\"wp-block-list\">\n<li>\u00c9changes r\u00e9guliers entre \u00e9tudiants.<\/li>\n\n\n\n<li>Activit\u00e9s communes favorisant l&rsquo;immersion linguistique.<\/li>\n\n\n\n<li>Meilleure compr\u00e9hension de la culture et du syst\u00e8me \u00e9ducatif am\u00e9ricains.<\/li>\n<\/ul>\n\n\n\n<p>Cette composante internationale renforce la dimension multiculturelle et formatrice du programme.<\/p>\n","protected":false},"excerpt":{"rendered":"<p>Le Lyc\u00e9e Fran\u00e7ais de San Salvador Antoine et Consuelo de Saint Exup\u00e9ry ouvre \u00e0 partir de l&rsquo;ann\u00e9e scolaire 2025 la Section Internationale Am\u00e9ricaine.Cette section propose une formation rigoureuse et enrichissante, con\u00e7ue pour des \u00e9l\u00e8ves motiv\u00e9s, passionn\u00e9s par les langues et la culture internationale. La Section internationale am\u00e9ricaine propose : Langue et litt\u00e9rature am\u00e9ricaines 4 heures [&hellip;]<\/p>\n","protected":false},"author":5,"featured_media":0,"parent":0,"menu_order":0,"comment_status":"closed","ping_status":"closed","template":"","meta":{"footnotes":""},"class_list":["post-11195","page","type-page","status-publish","hentry"],"yoast_head":"<!-- This site is optimized with the Yoast SEO plugin v27.2 - https:\/\/yoast.com\/product\/yoast-seo-wordpress\/ -->\n<title>Section Internationale Am\u00e9ricaine | Liceo Frances de San Salvador<\/title>\n<meta name=\"description\" content=\"Cette section propose une formation rigoureuse et enrichissante, con\u00e7ue pour des \u00e9l\u00e8ves motiv\u00e9s, passionn\u00e9s par les langues et la culture internationale.\" \/>\n<meta name=\"robots\" content=\"index, follow, max-snippet:-1, max-image-preview:large, max-video-preview:-1\" \/>\n<link rel=\"canonical\" href=\"https:\/\/lfelsalvador.org\/fr\/section-internationale-americaine\/\" \/>\n<meta property=\"og:locale\" content=\"fr_FR\" \/>\n<meta property=\"og:type\" content=\"article\" \/>\n<meta property=\"og:title\" content=\"Section Internationale Am\u00e9ricaine | Liceo Frances de San Salvador\" \/>\n<meta property=\"og:description\" content=\"Cette section propose une formation rigoureuse et enrichissante, con\u00e7ue pour des \u00e9l\u00e8ves motiv\u00e9s, passionn\u00e9s par les langues et la culture internationale.\" \/>\n<meta property=\"og:url\" content=\"https:\/\/lfelsalvador.org\/fr\/section-internationale-americaine\/\" \/>\n<meta property=\"og:site_name\" content=\"Liceo Frances de San Salvador\" \/>\n<meta property=\"article:publisher\" content=\"https:\/\/www.facebook.com\/lfelsalvador\/\" \/>\n<meta property=\"article:modified_time\" content=\"2025-12-03T19:16:05+00:00\" \/>\n<meta property=\"og:image\" content=\"https:\/\/lfelsalvador.org\/wp-content\/uploads\/2025\/11\/10D5E433-7406-4C83-BEEA-6C4B5D8B4E96_1_201_a-scaled.jpeg\" \/>\n\t<meta property=\"og:image:width\" content=\"2560\" \/>\n\t<meta property=\"og:image:height\" content=\"1617\" \/>\n\t<meta property=\"og:image:type\" content=\"image\/jpeg\" \/>\n<meta name=\"twitter:card\" content=\"summary_large_image\" \/>\n<meta name=\"twitter:site\" content=\"@lfelsalvador1\" \/>\n<meta name=\"twitter:label1\" content=\"Dur\u00e9e de lecture estim\u00e9e\" \/>\n\t<meta name=\"twitter:data1\" content=\"2 minutes\" \/>\n<script type=\"application\/ld+json\" class=\"yoast-schema-graph\">{\"@context\":\"https:\/\/schema.org\",\"@graph\":[{\"@type\":\"WebPage\",\"@id\":\"https:\/\/lfelsalvador.org\/fr\/section-internationale-americaine\/\",\"url\":\"https:\/\/lfelsalvador.org\/fr\/section-internationale-americaine\/\",\"name\":\"Section Internationale Am\u00e9ricaine | Liceo Frances de San Salvador\",\"isPartOf\":{\"@id\":\"https:\/\/lfelsalvador.org\/#website\"},\"primaryImageOfPage\":{\"@id\":\"https:\/\/lfelsalvador.org\/fr\/section-internationale-americaine\/#primaryimage\"},\"image\":{\"@id\":\"https:\/\/lfelsalvador.org\/fr\/section-internationale-americaine\/#primaryimage\"},\"thumbnailUrl\":\"https:\/\/lfelsalvador.org\/wp-content\/uploads\/2025\/11\/10D5E433-7406-4C83-BEEA-6C4B5D8B4E96_1_201_a-1024x647.jpeg\",\"datePublished\":\"2025-11-25T20:08:45+00:00\",\"dateModified\":\"2025-12-03T19:16:05+00:00\",\"description\":\"Cette section propose une formation rigoureuse et enrichissante, con\u00e7ue pour des \u00e9l\u00e8ves motiv\u00e9s, passionn\u00e9s par les langues et la culture internationale.\",\"breadcrumb\":{\"@id\":\"https:\/\/lfelsalvador.org\/fr\/section-internationale-americaine\/#breadcrumb\"},\"inLanguage\":\"fr-FR\",\"potentialAction\":[{\"@type\":\"ReadAction\",\"target\":[\"https:\/\/lfelsalvador.org\/fr\/section-internationale-americaine\/\"]}]},{\"@type\":\"ImageObject\",\"inLanguage\":\"fr-FR\",\"@id\":\"https:\/\/lfelsalvador.org\/fr\/section-internationale-americaine\/#primaryimage\",\"url\":\"https:\/\/lfelsalvador.org\/wp-content\/uploads\/2025\/11\/10D5E433-7406-4C83-BEEA-6C4B5D8B4E96_1_201_a-1024x647.jpeg\",\"contentUrl\":\"https:\/\/lfelsalvador.org\/wp-content\/uploads\/2025\/11\/10D5E433-7406-4C83-BEEA-6C4B5D8B4E96_1_201_a-1024x647.jpeg\"},{\"@type\":\"BreadcrumbList\",\"@id\":\"https:\/\/lfelsalvador.org\/fr\/section-internationale-americaine\/#breadcrumb\",\"itemListElement\":[{\"@type\":\"ListItem\",\"position\":1,\"name\":\"Portada\",\"item\":\"https:\/\/lfelsalvador.org\/fr\/\"},{\"@type\":\"ListItem\",\"position\":2,\"name\":\"Section Internationale Am\u00e9ricaine\"}]},{\"@type\":\"WebSite\",\"@id\":\"https:\/\/lfelsalvador.org\/#website\",\"url\":\"https:\/\/lfelsalvador.org\/\",\"name\":\"Liceo Frances de San Salvador\",\"description\":\"\",\"potentialAction\":[{\"@type\":\"SearchAction\",\"target\":{\"@type\":\"EntryPoint\",\"urlTemplate\":\"https:\/\/lfelsalvador.org\/?s={search_term_string}\"},\"query-input\":{\"@type\":\"PropertyValueSpecification\",\"valueRequired\":true,\"valueName\":\"search_term_string\"}}],\"inLanguage\":\"fr-FR\"}]}<\/script>\n<!-- \/ Yoast SEO plugin. -->","yoast_head_json":{"title":"Section Internationale Am\u00e9ricaine | Liceo Frances de San Salvador","description":"Cette section propose une formation rigoureuse et enrichissante, con\u00e7ue pour des \u00e9l\u00e8ves motiv\u00e9s, passionn\u00e9s par les langues et la culture internationale.","robots":{"index":"index","follow":"follow","max-snippet":"max-snippet:-1","max-image-preview":"max-image-preview:large","max-video-preview":"max-video-preview:-1"},"canonical":"https:\/\/lfelsalvador.org\/fr\/section-internationale-americaine\/","og_locale":"fr_FR","og_type":"article","og_title":"Section Internationale Am\u00e9ricaine | Liceo Frances de San Salvador","og_description":"Cette section propose une formation rigoureuse et enrichissante, con\u00e7ue pour des \u00e9l\u00e8ves motiv\u00e9s, passionn\u00e9s par les langues et la culture internationale.","og_url":"https:\/\/lfelsalvador.org\/fr\/section-internationale-americaine\/","og_site_name":"Liceo Frances de San Salvador","article_publisher":"https:\/\/www.facebook.com\/lfelsalvador\/","article_modified_time":"2025-12-03T19:16:05+00:00","og_image":[{"width":2560,"height":1617,"url":"https:\/\/lfelsalvador.org\/wp-content\/uploads\/2025\/11\/10D5E433-7406-4C83-BEEA-6C4B5D8B4E96_1_201_a-scaled.jpeg","type":"image\/jpeg"}],"twitter_card":"summary_large_image","twitter_site":"@lfelsalvador1","twitter_misc":{"Dur\u00e9e de lecture estim\u00e9e":"2 minutes"},"schema":{"@context":"https:\/\/schema.org","@graph":[{"@type":"WebPage","@id":"https:\/\/lfelsalvador.org\/fr\/section-internationale-americaine\/","url":"https:\/\/lfelsalvador.org\/fr\/section-internationale-americaine\/","name":"Section Internationale Am\u00e9ricaine | Liceo Frances de San Salvador","isPartOf":{"@id":"https:\/\/lfelsalvador.org\/#website"},"primaryImageOfPage":{"@id":"https:\/\/lfelsalvador.org\/fr\/section-internationale-americaine\/#primaryimage"},"image":{"@id":"https:\/\/lfelsalvador.org\/fr\/section-internationale-americaine\/#primaryimage"},"thumbnailUrl":"https:\/\/lfelsalvador.org\/wp-content\/uploads\/2025\/11\/10D5E433-7406-4C83-BEEA-6C4B5D8B4E96_1_201_a-1024x647.jpeg","datePublished":"2025-11-25T20:08:45+00:00","dateModified":"2025-12-03T19:16:05+00:00","description":"Cette section propose une formation rigoureuse et enrichissante, con\u00e7ue pour des \u00e9l\u00e8ves motiv\u00e9s, passionn\u00e9s par les langues et la culture internationale.","breadcrumb":{"@id":"https:\/\/lfelsalvador.org\/fr\/section-internationale-americaine\/#breadcrumb"},"inLanguage":"fr-FR","potentialAction":[{"@type":"ReadAction","target":["https:\/\/lfelsalvador.org\/fr\/section-internationale-americaine\/"]}]},{"@type":"ImageObject","inLanguage":"fr-FR","@id":"https:\/\/lfelsalvador.org\/fr\/section-internationale-americaine\/#primaryimage","url":"https:\/\/lfelsalvador.org\/wp-content\/uploads\/2025\/11\/10D5E433-7406-4C83-BEEA-6C4B5D8B4E96_1_201_a-1024x647.jpeg","contentUrl":"https:\/\/lfelsalvador.org\/wp-content\/uploads\/2025\/11\/10D5E433-7406-4C83-BEEA-6C4B5D8B4E96_1_201_a-1024x647.jpeg"},{"@type":"BreadcrumbList","@id":"https:\/\/lfelsalvador.org\/fr\/section-internationale-americaine\/#breadcrumb","itemListElement":[{"@type":"ListItem","position":1,"name":"Portada","item":"https:\/\/lfelsalvador.org\/fr\/"},{"@type":"ListItem","position":2,"name":"Section Internationale Am\u00e9ricaine"}]},{"@type":"WebSite","@id":"https:\/\/lfelsalvador.org\/#website","url":"https:\/\/lfelsalvador.org\/","name":"Liceo Frances de San Salvador","description":"","potentialAction":[{"@type":"SearchAction","target":{"@type":"EntryPoint","urlTemplate":"https:\/\/lfelsalvador.org\/?s={search_term_string}"},"query-input":{"@type":"PropertyValueSpecification","valueRequired":true,"valueName":"search_term_string"}}],"inLanguage":"fr-FR"}]}},"_links":{"self":[{"href":"https:\/\/lfelsalvador.org\/fr\/wp-json\/wp\/v2\/pages\/11195","targetHints":{"allow":["GET"]}}],"collection":[{"href":"https:\/\/lfelsalvador.org\/fr\/wp-json\/wp\/v2\/pages"}],"about":[{"href":"https:\/\/lfelsalvador.org\/fr\/wp-json\/wp\/v2\/types\/page"}],"author":[{"embeddable":true,"href":"https:\/\/lfelsalvador.org\/fr\/wp-json\/wp\/v2\/users\/5"}],"replies":[{"embeddable":true,"href":"https:\/\/lfelsalvador.org\/fr\/wp-json\/wp\/v2\/comments?post=11195"}],"version-history":[{"count":8,"href":"https:\/\/lfelsalvador.org\/fr\/wp-json\/wp\/v2\/pages\/11195\/revisions"}],"predecessor-version":[{"id":11211,"href":"https:\/\/lfelsalvador.org\/fr\/wp-json\/wp\/v2\/pages\/11195\/revisions\/11211"}],"wp:attachment":[{"href":"https:\/\/lfelsalvador.org\/fr\/wp-json\/wp\/v2\/media?parent=11195"}],"curies":[{"name":"wp","href":"https:\/\/api.w.org\/{rel}","templated":true}]}}